{"id":5603,"date":"2025-06-30T15:51:43","date_gmt":"2025-06-30T07:51:43","guid":{"rendered":"https:\/\/www.packqc.com\/?page_id=5603"},"modified":"2026-02-02T11:08:46","modified_gmt":"2026-02-02T03:08:46","slug":"bloom-strength-testing-solution-gelatin","status":"publish","type":"page","link":"https:\/\/www.packqc.com\/cs\/solutions\/bloom-strength-testing-solution-gelatin\/","title":{"rendered":"\u0158e\u0161en\u00ed pro testov\u00e1n\u00ed pevnosti kv\u011btu"},"content":{"rendered":"<div data-elementor-type=\"wp-page\" data-elementor-id=\"5603\" class=\"elementor elementor-5603\" data-elementor-post-type=\"page\">\n\t\t\t\t<div class=\"elementor-element elementor-element-obvpkm1 e-flex e-con-boxed e-con e-parent\" data-id=\"obvpkm1\" data-element_type=\"container\" data-settings=\"{&quot;background_background&quot;:&quot;classic&quot;}\">\n\t\t\t\t\t<div class=\"e-con-inner\">\n\t\t\t\t<div class=\"elementor-element elementor-element-e3ee3a0 elementor-widget elementor-widget-heading\" data-id=\"e3ee3a0\" data-element_type=\"widget\" data-widget_type=\"heading.default\">\n\t\t\t\t<div class=\"elementor-widget-container\">\n\t\t\t\t\t<h1 class=\"elementor-heading-title elementor-size-default\">Testov\u00e1n\u00ed pevnosti kv\u011btu<\/h1>\t\t\t\t<\/div>\n\t\t\t\t<\/div>\n\t\t\t\t<div class=\"elementor-element elementor-element-ad4c880 elementor-widget__width-initial elementor-widget elementor-widget-text-editor\" data-id=\"ad4c880\" data-element_type=\"widget\" data-widget_type=\"text-editor.default\">\n\t\t\t\t<div class=\"elementor-widget-container\">\n\t\t\t\t\t\t\t\t\t<p data-start=\"375\" data-end=\"906\">V potravin\u00e1\u0159sk\u00e9m a farmaceutick\u00e9m pr\u016fmyslu je zaji\u0161t\u011bn\u00ed konzistence, textury a stability v\u00fdrobku kl\u00ed\u010dov\u00e9. Jedn\u00edm z kl\u00ed\u010dov\u00fdch parametr\u016f pro v\u00fdrobky na b\u00e1zi \u017eelatiny, zejm\u00e9na \u017eelatinu a softgely, je <strong data-start=\"592\" data-end=\"610\">s\u00edla kv\u011btu<\/strong>. Toto z\u00e1kladn\u00ed m\u011b\u0159en\u00ed pom\u00e1h\u00e1 v\u00fdrobc\u016fm udr\u017eovat kontrolu kvality nap\u0159\u00ed\u010d v\u00fdrobn\u00edmi \u0161ar\u017eemi. Prozkoum\u00e1me, co je to pevnost v\u00fdkv\u011btu, jak prov\u00e9st <strong data-start=\"783\" data-end=\"797\">test rozkv\u011btu<\/strong>, a jak se<a href=\"https:\/\/www.packqc.com\/cs\/product\/gst-01-gel-strength-tester\/\"> <strong data-start=\"809\" data-end=\"832\">tester pevnosti gelu<\/strong><\/a> jako je <strong data-start=\"842\" data-end=\"874\">GST-01 od Cell Instruments<\/strong> m\u016f\u017ee pomoci tento proces optimalizovat.<\/p>\t\t\t\t\t\t\t\t<\/div>\n\t\t\t\t<\/div>\n\t\t\t\t\t<\/div>\n\t\t\t\t<\/div>\n\t\t<div class=\"elementor-element elementor-element-a41a9ed e-flex e-con-boxed e-con e-parent\" data-id=\"a41a9ed\" data-element_type=\"container\">\n\t\t\t\t\t<div class=\"e-con-inner\">\n\t\t\t\t<div class=\"elementor-element elementor-element-5ebde6b elementor-widget elementor-widget-heading\" data-id=\"5ebde6b\" data-element_type=\"widget\" data-widget_type=\"heading.default\">\n\t\t\t\t<div class=\"elementor-widget-container\">\n\t\t\t\t\t<h2 class=\"elementor-heading-title elementor-size-default\">Co je s\u00edla kv\u011btu a pro\u010d na n\u00ed z\u00e1le\u017e\u00ed?<\/h2>\t\t\t\t<\/div>\n\t\t\t\t<\/div>\n\t\t\t\t<div class=\"elementor-element elementor-element-42f74d3 elementor-widget elementor-widget-text-editor\" data-id=\"42f74d3\" data-element_type=\"widget\" data-widget_type=\"text-editor.default\">\n\t\t\t\t<div class=\"elementor-widget-container\">\n\t\t\t\t\t\t\t\t\t<p data-start=\"967\" data-end=\"1250\"><strong data-start=\"967\" data-end=\"985\">S\u00edla kv\u011btu<\/strong> odkazuje na <strong data-start=\"1000\" data-end=\"1039\">m\u00edra pevnosti nebo s\u00edly gelu<\/strong> \u017eelatiny. Vyjad\u0159uje se v gramech (g) a je pojmenov\u00e1na po Oscaru T. Bloomovi, kter\u00fd tuto metodu vyvinul. Tato hodnota ud\u00e1v\u00e1 <strong data-start=\"1163\" data-end=\"1221\">s\u00edla pot\u0159ebn\u00e1 ke stla\u010den\u00ed povrchu \u017eelatinov\u00e9ho gelu<\/strong> za specifick\u00fdch podm\u00ednek.<\/p><p data-start=\"1252\" data-end=\"1345\">S\u00edla kv\u011btu p\u0159\u00edmo ovliv\u0148uje v\u00fdkonnost a senzorick\u00e9 vlastnosti v\u00fdrobk\u016f, jako jsou:<\/p><ul><li data-start=\"1348\" data-end=\"1378\"><strong data-start=\"1348\" data-end=\"1359\">Textura<\/strong> gumov\u00fdch bonbon\u016f<\/li><li data-start=\"1381\" data-end=\"1431\"><strong data-start=\"1381\" data-end=\"1402\">Tvorba kapsl\u00ed<\/strong> ve farmaceutick\u00fdch m\u011bkk\u00fdch gelech<\/li><li data-start=\"1434\" data-end=\"1476\"><strong data-start=\"1434\" data-end=\"1447\">Chu\u0165 v \u00fastech<\/strong> v ml\u00e9\u010dn\u00fdch v\u00fdrobc\u00edch a dezertech<\/li><\/ul><p data-start=\"1478\" data-end=\"1682\">Vy\u0161\u0161\u00ed hodnota bloomu znamen\u00e1, \u017ee \u017eelatinov\u00fd gel je pevn\u011bj\u0161\u00ed a pru\u017en\u011bj\u0161\u00ed, zat\u00edmco ni\u017e\u0161\u00ed hodnota znamen\u00e1 m\u011bk\u010d\u00ed gel. V\u00fdrobci vyb\u00edraj\u00ed \u017eelatinu podle s\u00edly v\u00fdkv\u011btu, aby odpov\u00eddala jejich po\u017eadavk\u016fm na v\u00fdrobek.<\/p>\t\t\t\t\t\t\t\t<\/div>\n\t\t\t\t<\/div>\n\t\t\t\t\t<\/div>\n\t\t\t\t<\/div>\n\t\t<div class=\"elementor-element elementor-element-vjhz43k e-flex e-con-boxed e-con e-parent\" data-id=\"vjhz43k\" data-element_type=\"container\">\n\t\t\t\t\t<div class=\"e-con-inner\">\n\t\t\t\t<div class=\"elementor-element elementor-element-50d6336 elementor-widget elementor-widget-heading\" data-id=\"50d6336\" data-element_type=\"widget\" data-widget_type=\"heading.default\">\n\t\t\t\t<div class=\"elementor-widget-container\">\n\t\t\t\t\t<h2 class=\"elementor-heading-title elementor-size-default\">Bloom\u016fv test: Metoda a standardy<\/h2>\t\t\t\t<\/div>\n\t\t\t\t<\/div>\n\t\t<div class=\"elementor-element elementor-element-ae0cc84 e-con-full e-flex e-con e-child\" data-id=\"ae0cc84\" data-element_type=\"container\">\n\t\t\t\t<div class=\"elementor-element elementor-element-9308ff2 elementor-widget__width-initial elementor-widget elementor-widget-text-editor\" data-id=\"9308ff2\" data-element_type=\"widget\" data-widget_type=\"text-editor.default\">\n\t\t\t\t<div class=\"elementor-widget-container\">\n\t\t\t\t\t\t\t\t\t<p data-start=\"1729\" data-end=\"1882\">The <strong data-start=\"1733\" data-end=\"1747\">test rozkv\u011btu<\/strong> prob\u00edh\u00e1 p\u0159i kontrolovan\u00e9 teplot\u011b a vlhkosti, aby byly zaji\u0161t\u011bny konzistentn\u00ed v\u00fdsledky. Zde je stru\u010dn\u00fd p\u0159ehled standardn\u00edho postupu:<\/p><ul><li data-start=\"1886\" data-end=\"1986\"><strong data-start=\"1886\" data-end=\"1905\">P\u0159\u00edprava gelu<\/strong>: P\u0159iprav\u00ed se roztok \u017eelatiny 6,67% a nalije se do sklenic Bloom standardn\u00ed velikosti.<\/li><li data-start=\"1989\" data-end=\"2062\"><strong data-start=\"1989\" data-end=\"2001\">Gelov\u00e1n\u00ed<\/strong>: Roztok se nech\u00e1 \u017eel\u00edrovat p\u0159i <strong data-start=\"2037\" data-end=\"2061\">10 \u00b0C po dobu 16-18 hodin<\/strong>.<\/li><li data-start=\"2065\" data-end=\"2227\"><strong data-start=\"2065\" data-end=\"2076\">Testov\u00e1n\u00ed<\/strong>: Standardn\u00ed <strong data-start=\"2089\" data-end=\"2112\">tester pevnosti gelu<\/strong> s <strong data-start=\"2120\" data-end=\"2145\">P\u00edst o pr\u016fm\u011bru 5 mm<\/strong> sestupuje na <strong data-start=\"2158\" data-end=\"2171\">60 mm\/min<\/strong> dokud p\u00edst nepronikne 4 mm do povrchu gelu.<\/li><li data-start=\"2230\" data-end=\"2334\"><strong data-start=\"2230\" data-end=\"2240\">V\u00fdsledek<\/strong>: Maxim\u00e1ln\u00ed s\u00edla (v gramech) pot\u0159ebn\u00e1 k dosa\u017een\u00ed tohoto pr\u016fniku je <strong data-start=\"2315\" data-end=\"2333\">s\u00edla kv\u011btu<\/strong>.<\/li><\/ul><p data-start=\"2336\" data-end=\"2474\">Tato metoda je specifikov\u00e1na v r\u016fzn\u00fdch l\u00e9kopisn\u00fdch a pr\u016fmyslov\u00fdch norm\u00e1ch, v\u010detn\u011b <strong data-start=\"2422\" data-end=\"2429\">USP<\/strong>, <strong data-start=\"2431\" data-end=\"2437\">EP<\/strong>a <strong data-start=\"2443\" data-end=\"2453\">GB6783<\/strong> pro testov\u00e1n\u00ed \u017eelatiny.<\/p>\t\t\t\t\t\t\t\t<\/div>\n\t\t\t\t<\/div>\n\t\t\t\t<div class=\"elementor-element elementor-element-25f05fb elementor-widget__width-initial elementor-widget elementor-widget-video\" data-id=\"25f05fb\" data-element_type=\"widget\" data-settings=\"{&quot;youtube_url&quot;:&quot;https:\\\/\\\/youtu.be\\\/rrzQxj3794s?si=ERhkmO3Yz1kkFEFV&quot;,&quot;mute&quot;:&quot;yes&quot;,&quot;loop&quot;:&quot;yes&quot;,&quot;video_type&quot;:&quot;youtube&quot;,&quot;controls&quot;:&quot;yes&quot;}\" data-widget_type=\"video.default\">\n\t\t\t\t<div class=\"elementor-widget-container\">\n\t\t\t\t\t\t\t<div class=\"elementor-wrapper elementor-open-inline\">\n\t\t\t<div class=\"elementor-video\"><\/div>\t\t<\/div>\n\t\t\t\t\t\t<\/div>\n\t\t\t\t<\/div>\n\t\t\t\t<\/div>\n\t\t\t\t\t<\/div>\n\t\t\t\t<\/div>\n\t\t<div class=\"elementor-element elementor-element-9ebec98 e-flex e-con-boxed e-con e-parent\" data-id=\"9ebec98\" data-element_type=\"container\">\n\t\t\t\t\t<div class=\"e-con-inner\">\n\t\t\t\t<div class=\"elementor-element elementor-element-d622d16 elementor-widget elementor-widget-heading\" data-id=\"d622d16\" data-element_type=\"widget\" data-widget_type=\"heading.default\">\n\t\t\t\t<div class=\"elementor-widget-container\">\n\t\t\t\t\t<h2 class=\"elementor-heading-title elementor-size-default\">Aplikace p\u0159i kontrole kvality \u017eelatiny a softgel\u016f<\/h2>\t\t\t\t<\/div>\n\t\t\t\t<\/div>\n\t\t<div class=\"elementor-element elementor-element-aeb42bd e-con-full e-flex e-con e-child\" data-id=\"aeb42bd\" data-element_type=\"container\">\n\t\t\t\t<div class=\"elementor-element elementor-element-dc258dd elementor-widget__width-inherit elementor-widget elementor-widget-text-editor\" data-id=\"dc258dd\" data-element_type=\"widget\" data-widget_type=\"text-editor.default\">\n\t\t\t\t<div class=\"elementor-widget-container\">\n\t\t\t\t\t\t\t\t\t<p data-start=\"2540\" data-end=\"2668\">Pro <strong data-start=\"2544\" data-end=\"2569\">v\u00fdrobci \u017eelatiny<\/strong>, kontrola pevnosti v\u00fdkv\u011btu zaji\u0161\u0165uje konzistenci \u0161ar\u017e\u00ed a soulad se specifikacemi klienta.<\/p><p data-start=\"2670\" data-end=\"2737\">V <strong data-start=\"2677\" data-end=\"2688\">softgel<\/strong> pr\u016fmyslu, ur\u010duje s\u00edla prav\u00e9ho kv\u011btu:<\/p><ul><li data-start=\"2740\" data-end=\"2768\"><strong data-start=\"2740\" data-end=\"2766\">Celistvost st\u011bny kapsle<\/strong><\/li><li data-start=\"2771\" data-end=\"2800\"><strong data-start=\"2771\" data-end=\"2798\">Stabilita zapouzd\u0159en\u00ed<\/strong><\/li><li data-start=\"2803\" data-end=\"2866\"><strong data-start=\"2803\" data-end=\"2838\">Rozpou\u0161t\u011bn\u00ed a biologick\u00e1 dostupnost<\/strong> \u00fa\u010dinn\u00fdch l\u00e1tek<\/li><\/ul><p data-start=\"2868\" data-end=\"3072\">Udr\u017eov\u00e1n\u00ed optim\u00e1ln\u00edch hodnot kveten\u00ed je z\u00e1sadn\u00ed pro <strong data-start=\"2917\" data-end=\"2954\">farmaceutick\u00fd v\u00fdzkum, v\u00fdvoj a v\u00fdroba<\/strong>. Tot\u00e9\u017e plat\u00ed pro <strong data-start=\"2976\" data-end=\"2998\">v\u00fdrobci potravin<\/strong>, kde s\u00edla kv\u011btu ur\u010duje \u017ev\u00fdkavost a pevnost kone\u010dn\u00e9ho produktu.<\/p>\t\t\t\t\t\t\t\t<\/div>\n\t\t\t\t<\/div>\n\t\t\t\t<div class=\"elementor-element elementor-element-65475b3 elementor-widget__width-initial elementor-widget elementor-widget-image\" data-id=\"65475b3\" data-element_type=\"widget\" data-widget_type=\"image.default\">\n\t\t\t\t<div class=\"elementor-widget-container\">\n\t\t\t\t\t\t\t\t\t\t\t\t\t\t\t\t<a href=\"https:\/\/www.packqc.com\/cs\/product\/gst-01-gel-strength-tester\/\">\n\t\t\t\t\t\t\t<img fetchpriority=\"high\" decoding=\"async\" width=\"600\" height=\"600\" src=\"https:\/\/www.packqc.com\/wp-content\/uploads\/2025\/06\/Bloom-Strength-Testing.webp\" class=\"attachment-large size-large wp-image-5605\" alt=\"Testov\u00e1n\u00ed pevnosti kv\u011btu\" srcset=\"https:\/\/www.packqc.com\/wp-content\/uploads\/2025\/06\/Bloom-Strength-Testing.webp 600w, https:\/\/www.packqc.com\/wp-content\/uploads\/2025\/06\/Bloom-Strength-Testing-300x300.webp 300w, https:\/\/www.packqc.com\/wp-content\/uploads\/2025\/06\/Bloom-Strength-Testing-100x100.webp 100w, https:\/\/www.packqc.com\/wp-content\/uploads\/2025\/06\/Bloom-Strength-Testing-150x150.webp 150w, https:\/\/www.packqc.com\/wp-content\/uploads\/2025\/06\/Bloom-Strength-Testing-12x12.webp 12w\" sizes=\"(max-width: 600px) 100vw, 600px\" \/>\t\t\t\t\t\t\t\t<\/a>\n\t\t\t\t\t\t\t\t\t\t\t\t\t\t\t<\/div>\n\t\t\t\t<\/div>\n\t\t\t\t<\/div>\n\t\t\t\t<div class=\"elementor-element elementor-element-f7c44f8 elementor-widget elementor-widget-heading\" data-id=\"f7c44f8\" data-element_type=\"widget\" data-widget_type=\"heading.default\">\n\t\t\t\t<div class=\"elementor-widget-container\">\n\t\t\t\t\t<h2 class=\"elementor-heading-title elementor-size-default\">Pou\u017eit\u00ed testeru pevnosti gelu: GST-01 od Cell Instruments<\/h2>\t\t\t\t<\/div>\n\t\t\t\t<\/div>\n\t\t<div class=\"elementor-element elementor-element-eac2bf8 e-con-full e-flex e-con e-child\" data-id=\"eac2bf8\" data-element_type=\"container\">\n\t\t\t\t<div class=\"elementor-element elementor-element-65f9b33 elementor-widget__width-inherit elementor-widget elementor-widget-text-editor\" data-id=\"65f9b33\" data-element_type=\"widget\" data-widget_type=\"text-editor.default\">\n\t\t\t\t<div class=\"elementor-widget-container\">\n\t\t\t\t\t\t\t\t\t<p data-start=\"3142\" data-end=\"3353\">P\u0159esn\u00e9 m\u011b\u0159en\u00ed s\u00edly v\u00fdkv\u011btu z\u00e1vis\u00ed do zna\u010dn\u00e9 m\u00edry na spolehliv\u00e9m vybaven\u00ed. Na str\u00e1nk\u00e1ch <strong data-start=\"3221\" data-end=\"3251\">GST-01 Tester pevnosti gelu<\/strong> podle <strong data-start=\"3255\" data-end=\"3275\">Bun\u011b\u010dn\u00e9 n\u00e1stroje<\/strong> nab\u00edz\u00ed p\u0159esnost a konzistenci v \u0161irok\u00e9m rozsahu testovac\u00edch podm\u00ednek.<\/p><p data-start=\"3355\" data-end=\"3382\"><strong data-start=\"3355\" data-end=\"3379\">Mezi hlavn\u00ed v\u00fdhody pat\u0159\u00ed<\/strong>:<\/p><ul><li data-start=\"3385\" data-end=\"3449\"><strong data-start=\"3385\" data-end=\"3422\">U\u017eivatelsky p\u0159\u00edv\u011btiv\u00fd 7palcov\u00fd dotykov\u00fd displej<\/strong> s intuitivn\u00edm rozhran\u00edm<\/li><li data-start=\"3452\" data-end=\"3521\"><strong data-start=\"3452\" data-end=\"3482\">Vysok\u00e1 p\u0159esnost (\u00b10,5% F.S.)<\/strong> a p\u0159esnost posunu (0,01 mm)<\/li><li data-start=\"3524\" data-end=\"3595\"><strong data-start=\"3524\" data-end=\"3547\">V\u00edce testovac\u00edch re\u017eim\u016f<\/strong>, v\u010detn\u011b maxim\u00e1ln\u00ed s\u00edly a vzd\u00e1lenosti pod zat\u00ed\u017een\u00edm<\/li><li data-start=\"3598\" data-end=\"3685\"><strong data-start=\"3598\" data-end=\"3623\">Vestav\u011bn\u00e1 mikrotisk\u00e1rna<\/strong> a voliteln\u00e1 integrace softwaru RS232 pro spr\u00e1vu dat<\/li><li data-start=\"3688\" data-end=\"3757\"><strong data-start=\"3688\" data-end=\"3713\">P\u0159izp\u016fsobiteln\u00e1 sv\u00edtidla<\/strong> pro r\u016fzn\u00e9 po\u017eadavky na anal\u00fdzu textury<\/li><\/ul><p data-start=\"3759\" data-end=\"3952\">D\u00edky programovateln\u00e9 rychlosti (1-100 mm\/min) a pokro\u010dil\u00fdm bezpe\u010dnostn\u00edm funkc\u00edm je GST-01 ide\u00e1ln\u00ed pro. <strong data-start=\"3852\" data-end=\"3898\">V\u00fdzkumn\u00e9 a v\u00fdvojov\u00e9 laborato\u0159e a v\u00fdrobn\u00ed za\u0159\u00edzen\u00ed<\/strong> cht\u011bj\u00ed zlep\u0161it sv\u00e9 procesy zaji\u0161\u0165ov\u00e1n\u00ed kvality.<\/p>\t\t\t\t\t\t\t\t<\/div>\n\t\t\t\t<\/div>\n\t\t\t\t<div class=\"elementor-element elementor-element-5a1af86 elementor-widget elementor-widget-text-editor\" data-id=\"5a1af86\" data-element_type=\"widget\" data-widget_type=\"text-editor.default\">\n\t\t\t\t<div class=\"elementor-widget-container\">\n\t\t\t\t\t\t\t\t\t<p data-start=\"3959\" data-end=\"4015\"><strong data-start=\"3959\" data-end=\"4013\">Osv\u011bd\u010den\u00e9 postupy pro prov\u00e1d\u011bn\u00ed testu pevnosti Bloom<\/strong><\/p><p data-start=\"4017\" data-end=\"4114\">Abyste zajistili reprodukovatelnost a soulad s p\u0159edpisy p\u0159i testech rozkv\u011btu, dodr\u017eujte tato doporu\u010den\u00ed:<\/p><ul><li data-start=\"4118\" data-end=\"4213\">Pou\u017eijte standardizovanou koncentraci \u017eelatiny a zku\u0161ebn\u00ed podm\u00ednky (\u010das, teplota a vlhkost).<\/li><li data-start=\"4216\" data-end=\"4262\">Pravideln\u011b kalibrujte tester pevnosti gelu.<\/li><li data-start=\"4265\" data-end=\"4333\">P\u0159ed ka\u017ed\u00fdm testem se ujist\u011bte, \u017ee je sonda \u010dist\u00e1 a bez zbytk\u016f.<\/li><li data-start=\"4336\" data-end=\"4396\">Prove\u010fte v\u00edce odb\u011br\u016f a zpr\u016fm\u011brujte v\u00fdsledky, abyste dos\u00e1hli p\u0159esnosti.<\/li><li data-start=\"4399\" data-end=\"4459\">Dokumentujte podm\u00ednky prost\u0159ed\u00ed pro sledov\u00e1n\u00ed konzistence test\u016f.<\/li><\/ul>\t\t\t\t\t\t\t\t<\/div>\n\t\t\t\t<\/div>\n\t\t\t\t<\/div>\n\t\t\t\t\t<\/div>\n\t\t\t\t<\/div>\n\t\t<div class=\"elementor-element elementor-element-hlnqc4n e-flex e-con-boxed e-con e-parent\" data-id=\"hlnqc4n\" data-element_type=\"container\" data-settings=\"{&quot;background_background&quot;:&quot;classic&quot;}\">\n\t\t\t\t\t<div class=\"e-con-inner\">\n\t\t<div class=\"elementor-element elementor-element-db992c8 e-con-full e-flex e-con e-child\" data-id=\"db992c8\" data-element_type=\"container\">\n\t\t\t\t<div class=\"elementor-element elementor-element-08e276e elementor-widget elementor-widget-heading\" data-id=\"08e276e\" data-element_type=\"widget\" data-widget_type=\"heading.default\">\n\t\t\t\t<div class=\"elementor-widget-container\">\n\t\t\t\t\t<h2 class=\"elementor-heading-title elementor-size-default\">Obra\u0165te se na n\u00e1s<\/h2>\t\t\t\t<\/div>\n\t\t\t\t<\/div>\n\t\t\t\t<div class=\"elementor-element elementor-element-291d47f elementor-widget elementor-widget-text-editor\" data-id=\"291d47f\" data-element_type=\"widget\" data-widget_type=\"text-editor.default\">\n\t\t\t\t<div class=\"elementor-widget-container\">\n\t\t\t\t\t\t\t\t\t<p data-start=\"5158\" data-end=\"5630\">Porozum\u011bn\u00ed a p\u0159esn\u00e9 m\u011b\u0159en\u00ed <strong data-start=\"5197\" data-end=\"5215\">s\u00edla kv\u011btu<\/strong> je z\u00e1sadn\u00ed pro zaji\u0161t\u011bn\u00ed kvality \u017eelatinov\u00fdch a softgelov\u00fdch v\u00fdrobk\u016f. Se spr\u00e1vn\u00fdm testovac\u00edm za\u0159\u00edzen\u00edm, jako je nap\u0159. <strong data-start=\"5330\" data-end=\"5360\">GST-01 Tester pevnosti gelu<\/strong> od spole\u010dnosti Cell Instruments mohou v\u00fdrobci udr\u017eovat vysok\u00e9 standardy, sni\u017eovat variabilitu a spl\u0148ovat po\u017eadavky pr\u016fmyslu. A\u0165 u\u017e vyr\u00e1b\u00edte softgelov\u00e9 kapsle nebo potraviny na b\u00e1zi \u017eelatiny, testov\u00e1n\u00ed pevnosti v\u00fdkv\u011btu je z\u00e1kladn\u00ed sou\u010d\u00e1st\u00ed va\u0161\u00ed strategie kontroly kvality.<\/p>\t\t\t\t\t\t\t\t<\/div>\n\t\t\t\t<\/div>\n\t\t\t\t<div class=\"elementor-element elementor-element-e8cd3e1 elementor-align-center elementor-widget elementor-widget-button\" data-id=\"e8cd3e1\" data-element_type=\"widget\" data-widget_type=\"button.default\">\n\t\t\t\t<div class=\"elementor-widget-container\">\n\t\t\t\t\t\t\t\t\t<div class=\"elementor-button-wrapper\">\n\t\t\t\t\t<a class=\"elementor-button elementor-button-link elementor-size-sm\" href=\"https:\/\/www.packqc.com\/cs\/contact-us\/\">\n\t\t\t\t\t\t<span class=\"elementor-button-content-wrapper\">\n\t\t\t\t\t\t\t\t\t<span class=\"elementor-button-text\">Kontaktujte n\u00e1s<\/span>\n\t\t\t\t\t<\/span>\n\t\t\t\t\t<\/a>\n\t\t\t\t<\/div>\n\t\t\t\t\t\t\t\t<\/div>\n\t\t\t\t<\/div>\n\t\t\t\t<\/div>\n\t\t\t\t\t<\/div>\n\t\t\t\t<\/div>\n\t\t\t\t<\/div>","protected":false},"excerpt":{"rendered":"<p>Bloom Strength Testing In the food and pharmaceutical industries, ensuring product consistency, texture, and stability is crucial. One of the key parameters for gelatin-based products, especially gelatin and softgels, is bloom strength. This essential measurement helps manufacturers maintain quality control across production batches. We&#8217;ll explore what bloom strength is, how to perform a bloom test, [&hellip;]<\/p>","protected":false},"author":2,"featured_media":0,"parent":5290,"menu_order":0,"comment_status":"closed","ping_status":"closed","template":"","meta":{"_acf_changed":false,"site-sidebar-layout":"no-sidebar","site-content-layout":"page-builder","ast-site-content-layout":"full-width-container","site-content-style":"default","site-sidebar-style":"default","ast-global-header-display":"","ast-banner-title-visibility":"","ast-main-header-display":"","ast-hfb-above-header-display":"","ast-hfb-below-header-display":"","ast-hfb-mobile-header-display":"","site-post-title":"disabled","ast-breadcrumbs-content":"","ast-featured-img":"disabled","footer-sml-layout":"","theme-transparent-header-meta":"","adv-header-id-meta":"","stick-header-meta":"","header-above-stick-meta":"","header-main-stick-meta":"","header-below-stick-meta":"","astra-migrate-meta-layouts":"set","ast-page-background-enabled":"default","ast-page-background-meta":{"desktop":{"background-color":"var(--ast-global-color-4)","background-image":"","background-repeat":"repeat","background-position":"center center","background-size":"auto","background-attachment":"scroll","background-type":"","background-media":"","overlay-type":"","overlay-color":"","overlay-gradient":""},"tablet":{"background-color":"","background-image":"","background-repeat":"repeat","background-position":"center center","background-size":"auto","background-attachment":"scroll","background-type":"","background-media":"","overlay-type":"","overlay-color":"","overlay-gradient":""},"mobile":{"background-color":"","background-image":"","background-repeat":"repeat","background-position":"center center","background-size":"auto","background-attachment":"scroll","background-type":"","background-media":"","overlay-type":"","overlay-color":"","overlay-gradient":""}},"ast-content-background-meta":{"desktop":{"background-color":"var(--ast-global-color-5)","background-image":"","background-repeat":"repeat","background-position":"center center","background-size":"auto","background-attachment":"scroll","background-type":"","background-media":"","overlay-type":"","overlay-color":"","overlay-gradient":""},"tablet":{"background-color":"var(--ast-global-color-5)","background-image":"","background-repeat":"repeat","background-position":"center center","background-size":"auto","background-attachment":"scroll","background-type":"","background-media":"","overlay-type":"","overlay-color":"","overlay-gradient":""},"mobile":{"background-color":"var(--ast-global-color-5)","background-image":"","background-repeat":"repeat","background-position":"center center","background-size":"auto","background-attachment":"scroll","background-type":"","background-media":"","overlay-type":"","overlay-color":"","overlay-gradient":""}},"footnotes":""},"class_list":["post-5603","page","type-page","status-publish","hentry"],"acf":[],"_links":{"self":[{"href":"https:\/\/www.packqc.com\/cs\/wp-json\/wp\/v2\/pages\/5603","targetHints":{"allow":["GET"]}}],"collection":[{"href":"https:\/\/www.packqc.com\/cs\/wp-json\/wp\/v2\/pages"}],"about":[{"href":"https:\/\/www.packqc.com\/cs\/wp-json\/wp\/v2\/types\/page"}],"author":[{"embeddable":true,"href":"https:\/\/www.packqc.com\/cs\/wp-json\/wp\/v2\/users\/2"}],"replies":[{"embeddable":true,"href":"https:\/\/www.packqc.com\/cs\/wp-json\/wp\/v2\/comments?post=5603"}],"version-history":[{"count":0,"href":"https:\/\/www.packqc.com\/cs\/wp-json\/wp\/v2\/pages\/5603\/revisions"}],"up":[{"embeddable":true,"href":"https:\/\/www.packqc.com\/cs\/wp-json\/wp\/v2\/pages\/5290"}],"wp:attachment":[{"href":"https:\/\/www.packqc.com\/cs\/wp-json\/wp\/v2\/media?parent=5603"}],"curies":[{"name":"wp","href":"https:\/\/api.w.org\/{rel}","templated":true}]}}