{"id":5603,"date":"2025-06-30T15:51:43","date_gmt":"2025-06-30T07:51:43","guid":{"rendered":"https:\/\/www.packqc.com\/?page_id=5603"},"modified":"2026-02-02T11:08:46","modified_gmt":"2026-02-02T03:08:46","slug":"bloom-strength-testing-solution-gelatin","status":"publish","type":"page","link":"https:\/\/www.packqc.com\/de\/solutions\/bloom-strength-testing-solution-gelatin\/","title":{"rendered":"Bloom Strength Testing L\u00f6sung"},"content":{"rendered":"<div data-elementor-type=\"wp-page\" data-elementor-id=\"5603\" class=\"elementor elementor-5603\" data-elementor-post-type=\"page\">\n\t\t\t\t<div class=\"elementor-element elementor-element-obvpkm1 e-flex e-con-boxed e-con e-parent\" data-id=\"obvpkm1\" data-element_type=\"container\" data-settings=\"{&quot;background_background&quot;:&quot;classic&quot;}\">\n\t\t\t\t\t<div class=\"e-con-inner\">\n\t\t\t\t<div class=\"elementor-element elementor-element-e3ee3a0 elementor-widget elementor-widget-heading\" data-id=\"e3ee3a0\" data-element_type=\"widget\" data-widget_type=\"heading.default\">\n\t\t\t\t<div class=\"elementor-widget-container\">\n\t\t\t\t\t<h1 class=\"elementor-heading-title elementor-size-default\">Bloom Strength Testing<\/h1>\t\t\t\t<\/div>\n\t\t\t\t<\/div>\n\t\t\t\t<div class=\"elementor-element elementor-element-ad4c880 elementor-widget__width-initial elementor-widget elementor-widget-text-editor\" data-id=\"ad4c880\" data-element_type=\"widget\" data-widget_type=\"text-editor.default\">\n\t\t\t\t<div class=\"elementor-widget-container\">\n\t\t\t\t\t\t\t\t\t<p data-start=\"375\" data-end=\"906\">In der Lebensmittel- und Pharmaindustrie ist die Gew\u00e4hrleistung von Produktkonsistenz, Textur und Stabilit\u00e4t von entscheidender Bedeutung. Einer der wichtigsten Parameter f\u00fcr Produkte auf Gelatinebasis, insbesondere f\u00fcr Gelatine und Softgels, ist <strong data-start=\"592\" data-end=\"610\">Bl\u00fchst\u00e4rke<\/strong>. Diese wichtige Messung hilft den Herstellern, die Qualit\u00e4t \u00fcber alle Produktionschargen hinweg zu kontrollieren. Wir werden untersuchen, was Bl\u00fchfestigkeit ist, wie man eine <strong data-start=\"783\" data-end=\"797\">Bl\u00fchtest<\/strong>, und wie ein<a href=\"https:\/\/www.packqc.com\/de\/product\/gst-01-gel-strength-tester\/\"> <strong data-start=\"809\" data-end=\"832\">Gelfestigkeitstester<\/strong><\/a> wie die <strong data-start=\"842\" data-end=\"874\">GST-01 von Cell Instruments<\/strong> kann zur Optimierung dieses Prozesses beitragen.<\/p>\t\t\t\t\t\t\t\t<\/div>\n\t\t\t\t<\/div>\n\t\t\t\t\t<\/div>\n\t\t\t\t<\/div>\n\t\t<div class=\"elementor-element elementor-element-a41a9ed e-flex e-con-boxed e-con e-parent\" data-id=\"a41a9ed\" data-element_type=\"container\">\n\t\t\t\t\t<div class=\"e-con-inner\">\n\t\t\t\t<div class=\"elementor-element elementor-element-5ebde6b elementor-widget elementor-widget-heading\" data-id=\"5ebde6b\" data-element_type=\"widget\" data-widget_type=\"heading.default\">\n\t\t\t\t<div class=\"elementor-widget-container\">\n\t\t\t\t\t<h2 class=\"elementor-heading-title elementor-size-default\">Was ist Bloom Strength und warum ist es wichtig?<\/h2>\t\t\t\t<\/div>\n\t\t\t\t<\/div>\n\t\t\t\t<div class=\"elementor-element elementor-element-42f74d3 elementor-widget elementor-widget-text-editor\" data-id=\"42f74d3\" data-element_type=\"widget\" data-widget_type=\"text-editor.default\">\n\t\t\t\t<div class=\"elementor-widget-container\">\n\t\t\t\t\t\t\t\t\t<p data-start=\"967\" data-end=\"1250\"><strong data-start=\"967\" data-end=\"985\">St\u00e4rke der Bl\u00fcte<\/strong> bezieht sich auf die <strong data-start=\"1000\" data-end=\"1039\">Ma\u00df f\u00fcr die Festigkeit oder Gelst\u00e4rke<\/strong> von Gelatine. Er wird in Gramm (g) angegeben und ist nach Oscar T. Bloom benannt, der die Methode entwickelt hat. Dieser Wert gibt die <strong data-start=\"1163\" data-end=\"1221\">Kraft, die erforderlich ist, um die Oberfl\u00e4che eines Gelatinegels einzudr\u00fccken<\/strong> unter bestimmten Bedingungen.<\/p><p data-start=\"1252\" data-end=\"1345\">Die St\u00e4rke der Bl\u00fcte wirkt sich direkt auf die Leistung und die sensorischen Eigenschaften von Produkten aus, wie z. B.:<\/p><ul><li data-start=\"1348\" data-end=\"1378\"><strong data-start=\"1348\" data-end=\"1359\">Textur<\/strong> von Gummibonbons<\/li><li data-start=\"1381\" data-end=\"1431\"><strong data-start=\"1381\" data-end=\"1402\">Bildung von Kapseln<\/strong> in pharmazeutischen Weichkapseln<\/li><li data-start=\"1434\" data-end=\"1476\"><strong data-start=\"1434\" data-end=\"1447\">Mundgef\u00fchl<\/strong> in Molkereiprodukten und Desserts<\/li><\/ul><p data-start=\"1478\" data-end=\"1682\">Ein h\u00f6herer Bloomwert bedeutet, dass das Gelatinegel fester und elastischer ist, w\u00e4hrend ein niedrigerer Wert ein weicheres Gel bedeutet. Die Hersteller w\u00e4hlen die Gelatine nach der St\u00e4rke des Ausbl\u00fchens aus, um ihren Produktanforderungen gerecht zu werden.<\/p>\t\t\t\t\t\t\t\t<\/div>\n\t\t\t\t<\/div>\n\t\t\t\t\t<\/div>\n\t\t\t\t<\/div>\n\t\t<div class=\"elementor-element elementor-element-vjhz43k e-flex e-con-boxed e-con e-parent\" data-id=\"vjhz43k\" data-element_type=\"container\">\n\t\t\t\t\t<div class=\"e-con-inner\">\n\t\t\t\t<div class=\"elementor-element elementor-element-50d6336 elementor-widget elementor-widget-heading\" data-id=\"50d6336\" data-element_type=\"widget\" data-widget_type=\"heading.default\">\n\t\t\t\t<div class=\"elementor-widget-container\">\n\t\t\t\t\t<h2 class=\"elementor-heading-title elementor-size-default\">Bloom-Test: Methode und Standards<\/h2>\t\t\t\t<\/div>\n\t\t\t\t<\/div>\n\t\t<div class=\"elementor-element elementor-element-ae0cc84 e-con-full e-flex e-con e-child\" data-id=\"ae0cc84\" data-element_type=\"container\">\n\t\t\t\t<div class=\"elementor-element elementor-element-9308ff2 elementor-widget__width-initial elementor-widget elementor-widget-text-editor\" data-id=\"9308ff2\" data-element_type=\"widget\" data-widget_type=\"text-editor.default\">\n\t\t\t\t<div class=\"elementor-widget-container\">\n\t\t\t\t\t\t\t\t\t<p data-start=\"1729\" data-end=\"1882\">Der <strong data-start=\"1733\" data-end=\"1747\">Bl\u00fchtest<\/strong> wird bei kontrollierter Temperatur und Luftfeuchtigkeit durchgef\u00fchrt, um einheitliche Ergebnisse zu gew\u00e4hrleisten. Hier ist ein kurzer \u00dcberblick \u00fcber das Standardverfahren:<\/p><ul><li data-start=\"1886\" data-end=\"1986\"><strong data-start=\"1886\" data-end=\"1905\">Gel-Zubereitung<\/strong>: Eine 6,67%-Gelatinel\u00f6sung wird zubereitet und in Bloom-Gl\u00e4ser von Standardgr\u00f6\u00dfe gef\u00fcllt.<\/li><li data-start=\"1989\" data-end=\"2062\"><strong data-start=\"1989\" data-end=\"2001\">Gelierung<\/strong>: Die L\u00f6sung geliert bei <strong data-start=\"2037\" data-end=\"2061\">10\u00b0C f\u00fcr 16-18 Stunden<\/strong>.<\/li><li data-start=\"2065\" data-end=\"2227\"><strong data-start=\"2065\" data-end=\"2076\">Testen<\/strong>: Eine Norm <strong data-start=\"2089\" data-end=\"2112\">Gelfestigkeitstester<\/strong> mit einer <strong data-start=\"2120\" data-end=\"2145\">St\u00f6\u00dfel mit 5 mm Durchmesser<\/strong> steigt ab bei <strong data-start=\"2158\" data-end=\"2171\">60 mm\/min<\/strong> bis der Kolben 4 mm in die Geloberfl\u00e4che eindringt.<\/li><li data-start=\"2230\" data-end=\"2334\"><strong data-start=\"2230\" data-end=\"2240\">Ergebnis<\/strong>: Die maximale Kraft (in Gramm), die erforderlich ist, um dieses Eindringen zu erreichen, ist die <strong data-start=\"2315\" data-end=\"2333\">Bl\u00fchst\u00e4rke<\/strong>.<\/li><\/ul><p data-start=\"2336\" data-end=\"2474\">Diese Methode ist in verschiedenen Pharmakop\u00f6en und Industriestandards festgelegt, darunter <strong data-start=\"2422\" data-end=\"2429\">USP<\/strong>, <strong data-start=\"2431\" data-end=\"2437\">EP<\/strong>, Und <strong data-start=\"2443\" data-end=\"2453\">GB6783<\/strong> f\u00fcr Gelatinepr\u00fcfungen.<\/p>\t\t\t\t\t\t\t\t<\/div>\n\t\t\t\t<\/div>\n\t\t\t\t<div class=\"elementor-element elementor-element-25f05fb elementor-widget__width-initial elementor-widget elementor-widget-video\" data-id=\"25f05fb\" data-element_type=\"widget\" data-settings=\"{&quot;youtube_url&quot;:&quot;https:\\\/\\\/youtu.be\\\/rrzQxj3794s?si=ERhkmO3Yz1kkFEFV&quot;,&quot;mute&quot;:&quot;yes&quot;,&quot;loop&quot;:&quot;yes&quot;,&quot;video_type&quot;:&quot;youtube&quot;,&quot;controls&quot;:&quot;yes&quot;}\" data-widget_type=\"video.default\">\n\t\t\t\t<div class=\"elementor-widget-container\">\n\t\t\t\t\t\t\t<div class=\"elementor-wrapper elementor-open-inline\">\n\t\t\t<div class=\"elementor-video\"><\/div>\t\t<\/div>\n\t\t\t\t\t\t<\/div>\n\t\t\t\t<\/div>\n\t\t\t\t<\/div>\n\t\t\t\t\t<\/div>\n\t\t\t\t<\/div>\n\t\t<div class=\"elementor-element elementor-element-9ebec98 e-flex e-con-boxed e-con e-parent\" data-id=\"9ebec98\" data-element_type=\"container\">\n\t\t\t\t\t<div class=\"e-con-inner\">\n\t\t\t\t<div class=\"elementor-element elementor-element-d622d16 elementor-widget elementor-widget-heading\" data-id=\"d622d16\" data-element_type=\"widget\" data-widget_type=\"heading.default\">\n\t\t\t\t<div class=\"elementor-widget-container\">\n\t\t\t\t\t<h2 class=\"elementor-heading-title elementor-size-default\">Anwendungen in der Qualit\u00e4tskontrolle von Gelatine und Softgels<\/h2>\t\t\t\t<\/div>\n\t\t\t\t<\/div>\n\t\t<div class=\"elementor-element elementor-element-aeb42bd e-con-full e-flex e-con e-child\" data-id=\"aeb42bd\" data-element_type=\"container\">\n\t\t\t\t<div class=\"elementor-element elementor-element-dc258dd elementor-widget__width-inherit elementor-widget elementor-widget-text-editor\" data-id=\"dc258dd\" data-element_type=\"widget\" data-widget_type=\"text-editor.default\">\n\t\t\t\t<div class=\"elementor-widget-container\">\n\t\t\t\t\t\t\t\t\t<p data-start=\"2540\" data-end=\"2668\">F\u00fcr <strong data-start=\"2544\" data-end=\"2569\">Gelatinehersteller<\/strong>, Die Kontrolle der Vorblockfestigkeit gew\u00e4hrleistet die Konsistenz der Chargen und die Einhaltung der Kundenspezifikationen.<\/p><p data-start=\"2670\" data-end=\"2737\">In der <strong data-start=\"2677\" data-end=\"2688\">Softgel<\/strong> Industrie, die richtige Bl\u00fctenst\u00e4rke bestimmt:<\/p><ul><li data-start=\"2740\" data-end=\"2768\"><strong data-start=\"2740\" data-end=\"2766\">Integrit\u00e4t der Kapselwand<\/strong><\/li><li data-start=\"2771\" data-end=\"2800\"><strong data-start=\"2771\" data-end=\"2798\">Stabilit\u00e4t der Verkapselung<\/strong><\/li><li data-start=\"2803\" data-end=\"2866\"><strong data-start=\"2803\" data-end=\"2838\">Aufl\u00f6sung und Bioverf\u00fcgbarkeit<\/strong> der Wirkstoffe<\/li><\/ul><p data-start=\"2868\" data-end=\"3072\">Die Aufrechterhaltung optimaler Bl\u00fchwerte ist wichtig f\u00fcr <strong data-start=\"2917\" data-end=\"2954\">pharmazeutische F&amp;E und Produktion<\/strong>. Das Gleiche gilt f\u00fcr <strong data-start=\"2976\" data-end=\"2998\">Lebensmittelhersteller<\/strong>, Die St\u00e4rke der Bl\u00fcte bestimmt die Kaukraft und Festigkeit des Endprodukts.<\/p>\t\t\t\t\t\t\t\t<\/div>\n\t\t\t\t<\/div>\n\t\t\t\t<div class=\"elementor-element elementor-element-65475b3 elementor-widget__width-initial elementor-widget elementor-widget-image\" data-id=\"65475b3\" data-element_type=\"widget\" data-widget_type=\"image.default\">\n\t\t\t\t<div class=\"elementor-widget-container\">\n\t\t\t\t\t\t\t\t\t\t\t\t\t\t\t\t<a href=\"https:\/\/www.packqc.com\/de\/product\/gst-01-gel-strength-tester\/\">\n\t\t\t\t\t\t\t<img fetchpriority=\"high\" decoding=\"async\" width=\"600\" height=\"600\" src=\"https:\/\/www.packqc.com\/wp-content\/uploads\/2025\/06\/Bloom-Strength-Testing.webp\" class=\"attachment-large size-large wp-image-5605\" alt=\"Bloom Strength Testing\" srcset=\"https:\/\/www.packqc.com\/wp-content\/uploads\/2025\/06\/Bloom-Strength-Testing.webp 600w, https:\/\/www.packqc.com\/wp-content\/uploads\/2025\/06\/Bloom-Strength-Testing-300x300.webp 300w, https:\/\/www.packqc.com\/wp-content\/uploads\/2025\/06\/Bloom-Strength-Testing-100x100.webp 100w, https:\/\/www.packqc.com\/wp-content\/uploads\/2025\/06\/Bloom-Strength-Testing-150x150.webp 150w, https:\/\/www.packqc.com\/wp-content\/uploads\/2025\/06\/Bloom-Strength-Testing-12x12.webp 12w\" sizes=\"(max-width: 600px) 100vw, 600px\" \/>\t\t\t\t\t\t\t\t<\/a>\n\t\t\t\t\t\t\t\t\t\t\t\t\t\t\t<\/div>\n\t\t\t\t<\/div>\n\t\t\t\t<\/div>\n\t\t\t\t<div class=\"elementor-element elementor-element-f7c44f8 elementor-widget elementor-widget-heading\" data-id=\"f7c44f8\" data-element_type=\"widget\" data-widget_type=\"heading.default\">\n\t\t\t\t<div class=\"elementor-widget-container\">\n\t\t\t\t\t<h2 class=\"elementor-heading-title elementor-size-default\">Verwendung eines Gelst\u00e4rketesters: GST-01 von Cell Instruments<\/h2>\t\t\t\t<\/div>\n\t\t\t\t<\/div>\n\t\t<div class=\"elementor-element elementor-element-eac2bf8 e-con-full e-flex e-con e-child\" data-id=\"eac2bf8\" data-element_type=\"container\">\n\t\t\t\t<div class=\"elementor-element elementor-element-65f9b33 elementor-widget__width-inherit elementor-widget elementor-widget-text-editor\" data-id=\"65f9b33\" data-element_type=\"widget\" data-widget_type=\"text-editor.default\">\n\t\t\t\t<div class=\"elementor-widget-container\">\n\t\t\t\t\t\t\t\t\t<p data-start=\"3142\" data-end=\"3353\">Eine genaue Messung der Bl\u00fctenst\u00e4rke h\u00e4ngt in hohem Ma\u00dfe von zuverl\u00e4ssigen Ger\u00e4ten ab. Die <strong data-start=\"3221\" data-end=\"3251\">GST-01 Gelfestigkeitstester<\/strong> von <strong data-start=\"3255\" data-end=\"3275\">Zellinstrumente<\/strong> bietet Pr\u00e4zision und Konsistenz bei einer Vielzahl von Pr\u00fcfbedingungen.<\/p><p data-start=\"3355\" data-end=\"3382\"><strong data-start=\"3355\" data-end=\"3379\">Die wichtigsten Vorteile sind<\/strong>:<\/p><ul><li data-start=\"3385\" data-end=\"3449\"><strong data-start=\"3385\" data-end=\"3422\">Benutzerfreundlicher 7-Zoll-Touchscreen<\/strong> mit intuitiver Schnittstelle<\/li><li data-start=\"3452\" data-end=\"3521\"><strong data-start=\"3452\" data-end=\"3482\">Hohe Genauigkeit (\u00b10,5% F.S.)<\/strong> und Verschiebungsgenauigkeit (0,01 mm)<\/li><li data-start=\"3524\" data-end=\"3595\"><strong data-start=\"3524\" data-end=\"3547\">Mehrere Testmodi<\/strong>, einschlie\u00dflich Spitzenkraft und Abstand unter Last<\/li><li data-start=\"3598\" data-end=\"3685\"><strong data-start=\"3598\" data-end=\"3623\">Eingebauter Mikrodrucker<\/strong> und optionale RS232-Software-Integration f\u00fcr die Datenverwaltung<\/li><li data-start=\"3688\" data-end=\"3757\"><strong data-start=\"3688\" data-end=\"3713\">Anpassbare Befestigungen<\/strong> f\u00fcr verschiedene Anforderungen der Texturanalyse<\/li><\/ul><p data-start=\"3759\" data-end=\"3952\">Mit programmierbarer Geschwindigkeit (1-100 mm\/min) und fortschrittlichen Sicherheitsfunktionen ist der GST-01 ideal f\u00fcr <strong data-start=\"3852\" data-end=\"3898\">F&amp;E-Laboratorien und Produktionsanlagen<\/strong> die ihre Qualit\u00e4tssicherungsprozesse verbessern wollen.<\/p>\t\t\t\t\t\t\t\t<\/div>\n\t\t\t\t<\/div>\n\t\t\t\t<div class=\"elementor-element elementor-element-5a1af86 elementor-widget elementor-widget-text-editor\" data-id=\"5a1af86\" data-element_type=\"widget\" data-widget_type=\"text-editor.default\">\n\t\t\t\t<div class=\"elementor-widget-container\">\n\t\t\t\t\t\t\t\t\t<p data-start=\"3959\" data-end=\"4015\"><strong data-start=\"3959\" data-end=\"4013\">Best Practices f\u00fcr die Durchf\u00fchrung des Bloom Strength Tests<\/strong><\/p><p data-start=\"4017\" data-end=\"4114\">Um die Reproduzierbarkeit und die Einhaltung von Vorschriften bei Bl\u00fctentests zu gew\u00e4hrleisten, sollten Sie diese Empfehlungen befolgen:<\/p><ul><li data-start=\"4118\" data-end=\"4213\">Verwenden Sie eine standardisierte Gelatinekonzentration und Testbedingungen (Zeit, Temperatur und Feuchtigkeit).<\/li><li data-start=\"4216\" data-end=\"4262\">Kalibrieren Sie den Gelfestigkeitspr\u00fcfer regelm\u00e4\u00dfig.<\/li><li data-start=\"4265\" data-end=\"4333\">Stellen Sie sicher, dass die Sonde vor jedem Test sauber und frei von R\u00fcckst\u00e4nden ist.<\/li><li data-start=\"4336\" data-end=\"4396\">F\u00fchren Sie mehrere Proben durch und ermitteln Sie den Mittelwert der Ergebnisse, um die Genauigkeit zu gew\u00e4hrleisten.<\/li><li data-start=\"4399\" data-end=\"4459\">Dokumentieren Sie die Umgebungsbedingungen, um die Konsistenz der Tests nachzuvollziehen.<\/li><\/ul>\t\t\t\t\t\t\t\t<\/div>\n\t\t\t\t<\/div>\n\t\t\t\t<\/div>\n\t\t\t\t\t<\/div>\n\t\t\t\t<\/div>\n\t\t<div class=\"elementor-element elementor-element-hlnqc4n e-flex e-con-boxed e-con e-parent\" data-id=\"hlnqc4n\" data-element_type=\"container\" data-settings=\"{&quot;background_background&quot;:&quot;classic&quot;}\">\n\t\t\t\t\t<div class=\"e-con-inner\">\n\t\t<div class=\"elementor-element elementor-element-db992c8 e-con-full e-flex e-con e-child\" data-id=\"db992c8\" data-element_type=\"container\">\n\t\t\t\t<div class=\"elementor-element elementor-element-08e276e elementor-widget elementor-widget-heading\" data-id=\"08e276e\" data-element_type=\"widget\" data-widget_type=\"heading.default\">\n\t\t\t\t<div class=\"elementor-widget-container\">\n\t\t\t\t\t<h2 class=\"elementor-heading-title elementor-size-default\">Sprechen Sie mit uns<\/h2>\t\t\t\t<\/div>\n\t\t\t\t<\/div>\n\t\t\t\t<div class=\"elementor-element elementor-element-291d47f elementor-widget elementor-widget-text-editor\" data-id=\"291d47f\" data-element_type=\"widget\" data-widget_type=\"text-editor.default\">\n\t\t\t\t<div class=\"elementor-widget-container\">\n\t\t\t\t\t\t\t\t\t<p data-start=\"5158\" data-end=\"5630\">Verstehen und genaues Messen <strong data-start=\"5197\" data-end=\"5215\">Bl\u00fchst\u00e4rke<\/strong> ist f\u00fcr die Gew\u00e4hrleistung der Qualit\u00e4t von Gelatine- und Softgelprodukten unerl\u00e4sslich. Mit der richtigen Testausr\u00fcstung, wie dem <strong data-start=\"5330\" data-end=\"5360\">GST-01 Gelfestigkeitstester<\/strong> von Cell Instruments k\u00f6nnen Hersteller hohe Standards einhalten, die Variabilit\u00e4t reduzieren und die Anforderungen der Industrie erf\u00fcllen. Unabh\u00e4ngig davon, ob Sie Softgel-Kapseln oder Lebensmittel auf Gelatinebasis herstellen, ist die Pr\u00fcfung der Schalenfestigkeit ein grundlegender Bestandteil Ihrer Qualit\u00e4tskontrollstrategie.<\/p>\t\t\t\t\t\t\t\t<\/div>\n\t\t\t\t<\/div>\n\t\t\t\t<div class=\"elementor-element elementor-element-e8cd3e1 elementor-align-center elementor-widget elementor-widget-button\" data-id=\"e8cd3e1\" data-element_type=\"widget\" data-widget_type=\"button.default\">\n\t\t\t\t<div class=\"elementor-widget-container\">\n\t\t\t\t\t\t\t\t\t<div class=\"elementor-button-wrapper\">\n\t\t\t\t\t<a class=\"elementor-button elementor-button-link elementor-size-sm\" href=\"https:\/\/www.packqc.com\/de\/contact-us\/\">\n\t\t\t\t\t\t<span class=\"elementor-button-content-wrapper\">\n\t\t\t\t\t\t\t\t\t<span class=\"elementor-button-text\">Kontaktieren Sie uns<\/span>\n\t\t\t\t\t<\/span>\n\t\t\t\t\t<\/a>\n\t\t\t\t<\/div>\n\t\t\t\t\t\t\t\t<\/div>\n\t\t\t\t<\/div>\n\t\t\t\t<\/div>\n\t\t\t\t\t<\/div>\n\t\t\t\t<\/div>\n\t\t\t\t<\/div>","protected":false},"excerpt":{"rendered":"<p>Bloom Strength Testing In the food and pharmaceutical industries, ensuring product consistency, texture, and stability is crucial. One of the key parameters for gelatin-based products, especially gelatin and softgels, is bloom strength. This essential measurement helps manufacturers maintain quality control across production batches. We&#8217;ll explore what bloom strength is, how to perform a bloom test, [&hellip;]<\/p>","protected":false},"author":2,"featured_media":0,"parent":5290,"menu_order":0,"comment_status":"closed","ping_status":"closed","template":"","meta":{"_acf_changed":false,"site-sidebar-layout":"no-sidebar","site-content-layout":"page-builder","ast-site-content-layout":"full-width-container","site-content-style":"default","site-sidebar-style":"default","ast-global-header-display":"","ast-banner-title-visibility":"","ast-main-header-display":"","ast-hfb-above-header-display":"","ast-hfb-below-header-display":"","ast-hfb-mobile-header-display":"","site-post-title":"disabled","ast-breadcrumbs-content":"","ast-featured-img":"disabled","footer-sml-layout":"","theme-transparent-header-meta":"","adv-header-id-meta":"","stick-header-meta":"","header-above-stick-meta":"","header-main-stick-meta":"","header-below-stick-meta":"","astra-migrate-meta-layouts":"set","ast-page-background-enabled":"default","ast-page-background-meta":{"desktop":{"background-color":"var(--ast-global-color-4)","background-image":"","background-repeat":"repeat","background-position":"center center","background-size":"auto","background-attachment":"scroll","background-type":"","background-media":"","overlay-type":"","overlay-color":"","overlay-gradient":""},"tablet":{"background-color":"","background-image":"","background-repeat":"repeat","background-position":"center center","background-size":"auto","background-attachment":"scroll","background-type":"","background-media":"","overlay-type":"","overlay-color":"","overlay-gradient":""},"mobile":{"background-color":"","background-image":"","background-repeat":"repeat","background-position":"center center","background-size":"auto","background-attachment":"scroll","background-type":"","background-media":"","overlay-type":"","overlay-color":"","overlay-gradient":""}},"ast-content-background-meta":{"desktop":{"background-color":"var(--ast-global-color-5)","background-image":"","background-repeat":"repeat","background-position":"center center","background-size":"auto","background-attachment":"scroll","background-type":"","background-media":"","overlay-type":"","overlay-color":"","overlay-gradient":""},"tablet":{"background-color":"var(--ast-global-color-5)","background-image":"","background-repeat":"repeat","background-position":"center center","background-size":"auto","background-attachment":"scroll","background-type":"","background-media":"","overlay-type":"","overlay-color":"","overlay-gradient":""},"mobile":{"background-color":"var(--ast-global-color-5)","background-image":"","background-repeat":"repeat","background-position":"center center","background-size":"auto","background-attachment":"scroll","background-type":"","background-media":"","overlay-type":"","overlay-color":"","overlay-gradient":""}},"footnotes":""},"class_list":["post-5603","page","type-page","status-publish","hentry"],"acf":[],"_links":{"self":[{"href":"https:\/\/www.packqc.com\/de\/wp-json\/wp\/v2\/pages\/5603","targetHints":{"allow":["GET"]}}],"collection":[{"href":"https:\/\/www.packqc.com\/de\/wp-json\/wp\/v2\/pages"}],"about":[{"href":"https:\/\/www.packqc.com\/de\/wp-json\/wp\/v2\/types\/page"}],"author":[{"embeddable":true,"href":"https:\/\/www.packqc.com\/de\/wp-json\/wp\/v2\/users\/2"}],"replies":[{"embeddable":true,"href":"https:\/\/www.packqc.com\/de\/wp-json\/wp\/v2\/comments?post=5603"}],"version-history":[{"count":0,"href":"https:\/\/www.packqc.com\/de\/wp-json\/wp\/v2\/pages\/5603\/revisions"}],"up":[{"embeddable":true,"href":"https:\/\/www.packqc.com\/de\/wp-json\/wp\/v2\/pages\/5290"}],"wp:attachment":[{"href":"https:\/\/www.packqc.com\/de\/wp-json\/wp\/v2\/media?parent=5603"}],"curies":[{"name":"wp","href":"https:\/\/api.w.org\/{rel}","templated":true}]}}