{"id":5603,"date":"2025-06-30T15:51:43","date_gmt":"2025-06-30T07:51:43","guid":{"rendered":"https:\/\/www.packqc.com\/?page_id=5603"},"modified":"2026-02-02T11:08:46","modified_gmt":"2026-02-02T03:08:46","slug":"bloom-strength-testing-solution-gelatin","status":"publish","type":"page","link":"https:\/\/www.packqc.com\/et\/solutions\/bloom-strength-testing-solution-gelatin\/","title":{"rendered":"Bloomi tugevuse testimise lahendus"},"content":{"rendered":"<div data-elementor-type=\"wp-page\" data-elementor-id=\"5603\" class=\"elementor elementor-5603\" data-elementor-post-type=\"page\">\n\t\t\t\t<div class=\"elementor-element elementor-element-obvpkm1 e-flex e-con-boxed e-con e-parent\" data-id=\"obvpkm1\" data-element_type=\"container\" data-settings=\"{&quot;background_background&quot;:&quot;classic&quot;}\">\n\t\t\t\t\t<div class=\"e-con-inner\">\n\t\t\t\t<div class=\"elementor-element elementor-element-e3ee3a0 elementor-widget elementor-widget-heading\" data-id=\"e3ee3a0\" data-element_type=\"widget\" data-widget_type=\"heading.default\">\n\t\t\t\t<div class=\"elementor-widget-container\">\n\t\t\t\t\t<h1 class=\"elementor-heading-title elementor-size-default\">Bloomi tugevuse testimine<\/h1>\t\t\t\t<\/div>\n\t\t\t\t<\/div>\n\t\t\t\t<div class=\"elementor-element elementor-element-ad4c880 elementor-widget__width-initial elementor-widget elementor-widget-text-editor\" data-id=\"ad4c880\" data-element_type=\"widget\" data-widget_type=\"text-editor.default\">\n\t\t\t\t<div class=\"elementor-widget-container\">\n\t\t\t\t\t\t\t\t\t<p data-start=\"375\" data-end=\"906\">Toidu- ja farmaatsiat\u00f6\u00f6stuses on toodete konsistentsuse, tekstuuri ja stabiilsuse tagamine v\u00e4ga oluline. \u00dcks olulisemaid parameetreid \u017eelatiinip\u00f5histe toodete, eriti \u017eelatiini ja pehmete geelide puhul on j\u00e4rgmine <strong data-start=\"592\" data-end=\"610\">\u00f5itsemise tugevus<\/strong>. See oluline m\u00f5\u00f5tmine aitab tootjatel s\u00e4ilitada kvaliteedikontrolli tootmispartiide l\u00f5ikes. Me uurime, mis on \u00f5ietugevus, kuidas teostada <strong data-start=\"783\" data-end=\"797\">\u00f5itsemistest<\/strong>, ja kuidas<a href=\"https:\/\/www.packqc.com\/et\/product\/gst-01-gel-strength-tester\/\"> <strong data-start=\"809\" data-end=\"832\">geeli tugevuse tester<\/strong><\/a> nagu <strong data-start=\"842\" data-end=\"874\">GST-01 alates Cell Instruments<\/strong> aitab seda protsessi optimeerida.<\/p>\t\t\t\t\t\t\t\t<\/div>\n\t\t\t\t<\/div>\n\t\t\t\t\t<\/div>\n\t\t\t\t<\/div>\n\t\t<div class=\"elementor-element elementor-element-a41a9ed e-flex e-con-boxed e-con e-parent\" data-id=\"a41a9ed\" data-element_type=\"container\">\n\t\t\t\t\t<div class=\"e-con-inner\">\n\t\t\t\t<div class=\"elementor-element elementor-element-5ebde6b elementor-widget elementor-widget-heading\" data-id=\"5ebde6b\" data-element_type=\"widget\" data-widget_type=\"heading.default\">\n\t\t\t\t<div class=\"elementor-widget-container\">\n\t\t\t\t\t<h2 class=\"elementor-heading-title elementor-size-default\">Mis on Bloomi tugevus ja miks see on oluline?<\/h2>\t\t\t\t<\/div>\n\t\t\t\t<\/div>\n\t\t\t\t<div class=\"elementor-element elementor-element-42f74d3 elementor-widget elementor-widget-text-editor\" data-id=\"42f74d3\" data-element_type=\"widget\" data-widget_type=\"text-editor.default\">\n\t\t\t\t<div class=\"elementor-widget-container\">\n\t\t\t\t\t\t\t\t\t<p data-start=\"967\" data-end=\"1250\"><strong data-start=\"967\" data-end=\"985\">\u00d5itsemise tugevus<\/strong> viitab <strong data-start=\"1000\" data-end=\"1039\">k\u00f5vaduse v\u00f5i geeli tugevuse m\u00f5\u00f5tmine<\/strong> \u017eelatiini. Seda v\u00e4ljendatakse grammides (g) ja see on nimetatud meetodi v\u00e4lja t\u00f6\u00f6tanud Oscar T. Bloomi j\u00e4rgi. See v\u00e4\u00e4rtus n\u00e4itab <strong data-start=\"1163\" data-end=\"1221\">\u017eelatiinigeeli pinna vajutamiseks vajalik j\u00f5ud<\/strong> eritingimustel.<\/p><p data-start=\"1252\" data-end=\"1345\">\u00d5itsemise tugevus m\u00f5jutab otseselt toodete toimivust ja sensoorset kvaliteeti, n\u00e4iteks:<\/p><ul><li data-start=\"1348\" data-end=\"1378\"><strong data-start=\"1348\" data-end=\"1359\">Tekstuur<\/strong> kummikommidest kommid<\/li><li data-start=\"1381\" data-end=\"1431\"><strong data-start=\"1381\" data-end=\"1402\">Kapsli moodustamine<\/strong> farmatseutiliste pehmete kapslitena<\/li><li data-start=\"1434\" data-end=\"1476\"><strong data-start=\"1434\" data-end=\"1447\">Suudmeel<\/strong> piimatoodete ja magustoitude puhul<\/li><\/ul><p data-start=\"1478\" data-end=\"1682\">Suurem \u00f5itsemise v\u00e4\u00e4rtus t\u00e4hendab, et \u017eelatiinigeel on k\u00f5vem ja elastsem, samas kui madalam v\u00e4\u00e4rtus n\u00e4itab, et geel on pehmem. Tootjad valivad \u017eelatiini vastavalt oma tooten\u00f5uetele \u00f5ietiheduse alusel.<\/p>\t\t\t\t\t\t\t\t<\/div>\n\t\t\t\t<\/div>\n\t\t\t\t\t<\/div>\n\t\t\t\t<\/div>\n\t\t<div class=\"elementor-element elementor-element-vjhz43k e-flex e-con-boxed e-con e-parent\" data-id=\"vjhz43k\" data-element_type=\"container\">\n\t\t\t\t\t<div class=\"e-con-inner\">\n\t\t\t\t<div class=\"elementor-element elementor-element-50d6336 elementor-widget elementor-widget-heading\" data-id=\"50d6336\" data-element_type=\"widget\" data-widget_type=\"heading.default\">\n\t\t\t\t<div class=\"elementor-widget-container\">\n\t\t\t\t\t<h2 class=\"elementor-heading-title elementor-size-default\">Bloomi test: Meetod ja standardid<\/h2>\t\t\t\t<\/div>\n\t\t\t\t<\/div>\n\t\t<div class=\"elementor-element elementor-element-ae0cc84 e-con-full e-flex e-con e-child\" data-id=\"ae0cc84\" data-element_type=\"container\">\n\t\t\t\t<div class=\"elementor-element elementor-element-9308ff2 elementor-widget__width-initial elementor-widget elementor-widget-text-editor\" data-id=\"9308ff2\" data-element_type=\"widget\" data-widget_type=\"text-editor.default\">\n\t\t\t\t<div class=\"elementor-widget-container\">\n\t\t\t\t\t\t\t\t\t<p data-start=\"1729\" data-end=\"1882\">The <strong data-start=\"1733\" data-end=\"1747\">\u00f5itsemistest<\/strong> viiakse l\u00e4bi kontrollitud temperatuuri ja niiskuse juures, et tagada p\u00fcsivad tulemused. Siin on l\u00fchike \u00fclevaade standardmenetlusest:<\/p><ul><li data-start=\"1886\" data-end=\"1986\"><strong data-start=\"1886\" data-end=\"1905\">Geeli ettevalmistamine<\/strong>: Valmistatakse 6.67% \u017eelatiinilahus ja valatakse standardsuuruses Bloomi purkidesse.<\/li><li data-start=\"1989\" data-end=\"2062\"><strong data-start=\"1989\" data-end=\"2001\">Gelatsioon<\/strong>: Lahus lastakse geeliks muutuda temperatuuril <strong data-start=\"2037\" data-end=\"2061\">10\u00b0C 16-18 tundi<\/strong>.<\/li><li data-start=\"2065\" data-end=\"2227\"><strong data-start=\"2065\" data-end=\"2076\">Testimine<\/strong>: Standard <strong data-start=\"2089\" data-end=\"2112\">geeli tugevuse tester<\/strong> koos <strong data-start=\"2120\" data-end=\"2145\">5 mm l\u00e4bim\u00f5\u00f5duga kolb<\/strong> langeb alla <strong data-start=\"2158\" data-end=\"2171\">60 mm\/min<\/strong> kuni kolb tungib 4 mm s\u00fcgavusele geeli pinnale.<\/li><li data-start=\"2230\" data-end=\"2334\"><strong data-start=\"2230\" data-end=\"2240\">Tulemus<\/strong>: Maksimaalne j\u00f5ud (grammides), mis on vajalik selle tungimise saavutamiseks, on <strong data-start=\"2315\" data-end=\"2333\">\u00f5itsemise tugevus<\/strong>.<\/li><\/ul><p data-start=\"2336\" data-end=\"2474\">See meetod on m\u00e4\u00e4ratletud erinevates farmakop\u00f6ilistes ja t\u00f6\u00f6stuslikes standardites, sealhulgas <strong data-start=\"2422\" data-end=\"2429\">USP<\/strong>, <strong data-start=\"2431\" data-end=\"2437\">EP<\/strong>ja <strong data-start=\"2443\" data-end=\"2453\">GB6783<\/strong> \u017eelatiini katsetamiseks.<\/p>\t\t\t\t\t\t\t\t<\/div>\n\t\t\t\t<\/div>\n\t\t\t\t<div class=\"elementor-element elementor-element-25f05fb elementor-widget__width-initial elementor-widget elementor-widget-video\" data-id=\"25f05fb\" data-element_type=\"widget\" data-settings=\"{&quot;youtube_url&quot;:&quot;https:\\\/\\\/youtu.be\\\/rrzQxj3794s?si=ERhkmO3Yz1kkFEFV&quot;,&quot;mute&quot;:&quot;yes&quot;,&quot;loop&quot;:&quot;yes&quot;,&quot;video_type&quot;:&quot;youtube&quot;,&quot;controls&quot;:&quot;yes&quot;}\" data-widget_type=\"video.default\">\n\t\t\t\t<div class=\"elementor-widget-container\">\n\t\t\t\t\t\t\t<div class=\"elementor-wrapper elementor-open-inline\">\n\t\t\t<div class=\"elementor-video\"><\/div>\t\t<\/div>\n\t\t\t\t\t\t<\/div>\n\t\t\t\t<\/div>\n\t\t\t\t<\/div>\n\t\t\t\t\t<\/div>\n\t\t\t\t<\/div>\n\t\t<div class=\"elementor-element elementor-element-9ebec98 e-flex e-con-boxed e-con e-parent\" data-id=\"9ebec98\" data-element_type=\"container\">\n\t\t\t\t\t<div class=\"e-con-inner\">\n\t\t\t\t<div class=\"elementor-element elementor-element-d622d16 elementor-widget elementor-widget-heading\" data-id=\"d622d16\" data-element_type=\"widget\" data-widget_type=\"heading.default\">\n\t\t\t\t<div class=\"elementor-widget-container\">\n\t\t\t\t\t<h2 class=\"elementor-heading-title elementor-size-default\">Rakendused \u017eelatiini ja pehmete geelide kvaliteedikontrollis<\/h2>\t\t\t\t<\/div>\n\t\t\t\t<\/div>\n\t\t<div class=\"elementor-element elementor-element-aeb42bd e-con-full e-flex e-con e-child\" data-id=\"aeb42bd\" data-element_type=\"container\">\n\t\t\t\t<div class=\"elementor-element elementor-element-dc258dd elementor-widget__width-inherit elementor-widget elementor-widget-text-editor\" data-id=\"dc258dd\" data-element_type=\"widget\" data-widget_type=\"text-editor.default\">\n\t\t\t\t<div class=\"elementor-widget-container\">\n\t\t\t\t\t\t\t\t\t<p data-start=\"2540\" data-end=\"2668\">Sest <strong data-start=\"2544\" data-end=\"2569\">\u017eelatiini tootjad<\/strong>, kontrollib \u00f5ietugevust, et tagada partiide j\u00e4rjepidevus ja vastavus kliendi spetsifikatsioonidele.<\/p><p data-start=\"2670\" data-end=\"2737\">In the <strong data-start=\"2677\" data-end=\"2688\">pehme geel<\/strong> t\u00f6\u00f6stus, m\u00e4\u00e4rab \u00f5ige \u00f5ieti tugevus:<\/p><ul><li data-start=\"2740\" data-end=\"2768\"><strong data-start=\"2740\" data-end=\"2766\">Kapsli seina terviklikkus<\/strong><\/li><li data-start=\"2771\" data-end=\"2800\"><strong data-start=\"2771\" data-end=\"2798\">Kapseldamise stabiilsus<\/strong><\/li><li data-start=\"2803\" data-end=\"2866\"><strong data-start=\"2803\" data-end=\"2838\">Lahustumine ja biosaadavus<\/strong> toimeaineid<\/li><\/ul><p data-start=\"2868\" data-end=\"3072\">Optimaalsete \u00f5itsemisv\u00e4\u00e4rtuste s\u00e4ilitamine on oluline <strong data-start=\"2917\" data-end=\"2954\">farmaatsiatoodete teadus- ja arendustegevus ning tootmine<\/strong>. Sama kehtib ka <strong data-start=\"2976\" data-end=\"2998\">toiduainete tootjad<\/strong>, kus \u00f5ietugevus m\u00e4\u00e4rab l\u00f5pptoote n\u00e4rimiskindluse ja k\u00f5vaduse.<\/p>\t\t\t\t\t\t\t\t<\/div>\n\t\t\t\t<\/div>\n\t\t\t\t<div class=\"elementor-element elementor-element-65475b3 elementor-widget__width-initial elementor-widget elementor-widget-image\" data-id=\"65475b3\" data-element_type=\"widget\" data-widget_type=\"image.default\">\n\t\t\t\t<div class=\"elementor-widget-container\">\n\t\t\t\t\t\t\t\t\t\t\t\t\t\t\t\t<a href=\"https:\/\/www.packqc.com\/et\/product\/gst-01-gel-strength-tester\/\">\n\t\t\t\t\t\t\t<img fetchpriority=\"high\" decoding=\"async\" width=\"600\" height=\"600\" src=\"https:\/\/www.packqc.com\/wp-content\/uploads\/2025\/06\/Bloom-Strength-Testing.webp\" class=\"attachment-large size-large wp-image-5605\" alt=\"Bloomi tugevuse testimine\" srcset=\"https:\/\/www.packqc.com\/wp-content\/uploads\/2025\/06\/Bloom-Strength-Testing.webp 600w, https:\/\/www.packqc.com\/wp-content\/uploads\/2025\/06\/Bloom-Strength-Testing-300x300.webp 300w, https:\/\/www.packqc.com\/wp-content\/uploads\/2025\/06\/Bloom-Strength-Testing-100x100.webp 100w, https:\/\/www.packqc.com\/wp-content\/uploads\/2025\/06\/Bloom-Strength-Testing-150x150.webp 150w, https:\/\/www.packqc.com\/wp-content\/uploads\/2025\/06\/Bloom-Strength-Testing-12x12.webp 12w\" sizes=\"(max-width: 600px) 100vw, 600px\" \/>\t\t\t\t\t\t\t\t<\/a>\n\t\t\t\t\t\t\t\t\t\t\t\t\t\t\t<\/div>\n\t\t\t\t<\/div>\n\t\t\t\t<\/div>\n\t\t\t\t<div class=\"elementor-element elementor-element-f7c44f8 elementor-widget elementor-widget-heading\" data-id=\"f7c44f8\" data-element_type=\"widget\" data-widget_type=\"heading.default\">\n\t\t\t\t<div class=\"elementor-widget-container\">\n\t\t\t\t\t<h2 class=\"elementor-heading-title elementor-size-default\">Geeli tugevuse testija kasutamine: GST-01 by Cell Instruments<\/h2>\t\t\t\t<\/div>\n\t\t\t\t<\/div>\n\t\t<div class=\"elementor-element elementor-element-eac2bf8 e-con-full e-flex e-con e-child\" data-id=\"eac2bf8\" data-element_type=\"container\">\n\t\t\t\t<div class=\"elementor-element elementor-element-65f9b33 elementor-widget__width-inherit elementor-widget elementor-widget-text-editor\" data-id=\"65f9b33\" data-element_type=\"widget\" data-widget_type=\"text-editor.default\">\n\t\t\t\t<div class=\"elementor-widget-container\">\n\t\t\t\t\t\t\t\t\t<p data-start=\"3142\" data-end=\"3353\">\u00d5ietugevuse t\u00e4pne m\u00f5\u00f5tmine s\u00f5ltub suuresti usaldusv\u00e4\u00e4rsetest seadmetest. Veebileht <strong data-start=\"3221\" data-end=\"3251\">GST-01 geeli tugevuse tester<\/strong> poolt <strong data-start=\"3255\" data-end=\"3275\">Rakuinstrumendid<\/strong> pakub t\u00e4psust ja j\u00e4rjepidevust paljudes katsetingimustes.<\/p><p data-start=\"3355\" data-end=\"3382\"><strong data-start=\"3355\" data-end=\"3379\">Peamised eelised on j\u00e4rgmised<\/strong>:<\/p><ul><li data-start=\"3385\" data-end=\"3449\"><strong data-start=\"3385\" data-end=\"3422\">Kasutajas\u00f5bralik 7-tolline puuteekraan<\/strong> intuitiivse kasutajaliidesega<\/li><li data-start=\"3452\" data-end=\"3521\"><strong data-start=\"3452\" data-end=\"3482\">K\u00f5rge t\u00e4psus (\u00b10,5% F.S.)<\/strong> ja nihke t\u00e4psus (0,01 mm)<\/li><li data-start=\"3524\" data-end=\"3595\"><strong data-start=\"3524\" data-end=\"3547\">Mitu katsere\u017eiimi<\/strong>, sealhulgas maksimaalne j\u00f5ud ja kaugus koormuse all<\/li><li data-start=\"3598\" data-end=\"3685\"><strong data-start=\"3598\" data-end=\"3623\">Sisseehitatud mikroprinter<\/strong> ja valikuline RS232 tarkvara integreerimine andmete haldamiseks<\/li><li data-start=\"3688\" data-end=\"3757\"><strong data-start=\"3688\" data-end=\"3713\">Kohandatavad kinnitused<\/strong> erinevate tekstuurianal\u00fc\u00fcsi n\u00f5uete jaoks<\/li><\/ul><p data-start=\"3759\" data-end=\"3952\">Programmeeritava kiiruse (1-100 mm\/min) ja t\u00e4iustatud turvaelementidega GST-01 on ideaalne kasutamiseks j\u00e4rgmistel eesm\u00e4rkidel <strong data-start=\"3852\" data-end=\"3898\">uurimis- ja arenduslaborid ning tootmisrajatised<\/strong> kes soovivad parandada oma kvaliteedi tagamise protsesse.<\/p>\t\t\t\t\t\t\t\t<\/div>\n\t\t\t\t<\/div>\n\t\t\t\t<div class=\"elementor-element elementor-element-5a1af86 elementor-widget elementor-widget-text-editor\" data-id=\"5a1af86\" data-element_type=\"widget\" data-widget_type=\"text-editor.default\">\n\t\t\t\t<div class=\"elementor-widget-container\">\n\t\t\t\t\t\t\t\t\t<p data-start=\"3959\" data-end=\"4015\"><strong data-start=\"3959\" data-end=\"4013\">Parimad praktikad Bloomi tugevuse testi l\u00e4biviimiseks<\/strong><\/p><p data-start=\"4017\" data-end=\"4114\">Selleks, et tagada korratavus ja regulatiivsetele n\u00f5uetele vastavus \u00f5itsemistestide puhul, j\u00e4rgige j\u00e4rgmisi soovitusi:<\/p><ul><li data-start=\"4118\" data-end=\"4213\">Kasutage standardiseeritud \u017eelatiinikontsentratsiooni ja katsetingimusi (aeg, temperatuur ja niiskus).<\/li><li data-start=\"4216\" data-end=\"4262\">Kalibreerige geeli tugevuse testija regulaarselt.<\/li><li data-start=\"4265\" data-end=\"4333\">Veenduge, et sond on enne iga katset puhas ja j\u00e4\u00e4kidest vaba.<\/li><li data-start=\"4336\" data-end=\"4396\">Tehke mitu proovi ja keskmistage tulemused t\u00e4psuse tagamiseks.<\/li><li data-start=\"4399\" data-end=\"4459\">Dokumenteerige keskkonnatingimused katse j\u00e4rjepidevuse j\u00e4lgimiseks.<\/li><\/ul>\t\t\t\t\t\t\t\t<\/div>\n\t\t\t\t<\/div>\n\t\t\t\t<\/div>\n\t\t\t\t\t<\/div>\n\t\t\t\t<\/div>\n\t\t<div class=\"elementor-element elementor-element-hlnqc4n e-flex e-con-boxed e-con e-parent\" data-id=\"hlnqc4n\" data-element_type=\"container\" data-settings=\"{&quot;background_background&quot;:&quot;classic&quot;}\">\n\t\t\t\t\t<div class=\"e-con-inner\">\n\t\t<div class=\"elementor-element elementor-element-db992c8 e-con-full e-flex e-con e-child\" data-id=\"db992c8\" data-element_type=\"container\">\n\t\t\t\t<div class=\"elementor-element elementor-element-08e276e elementor-widget elementor-widget-heading\" data-id=\"08e276e\" data-element_type=\"widget\" data-widget_type=\"heading.default\">\n\t\t\t\t<div class=\"elementor-widget-container\">\n\t\t\t\t\t<h2 class=\"elementor-heading-title elementor-size-default\">R\u00e4\u00e4kige meiega<\/h2>\t\t\t\t<\/div>\n\t\t\t\t<\/div>\n\t\t\t\t<div class=\"elementor-element elementor-element-291d47f elementor-widget elementor-widget-text-editor\" data-id=\"291d47f\" data-element_type=\"widget\" data-widget_type=\"text-editor.default\">\n\t\t\t\t<div class=\"elementor-widget-container\">\n\t\t\t\t\t\t\t\t\t<p data-start=\"5158\" data-end=\"5630\">M\u00f5istmine ja t\u00e4pne m\u00f5\u00f5tmine <strong data-start=\"5197\" data-end=\"5215\">\u00f5itsemise tugevus<\/strong> on oluline \u017eelatiini ja pehmete geelide kvaliteedi tagamiseks. \u00d5igete katseseadmete, n\u00e4iteks <strong data-start=\"5330\" data-end=\"5360\">GST-01 geeli tugevuse tester<\/strong> Cell Instruments abil saavad tootjad s\u00e4ilitada k\u00f5rged standardid, v\u00e4hendada varieeruvust ja t\u00e4ita t\u00f6\u00f6stuse n\u00f5udeid. Olenemata sellest, kas te toodate pehmekapsleid v\u00f5i \u017eelatiinip\u00f5hiseid toiduaineid, on \u00f5ietugevuse testimine teie kvaliteedikontrolli strateegia oluline osa.<\/p>\t\t\t\t\t\t\t\t<\/div>\n\t\t\t\t<\/div>\n\t\t\t\t<div class=\"elementor-element elementor-element-e8cd3e1 elementor-align-center elementor-widget elementor-widget-button\" data-id=\"e8cd3e1\" data-element_type=\"widget\" data-widget_type=\"button.default\">\n\t\t\t\t<div class=\"elementor-widget-container\">\n\t\t\t\t\t\t\t\t\t<div class=\"elementor-button-wrapper\">\n\t\t\t\t\t<a class=\"elementor-button elementor-button-link elementor-size-sm\" href=\"https:\/\/www.packqc.com\/et\/contact-us\/\">\n\t\t\t\t\t\t<span class=\"elementor-button-content-wrapper\">\n\t\t\t\t\t\t\t\t\t<span class=\"elementor-button-text\">V\u00f5tke meiega \u00fchendust<\/span>\n\t\t\t\t\t<\/span>\n\t\t\t\t\t<\/a>\n\t\t\t\t<\/div>\n\t\t\t\t\t\t\t\t<\/div>\n\t\t\t\t<\/div>\n\t\t\t\t<\/div>\n\t\t\t\t\t<\/div>\n\t\t\t\t<\/div>\n\t\t\t\t<\/div>","protected":false},"excerpt":{"rendered":"<p>Bloom Strength Testing In the food and pharmaceutical industries, ensuring product consistency, texture, and stability is crucial. One of the key parameters for gelatin-based products, especially gelatin and softgels, is bloom strength. This essential measurement helps manufacturers maintain quality control across production batches. We&#8217;ll explore what bloom strength is, how to perform a bloom test, [&hellip;]<\/p>","protected":false},"author":2,"featured_media":0,"parent":5290,"menu_order":0,"comment_status":"closed","ping_status":"closed","template":"","meta":{"_acf_changed":false,"site-sidebar-layout":"no-sidebar","site-content-layout":"page-builder","ast-site-content-layout":"full-width-container","site-content-style":"default","site-sidebar-style":"default","ast-global-header-display":"","ast-banner-title-visibility":"","ast-main-header-display":"","ast-hfb-above-header-display":"","ast-hfb-below-header-display":"","ast-hfb-mobile-header-display":"","site-post-title":"disabled","ast-breadcrumbs-content":"","ast-featured-img":"disabled","footer-sml-layout":"","theme-transparent-header-meta":"","adv-header-id-meta":"","stick-header-meta":"","header-above-stick-meta":"","header-main-stick-meta":"","header-below-stick-meta":"","astra-migrate-meta-layouts":"set","ast-page-background-enabled":"default","ast-page-background-meta":{"desktop":{"background-color":"var(--ast-global-color-4)","background-image":"","background-repeat":"repeat","background-position":"center center","background-size":"auto","background-attachment":"scroll","background-type":"","background-media":"","overlay-type":"","overlay-color":"","overlay-gradient":""},"tablet":{"background-color":"","background-image":"","background-repeat":"repeat","background-position":"center center","background-size":"auto","background-attachment":"scroll","background-type":"","background-media":"","overlay-type":"","overlay-color":"","overlay-gradient":""},"mobile":{"background-color":"","background-image":"","background-repeat":"repeat","background-position":"center center","background-size":"auto","background-attachment":"scroll","background-type":"","background-media":"","overlay-type":"","overlay-color":"","overlay-gradient":""}},"ast-content-background-meta":{"desktop":{"background-color":"var(--ast-global-color-5)","background-image":"","background-repeat":"repeat","background-position":"center center","background-size":"auto","background-attachment":"scroll","background-type":"","background-media":"","overlay-type":"","overlay-color":"","overlay-gradient":""},"tablet":{"background-color":"var(--ast-global-color-5)","background-image":"","background-repeat":"repeat","background-position":"center center","background-size":"auto","background-attachment":"scroll","background-type":"","background-media":"","overlay-type":"","overlay-color":"","overlay-gradient":""},"mobile":{"background-color":"var(--ast-global-color-5)","background-image":"","background-repeat":"repeat","background-position":"center center","background-size":"auto","background-attachment":"scroll","background-type":"","background-media":"","overlay-type":"","overlay-color":"","overlay-gradient":""}},"footnotes":""},"class_list":["post-5603","page","type-page","status-publish","hentry"],"acf":[],"_links":{"self":[{"href":"https:\/\/www.packqc.com\/et\/wp-json\/wp\/v2\/pages\/5603","targetHints":{"allow":["GET"]}}],"collection":[{"href":"https:\/\/www.packqc.com\/et\/wp-json\/wp\/v2\/pages"}],"about":[{"href":"https:\/\/www.packqc.com\/et\/wp-json\/wp\/v2\/types\/page"}],"author":[{"embeddable":true,"href":"https:\/\/www.packqc.com\/et\/wp-json\/wp\/v2\/users\/2"}],"replies":[{"embeddable":true,"href":"https:\/\/www.packqc.com\/et\/wp-json\/wp\/v2\/comments?post=5603"}],"version-history":[{"count":0,"href":"https:\/\/www.packqc.com\/et\/wp-json\/wp\/v2\/pages\/5603\/revisions"}],"up":[{"embeddable":true,"href":"https:\/\/www.packqc.com\/et\/wp-json\/wp\/v2\/pages\/5290"}],"wp:attachment":[{"href":"https:\/\/www.packqc.com\/et\/wp-json\/wp\/v2\/media?parent=5603"}],"curies":[{"name":"wp","href":"https:\/\/api.w.org\/{rel}","templated":true}]}}