{"id":5201,"date":"2025-03-17T14:23:06","date_gmt":"2025-03-17T06:23:06","guid":{"rendered":"https:\/\/www.packqc.com\/?page_id=5201"},"modified":"2026-02-02T11:08:42","modified_gmt":"2026-02-02T03:08:42","slug":"astm-d6195-adhesive-loop-tack-strength-testing-machine","status":"publish","type":"page","link":"https:\/\/www.packqc.com\/hr\/astm-d6195-adhesive-loop-tack-strength-testing-machine\/","title":{"rendered":"ASTM D6195 Ma\u0161ina za ispitivanje adhezivne \u010dvrsto\u0107e petlje"},"content":{"rendered":"<div data-elementor-type=\"wp-page\" data-elementor-id=\"5201\" class=\"elementor elementor-5201\" data-elementor-post-type=\"page\">\n\t\t\t\t<div class=\"elementor-element elementor-element-f940e3c e-flex e-con-boxed e-con e-parent\" data-id=\"f940e3c\" data-element_type=\"container\">\n\t\t\t\t\t<div class=\"e-con-inner\">\n\t\t\t\t<div class=\"elementor-element elementor-element-002a9df elementor-widget elementor-widget-heading\" data-id=\"002a9df\" data-element_type=\"widget\" data-widget_type=\"heading.default\">\n\t\t\t\t<div class=\"elementor-widget-container\">\n\t\t\t\t\t<h2 class=\"elementor-heading-title elementor-size-default\">ASTM D6195<br><small>Adhesive Loop Tack Strength Testing Machine<\/small><\/h2>\t\t\t\t<\/div>\n\t\t\t\t<\/div>\n\t\t\t\t<div class=\"elementor-element elementor-element-621b930 elementor-widget elementor-widget-text-editor\" data-id=\"621b930\" data-element_type=\"widget\" data-widget_type=\"text-editor.default\">\n\t\t\t\t<div class=\"elementor-widget-container\">\n\t\t\t\t\t\t\t\t\t<p><strong>Testiranje petlje<\/strong>, kako je definirano u <em><span style=\"text-decoration: underline;\"><strong><a href=\"https:\/\/www.packqc.com\/hr\/product-category\/astm-standard\/astm-d6195-03\/\" target=\"_blank\" rel=\"noopener\">ASTM D6195<\/a><\/strong><\/span><\/em>, evaluates the tackiness of pressure-sensitive adhesives by measuring the force required to remove an adhesive loop from a stainless steel substrate.<\/p><p>The test is conducted using either a tensile tester (Test Method A) or a loop tack tester (Test Method B), with controlled contact between the adhesive and substrate. This test is crucial for assessing adhesive performance in quality control and research applications.<\/p><p>Cell Instruments offers high-precision loop tack testers designed for compliance with ASTM D6195, ensuring reliable and repeatable tack measurements for various adhesive materials.<\/p>\t\t\t\t\t\t\t\t<\/div>\n\t\t\t\t<\/div>\n\t\t\t\t\t<\/div>\n\t\t\t\t<\/div>\n\t\t<div class=\"elementor-element elementor-element-ac6303b e-flex e-con-boxed e-con e-parent\" data-id=\"ac6303b\" data-element_type=\"container\">\n\t\t\t\t\t<div class=\"e-con-inner\">\n\t\t\t\t\t<\/div>\n\t\t\t\t<\/div>\n\t\t\t\t<\/div>","protected":false},"excerpt":{"rendered":"<p>ASTM D6195Adhesive Loop Tack Strength Testing Machine Loop tack testing, as defined in ASTM D6195, evaluates the tackiness of pressure-sensitive adhesives by measuring the force required to remove an adhesive loop from a stainless steel substrate. The test is conducted using either a tensile tester (Test Method A) or a loop tack tester (Test Method [&hellip;]<\/p>","protected":false},"author":2,"featured_media":0,"parent":0,"menu_order":0,"comment_status":"closed","ping_status":"closed","template":"","meta":{"_acf_changed":false,"site-sidebar-layout":"no-sidebar","site-content-layout":"page-builder","ast-site-content-layout":"full-width-container","site-content-style":"default","site-sidebar-style":"default","ast-global-header-display":"","ast-banner-title-visibility":"","ast-main-header-display":"","ast-hfb-above-header-display":"","ast-hfb-below-header-display":"","ast-hfb-mobile-header-display":"","site-post-title":"disabled","ast-breadcrumbs-content":"","ast-featured-img":"disabled","footer-sml-layout":"","theme-transparent-header-meta":"","adv-header-id-meta":"","stick-header-meta":"","header-above-stick-meta":"","header-main-stick-meta":"","header-below-stick-meta":"","astra-migrate-meta-layouts":"set","ast-page-background-enabled":"default","ast-page-background-meta":{"desktop":{"background-color":"var(--ast-global-color-4)","background-image":"","background-repeat":"repeat","background-position":"center center","background-size":"auto","background-attachment":"scroll","background-type":"","background-media":"","overlay-type":"","overlay-color":"","overlay-gradient":""},"tablet":{"background-color":"","background-image":"","background-repeat":"repeat","background-position":"center center","background-size":"auto","background-attachment":"scroll","background-type":"","background-media":"","overlay-type":"","overlay-color":"","overlay-gradient":""},"mobile":{"background-color":"","background-image":"","background-repeat":"repeat","background-position":"center center","background-size":"auto","background-attachment":"scroll","background-type":"","background-media":"","overlay-type":"","overlay-color":"","overlay-gradient":""}},"ast-content-background-meta":{"desktop":{"background-color":"var(--ast-global-color-5)","background-image":"","background-repeat":"repeat","background-position":"center center","background-size":"auto","background-attachment":"scroll","background-type":"","background-media":"","overlay-type":"","overlay-color":"","overlay-gradient":""},"tablet":{"background-color":"var(--ast-global-color-5)","background-image":"","background-repeat":"repeat","background-position":"center center","background-size":"auto","background-attachment":"scroll","background-type":"","background-media":"","overlay-type":"","overlay-color":"","overlay-gradient":""},"mobile":{"background-color":"var(--ast-global-color-5)","background-image":"","background-repeat":"repeat","background-position":"center center","background-size":"auto","background-attachment":"scroll","background-type":"","background-media":"","overlay-type":"","overlay-color":"","overlay-gradient":""}},"footnotes":""},"class_list":["post-5201","page","type-page","status-publish","hentry"],"acf":[],"_links":{"self":[{"href":"https:\/\/www.packqc.com\/hr\/wp-json\/wp\/v2\/pages\/5201","targetHints":{"allow":["GET"]}}],"collection":[{"href":"https:\/\/www.packqc.com\/hr\/wp-json\/wp\/v2\/pages"}],"about":[{"href":"https:\/\/www.packqc.com\/hr\/wp-json\/wp\/v2\/types\/page"}],"author":[{"embeddable":true,"href":"https:\/\/www.packqc.com\/hr\/wp-json\/wp\/v2\/users\/2"}],"replies":[{"embeddable":true,"href":"https:\/\/www.packqc.com\/hr\/wp-json\/wp\/v2\/comments?post=5201"}],"version-history":[{"count":0,"href":"https:\/\/www.packqc.com\/hr\/wp-json\/wp\/v2\/pages\/5201\/revisions"}],"wp:attachment":[{"href":"https:\/\/www.packqc.com\/hr\/wp-json\/wp\/v2\/media?parent=5201"}],"curies":[{"name":"wp","href":"https:\/\/api.w.org\/{rel}","templated":true}]}}