{"id":5603,"date":"2025-06-30T15:51:43","date_gmt":"2025-06-30T07:51:43","guid":{"rendered":"https:\/\/www.packqc.com\/?page_id=5603"},"modified":"2026-02-02T11:08:46","modified_gmt":"2026-02-02T03:08:46","slug":"bloom-strength-testing-solution-gelatin","status":"publish","type":"page","link":"https:\/\/www.packqc.com\/hr\/solutions\/bloom-strength-testing-solution-gelatin\/","title":{"rendered":"Bloom rje\u0161enje za testiranje snage"},"content":{"rendered":"<div data-elementor-type=\"wp-page\" data-elementor-id=\"5603\" class=\"elementor elementor-5603\" data-elementor-post-type=\"page\">\n\t\t\t\t<div class=\"elementor-element elementor-element-obvpkm1 e-flex e-con-boxed e-con e-parent\" data-id=\"obvpkm1\" data-element_type=\"container\" data-settings=\"{&quot;background_background&quot;:&quot;classic&quot;}\">\n\t\t\t\t\t<div class=\"e-con-inner\">\n\t\t\t\t<div class=\"elementor-element elementor-element-e3ee3a0 elementor-widget elementor-widget-heading\" data-id=\"e3ee3a0\" data-element_type=\"widget\" data-widget_type=\"heading.default\">\n\t\t\t\t<div class=\"elementor-widget-container\">\n\t\t\t\t\t<h1 class=\"elementor-heading-title elementor-size-default\">Testiranje snage Bloom<\/h1>\t\t\t\t<\/div>\n\t\t\t\t<\/div>\n\t\t\t\t<div class=\"elementor-element elementor-element-ad4c880 elementor-widget__width-initial elementor-widget elementor-widget-text-editor\" data-id=\"ad4c880\" data-element_type=\"widget\" data-widget_type=\"text-editor.default\">\n\t\t\t\t<div class=\"elementor-widget-container\">\n\t\t\t\t\t\t\t\t\t<p data-start=\"375\" data-end=\"906\">U prehrambenoj i farmaceutskoj industriji osiguravanje dosljednosti, teksture i stabilnosti proizvoda klju\u010dno je. Jedan od klju\u010dnih parametara za proizvode na bazi \u017eelatine, osobito \u017eelatine i mekih \u017eelatinskih kapsula, jest <strong data-start=\"592\" data-end=\"610\">snaga cvjetanja<\/strong>. Ovo klju\u010dno mjerenje poma\u017ee proizvo\u0111a\u010dima u odr\u017eavanju kontrole kvalitete kroz proizvodne serije. Istra\u017eit \u0107emo \u0161to je snaga cvjetanja i kako izvesti <strong data-start=\"783\" data-end=\"797\">test cvatnje<\/strong>, i kako a<a href=\"https:\/\/www.packqc.com\/hr\/product\/gst-01-gel-strength-tester\/\"> <strong data-start=\"809\" data-end=\"832\">tester \u010dvrsto\u0107e gela<\/strong><\/a> kao <strong data-start=\"842\" data-end=\"874\">GST-01 iz Cell Instruments<\/strong> mo\u017ee pomo\u0107i u optimizaciji ovog procesa.<\/p>\t\t\t\t\t\t\t\t<\/div>\n\t\t\t\t<\/div>\n\t\t\t\t\t<\/div>\n\t\t\t\t<\/div>\n\t\t<div class=\"elementor-element elementor-element-a41a9ed e-flex e-con-boxed e-con e-parent\" data-id=\"a41a9ed\" data-element_type=\"container\">\n\t\t\t\t\t<div class=\"e-con-inner\">\n\t\t\t\t<div class=\"elementor-element elementor-element-5ebde6b elementor-widget elementor-widget-heading\" data-id=\"5ebde6b\" data-element_type=\"widget\" data-widget_type=\"heading.default\">\n\t\t\t\t<div class=\"elementor-widget-container\">\n\t\t\t\t\t<h2 class=\"elementor-heading-title elementor-size-default\">\u0160to je Bloomova snaga i za\u0161to je va\u017ena?<\/h2>\t\t\t\t<\/div>\n\t\t\t\t<\/div>\n\t\t\t\t<div class=\"elementor-element elementor-element-42f74d3 elementor-widget elementor-widget-text-editor\" data-id=\"42f74d3\" data-element_type=\"widget\" data-widget_type=\"text-editor.default\">\n\t\t\t\t<div class=\"elementor-widget-container\">\n\t\t\t\t\t\t\t\t\t<p data-start=\"967\" data-end=\"1250\"><strong data-start=\"967\" data-end=\"985\">Sila cvjetanja<\/strong> odnosi se na <strong data-start=\"1000\" data-end=\"1039\">mjera \u010dvrsto\u0107e ili ja\u010dine gela<\/strong> od \u017eelatine. Izra\u017eava se u gramima (g) i nazvan je po Oscaru T. Bloomu, koji je razvio metodu. Ova vrijednost ozna\u010dava <strong data-start=\"1163\" data-end=\"1221\">snaga potrebna za pritiskanje povr\u0161ine \u017eelatinskog gela<\/strong> pod odre\u0111enim uvjetima.<\/p><p data-start=\"1252\" data-end=\"1345\">Ja\u010dina cvjetanja izravno utje\u010de na performanse i senzorna svojstva proizvoda, kao \u0161to su:<\/p><ul><li data-start=\"1348\" data-end=\"1378\"><strong data-start=\"1348\" data-end=\"1359\">Tekstura<\/strong> od gumenih bombona<\/li><li data-start=\"1381\" data-end=\"1431\"><strong data-start=\"1381\" data-end=\"1402\">Formiranje kapsule<\/strong> u farmaceutskim mekim gel-kapsulama<\/li><li data-start=\"1434\" data-end=\"1476\"><strong data-start=\"1434\" data-end=\"1447\">Osje\u0107aj u ustima<\/strong> u mlije\u010dnim i slasti\u010darskim proizvodima<\/li><\/ul><p data-start=\"1478\" data-end=\"1682\">Vi\u0161a vrijednost bloom zna\u010di da je \u017eelatinski gel \u010dvr\u0161\u0107i i elasti\u010dniji, dok ni\u017ea vrijednost ukazuje na mek\u0161i gel. Proizvo\u0111a\u010di odabiru \u017eelatinu na temelju snage bloom kako bi zadovoljili zahtjeve svojih proizvoda.<\/p>\t\t\t\t\t\t\t\t<\/div>\n\t\t\t\t<\/div>\n\t\t\t\t\t<\/div>\n\t\t\t\t<\/div>\n\t\t<div class=\"elementor-element elementor-element-vjhz43k e-flex e-con-boxed e-con e-parent\" data-id=\"vjhz43k\" data-element_type=\"container\">\n\t\t\t\t\t<div class=\"e-con-inner\">\n\t\t\t\t<div class=\"elementor-element elementor-element-50d6336 elementor-widget elementor-widget-heading\" data-id=\"50d6336\" data-element_type=\"widget\" data-widget_type=\"heading.default\">\n\t\t\t\t<div class=\"elementor-widget-container\">\n\t\t\t\t\t<h2 class=\"elementor-heading-title elementor-size-default\">Bloomov test: metoda i standardi<\/h2>\t\t\t\t<\/div>\n\t\t\t\t<\/div>\n\t\t<div class=\"elementor-element elementor-element-ae0cc84 e-con-full e-flex e-con e-child\" data-id=\"ae0cc84\" data-element_type=\"container\">\n\t\t\t\t<div class=\"elementor-element elementor-element-9308ff2 elementor-widget__width-initial elementor-widget elementor-widget-text-editor\" data-id=\"9308ff2\" data-element_type=\"widget\" data-widget_type=\"text-editor.default\">\n\t\t\t\t<div class=\"elementor-widget-container\">\n\t\t\t\t\t\t\t\t\t<p data-start=\"1729\" data-end=\"1882\">The <strong data-start=\"1733\" data-end=\"1747\">test cvatnje<\/strong> Provodi se pod kontroliranom temperaturom i vla\u017eno\u0161\u0107u kako bi se osigurali dosljedni rezultati. Evo kratkog pregleda standardnog postupka:<\/p><ul><li data-start=\"1886\" data-end=\"1986\"><strong data-start=\"1886\" data-end=\"1905\">Priprema gela<\/strong>Priprema se 6,671 TP9T gelatinska otopina i ulijeva u standardne Bloomove staklenke.<\/li><li data-start=\"1989\" data-end=\"2062\"><strong data-start=\"1989\" data-end=\"2001\">Geliranje<\/strong>Rje\u0161enju se dopu\u0161ta da se \u017eelira na <strong data-start=\"2037\" data-end=\"2061\">10\u00b0C 16-18 sati<\/strong>.<\/li><li data-start=\"2065\" data-end=\"2227\"><strong data-start=\"2065\" data-end=\"2076\">Testiranje<\/strong>: Standard <strong data-start=\"2089\" data-end=\"2112\">tester \u010dvrsto\u0107e gela<\/strong> s <strong data-start=\"2120\" data-end=\"2145\">5 mm promjer klipa<\/strong> silazi na <strong data-start=\"2158\" data-end=\"2171\">60 mm\/min<\/strong> dok klizma ne prodre 4 mm u povr\u0161inu gela.<\/li><li data-start=\"2230\" data-end=\"2334\"><strong data-start=\"2230\" data-end=\"2240\">Rezultat<\/strong>: Maksimalna sila (u gramima) potrebna za postizanje ove penetracije je <strong data-start=\"2315\" data-end=\"2333\">snaga cvjetanja<\/strong>.<\/li><\/ul><p data-start=\"2336\" data-end=\"2474\">Ova metoda je specificirana u raznim farmakopejskim i industrijskim standardima, uklju\u010duju\u0107i <strong data-start=\"2422\" data-end=\"2429\">USP<\/strong>, <strong data-start=\"2431\" data-end=\"2437\">EP<\/strong>, i <strong data-start=\"2443\" data-end=\"2453\">GB6783<\/strong> za ispitivanje \u017eelatine.<\/p>\t\t\t\t\t\t\t\t<\/div>\n\t\t\t\t<\/div>\n\t\t\t\t<div class=\"elementor-element elementor-element-25f05fb elementor-widget__width-initial elementor-widget elementor-widget-video\" data-id=\"25f05fb\" data-element_type=\"widget\" data-settings=\"{&quot;youtube_url&quot;:&quot;https:\\\/\\\/youtu.be\\\/rrzQxj3794s?si=ERhkmO3Yz1kkFEFV&quot;,&quot;mute&quot;:&quot;yes&quot;,&quot;loop&quot;:&quot;yes&quot;,&quot;video_type&quot;:&quot;youtube&quot;,&quot;controls&quot;:&quot;yes&quot;}\" data-widget_type=\"video.default\">\n\t\t\t\t<div class=\"elementor-widget-container\">\n\t\t\t\t\t\t\t<div class=\"elementor-wrapper elementor-open-inline\">\n\t\t\t<div class=\"elementor-video\"><\/div>\t\t<\/div>\n\t\t\t\t\t\t<\/div>\n\t\t\t\t<\/div>\n\t\t\t\t<\/div>\n\t\t\t\t\t<\/div>\n\t\t\t\t<\/div>\n\t\t<div class=\"elementor-element elementor-element-9ebec98 e-flex e-con-boxed e-con e-parent\" data-id=\"9ebec98\" data-element_type=\"container\">\n\t\t\t\t\t<div class=\"e-con-inner\">\n\t\t\t\t<div class=\"elementor-element elementor-element-d622d16 elementor-widget elementor-widget-heading\" data-id=\"d622d16\" data-element_type=\"widget\" data-widget_type=\"heading.default\">\n\t\t\t\t<div class=\"elementor-widget-container\">\n\t\t\t\t\t<h2 class=\"elementor-heading-title elementor-size-default\">Primjene u kontroli kvalitete \u017eelatine i mekih \u017eelatinoznih kapsula<\/h2>\t\t\t\t<\/div>\n\t\t\t\t<\/div>\n\t\t<div class=\"elementor-element elementor-element-aeb42bd e-con-full e-flex e-con e-child\" data-id=\"aeb42bd\" data-element_type=\"container\">\n\t\t\t\t<div class=\"elementor-element elementor-element-dc258dd elementor-widget__width-inherit elementor-widget elementor-widget-text-editor\" data-id=\"dc258dd\" data-element_type=\"widget\" data-widget_type=\"text-editor.default\">\n\t\t\t\t<div class=\"elementor-widget-container\">\n\t\t\t\t\t\t\t\t\t<p data-start=\"2540\" data-end=\"2668\">Za <strong data-start=\"2544\" data-end=\"2569\">proizvo\u0111a\u010di \u017eelatine<\/strong>, Kontrola ja\u010dine cvjetanja osigurava dosljednost serije i uskla\u0111enost s specifikacijama klijenta.<\/p><p data-start=\"2670\" data-end=\"2737\">U <strong data-start=\"2677\" data-end=\"2688\">meka kapsula<\/strong> u industriji, ispravna snaga cvjetanja odre\u0111uje:<\/p><ul><li data-start=\"2740\" data-end=\"2768\"><strong data-start=\"2740\" data-end=\"2766\">Cjelovitost stijenke kapsule<\/strong><\/li><li data-start=\"2771\" data-end=\"2800\"><strong data-start=\"2771\" data-end=\"2798\">Stabilnost enkapsulacije<\/strong><\/li><li data-start=\"2803\" data-end=\"2866\"><strong data-start=\"2803\" data-end=\"2838\">Rastvorljivost i bioraspolo\u017eivost<\/strong> aktivnih sastojaka<\/li><\/ul><p data-start=\"2868\" data-end=\"3072\">Odr\u017eavanje optimalnih vrijednosti cvjetanja je klju\u010dno u <strong data-start=\"2917\" data-end=\"2954\">farmaceutski istra\u017eiva\u010dki i razvojni rad i proizvodnja<\/strong>. Isto vrijedi i za <strong data-start=\"2976\" data-end=\"2998\">proizvo\u0111a\u010di hrane<\/strong>, gdje snaga cvjetanja definira \u017evaka\u010dnost i \u010dvrsto\u0107u kona\u010dnog proizvoda.<\/p>\t\t\t\t\t\t\t\t<\/div>\n\t\t\t\t<\/div>\n\t\t\t\t<div class=\"elementor-element elementor-element-65475b3 elementor-widget__width-initial elementor-widget elementor-widget-image\" data-id=\"65475b3\" data-element_type=\"widget\" data-widget_type=\"image.default\">\n\t\t\t\t<div class=\"elementor-widget-container\">\n\t\t\t\t\t\t\t\t\t\t\t\t\t\t\t\t<a href=\"https:\/\/www.packqc.com\/hr\/product\/gst-01-gel-strength-tester\/\">\n\t\t\t\t\t\t\t<img fetchpriority=\"high\" decoding=\"async\" width=\"600\" height=\"600\" src=\"https:\/\/www.packqc.com\/wp-content\/uploads\/2025\/06\/Bloom-Strength-Testing.webp\" class=\"attachment-large size-large wp-image-5605\" alt=\"Testiranje snage Bloom\" srcset=\"https:\/\/www.packqc.com\/wp-content\/uploads\/2025\/06\/Bloom-Strength-Testing.webp 600w, https:\/\/www.packqc.com\/wp-content\/uploads\/2025\/06\/Bloom-Strength-Testing-300x300.webp 300w, https:\/\/www.packqc.com\/wp-content\/uploads\/2025\/06\/Bloom-Strength-Testing-100x100.webp 100w, https:\/\/www.packqc.com\/wp-content\/uploads\/2025\/06\/Bloom-Strength-Testing-150x150.webp 150w, https:\/\/www.packqc.com\/wp-content\/uploads\/2025\/06\/Bloom-Strength-Testing-12x12.webp 12w\" sizes=\"(max-width: 600px) 100vw, 600px\" \/>\t\t\t\t\t\t\t\t<\/a>\n\t\t\t\t\t\t\t\t\t\t\t\t\t\t\t<\/div>\n\t\t\t\t<\/div>\n\t\t\t\t<\/div>\n\t\t\t\t<div class=\"elementor-element elementor-element-f7c44f8 elementor-widget elementor-widget-heading\" data-id=\"f7c44f8\" data-element_type=\"widget\" data-widget_type=\"heading.default\">\n\t\t\t\t<div class=\"elementor-widget-container\">\n\t\t\t\t\t<h2 class=\"elementor-heading-title elementor-size-default\">Upotreba ure\u0111aja za testiranje snage gela GST-01 tvrtke Cell Instruments<\/h2>\t\t\t\t<\/div>\n\t\t\t\t<\/div>\n\t\t<div class=\"elementor-element elementor-element-eac2bf8 e-con-full e-flex e-con e-child\" data-id=\"eac2bf8\" data-element_type=\"container\">\n\t\t\t\t<div class=\"elementor-element elementor-element-65f9b33 elementor-widget__width-inherit elementor-widget elementor-widget-text-editor\" data-id=\"65f9b33\" data-element_type=\"widget\" data-widget_type=\"text-editor.default\">\n\t\t\t\t<div class=\"elementor-widget-container\">\n\t\t\t\t\t\t\t\t\t<p data-start=\"3142\" data-end=\"3353\">Precizno mjerenje ja\u010dine cvjetanja uvelike ovisi o pouzdanoj opremi. <strong data-start=\"3221\" data-end=\"3251\">GST-01 Tester \u010dvrsto\u0107e gela<\/strong> od <strong data-start=\"3255\" data-end=\"3275\">Stani\u010dni instrumenti<\/strong> Nudi preciznost i dosljednost u \u0161irokom rasponu uvjeta testiranja.<\/p><p data-start=\"3355\" data-end=\"3382\"><strong data-start=\"3355\" data-end=\"3379\">Klju\u010dne prednosti uklju\u010duju<\/strong>:<\/p><ul><li data-start=\"3385\" data-end=\"3449\"><strong data-start=\"3385\" data-end=\"3422\">Korisni\u010dki prilago\u0111en 7-in\u010dni zaslon osjetljiv na dodir<\/strong> s intuitivnim su\u010deljem<\/li><li data-start=\"3452\" data-end=\"3521\"><strong data-start=\"3452\" data-end=\"3482\">Visoka to\u010dnost (\u00b10,51 TP9T F.S.)<\/strong> i preciznost pomaka (0,01 mm)<\/li><li data-start=\"3524\" data-end=\"3595\"><strong data-start=\"3524\" data-end=\"3547\">Vi\u0161e na\u010dina testiranja<\/strong>, uklju\u010duju\u0107i vr\u0161nu silu i udaljenost pod optere\u0107enjem<\/li><li data-start=\"3598\" data-end=\"3685\"><strong data-start=\"3598\" data-end=\"3623\">Ugra\u0111eni mikroprint<\/strong> i opcionalna softverska integracija RS232 za upravljanje podacima<\/li><li data-start=\"3688\" data-end=\"3757\"><strong data-start=\"3688\" data-end=\"3713\">Prilagodljiva rasvjetna tijela<\/strong> za razli\u010dite zahtjeve analize teksture<\/li><\/ul><p data-start=\"3759\" data-end=\"3952\">S programabilnom brzinom (1\u2013100 mm\/min) i naprednim sigurnosnim zna\u010dajkama, GST-01 je idealan za <strong data-start=\"3852\" data-end=\"3898\">Laboratoriji za istra\u017eivanje i razvoj i proizvodni pogoni<\/strong> Tra\u017ee pobolj\u0161ati svoje procese osiguranja kvalitete.<\/p>\t\t\t\t\t\t\t\t<\/div>\n\t\t\t\t<\/div>\n\t\t\t\t<div class=\"elementor-element elementor-element-5a1af86 elementor-widget elementor-widget-text-editor\" data-id=\"5a1af86\" data-element_type=\"widget\" data-widget_type=\"text-editor.default\">\n\t\t\t\t<div class=\"elementor-widget-container\">\n\t\t\t\t\t\t\t\t\t<p data-start=\"3959\" data-end=\"4015\"><strong data-start=\"3959\" data-end=\"4013\">Najbolje prakse za provo\u0111enje testa Bloomove \u010dvrsto\u0107e<\/strong><\/p><p data-start=\"4017\" data-end=\"4114\">Kako biste osigurali reproducibilnost i uskla\u0111enost s propisima u testovima cvjetanja, slijedite ove preporuke:<\/p><ul><li data-start=\"4118\" data-end=\"4213\">Koristite standardiziranu koncentraciju \u017eelatine i uvjete ispitivanja (vrijeme, temperatura i vlaga).<\/li><li data-start=\"4216\" data-end=\"4262\">Redovito kalibrirajte tester \u010dvrsto\u0107e gela.<\/li><li data-start=\"4265\" data-end=\"4333\">Provjerite da je sonda \u010dista i bez ostataka prije svakog testa.<\/li><li data-start=\"4336\" data-end=\"4396\">Pokrenite vi\u0161e uzoraka i izra\u010dunajte prosjek rezultata za to\u010dnost.<\/li><li data-start=\"4399\" data-end=\"4459\">Dokumentirajte uvjete okoli\u0161a kako biste pratili dosljednost testiranja.<\/li><\/ul>\t\t\t\t\t\t\t\t<\/div>\n\t\t\t\t<\/div>\n\t\t\t\t<\/div>\n\t\t\t\t\t<\/div>\n\t\t\t\t<\/div>\n\t\t<div class=\"elementor-element elementor-element-hlnqc4n e-flex e-con-boxed e-con e-parent\" data-id=\"hlnqc4n\" data-element_type=\"container\" data-settings=\"{&quot;background_background&quot;:&quot;classic&quot;}\">\n\t\t\t\t\t<div class=\"e-con-inner\">\n\t\t<div class=\"elementor-element elementor-element-db992c8 e-con-full e-flex e-con e-child\" data-id=\"db992c8\" data-element_type=\"container\">\n\t\t\t\t<div class=\"elementor-element elementor-element-08e276e elementor-widget elementor-widget-heading\" data-id=\"08e276e\" data-element_type=\"widget\" data-widget_type=\"heading.default\">\n\t\t\t\t<div class=\"elementor-widget-container\">\n\t\t\t\t\t<h2 class=\"elementor-heading-title elementor-size-default\">Razgovarajte s nama<\/h2>\t\t\t\t<\/div>\n\t\t\t\t<\/div>\n\t\t\t\t<div class=\"elementor-element elementor-element-291d47f elementor-widget elementor-widget-text-editor\" data-id=\"291d47f\" data-element_type=\"widget\" data-widget_type=\"text-editor.default\">\n\t\t\t\t<div class=\"elementor-widget-container\">\n\t\t\t\t\t\t\t\t\t<p data-start=\"5158\" data-end=\"5630\">Razumijevanje i precizno mjerenje <strong data-start=\"5197\" data-end=\"5215\">snaga cvjetanja<\/strong> je klju\u010dno za osiguranje kvalitete \u017eelatina i mekih \u017eelatinskih kapsula. Uz odgovaraju\u0107u opremu za ispitivanje, kao \u0161to je <strong data-start=\"5330\" data-end=\"5360\">GST-01 Tester \u010dvrsto\u0107e gela<\/strong> Uz Cell Instruments proizvo\u0111a\u010di mogu odr\u017eavati visoke standarde, smanjiti varijabilnost i udovoljiti zahtjevima industrije. Bilo da proizvodite meke \u017eelatinske kapsule ili prehrambene proizvode na bazi \u017eelatine, ispitivanje otpornosti na nabiranje klju\u010dni je dio va\u0161e strategije kontrole kvalitete.<\/p>\t\t\t\t\t\t\t\t<\/div>\n\t\t\t\t<\/div>\n\t\t\t\t<div class=\"elementor-element elementor-element-e8cd3e1 elementor-align-center elementor-widget elementor-widget-button\" data-id=\"e8cd3e1\" data-element_type=\"widget\" data-widget_type=\"button.default\">\n\t\t\t\t<div class=\"elementor-widget-container\">\n\t\t\t\t\t\t\t\t\t<div class=\"elementor-button-wrapper\">\n\t\t\t\t\t<a class=\"elementor-button elementor-button-link elementor-size-sm\" href=\"https:\/\/www.packqc.com\/hr\/contact-us\/\">\n\t\t\t\t\t\t<span class=\"elementor-button-content-wrapper\">\n\t\t\t\t\t\t\t\t\t<span class=\"elementor-button-text\">Kontaktirajte nas<\/span>\n\t\t\t\t\t<\/span>\n\t\t\t\t\t<\/a>\n\t\t\t\t<\/div>\n\t\t\t\t\t\t\t\t<\/div>\n\t\t\t\t<\/div>\n\t\t\t\t<\/div>\n\t\t\t\t\t<\/div>\n\t\t\t\t<\/div>\n\t\t\t\t<\/div>","protected":false},"excerpt":{"rendered":"<p>Testiranje snage bloom   U prehrambenoj i farmaceutskoj industriji klju\u010dno je osigurati dosljednost, teksturu i stabilnost proizvoda. Jedan od klju\u010dnih parametara za proizvode na bazi \u017eelatine, osobito za \u017eelatinu i meke \u017eelatinozne kapsule, jest snaga bloom. Ovo bitno mjerenje poma\u017ee proizvo\u0111a\u010dima u odr\u017eavanju kontrole kvalitete kroz proizvodne serije. Istra\u017eit \u0107emo \u0161to je snaga bloom, kako provesti test bloom, [\u2026]<\/p>","protected":false},"author":2,"featured_media":0,"parent":5290,"menu_order":0,"comment_status":"closed","ping_status":"closed","template":"","meta":{"_acf_changed":false,"site-sidebar-layout":"no-sidebar","site-content-layout":"page-builder","ast-site-content-layout":"full-width-container","site-content-style":"default","site-sidebar-style":"default","ast-global-header-display":"","ast-banner-title-visibility":"","ast-main-header-display":"","ast-hfb-above-header-display":"","ast-hfb-below-header-display":"","ast-hfb-mobile-header-display":"","site-post-title":"disabled","ast-breadcrumbs-content":"","ast-featured-img":"disabled","footer-sml-layout":"","theme-transparent-header-meta":"","adv-header-id-meta":"","stick-header-meta":"","header-above-stick-meta":"","header-main-stick-meta":"","header-below-stick-meta":"","astra-migrate-meta-layouts":"set","ast-page-background-enabled":"default","ast-page-background-meta":{"desktop":{"background-color":"var(--ast-global-color-4)","background-image":"","background-repeat":"repeat","background-position":"center center","background-size":"auto","background-attachment":"scroll","background-type":"","background-media":"","overlay-type":"","overlay-color":"","overlay-gradient":""},"tablet":{"background-color":"","background-image":"","background-repeat":"repeat","background-position":"center center","background-size":"auto","background-attachment":"scroll","background-type":"","background-media":"","overlay-type":"","overlay-color":"","overlay-gradient":""},"mobile":{"background-color":"","background-image":"","background-repeat":"repeat","background-position":"center center","background-size":"auto","background-attachment":"scroll","background-type":"","background-media":"","overlay-type":"","overlay-color":"","overlay-gradient":""}},"ast-content-background-meta":{"desktop":{"background-color":"var(--ast-global-color-5)","background-image":"","background-repeat":"repeat","background-position":"center center","background-size":"auto","background-attachment":"scroll","background-type":"","background-media":"","overlay-type":"","overlay-color":"","overlay-gradient":""},"tablet":{"background-color":"var(--ast-global-color-5)","background-image":"","background-repeat":"repeat","background-position":"center center","background-size":"auto","background-attachment":"scroll","background-type":"","background-media":"","overlay-type":"","overlay-color":"","overlay-gradient":""},"mobile":{"background-color":"var(--ast-global-color-5)","background-image":"","background-repeat":"repeat","background-position":"center center","background-size":"auto","background-attachment":"scroll","background-type":"","background-media":"","overlay-type":"","overlay-color":"","overlay-gradient":""}},"footnotes":""},"class_list":["post-5603","page","type-page","status-publish","hentry"],"acf":[],"_links":{"self":[{"href":"https:\/\/www.packqc.com\/hr\/wp-json\/wp\/v2\/pages\/5603","targetHints":{"allow":["GET"]}}],"collection":[{"href":"https:\/\/www.packqc.com\/hr\/wp-json\/wp\/v2\/pages"}],"about":[{"href":"https:\/\/www.packqc.com\/hr\/wp-json\/wp\/v2\/types\/page"}],"author":[{"embeddable":true,"href":"https:\/\/www.packqc.com\/hr\/wp-json\/wp\/v2\/users\/2"}],"replies":[{"embeddable":true,"href":"https:\/\/www.packqc.com\/hr\/wp-json\/wp\/v2\/comments?post=5603"}],"version-history":[{"count":0,"href":"https:\/\/www.packqc.com\/hr\/wp-json\/wp\/v2\/pages\/5603\/revisions"}],"up":[{"embeddable":true,"href":"https:\/\/www.packqc.com\/hr\/wp-json\/wp\/v2\/pages\/5290"}],"wp:attachment":[{"href":"https:\/\/www.packqc.com\/hr\/wp-json\/wp\/v2\/media?parent=5603"}],"curies":[{"name":"wp","href":"https:\/\/api.w.org\/{rel}","templated":true}]}}