{"id":5113,"date":"2025-02-24T15:07:43","date_gmt":"2025-02-24T07:07:43","guid":{"rendered":"https:\/\/www.packqc.com\/?page_id=5113"},"modified":"2026-02-02T11:08:48","modified_gmt":"2026-02-02T03:08:48","slug":"usp-1207-leak-test-apparatus-for-food-package","status":"publish","type":"page","link":"https:\/\/www.packqc.com\/hu\/usp-1207-leak-test-apparatus-for-food-package\/","title":{"rendered":"USP 1207 sziv\u00e1rg\u00e1svizsg\u00e1l\u00f3 k\u00e9sz\u00fcl\u00e9k \u00e9lelmiszercsomagokhoz"},"content":{"rendered":"<div data-elementor-type=\"wp-page\" data-elementor-id=\"5113\" class=\"elementor elementor-5113\" data-elementor-post-type=\"page\">\n\t\t\t\t<div class=\"elementor-element elementor-element-f940e3c e-flex e-con-boxed e-con e-parent\" data-id=\"f940e3c\" data-element_type=\"container\">\n\t\t\t\t\t<div class=\"e-con-inner\">\n\t\t\t\t<div class=\"elementor-element elementor-element-002a9df elementor-widget elementor-widget-heading\" data-id=\"002a9df\" data-element_type=\"widget\" data-widget_type=\"heading.default\">\n\t\t\t\t<div class=\"elementor-widget-container\">\n\t\t\t\t\t<h2 class=\"elementor-heading-title elementor-size-default\">USP 1207 sziv\u00e1rg\u00e1svizsg\u00e1l\u00f3 k\u00e9sz\u00fcl\u00e9k \u00e9lelmiszercsomagokhoz<\/h2>\t\t\t\t<\/div>\n\t\t\t\t<\/div>\n\t\t\t\t<div class=\"elementor-element elementor-element-058bcf9 elementor-widget elementor-widget-text-editor\" data-id=\"058bcf9\" data-element_type=\"widget\" data-widget_type=\"text-editor.default\">\n\t\t\t\t<div class=\"elementor-widget-container\">\n\t\t\t\t\t\t\t\t\t<p><a style=\"text-align: var(--text-align); font-size: 1rem;\" href=\"https:\/\/www.packqc.com\/hu\/leak-test-apparatus-usp-1207\/\" target=\"_blank\" rel=\"noopener\"><b>Sziv\u00e1rg\u00e1svizsg\u00e1l\u00f3 k\u00e9sz\u00fcl\u00e9k<\/b><\/a>&nbsp;n\u00e9lk\u00fcl\u00f6zhetetlen eszk\u00f6zei <b>az \u00e9lelmiszer-csomagol\u00e1s s\u00e9rtetlens\u00e9g\u00e9nek \u00e9rt\u00e9kel\u00e9se<\/b>. Ezeket a k\u00e9sz\u00fcl\u00e9keket a mikrosziv\u00e1rg\u00e1sok \u00e9szlel\u00e9s\u00e9re \u00e9s a steril \u00e9s \u00e9rz\u00e9keny term\u00e9kek v\u00e9delm\u00e9re tervezt\u00e9k. Betart\u00e1sa <b>USP 1207<\/b> elengedhetetlen a term\u00e9kbiztons\u00e1g, integrit\u00e1s \u00e9s min\u0151s\u00e9g meg\u0151rz\u00e9s\u00e9hez a teljes ell\u00e1t\u00e1si l\u00e1ncban. Ez a szabv\u00e1ny meghat\u00e1rozza az alapvet\u0151 vizsg\u00e1lati krit\u00e9riumokat <b>tart\u00e1ly z\u00e1r\u00e1s\u00e1nak integrit\u00e1sa<\/b> (CCI), biztos\u00edtva, hogy a csomagol\u00e1s megb\u00edzhat\u00f3an v\u00e9dje a term\u00e9keket a szennyez\u0151d\u00e9st\u0151l, a leveg\u0151t\u0151l, a nedvess\u00e9gt\u0151l \u00e9s a mikrobi\u00e1lis expoz\u00edci\u00f3t\u00f3l.<\/p>\n<p>A sziv\u00e1rg\u00e1svizsg\u00e1lat elengedhetetlen folyamat annak biztos\u00edt\u00e1s\u00e1ra, hogy az \u00e9lelmiszercsomag meg\u0151rizze s\u00e9rtetlens\u00e9g\u00e9t \u00e9s megakad\u00e1lyozza a szennyez\u0151d\u00e9st. Az \u00e9lelmiszerekhez, gy\u00f3gyszer\u00e9szeti term\u00e9kekhez, orvosi eszk\u00f6z\u00f6kh\u00f6z \u00e9s egy\u00e9b \u00e9rz\u00e9keny \u00e1rukhoz olyan lez\u00e1rt csomagol\u00e1sra van sz\u00fcks\u00e9g, amely hat\u00e9konyan v\u00e9di a term\u00e9ket olyan k\u00fcls\u0151 t\u00e9nyez\u0151k ellen, amelyek ronthatj\u00e1k vagy vesz\u00e9lyeztethetik a term\u00e9ket.<\/p>\n<p>A Cell Instrumentsn\u00e9l a term\u00e9kek \u00e1tfog\u00f3 v\u00e1laszt\u00e9k\u00e1t k\u00edn\u00e1ljuk <b>Sziv\u00e1rg\u00e1svizsg\u00e1l\u00f3 k\u00e9sz\u00fcl\u00e9k<\/b> amelyeket arra terveztek, hogy megfeleljenek <b>USP 1207<\/b> k\u00f6vetelm\u00e9nyeknek. Sziv\u00e1rg\u00e1svizsg\u00e1l\u00f3inkat sz\u00e1mos alkalmaz\u00e1shoz haszn\u00e1lj\u00e1k, bele\u00e9rtve a gy\u00f3gyszercsomagol\u00e1st, az orvosi eszk\u00f6z\u00f6k lez\u00e1r\u00e1s\u00e1t \u00e9s m\u00e9g sok m\u00e1st. Az al\u00e1bbiakban bemutatjuk kiemelt sziv\u00e1rg\u00e1svizsg\u00e1lati megold\u00e1sainkat:<\/p>\t\t\t\t\t\t\t\t<\/div>\n\t\t\t\t<\/div>\n\t\t\t\t\t<\/div>\n\t\t\t\t<\/div>\n\t\t<div class=\"elementor-element elementor-element-367b035 e-flex e-con-boxed e-con e-parent\" data-id=\"367b035\" data-element_type=\"container\">\n\t\t\t\t\t<div class=\"e-con-inner\">\n\t\t<div class=\"elementor-element elementor-element-22c653f e-grid e-con-full e-con e-child\" data-id=\"22c653f\" data-element_type=\"container\">\n\t\t\t\t<div class=\"elementor-element elementor-element-c6e3239 elementor-position-top elementor-widget elementor-widget-image-box\" data-id=\"c6e3239\" data-element_type=\"widget\" data-widget_type=\"image-box.default\">\n\t\t\t\t<div class=\"elementor-widget-container\">\n\t\t\t\t\t<div class=\"elementor-image-box-wrapper\"><figure class=\"elementor-image-box-img\"><a href=\"https:\/\/www.packqc.com\/hu\/product\/sale-astm-d3078-pouch-leak-tester-astm-d4991\/\" tabindex=\"-1\"><img fetchpriority=\"high\" decoding=\"async\" width=\"600\" height=\"600\" src=\"https:\/\/www.packqc.com\/wp-content\/uploads\/2025\/02\/LT-01-USP-1207-Leak-Test-Apparatus-for-Food-Package.webp\" class=\"attachment-full size-full wp-image-5117\" alt=\"LT-01 USP 1207 sziv\u00e1rg\u00e1svizsg\u00e1l\u00f3 k\u00e9sz\u00fcl\u00e9k \u00e9lelmiszercsomagokhoz\" srcset=\"https:\/\/www.packqc.com\/wp-content\/uploads\/2025\/02\/LT-01-USP-1207-Leak-Test-Apparatus-for-Food-Package.webp 600w, https:\/\/www.packqc.com\/wp-content\/uploads\/2025\/02\/LT-01-USP-1207-Leak-Test-Apparatus-for-Food-Package-300x300.webp 300w, https:\/\/www.packqc.com\/wp-content\/uploads\/2025\/02\/LT-01-USP-1207-Leak-Test-Apparatus-for-Food-Package-100x100.webp 100w, https:\/\/www.packqc.com\/wp-content\/uploads\/2025\/02\/LT-01-USP-1207-Leak-Test-Apparatus-for-Food-Package-150x150.webp 150w, https:\/\/www.packqc.com\/wp-content\/uploads\/2025\/02\/LT-01-USP-1207-Leak-Test-Apparatus-for-Food-Package-12x12.webp 12w\" sizes=\"(max-width: 600px) 100vw, 600px\" \/><\/a><\/figure><div class=\"elementor-image-box-content\"><h3 class=\"elementor-image-box-title\"><a href=\"https:\/\/www.packqc.com\/hu\/product\/sale-astm-d3078-pouch-leak-tester-astm-d4991\/\">LT-01 sziv\u00e1rg\u00e1svizsg\u00e1l\u00f3 k\u00e9sz\u00fcl\u00e9k<\/a><\/h3><\/div><\/div>\t\t\t\t<\/div>\n\t\t\t\t<\/div>\n\t\t\t\t<div class=\"elementor-element elementor-element-bba5d12 elementor-position-top elementor-widget elementor-widget-image-box\" data-id=\"bba5d12\" data-element_type=\"widget\" data-widget_type=\"image-box.default\">\n\t\t\t\t<div class=\"elementor-widget-container\">\n\t\t\t\t\t<div class=\"elementor-image-box-wrapper\"><figure class=\"elementor-image-box-img\"><a href=\"https:\/\/www.packqc.com\/hu\/product\/sale-astm-d4991-package-leak-tester-astm-d3078\/\" tabindex=\"-1\"><img decoding=\"async\" width=\"600\" height=\"600\" src=\"https:\/\/www.packqc.com\/wp-content\/uploads\/2025\/02\/LT-02-USP-1207-Leak-Test-Apparatus-for-Food-Package.webp\" class=\"attachment-full size-full wp-image-5118\" alt=\"LT-02 USP 1207 sziv\u00e1rg\u00e1svizsg\u00e1l\u00f3 k\u00e9sz\u00fcl\u00e9k \u00e9lelmiszer-csomagokhoz\" srcset=\"https:\/\/www.packqc.com\/wp-content\/uploads\/2025\/02\/LT-02-USP-1207-Leak-Test-Apparatus-for-Food-Package.webp 600w, https:\/\/www.packqc.com\/wp-content\/uploads\/2025\/02\/LT-02-USP-1207-Leak-Test-Apparatus-for-Food-Package-300x300.webp 300w, https:\/\/www.packqc.com\/wp-content\/uploads\/2025\/02\/LT-02-USP-1207-Leak-Test-Apparatus-for-Food-Package-100x100.webp 100w, https:\/\/www.packqc.com\/wp-content\/uploads\/2025\/02\/LT-02-USP-1207-Leak-Test-Apparatus-for-Food-Package-150x150.webp 150w, https:\/\/www.packqc.com\/wp-content\/uploads\/2025\/02\/LT-02-USP-1207-Leak-Test-Apparatus-for-Food-Package-12x12.webp 12w\" sizes=\"(max-width: 600px) 100vw, 600px\" \/><\/a><\/figure><div class=\"elementor-image-box-content\"><h3 class=\"elementor-image-box-title\"><a href=\"https:\/\/www.packqc.com\/hu\/product\/sale-astm-d4991-package-leak-tester-astm-d3078\/\">LT-02 sziv\u00e1rg\u00e1svizsg\u00e1l\u00f3 k\u00e9sz\u00fcl\u00e9k<\/a><\/h3><\/div><\/div>\t\t\t\t<\/div>\n\t\t\t\t<\/div>\n\t\t\t\t<div class=\"elementor-element elementor-element-36f76d6 elementor-position-top elementor-widget elementor-widget-image-box\" data-id=\"36f76d6\" data-element_type=\"widget\" data-widget_type=\"image-box.default\">\n\t\t\t\t<div class=\"elementor-widget-container\">\n\t\t\t\t\t<div class=\"elementor-image-box-wrapper\"><figure class=\"elementor-image-box-img\"><a href=\"https:\/\/www.packqc.com\/hu\/product\/lt-03-bubble-leak-test-equipment\/\" tabindex=\"-1\"><img decoding=\"async\" width=\"600\" height=\"600\" src=\"https:\/\/www.packqc.com\/wp-content\/uploads\/2025\/02\/LT-03-USP-1207-Leak-Test-Apparatus-for-Food-Package.webp\" class=\"attachment-full size-full wp-image-5115\" alt=\"LT-03 USP 1207 sziv\u00e1rg\u00e1svizsg\u00e1l\u00f3 k\u00e9sz\u00fcl\u00e9k \u00e9lelmiszercsomagokhoz\" srcset=\"https:\/\/www.packqc.com\/wp-content\/uploads\/2025\/02\/LT-03-USP-1207-Leak-Test-Apparatus-for-Food-Package.webp 600w, https:\/\/www.packqc.com\/wp-content\/uploads\/2025\/02\/LT-03-USP-1207-Leak-Test-Apparatus-for-Food-Package-300x300.webp 300w, https:\/\/www.packqc.com\/wp-content\/uploads\/2025\/02\/LT-03-USP-1207-Leak-Test-Apparatus-for-Food-Package-100x100.webp 100w, https:\/\/www.packqc.com\/wp-content\/uploads\/2025\/02\/LT-03-USP-1207-Leak-Test-Apparatus-for-Food-Package-150x150.webp 150w, https:\/\/www.packqc.com\/wp-content\/uploads\/2025\/02\/LT-03-USP-1207-Leak-Test-Apparatus-for-Food-Package-12x12.webp 12w\" sizes=\"(max-width: 600px) 100vw, 600px\" \/><\/a><\/figure><div class=\"elementor-image-box-content\"><h3 class=\"elementor-image-box-title\"><a href=\"https:\/\/www.packqc.com\/hu\/product\/lt-03-bubble-leak-test-equipment\/\">LT-03 sziv\u00e1rg\u00e1svizsg\u00e1l\u00f3 k\u00e9sz\u00fcl\u00e9k<\/a><\/h3><\/div><\/div>\t\t\t\t<\/div>\n\t\t\t\t<\/div>\n\t\t\t\t<div class=\"elementor-element elementor-element-f26dc7a elementor-position-top elementor-widget elementor-widget-image-box\" data-id=\"f26dc7a\" data-element_type=\"widget\" data-widget_type=\"image-box.default\">\n\t\t\t\t<div class=\"elementor-widget-container\">\n\t\t\t\t\t<div class=\"elementor-image-box-wrapper\"><figure class=\"elementor-image-box-img\"><a href=\"https:\/\/www.packqc.com\/hu\/product\/mlt-01-vacuum-decay-leak-test-equipment\/\" tabindex=\"-1\"><img loading=\"lazy\" decoding=\"async\" width=\"600\" height=\"600\" src=\"https:\/\/www.packqc.com\/wp-content\/uploads\/2025\/02\/GLT-01-USP-1207-Leak-Test-Apparatus-for-Food-Package.webp\" class=\"attachment-full size-full wp-image-5116\" alt=\"GLT-01 USP 1207 sziv\u00e1rg\u00e1svizsg\u00e1l\u00f3 k\u00e9sz\u00fcl\u00e9k \u00e9lelmiszercsomagokhoz\" srcset=\"https:\/\/www.packqc.com\/wp-content\/uploads\/2025\/02\/GLT-01-USP-1207-Leak-Test-Apparatus-for-Food-Package.webp 600w, https:\/\/www.packqc.com\/wp-content\/uploads\/2025\/02\/GLT-01-USP-1207-Leak-Test-Apparatus-for-Food-Package-300x300.webp 300w, https:\/\/www.packqc.com\/wp-content\/uploads\/2025\/02\/GLT-01-USP-1207-Leak-Test-Apparatus-for-Food-Package-100x100.webp 100w, https:\/\/www.packqc.com\/wp-content\/uploads\/2025\/02\/GLT-01-USP-1207-Leak-Test-Apparatus-for-Food-Package-150x150.webp 150w, https:\/\/www.packqc.com\/wp-content\/uploads\/2025\/02\/GLT-01-USP-1207-Leak-Test-Apparatus-for-Food-Package-12x12.webp 12w\" sizes=\"(max-width: 600px) 100vw, 600px\" \/><\/a><\/figure><div class=\"elementor-image-box-content\"><h3 class=\"elementor-image-box-title\"><a href=\"https:\/\/www.packqc.com\/hu\/product\/mlt-01-vacuum-decay-leak-test-equipment\/\">MLT-01 sziv\u00e1rg\u00e1svizsg\u00e1l\u00f3 k\u00e9sz\u00fcl\u00e9k<\/a><\/h3><\/div><\/div>\t\t\t\t<\/div>\n\t\t\t\t<\/div>\n\t\t\t\t<\/div>\n\t\t\t\t\t<\/div>\n\t\t\t\t<\/div>\n\t\t\t\t<\/div>","protected":false},"excerpt":{"rendered":"<p>Az USP 1207 szabv\u00e1ny szerinti sziv\u00e1rg\u00e1st vizsg\u00e1l\u00f3 k\u00e9sz\u00fcl\u00e9k \u00e9lelmiszercsomagol\u00e1sokhoz. Ezeket a k\u00e9sz\u00fcl\u00e9keket a mikrosziv\u00e1rg\u00e1sok \u00e9szlel\u00e9s\u00e9re \u00e9s a steril \u00e9s \u00e9rz\u00e9keny term\u00e9kek v\u00e9delm\u00e9re tervezt\u00e9k. Az USP 1207 szabv\u00e1nynak val\u00f3 megfelel\u00e9s elengedhetetlen a term\u00e9kbiztons\u00e1g, integrit\u00e1s \u00e9s min\u0151s\u00e9g meg\u0151rz\u00e9s\u00e9hez az ell\u00e1t\u00e1si l\u00e1nc eg\u00e9sz\u00e9ben. Ez a szabv\u00e1ny [\u2026]<\/p>","protected":false},"author":2,"featured_media":0,"parent":0,"menu_order":0,"comment_status":"closed","ping_status":"closed","template":"","meta":{"_acf_changed":false,"site-sidebar-layout":"no-sidebar","site-content-layout":"page-builder","ast-site-content-layout":"full-width-container","site-content-style":"default","site-sidebar-style":"default","ast-global-header-display":"","ast-banner-title-visibility":"","ast-main-header-display":"","ast-hfb-above-header-display":"","ast-hfb-below-header-display":"","ast-hfb-mobile-header-display":"","site-post-title":"disabled","ast-breadcrumbs-content":"","ast-featured-img":"disabled","footer-sml-layout":"","theme-transparent-header-meta":"","adv-header-id-meta":"","stick-header-meta":"","header-above-stick-meta":"","header-main-stick-meta":"","header-below-stick-meta":"","astra-migrate-meta-layouts":"set","ast-page-background-enabled":"default","ast-page-background-meta":{"desktop":{"background-color":"var(--ast-global-color-4)","background-image":"","background-repeat":"repeat","background-position":"center center","background-size":"auto","background-attachment":"scroll","background-type":"","background-media":"","overlay-type":"","overlay-color":"","overlay-gradient":""},"tablet":{"background-color":"","background-image":"","background-repeat":"repeat","background-position":"center center","background-size":"auto","background-attachment":"scroll","background-type":"","background-media":"","overlay-type":"","overlay-color":"","overlay-gradient":""},"mobile":{"background-color":"","background-image":"","background-repeat":"repeat","background-position":"center center","background-size":"auto","background-attachment":"scroll","background-type":"","background-media":"","overlay-type":"","overlay-color":"","overlay-gradient":""}},"ast-content-background-meta":{"desktop":{"background-color":"var(--ast-global-color-5)","background-image":"","background-repeat":"repeat","background-position":"center center","background-size":"auto","background-attachment":"scroll","background-type":"","background-media":"","overlay-type":"","overlay-color":"","overlay-gradient":""},"tablet":{"background-color":"var(--ast-global-color-5)","background-image":"","background-repeat":"repeat","background-position":"center center","background-size":"auto","background-attachment":"scroll","background-type":"","background-media":"","overlay-type":"","overlay-color":"","overlay-gradient":""},"mobile":{"background-color":"var(--ast-global-color-5)","background-image":"","background-repeat":"repeat","background-position":"center center","background-size":"auto","background-attachment":"scroll","background-type":"","background-media":"","overlay-type":"","overlay-color":"","overlay-gradient":""}},"footnotes":""},"class_list":["post-5113","page","type-page","status-publish","hentry"],"acf":[],"_links":{"self":[{"href":"https:\/\/www.packqc.com\/hu\/wp-json\/wp\/v2\/pages\/5113","targetHints":{"allow":["GET"]}}],"collection":[{"href":"https:\/\/www.packqc.com\/hu\/wp-json\/wp\/v2\/pages"}],"about":[{"href":"https:\/\/www.packqc.com\/hu\/wp-json\/wp\/v2\/types\/page"}],"author":[{"embeddable":true,"href":"https:\/\/www.packqc.com\/hu\/wp-json\/wp\/v2\/users\/2"}],"replies":[{"embeddable":true,"href":"https:\/\/www.packqc.com\/hu\/wp-json\/wp\/v2\/comments?post=5113"}],"version-history":[{"count":0,"href":"https:\/\/www.packqc.com\/hu\/wp-json\/wp\/v2\/pages\/5113\/revisions"}],"wp:attachment":[{"href":"https:\/\/www.packqc.com\/hu\/wp-json\/wp\/v2\/media?parent=5113"}],"curies":[{"name":"wp","href":"https:\/\/api.w.org\/{rel}","templated":true}]}}