{"id":5201,"date":"2025-03-17T14:23:06","date_gmt":"2025-03-17T06:23:06","guid":{"rendered":"https:\/\/www.packqc.com\/?page_id=5201"},"modified":"2026-02-02T11:08:42","modified_gmt":"2026-02-02T03:08:42","slug":"astm-d6195-adhesive-loop-tack-strength-testing-machine","status":"publish","type":"page","link":"https:\/\/www.packqc.com\/hu\/astm-d6195-adhesive-loop-tack-strength-testing-machine\/","title":{"rendered":"ASTM D6195 ragaszt\u00f3hurok hurok tapad\u00e1si szil\u00e1rds\u00e1g vizsg\u00e1lati g\u00e9p"},"content":{"rendered":"<div data-elementor-type=\"wp-page\" data-elementor-id=\"5201\" class=\"elementor elementor-5201\" data-elementor-post-type=\"page\">\n\t\t\t\t<div class=\"elementor-element elementor-element-f940e3c e-flex e-con-boxed e-con e-parent\" data-id=\"f940e3c\" data-element_type=\"container\">\n\t\t\t\t\t<div class=\"e-con-inner\">\n\t\t\t\t<div class=\"elementor-element elementor-element-002a9df elementor-widget elementor-widget-heading\" data-id=\"002a9df\" data-element_type=\"widget\" data-widget_type=\"heading.default\">\n\t\t\t\t<div class=\"elementor-widget-container\">\n\t\t\t\t\t<h2 class=\"elementor-heading-title elementor-size-default\">ASTM D6195<br><small>Ragaszt\u00f3 hurok Tack Strength vizsg\u00e1lati g\u00e9p<\/small><\/h2>\t\t\t\t<\/div>\n\t\t\t\t<\/div>\n\t\t\t\t<div class=\"elementor-element elementor-element-621b930 elementor-widget elementor-widget-text-editor\" data-id=\"621b930\" data-element_type=\"widget\" data-widget_type=\"text-editor.default\">\n\t\t\t\t<div class=\"elementor-widget-container\">\n\t\t\t\t\t\t\t\t\t<p><strong>Huroktapad\u00e1s vizsg\u00e1lata<\/strong>, a k\u00f6vetkez\u0151kben meghat\u00e1rozottak szerint <em><span style=\"text-decoration: underline;\"><strong><a href=\"https:\/\/www.packqc.com\/hu\/product-category\/astm-standard\/astm-d6195-03\/\" target=\"_blank\" rel=\"noopener\">ASTM D6195<\/a><\/strong><\/span><\/em>, a nyom\u00e1s\u00e9rz\u00e9keny ragaszt\u00f3k tapad\u00e1s\u00e1t \u00e9rt\u00e9keli a ragaszt\u00f3hurok rozsdamentes ac\u00e9l szubsztr\u00e1tr\u00f3l val\u00f3 elt\u00e1vol\u00edt\u00e1s\u00e1hoz sz\u00fcks\u00e9ges er\u0151 m\u00e9r\u00e9s\u00e9vel.<\/p><p>A vizsg\u00e1latot vagy szak\u00edt\u00f3pr\u00f3b\u00e1val (A. vizsg\u00e1lati m\u00f3dszer), vagy huroktapad\u00e1si pr\u00f3b\u00e1val (B. vizsg\u00e1lati m\u00f3dszer) kell elv\u00e9gezni, a ragaszt\u00f3 \u00e9s a hordoz\u00f3 k\u00f6z\u00f6tti ellen\u0151rz\u00f6tt \u00e9rintkez\u00e9s mellett. Ez a vizsg\u00e1lat alapvet\u0151 fontoss\u00e1g\u00fa a ragaszt\u00f3 teljes\u00edtm\u00e9ny\u00e9nek \u00e9rt\u00e9kel\u00e9s\u00e9hez a min\u0151s\u00e9gellen\u0151rz\u00e9sben \u00e9s a kutat\u00e1si alkalmaz\u00e1sokban.<\/p><p>Az Cell Instruments az ASTM D6195 szabv\u00e1nynak megfelel\u0151, nagy pontoss\u00e1g\u00fa huroktapad\u00e1si tesztel\u0151ket k\u00edn\u00e1l, amelyek megb\u00edzhat\u00f3 \u00e9s megism\u00e9telhet\u0151 tapad\u00e1si m\u00e9r\u00e9seket biztos\u00edtanak a k\u00fcl\u00f6nb\u00f6z\u0151 ragaszt\u00f3anyagokhoz.<\/p>\t\t\t\t\t\t\t\t<\/div>\n\t\t\t\t<\/div>\n\t\t\t\t\t<\/div>\n\t\t\t\t<\/div>\n\t\t<div class=\"elementor-element elementor-element-ac6303b e-flex e-con-boxed e-con e-parent\" data-id=\"ac6303b\" data-element_type=\"container\">\n\t\t\t\t\t<div class=\"e-con-inner\">\n\t\t\t\t\t<\/div>\n\t\t\t\t<\/div>\n\t\t\t\t<\/div>","protected":false},"excerpt":{"rendered":"<p>ASTM D6195Ragaszt\u00f3hurok tapad\u00e1si szil\u00e1rds\u00e1g-vizsg\u00e1l\u00f3 g\u00e9p Az ASTM D6195 szabv\u00e1nyban meghat\u00e1rozott huroktapad\u00e1si vizsg\u00e1lat a nyom\u00e1s\u00e9rz\u00e9keny ragaszt\u00f3k tapad\u00e1s\u00e1t \u00e9rt\u00e9keli a ragaszt\u00f3hurok rozsdamentes ac\u00e9l aljzatr\u00f3l val\u00f3 elt\u00e1vol\u00edt\u00e1s\u00e1hoz sz\u00fcks\u00e9ges er\u0151 m\u00e9r\u00e9s\u00e9vel. A vizsg\u00e1latot vagy szak\u00edt\u00f3pr\u00f3b\u00e1val (A vizsg\u00e1lati m\u00f3dszer) vagy huroktapad\u00e1si pr\u00f3b\u00e1val (vizsg\u00e1lati m\u00f3dszer) v\u00e9gzik [...].<\/p>","protected":false},"author":2,"featured_media":0,"parent":0,"menu_order":0,"comment_status":"closed","ping_status":"closed","template":"","meta":{"_acf_changed":false,"site-sidebar-layout":"no-sidebar","site-content-layout":"page-builder","ast-site-content-layout":"full-width-container","site-content-style":"default","site-sidebar-style":"default","ast-global-header-display":"","ast-banner-title-visibility":"","ast-main-header-display":"","ast-hfb-above-header-display":"","ast-hfb-below-header-display":"","ast-hfb-mobile-header-display":"","site-post-title":"disabled","ast-breadcrumbs-content":"","ast-featured-img":"disabled","footer-sml-layout":"","theme-transparent-header-meta":"","adv-header-id-meta":"","stick-header-meta":"","header-above-stick-meta":"","header-main-stick-meta":"","header-below-stick-meta":"","astra-migrate-meta-layouts":"set","ast-page-background-enabled":"default","ast-page-background-meta":{"desktop":{"background-color":"var(--ast-global-color-4)","background-image":"","background-repeat":"repeat","background-position":"center center","background-size":"auto","background-attachment":"scroll","background-type":"","background-media":"","overlay-type":"","overlay-color":"","overlay-gradient":""},"tablet":{"background-color":"","background-image":"","background-repeat":"repeat","background-position":"center center","background-size":"auto","background-attachment":"scroll","background-type":"","background-media":"","overlay-type":"","overlay-color":"","overlay-gradient":""},"mobile":{"background-color":"","background-image":"","background-repeat":"repeat","background-position":"center center","background-size":"auto","background-attachment":"scroll","background-type":"","background-media":"","overlay-type":"","overlay-color":"","overlay-gradient":""}},"ast-content-background-meta":{"desktop":{"background-color":"var(--ast-global-color-5)","background-image":"","background-repeat":"repeat","background-position":"center center","background-size":"auto","background-attachment":"scroll","background-type":"","background-media":"","overlay-type":"","overlay-color":"","overlay-gradient":""},"tablet":{"background-color":"var(--ast-global-color-5)","background-image":"","background-repeat":"repeat","background-position":"center center","background-size":"auto","background-attachment":"scroll","background-type":"","background-media":"","overlay-type":"","overlay-color":"","overlay-gradient":""},"mobile":{"background-color":"var(--ast-global-color-5)","background-image":"","background-repeat":"repeat","background-position":"center center","background-size":"auto","background-attachment":"scroll","background-type":"","background-media":"","overlay-type":"","overlay-color":"","overlay-gradient":""}},"footnotes":""},"class_list":["post-5201","page","type-page","status-publish","hentry"],"acf":[],"_links":{"self":[{"href":"https:\/\/www.packqc.com\/hu\/wp-json\/wp\/v2\/pages\/5201","targetHints":{"allow":["GET"]}}],"collection":[{"href":"https:\/\/www.packqc.com\/hu\/wp-json\/wp\/v2\/pages"}],"about":[{"href":"https:\/\/www.packqc.com\/hu\/wp-json\/wp\/v2\/types\/page"}],"author":[{"embeddable":true,"href":"https:\/\/www.packqc.com\/hu\/wp-json\/wp\/v2\/users\/2"}],"replies":[{"embeddable":true,"href":"https:\/\/www.packqc.com\/hu\/wp-json\/wp\/v2\/comments?post=5201"}],"version-history":[{"count":0,"href":"https:\/\/www.packqc.com\/hu\/wp-json\/wp\/v2\/pages\/5201\/revisions"}],"wp:attachment":[{"href":"https:\/\/www.packqc.com\/hu\/wp-json\/wp\/v2\/media?parent=5201"}],"curies":[{"name":"wp","href":"https:\/\/api.w.org\/{rel}","templated":true}]}}