{"id":5603,"date":"2025-06-30T15:51:43","date_gmt":"2025-06-30T07:51:43","guid":{"rendered":"https:\/\/www.packqc.com\/?page_id=5603"},"modified":"2026-02-02T11:08:46","modified_gmt":"2026-02-02T03:08:46","slug":"bloom-strength-testing-solution-gelatin","status":"publish","type":"page","link":"https:\/\/www.packqc.com\/hu\/solutions\/bloom-strength-testing-solution-gelatin\/","title":{"rendered":"Bloom er\u0151ss\u00e9gvizsg\u00e1l\u00f3 megold\u00e1s"},"content":{"rendered":"<div data-elementor-type=\"wp-page\" data-elementor-id=\"5603\" class=\"elementor elementor-5603\" data-elementor-post-type=\"page\">\n\t\t\t\t<div class=\"elementor-element elementor-element-obvpkm1 e-flex e-con-boxed e-con e-parent\" data-id=\"obvpkm1\" data-element_type=\"container\" data-settings=\"{&quot;background_background&quot;:&quot;classic&quot;}\">\n\t\t\t\t\t<div class=\"e-con-inner\">\n\t\t\t\t<div class=\"elementor-element elementor-element-e3ee3a0 elementor-widget elementor-widget-heading\" data-id=\"e3ee3a0\" data-element_type=\"widget\" data-widget_type=\"heading.default\">\n\t\t\t\t<div class=\"elementor-widget-container\">\n\t\t\t\t\t<h1 class=\"elementor-heading-title elementor-size-default\">Bloom er\u0151ss\u00e9g vizsg\u00e1lata<\/h1>\t\t\t\t<\/div>\n\t\t\t\t<\/div>\n\t\t\t\t<div class=\"elementor-element elementor-element-ad4c880 elementor-widget__width-initial elementor-widget elementor-widget-text-editor\" data-id=\"ad4c880\" data-element_type=\"widget\" data-widget_type=\"text-editor.default\">\n\t\t\t\t<div class=\"elementor-widget-container\">\n\t\t\t\t\t\t\t\t\t<p data-start=\"375\" data-end=\"906\">Az \u00e9lelmiszer- \u00e9s gy\u00f3gyszeriparban a term\u00e9k konzisztenci\u00e1j\u00e1nak, \u00e1llag\u00e1nak \u00e9s stabilit\u00e1s\u00e1nak biztos\u00edt\u00e1sa kulcsfontoss\u00e1g\u00fa. A zselatin alap\u00fa term\u00e9kek, k\u00fcl\u00f6n\u00f6sen a zselatin \u00e9s a l\u00e1gyzsel\u00e9k egyik legfontosabb param\u00e9tere a k\u00f6vetkez\u0151 <strong data-start=\"592\" data-end=\"610\">vir\u00e1gz\u00e1si er\u0151ss\u00e9g<\/strong>. Ez az alapvet\u0151 m\u00e9r\u00e9s seg\u00edt a gy\u00e1rt\u00f3knak a gy\u00e1rt\u00e1si t\u00e9telek min\u0151s\u00e9gellen\u0151rz\u00e9s\u00e9ben. Megvizsg\u00e1ljuk, hogy mi az a vir\u00e1gz\u00e1s szil\u00e1rds\u00e1ga, hogyan kell elv\u00e9gezni egy <strong data-start=\"783\" data-end=\"797\">vir\u00e1gz\u00e1si pr\u00f3ba<\/strong>, \u00e9s hogyan<a href=\"https:\/\/www.packqc.com\/hu\/product\/gst-01-gel-strength-tester\/\"> <strong data-start=\"809\" data-end=\"832\">g\u00e9ler\u0151ss\u00e9g-m\u00e9r\u0151<\/strong><\/a> mint a <strong data-start=\"842\" data-end=\"874\">GST-01 az Cell Instruments-t\u0151l<\/strong> seg\u00edthet optimaliz\u00e1lni ezt a folyamatot.<\/p>\t\t\t\t\t\t\t\t<\/div>\n\t\t\t\t<\/div>\n\t\t\t\t\t<\/div>\n\t\t\t\t<\/div>\n\t\t<div class=\"elementor-element elementor-element-a41a9ed e-flex e-con-boxed e-con e-parent\" data-id=\"a41a9ed\" data-element_type=\"container\">\n\t\t\t\t\t<div class=\"e-con-inner\">\n\t\t\t\t<div class=\"elementor-element elementor-element-5ebde6b elementor-widget elementor-widget-heading\" data-id=\"5ebde6b\" data-element_type=\"widget\" data-widget_type=\"heading.default\">\n\t\t\t\t<div class=\"elementor-widget-container\">\n\t\t\t\t\t<h2 class=\"elementor-heading-title elementor-size-default\">Mi a Bloom er\u0151ss\u00e9ge \u00e9s mi\u00e9rt fontos?<\/h2>\t\t\t\t<\/div>\n\t\t\t\t<\/div>\n\t\t\t\t<div class=\"elementor-element elementor-element-42f74d3 elementor-widget elementor-widget-text-editor\" data-id=\"42f74d3\" data-element_type=\"widget\" data-widget_type=\"text-editor.default\">\n\t\t\t\t<div class=\"elementor-widget-container\">\n\t\t\t\t\t\t\t\t\t<p data-start=\"967\" data-end=\"1250\"><strong data-start=\"967\" data-end=\"985\">Vir\u00e1gz\u00e1s er\u0151ss\u00e9ge<\/strong> utal a <strong data-start=\"1000\" data-end=\"1039\">a szil\u00e1rds\u00e1g vagy a g\u00e9l szil\u00e1rds\u00e1g\u00e1nak m\u00e9r\u0151sz\u00e1ma<\/strong> zselatin. Ezt grammban (g) fejezik ki, \u00e9s a m\u00f3dszert kidolgoz\u00f3 Oscar T. Bloomr\u00f3l nevezt\u00e9k el. Ez az \u00e9rt\u00e9k jelzi a <strong data-start=\"1163\" data-end=\"1221\">a zselatin g\u00e9l fel\u00fclet\u00e9nek lenyom\u00e1s\u00e1hoz sz\u00fcks\u00e9ges er\u0151<\/strong> meghat\u00e1rozott felt\u00e9telek mellett.<\/p><p data-start=\"1252\" data-end=\"1345\">A vir\u00e1gz\u00e1s er\u0151ss\u00e9ge k\u00f6zvetlen\u00fcl befoly\u00e1solja a term\u00e9kek teljes\u00edtm\u00e9ny\u00e9t \u00e9s \u00e9rz\u00e9kszervi tulajdons\u00e1gait, mint p\u00e9ld\u00e1ul:<\/p><ul><li data-start=\"1348\" data-end=\"1378\"><strong data-start=\"1348\" data-end=\"1359\">Text\u00fara<\/strong> gumicukorb\u00f3l<\/li><li data-start=\"1381\" data-end=\"1431\"><strong data-start=\"1381\" data-end=\"1402\">Kapszulak\u00e9pz\u0151d\u00e9s<\/strong> gy\u00f3gyszer\u00e9szeti l\u00e1gy kapszul\u00e1kban<\/li><li data-start=\"1434\" data-end=\"1476\"><strong data-start=\"1434\" data-end=\"1447\">Sz\u00e1j\u00edz<\/strong> tejterm\u00e9kekben \u00e9s desszertekben<\/li><\/ul><p data-start=\"1478\" data-end=\"1682\">A magasabb bloom \u00e9rt\u00e9k azt jelenti, hogy a zselatin g\u00e9l szil\u00e1rdabb \u00e9s rugalmasabb, m\u00edg az alacsonyabb \u00e9rt\u00e9k l\u00e1gyabb g\u00e9lt jelent. A gy\u00e1rt\u00f3k a zselatint a vir\u00e1ger\u0151ss\u00e9g alapj\u00e1n v\u00e1lasztj\u00e1k ki, hogy megfeleljen a term\u00e9kig\u00e9ny\u00fcknek.<\/p>\t\t\t\t\t\t\t\t<\/div>\n\t\t\t\t<\/div>\n\t\t\t\t\t<\/div>\n\t\t\t\t<\/div>\n\t\t<div class=\"elementor-element elementor-element-vjhz43k e-flex e-con-boxed e-con e-parent\" data-id=\"vjhz43k\" data-element_type=\"container\">\n\t\t\t\t\t<div class=\"e-con-inner\">\n\t\t\t\t<div class=\"elementor-element elementor-element-50d6336 elementor-widget elementor-widget-heading\" data-id=\"50d6336\" data-element_type=\"widget\" data-widget_type=\"heading.default\">\n\t\t\t\t<div class=\"elementor-widget-container\">\n\t\t\t\t\t<h2 class=\"elementor-heading-title elementor-size-default\">Bloom-teszt: Bloom Bloom m\u00f3dszer \u00e9s szabv\u00e1nyok<\/h2>\t\t\t\t<\/div>\n\t\t\t\t<\/div>\n\t\t<div class=\"elementor-element elementor-element-ae0cc84 e-con-full e-flex e-con e-child\" data-id=\"ae0cc84\" data-element_type=\"container\">\n\t\t\t\t<div class=\"elementor-element elementor-element-9308ff2 elementor-widget__width-initial elementor-widget elementor-widget-text-editor\" data-id=\"9308ff2\" data-element_type=\"widget\" data-widget_type=\"text-editor.default\">\n\t\t\t\t<div class=\"elementor-widget-container\">\n\t\t\t\t\t\t\t\t\t<p data-start=\"1729\" data-end=\"1882\">A <strong data-start=\"1733\" data-end=\"1747\">vir\u00e1gz\u00e1si pr\u00f3ba<\/strong> ellen\u0151rz\u00f6tt h\u0151m\u00e9rs\u00e9kleten \u00e9s p\u00e1ratartalom mellett v\u00e9gezz\u00fck a k\u00f6vetkezetes eredm\u00e9nyek biztos\u00edt\u00e1sa \u00e9rdek\u00e9ben. \u00cdme a standard elj\u00e1r\u00e1s r\u00f6vid ismertet\u00e9se:<\/p><ul><li data-start=\"1886\" data-end=\"1986\"><strong data-start=\"1886\" data-end=\"1905\">G\u00e9l el\u0151k\u00e9sz\u00edt\u00e9s<\/strong>: 6,67% zselatinoldatot k\u00e9sz\u00edt\u00fcnk, \u00e9s szabv\u00e1nyos m\u00e9ret\u0171 Bloom-\u00fcvegekbe \u00f6ntj\u00fck.<\/li><li data-start=\"1989\" data-end=\"2062\"><strong data-start=\"1989\" data-end=\"2001\">Zsel\u00e9sed\u00e9s<\/strong>: Az oldatot hagyjuk zsel\u00e9sedni <strong data-start=\"2037\" data-end=\"2061\">10\u00b0C 16-18 \u00f3r\u00e1n kereszt\u00fcl<\/strong>.<\/li><li data-start=\"2065\" data-end=\"2227\"><strong data-start=\"2065\" data-end=\"2076\">Tesztel\u00e9s<\/strong>: Egy szabv\u00e1ny <strong data-start=\"2089\" data-end=\"2112\">g\u00e9ler\u0151ss\u00e9g-m\u00e9r\u0151<\/strong> egy <strong data-start=\"2120\" data-end=\"2145\">5 mm \u00e1tm\u00e9r\u0151j\u0171 dugatty\u00fa<\/strong> leereszkedik a <strong data-start=\"2158\" data-end=\"2171\">60 mm\/min<\/strong> am\u00edg a dugatty\u00fa 4 mm m\u00e9lyen behatol a g\u00e9l fel\u00fclet\u00e9be.<\/li><li data-start=\"2230\" data-end=\"2334\"><strong data-start=\"2230\" data-end=\"2240\">Eredm\u00e9ny<\/strong>: A behatol\u00e1s el\u00e9r\u00e9s\u00e9hez sz\u00fcks\u00e9ges maxim\u00e1lis er\u0151 (grammban) a k\u00f6vetkez\u0151 <strong data-start=\"2315\" data-end=\"2333\">vir\u00e1gz\u00e1si er\u0151ss\u00e9g<\/strong>.<\/li><\/ul><p data-start=\"2336\" data-end=\"2474\">Ezt a m\u00f3dszert k\u00fcl\u00f6nb\u00f6z\u0151 gy\u00f3gyszerk\u00f6nyvi \u00e9s ipari szabv\u00e1nyok \u00edrj\u00e1k el\u0151, t\u00f6bbek k\u00f6z\u00f6tt a k\u00f6vetkez\u0151kben <strong data-start=\"2422\" data-end=\"2429\">USP<\/strong>, <strong data-start=\"2431\" data-end=\"2437\">EP<\/strong>, \u00e9s <strong data-start=\"2443\" data-end=\"2453\">GB6783<\/strong> a zselatin vizsg\u00e1lat\u00e1hoz.<\/p>\t\t\t\t\t\t\t\t<\/div>\n\t\t\t\t<\/div>\n\t\t\t\t<div class=\"elementor-element elementor-element-25f05fb elementor-widget__width-initial elementor-widget elementor-widget-video\" data-id=\"25f05fb\" data-element_type=\"widget\" data-settings=\"{&quot;youtube_url&quot;:&quot;https:\\\/\\\/youtu.be\\\/rrzQxj3794s?si=ERhkmO3Yz1kkFEFV&quot;,&quot;mute&quot;:&quot;yes&quot;,&quot;loop&quot;:&quot;yes&quot;,&quot;video_type&quot;:&quot;youtube&quot;,&quot;controls&quot;:&quot;yes&quot;}\" data-widget_type=\"video.default\">\n\t\t\t\t<div class=\"elementor-widget-container\">\n\t\t\t\t\t\t\t<div class=\"elementor-wrapper elementor-open-inline\">\n\t\t\t<div class=\"elementor-video\"><\/div>\t\t<\/div>\n\t\t\t\t\t\t<\/div>\n\t\t\t\t<\/div>\n\t\t\t\t<\/div>\n\t\t\t\t\t<\/div>\n\t\t\t\t<\/div>\n\t\t<div class=\"elementor-element elementor-element-9ebec98 e-flex e-con-boxed e-con e-parent\" data-id=\"9ebec98\" data-element_type=\"container\">\n\t\t\t\t\t<div class=\"e-con-inner\">\n\t\t\t\t<div class=\"elementor-element elementor-element-d622d16 elementor-widget elementor-widget-heading\" data-id=\"d622d16\" data-element_type=\"widget\" data-widget_type=\"heading.default\">\n\t\t\t\t<div class=\"elementor-widget-container\">\n\t\t\t\t\t<h2 class=\"elementor-heading-title elementor-size-default\">Alkalmaz\u00e1sok a zselatin \u00e9s a l\u00e1gyzsel\u00e9 min\u0151s\u00e9gellen\u0151rz\u00e9s\u00e9ben<\/h2>\t\t\t\t<\/div>\n\t\t\t\t<\/div>\n\t\t<div class=\"elementor-element elementor-element-aeb42bd e-con-full e-flex e-con e-child\" data-id=\"aeb42bd\" data-element_type=\"container\">\n\t\t\t\t<div class=\"elementor-element elementor-element-dc258dd elementor-widget__width-inherit elementor-widget elementor-widget-text-editor\" data-id=\"dc258dd\" data-element_type=\"widget\" data-widget_type=\"text-editor.default\">\n\t\t\t\t<div class=\"elementor-widget-container\">\n\t\t\t\t\t\t\t\t\t<p data-start=\"2540\" data-end=\"2668\">A  oldalon. <strong data-start=\"2544\" data-end=\"2569\">zselatin gy\u00e1rt\u00f3k<\/strong>, a vir\u00e1ger\u0151ss\u00e9g ellen\u0151rz\u00e9se biztos\u00edtja a t\u00e9telek konzisztenci\u00e1j\u00e1t \u00e9s az \u00fcgyf\u00e9l specifik\u00e1ci\u00f3inak val\u00f3 megfelel\u00e9st.<\/p><p data-start=\"2670\" data-end=\"2737\">A <strong data-start=\"2677\" data-end=\"2688\">softgel<\/strong> ipar, a megfelel\u0151 vir\u00e1ger\u0151ss\u00e9g hat\u00e1rozza meg:<\/p><ul><li data-start=\"2740\" data-end=\"2768\"><strong data-start=\"2740\" data-end=\"2766\">Kapszula fal\u00e1nak integrit\u00e1sa<\/strong><\/li><li data-start=\"2771\" data-end=\"2800\"><strong data-start=\"2771\" data-end=\"2798\">Kapszul\u00e1z\u00e1si stabilit\u00e1s<\/strong><\/li><li data-start=\"2803\" data-end=\"2866\"><strong data-start=\"2803\" data-end=\"2838\">Old\u00f3d\u00e1s \u00e9s biol\u00f3giai hozz\u00e1f\u00e9rhet\u0151s\u00e9g<\/strong> a hat\u00f3anyagok<\/li><\/ul><p data-start=\"2868\" data-end=\"3072\">Az optim\u00e1lis vir\u00e1gz\u00e1si \u00e9rt\u00e9kek fenntart\u00e1sa alapvet\u0151 fontoss\u00e1g\u00fa a <strong data-start=\"2917\" data-end=\"2954\">gy\u00f3gyszeripari K+F \u00e9s gy\u00e1rt\u00e1s<\/strong>. Ugyanez vonatkozik a <strong data-start=\"2976\" data-end=\"2998\">\u00e9lelmiszer-el\u0151\u00e1ll\u00edt\u00f3k<\/strong>, ahol a vir\u00e1ger\u0151ss\u00e9g hat\u00e1rozza meg a v\u00e9gterm\u00e9k r\u00e1ghat\u00f3s\u00e1g\u00e1t \u00e9s szil\u00e1rds\u00e1g\u00e1t.<\/p>\t\t\t\t\t\t\t\t<\/div>\n\t\t\t\t<\/div>\n\t\t\t\t<div class=\"elementor-element elementor-element-65475b3 elementor-widget__width-initial elementor-widget elementor-widget-image\" data-id=\"65475b3\" data-element_type=\"widget\" data-widget_type=\"image.default\">\n\t\t\t\t<div class=\"elementor-widget-container\">\n\t\t\t\t\t\t\t\t\t\t\t\t\t\t\t\t<a href=\"https:\/\/www.packqc.com\/hu\/product\/gst-01-gel-strength-tester\/\">\n\t\t\t\t\t\t\t<img fetchpriority=\"high\" decoding=\"async\" width=\"600\" height=\"600\" src=\"https:\/\/www.packqc.com\/wp-content\/uploads\/2025\/06\/Bloom-Strength-Testing.webp\" class=\"attachment-large size-large wp-image-5605\" alt=\"Bloom er\u0151ss\u00e9g vizsg\u00e1lata\" srcset=\"https:\/\/www.packqc.com\/wp-content\/uploads\/2025\/06\/Bloom-Strength-Testing.webp 600w, https:\/\/www.packqc.com\/wp-content\/uploads\/2025\/06\/Bloom-Strength-Testing-300x300.webp 300w, https:\/\/www.packqc.com\/wp-content\/uploads\/2025\/06\/Bloom-Strength-Testing-100x100.webp 100w, https:\/\/www.packqc.com\/wp-content\/uploads\/2025\/06\/Bloom-Strength-Testing-150x150.webp 150w, https:\/\/www.packqc.com\/wp-content\/uploads\/2025\/06\/Bloom-Strength-Testing-12x12.webp 12w\" sizes=\"(max-width: 600px) 100vw, 600px\" \/>\t\t\t\t\t\t\t\t<\/a>\n\t\t\t\t\t\t\t\t\t\t\t\t\t\t\t<\/div>\n\t\t\t\t<\/div>\n\t\t\t\t<\/div>\n\t\t\t\t<div class=\"elementor-element elementor-element-f7c44f8 elementor-widget elementor-widget-heading\" data-id=\"f7c44f8\" data-element_type=\"widget\" data-widget_type=\"heading.default\">\n\t\t\t\t<div class=\"elementor-widget-container\">\n\t\t\t\t\t<h2 class=\"elementor-heading-title elementor-size-default\">G\u00e9ler\u0151ss\u00e9gm\u00e9r\u0151 haszn\u00e1lata: GST-01 az Cell Instruments \u00e1ltal<\/h2>\t\t\t\t<\/div>\n\t\t\t\t<\/div>\n\t\t<div class=\"elementor-element elementor-element-eac2bf8 e-con-full e-flex e-con e-child\" data-id=\"eac2bf8\" data-element_type=\"container\">\n\t\t\t\t<div class=\"elementor-element elementor-element-65f9b33 elementor-widget__width-inherit elementor-widget elementor-widget-text-editor\" data-id=\"65f9b33\" data-element_type=\"widget\" data-widget_type=\"text-editor.default\">\n\t\t\t\t<div class=\"elementor-widget-container\">\n\t\t\t\t\t\t\t\t\t<p data-start=\"3142\" data-end=\"3353\">A pontos vir\u00e1ger\u0151ss\u00e9gm\u00e9r\u00e9s nagym\u00e9rt\u00e9kben f\u00fcgg a megb\u00edzhat\u00f3 berendez\u00e9st\u0151l. A <strong data-start=\"3221\" data-end=\"3251\">GST-01 g\u00e9ler\u0151ss\u00e9g-m\u00e9r\u0151<\/strong> a <strong data-start=\"3255\" data-end=\"3275\">Cell Instruments<\/strong> precizit\u00e1st \u00e9s k\u00f6vetkezetess\u00e9get biztos\u00edt a vizsg\u00e1lati felt\u00e9telek sz\u00e9les sk\u00e1l\u00e1j\u00e1n.<\/p><p data-start=\"3355\" data-end=\"3382\"><strong data-start=\"3355\" data-end=\"3379\">A legfontosabb el\u0151ny\u00f6k a k\u00f6vetkez\u0151k<\/strong>:<\/p><ul><li data-start=\"3385\" data-end=\"3449\"><strong data-start=\"3385\" data-end=\"3422\">Felhaszn\u00e1l\u00f3bar\u00e1t 7 h\u00fcvelykes \u00e9rint\u0151k\u00e9perny\u0151<\/strong> intuit\u00edv kezel\u0151fel\u00fclettel<\/li><li data-start=\"3452\" data-end=\"3521\"><strong data-start=\"3452\" data-end=\"3482\">Nagy pontoss\u00e1g (\u00b10,5% F.S.)<\/strong> \u00e9s az elmozdul\u00e1s pontoss\u00e1ga (0,01 mm)<\/li><li data-start=\"3524\" data-end=\"3595\"><strong data-start=\"3524\" data-end=\"3547\">T\u00f6bbf\u00e9le vizsg\u00e1lati m\u00f3d<\/strong>, bele\u00e9rtve a cs\u00facser\u0151t \u00e9s a terhel\u00e9s alatti t\u00e1vols\u00e1got<\/li><li data-start=\"3598\" data-end=\"3685\"><strong data-start=\"3598\" data-end=\"3623\">Be\u00e9p\u00edtett mikronyomtat\u00f3<\/strong> \u00e9s opcion\u00e1lis RS232 szoftverintegr\u00e1ci\u00f3 az adatkezel\u00e9shez<\/li><li data-start=\"3688\" data-end=\"3757\"><strong data-start=\"3688\" data-end=\"3713\">Testreszabhat\u00f3 szerelv\u00e9nyek<\/strong> k\u00fcl\u00f6nb\u00f6z\u0151 text\u00faraelemz\u00e9si k\u00f6vetelm\u00e9nyekhez<\/li><\/ul><p data-start=\"3759\" data-end=\"3952\">A programozhat\u00f3 sebess\u00e9ggel (1-100 mm\/perc) \u00e9s fejlett biztons\u00e1gi funkci\u00f3kkal a GST-01 ide\u00e1lis a k\u00f6vetkez\u0151kh\u00f6z <strong data-start=\"3852\" data-end=\"3898\">K+F laborat\u00f3riumok \u00e9s termel\u00e9si l\u00e9tes\u00edtm\u00e9nyek<\/strong> min\u0151s\u00e9gbiztos\u00edt\u00e1si folyamataik jav\u00edt\u00e1s\u00e1ra t\u00f6rekszenek.<\/p>\t\t\t\t\t\t\t\t<\/div>\n\t\t\t\t<\/div>\n\t\t\t\t<div class=\"elementor-element elementor-element-5a1af86 elementor-widget elementor-widget-text-editor\" data-id=\"5a1af86\" data-element_type=\"widget\" data-widget_type=\"text-editor.default\">\n\t\t\t\t<div class=\"elementor-widget-container\">\n\t\t\t\t\t\t\t\t\t<p data-start=\"3959\" data-end=\"4015\"><strong data-start=\"3959\" data-end=\"4013\">Legjobb gyakorlatok a Bloom-er\u0151ss\u00e9gvizsg\u00e1lat elv\u00e9gz\u00e9s\u00e9hez<\/strong><\/p><p data-start=\"4017\" data-end=\"4114\">A vir\u00e1gvizsg\u00e1latok reproduk\u00e1lhat\u00f3s\u00e1g\u00e1nak \u00e9s a jogszab\u00e1lyi el\u0151\u00edr\u00e1soknak val\u00f3 megfelel\u00e9snek a biztos\u00edt\u00e1sa \u00e9rdek\u00e9ben k\u00f6vesse az al\u00e1bbi aj\u00e1nl\u00e1sokat:<\/p><ul><li data-start=\"4118\" data-end=\"4213\">Haszn\u00e1ljon szabv\u00e1nyos\u00edtott zselatin-koncentr\u00e1ci\u00f3t \u00e9s vizsg\u00e1lati k\u00f6r\u00fclm\u00e9nyeket (id\u0151, h\u0151m\u00e9rs\u00e9klet \u00e9s p\u00e1ratartalom).<\/li><li data-start=\"4216\" data-end=\"4262\">Rendszeresen kalibr\u00e1lja a g\u00e9ler\u0151ss\u00e9gm\u00e9r\u0151 k\u00e9sz\u00fcl\u00e9ket.<\/li><li data-start=\"4265\" data-end=\"4333\">Minden vizsg\u00e1lat el\u0151tt gy\u0151z\u0151dj\u00f6n meg arr\u00f3l, hogy a szonda tiszta \u00e9s marad\u00e9kokt\u00f3l mentes.<\/li><li data-start=\"4336\" data-end=\"4396\">Futtasson t\u00f6bb mint\u00e1t, \u00e9s a pontoss\u00e1g \u00e9rdek\u00e9ben \u00e1tlagolja az eredm\u00e9nyeket.<\/li><li data-start=\"4399\" data-end=\"4459\">Dokument\u00e1lja a k\u00f6rnyezeti felt\u00e9teleket a tesztek konzisztenci\u00e1j\u00e1nak nyomon k\u00f6vet\u00e9se \u00e9rdek\u00e9ben.<\/li><\/ul>\t\t\t\t\t\t\t\t<\/div>\n\t\t\t\t<\/div>\n\t\t\t\t<\/div>\n\t\t\t\t\t<\/div>\n\t\t\t\t<\/div>\n\t\t<div class=\"elementor-element elementor-element-hlnqc4n e-flex e-con-boxed e-con e-parent\" data-id=\"hlnqc4n\" data-element_type=\"container\" data-settings=\"{&quot;background_background&quot;:&quot;classic&quot;}\">\n\t\t\t\t\t<div class=\"e-con-inner\">\n\t\t<div class=\"elementor-element elementor-element-db992c8 e-con-full e-flex e-con e-child\" data-id=\"db992c8\" data-element_type=\"container\">\n\t\t\t\t<div class=\"elementor-element elementor-element-08e276e elementor-widget elementor-widget-heading\" data-id=\"08e276e\" data-element_type=\"widget\" data-widget_type=\"heading.default\">\n\t\t\t\t<div class=\"elementor-widget-container\">\n\t\t\t\t\t<h2 class=\"elementor-heading-title elementor-size-default\">Besz\u00e9ljen vel\u00fcnk<\/h2>\t\t\t\t<\/div>\n\t\t\t\t<\/div>\n\t\t\t\t<div class=\"elementor-element elementor-element-291d47f elementor-widget elementor-widget-text-editor\" data-id=\"291d47f\" data-element_type=\"widget\" data-widget_type=\"text-editor.default\">\n\t\t\t\t<div class=\"elementor-widget-container\">\n\t\t\t\t\t\t\t\t\t<p data-start=\"5158\" data-end=\"5630\">A k\u00f6vetkez\u0151k meg\u00e9rt\u00e9se \u00e9s pontos m\u00e9r\u00e9se <strong data-start=\"5197\" data-end=\"5215\">vir\u00e1gz\u00e1si er\u0151ss\u00e9g<\/strong> elengedhetetlen a zselatin \u00e9s a l\u00e1gyzsel\u00e9 term\u00e9kek min\u0151s\u00e9g\u00e9nek biztos\u00edt\u00e1s\u00e1hoz. A megfelel\u0151 vizsg\u00e1l\u00f3berendez\u00e9ssel, mint p\u00e9ld\u00e1ul a <strong data-start=\"5330\" data-end=\"5360\">GST-01 g\u00e9ler\u0151ss\u00e9g-m\u00e9r\u0151<\/strong> az Cell Instruments seg\u00edts\u00e9g\u00e9vel a gy\u00e1rt\u00f3k fenntarthatj\u00e1k a magas sz\u00ednvonalat, cs\u00f6kkenthetik a v\u00e1ltoz\u00e9konys\u00e1got, \u00e9s megfelelhetnek az ipari k\u00f6vetelm\u00e9nyeknek. Ak\u00e1r l\u00e1gykapszul\u00e1kat, ak\u00e1r zselatin alap\u00fa \u00e9lelmiszereket gy\u00e1rt, a vir\u00e1gszil\u00e1rds\u00e1g vizsg\u00e1lata alapvet\u0151 r\u00e9sze a min\u0151s\u00e9gellen\u0151rz\u00e9si strat\u00e9gi\u00e1j\u00e1nak.<\/p>\t\t\t\t\t\t\t\t<\/div>\n\t\t\t\t<\/div>\n\t\t\t\t<div class=\"elementor-element elementor-element-e8cd3e1 elementor-align-center elementor-widget elementor-widget-button\" data-id=\"e8cd3e1\" data-element_type=\"widget\" data-widget_type=\"button.default\">\n\t\t\t\t<div class=\"elementor-widget-container\">\n\t\t\t\t\t\t\t\t\t<div class=\"elementor-button-wrapper\">\n\t\t\t\t\t<a class=\"elementor-button elementor-button-link elementor-size-sm\" href=\"https:\/\/www.packqc.com\/hu\/contact-us\/\">\n\t\t\t\t\t\t<span class=\"elementor-button-content-wrapper\">\n\t\t\t\t\t\t\t\t\t<span class=\"elementor-button-text\">L\u00e9pjen kapcsolatba vel\u00fcnk<\/span>\n\t\t\t\t\t<\/span>\n\t\t\t\t\t<\/a>\n\t\t\t\t<\/div>\n\t\t\t\t\t\t\t\t<\/div>\n\t\t\t\t<\/div>\n\t\t\t\t<\/div>\n\t\t\t\t\t<\/div>\n\t\t\t\t<\/div>\n\t\t\t\t<\/div>","protected":false},"excerpt":{"rendered":"<p>Bloom Strength Testing In the food and pharmaceutical industries, ensuring product consistency, texture, and stability is crucial. One of the key parameters for gelatin-based products, especially gelatin and softgels, is bloom strength. This essential measurement helps manufacturers maintain quality control across production batches. We&#8217;ll explore what bloom strength is, how to perform a bloom test, [&hellip;]<\/p>","protected":false},"author":2,"featured_media":0,"parent":5290,"menu_order":0,"comment_status":"closed","ping_status":"closed","template":"","meta":{"_acf_changed":false,"site-sidebar-layout":"no-sidebar","site-content-layout":"page-builder","ast-site-content-layout":"full-width-container","site-content-style":"default","site-sidebar-style":"default","ast-global-header-display":"","ast-banner-title-visibility":"","ast-main-header-display":"","ast-hfb-above-header-display":"","ast-hfb-below-header-display":"","ast-hfb-mobile-header-display":"","site-post-title":"disabled","ast-breadcrumbs-content":"","ast-featured-img":"disabled","footer-sml-layout":"","theme-transparent-header-meta":"","adv-header-id-meta":"","stick-header-meta":"","header-above-stick-meta":"","header-main-stick-meta":"","header-below-stick-meta":"","astra-migrate-meta-layouts":"set","ast-page-background-enabled":"default","ast-page-background-meta":{"desktop":{"background-color":"var(--ast-global-color-4)","background-image":"","background-repeat":"repeat","background-position":"center center","background-size":"auto","background-attachment":"scroll","background-type":"","background-media":"","overlay-type":"","overlay-color":"","overlay-gradient":""},"tablet":{"background-color":"","background-image":"","background-repeat":"repeat","background-position":"center center","background-size":"auto","background-attachment":"scroll","background-type":"","background-media":"","overlay-type":"","overlay-color":"","overlay-gradient":""},"mobile":{"background-color":"","background-image":"","background-repeat":"repeat","background-position":"center center","background-size":"auto","background-attachment":"scroll","background-type":"","background-media":"","overlay-type":"","overlay-color":"","overlay-gradient":""}},"ast-content-background-meta":{"desktop":{"background-color":"var(--ast-global-color-5)","background-image":"","background-repeat":"repeat","background-position":"center center","background-size":"auto","background-attachment":"scroll","background-type":"","background-media":"","overlay-type":"","overlay-color":"","overlay-gradient":""},"tablet":{"background-color":"var(--ast-global-color-5)","background-image":"","background-repeat":"repeat","background-position":"center center","background-size":"auto","background-attachment":"scroll","background-type":"","background-media":"","overlay-type":"","overlay-color":"","overlay-gradient":""},"mobile":{"background-color":"var(--ast-global-color-5)","background-image":"","background-repeat":"repeat","background-position":"center center","background-size":"auto","background-attachment":"scroll","background-type":"","background-media":"","overlay-type":"","overlay-color":"","overlay-gradient":""}},"footnotes":""},"class_list":["post-5603","page","type-page","status-publish","hentry"],"acf":[],"_links":{"self":[{"href":"https:\/\/www.packqc.com\/hu\/wp-json\/wp\/v2\/pages\/5603","targetHints":{"allow":["GET"]}}],"collection":[{"href":"https:\/\/www.packqc.com\/hu\/wp-json\/wp\/v2\/pages"}],"about":[{"href":"https:\/\/www.packqc.com\/hu\/wp-json\/wp\/v2\/types\/page"}],"author":[{"embeddable":true,"href":"https:\/\/www.packqc.com\/hu\/wp-json\/wp\/v2\/users\/2"}],"replies":[{"embeddable":true,"href":"https:\/\/www.packqc.com\/hu\/wp-json\/wp\/v2\/comments?post=5603"}],"version-history":[{"count":0,"href":"https:\/\/www.packqc.com\/hu\/wp-json\/wp\/v2\/pages\/5603\/revisions"}],"up":[{"embeddable":true,"href":"https:\/\/www.packqc.com\/hu\/wp-json\/wp\/v2\/pages\/5290"}],"wp:attachment":[{"href":"https:\/\/www.packqc.com\/hu\/wp-json\/wp\/v2\/media?parent=5603"}],"curies":[{"name":"wp","href":"https:\/\/api.w.org\/{rel}","templated":true}]}}