{"id":5113,"date":"2025-02-24T15:07:43","date_gmt":"2025-02-24T07:07:43","guid":{"rendered":"https:\/\/www.packqc.com\/?page_id=5113"},"modified":"2026-02-02T11:08:48","modified_gmt":"2026-02-02T03:08:48","slug":"usp-1207-leak-test-apparatus-for-food-package","status":"publish","type":"page","link":"https:\/\/www.packqc.com\/lt\/usp-1207-leak-test-apparatus-for-food-package\/","title":{"rendered":"USP 1207 nuot\u0117kio tikrinimo aparatas maisto pakuot\u0117ms"},"content":{"rendered":"<div data-elementor-type=\"wp-page\" data-elementor-id=\"5113\" class=\"elementor elementor-5113\" data-elementor-post-type=\"page\">\n\t\t\t\t<div class=\"elementor-element elementor-element-f940e3c e-flex e-con-boxed e-con e-parent\" data-id=\"f940e3c\" data-element_type=\"container\">\n\t\t\t\t\t<div class=\"e-con-inner\">\n\t\t\t\t<div class=\"elementor-element elementor-element-002a9df elementor-widget elementor-widget-heading\" data-id=\"002a9df\" data-element_type=\"widget\" data-widget_type=\"heading.default\">\n\t\t\t\t<div class=\"elementor-widget-container\">\n\t\t\t\t\t<h2 class=\"elementor-heading-title elementor-size-default\">USP 1207 nuot\u0117kio tikrinimo aparatas maisto pakuot\u0117ms<\/h2>\t\t\t\t<\/div>\n\t\t\t\t<\/div>\n\t\t\t\t<div class=\"elementor-element elementor-element-058bcf9 elementor-widget elementor-widget-text-editor\" data-id=\"058bcf9\" data-element_type=\"widget\" data-widget_type=\"text-editor.default\">\n\t\t\t\t<div class=\"elementor-widget-container\">\n\t\t\t\t\t\t\t\t\t<p><a style=\"text-align: var(--text-align); font-size: 1rem;\" href=\"https:\/\/www.packqc.com\/lt\/leak-test-apparatus-usp-1207\/\" target=\"_blank\" rel=\"noopener\"><b>Sandarumo tikrinimo aparatas<\/b><\/a>&nbsp;yra b\u016btini \u012frankiai <b>vertinant maisto pakuo\u010di\u0173 vientisum\u0105<\/b>. \u0160ie aparatai skirti aptikti mikronutek\u0117jus ir u\u017etikrinti sterili\u0173 bei jautri\u0173 gamini\u0173 apsaug\u0105. Atitiktis <b>1207 USP<\/b> yra b\u016btinas norint i\u0161laikyti gaminio saug\u0105, vientisum\u0105 ir kokyb\u0119 visoje tiekimo grandin\u0117je. \u0160is standartas apibr\u0117\u017eia esminius testavimo kriterijus <b>konteinerio u\u017edarymo vientisumas<\/b> (CCI), u\u017etikrinant, kad pakuot\u0117 patikimai apsaugot\u0173 gaminius nuo u\u017eter\u0161imo, oro, dr\u0117gm\u0117s ir mikrob\u0173 poveikio.<\/p>\n<p>Nesandarumo tikrinimas yra b\u016btinas procesas, u\u017etikrinantis, kad maisto pakuot\u0117 i\u0161likt\u0173 vientisa ir b\u016bt\u0173 i\u0161vengta u\u017eter\u0161imo. Maistui, farmacijos produktams, medicinos prietaisams ir kitoms jautrioms prek\u0117ms reikia sandarios pakuot\u0117s, kuri veiksmingai apsaugot\u0173 nuo i\u0161orini\u0173 veiksni\u0173, galin\u010di\u0173 sugadinti arba pa\u017eeisti produkt\u0105.<\/p>\n<p>\u201eCell Instruments\u201c si\u016blo plat\u0173 asortiment\u0105 <b>Sandarumo tikrinimo aparatas<\/b> kurios yra skirtos susitikti <b>1207 USP<\/b> reikalavimus. M\u016bs\u0173 sandarumo tikrintuvai naudojami \u012fvairioms reikm\u0117ms, \u012fskaitant farmacijos pakuotes, medicinos prietais\u0173 sandarinim\u0105 ir kt. \u017demiau yra m\u016bs\u0173 pavyzdiniai nuot\u0117kio tikrinimo sprendimai:<\/p>\t\t\t\t\t\t\t\t<\/div>\n\t\t\t\t<\/div>\n\t\t\t\t\t<\/div>\n\t\t\t\t<\/div>\n\t\t<div class=\"elementor-element elementor-element-367b035 e-flex e-con-boxed e-con e-parent\" data-id=\"367b035\" data-element_type=\"container\">\n\t\t\t\t\t<div class=\"e-con-inner\">\n\t\t<div class=\"elementor-element elementor-element-22c653f e-grid e-con-full e-con e-child\" data-id=\"22c653f\" data-element_type=\"container\">\n\t\t\t\t<div class=\"elementor-element elementor-element-c6e3239 elementor-position-top elementor-widget elementor-widget-image-box\" data-id=\"c6e3239\" data-element_type=\"widget\" data-widget_type=\"image-box.default\">\n\t\t\t\t<div class=\"elementor-widget-container\">\n\t\t\t\t\t<div class=\"elementor-image-box-wrapper\"><figure class=\"elementor-image-box-img\"><a href=\"https:\/\/www.packqc.com\/lt\/product\/sale-astm-d3078-pouch-leak-tester-astm-d4991\/\" tabindex=\"-1\"><img fetchpriority=\"high\" decoding=\"async\" width=\"600\" height=\"600\" src=\"https:\/\/www.packqc.com\/wp-content\/uploads\/2025\/02\/LT-01-USP-1207-Leak-Test-Apparatus-for-Food-Package.webp\" class=\"attachment-full size-full wp-image-5117\" alt=\"LT-01 USP 1207 Maisto pakuot\u0117s sandarumo tikrinimo aparatas\" srcset=\"https:\/\/www.packqc.com\/wp-content\/uploads\/2025\/02\/LT-01-USP-1207-Leak-Test-Apparatus-for-Food-Package.webp 600w, https:\/\/www.packqc.com\/wp-content\/uploads\/2025\/02\/LT-01-USP-1207-Leak-Test-Apparatus-for-Food-Package-300x300.webp 300w, https:\/\/www.packqc.com\/wp-content\/uploads\/2025\/02\/LT-01-USP-1207-Leak-Test-Apparatus-for-Food-Package-100x100.webp 100w, https:\/\/www.packqc.com\/wp-content\/uploads\/2025\/02\/LT-01-USP-1207-Leak-Test-Apparatus-for-Food-Package-150x150.webp 150w, https:\/\/www.packqc.com\/wp-content\/uploads\/2025\/02\/LT-01-USP-1207-Leak-Test-Apparatus-for-Food-Package-12x12.webp 12w\" sizes=\"(max-width: 600px) 100vw, 600px\" \/><\/a><\/figure><div class=\"elementor-image-box-content\"><h3 class=\"elementor-image-box-title\"><a href=\"https:\/\/www.packqc.com\/lt\/product\/sale-astm-d3078-pouch-leak-tester-astm-d4991\/\">LT-01 sandarumo tikrinimo aparatas<\/a><\/h3><\/div><\/div>\t\t\t\t<\/div>\n\t\t\t\t<\/div>\n\t\t\t\t<div class=\"elementor-element elementor-element-bba5d12 elementor-position-top elementor-widget elementor-widget-image-box\" data-id=\"bba5d12\" data-element_type=\"widget\" data-widget_type=\"image-box.default\">\n\t\t\t\t<div class=\"elementor-widget-container\">\n\t\t\t\t\t<div class=\"elementor-image-box-wrapper\"><figure class=\"elementor-image-box-img\"><a href=\"https:\/\/www.packqc.com\/lt\/product\/sale-astm-d4991-package-leak-tester-astm-d3078\/\" tabindex=\"-1\"><img decoding=\"async\" width=\"600\" height=\"600\" src=\"https:\/\/www.packqc.com\/wp-content\/uploads\/2025\/02\/LT-02-USP-1207-Leak-Test-Apparatus-for-Food-Package.webp\" class=\"attachment-full size-full wp-image-5118\" alt=\"LT-02 USP 1207 Maisto pakuot\u0117s sandarumo tikrinimo aparatas\" srcset=\"https:\/\/www.packqc.com\/wp-content\/uploads\/2025\/02\/LT-02-USP-1207-Leak-Test-Apparatus-for-Food-Package.webp 600w, https:\/\/www.packqc.com\/wp-content\/uploads\/2025\/02\/LT-02-USP-1207-Leak-Test-Apparatus-for-Food-Package-300x300.webp 300w, https:\/\/www.packqc.com\/wp-content\/uploads\/2025\/02\/LT-02-USP-1207-Leak-Test-Apparatus-for-Food-Package-100x100.webp 100w, https:\/\/www.packqc.com\/wp-content\/uploads\/2025\/02\/LT-02-USP-1207-Leak-Test-Apparatus-for-Food-Package-150x150.webp 150w, https:\/\/www.packqc.com\/wp-content\/uploads\/2025\/02\/LT-02-USP-1207-Leak-Test-Apparatus-for-Food-Package-12x12.webp 12w\" sizes=\"(max-width: 600px) 100vw, 600px\" \/><\/a><\/figure><div class=\"elementor-image-box-content\"><h3 class=\"elementor-image-box-title\"><a href=\"https:\/\/www.packqc.com\/lt\/product\/sale-astm-d4991-package-leak-tester-astm-d3078\/\">LT-02 sandarumo tikrinimo aparatas<\/a><\/h3><\/div><\/div>\t\t\t\t<\/div>\n\t\t\t\t<\/div>\n\t\t\t\t<div class=\"elementor-element elementor-element-36f76d6 elementor-position-top elementor-widget elementor-widget-image-box\" data-id=\"36f76d6\" data-element_type=\"widget\" data-widget_type=\"image-box.default\">\n\t\t\t\t<div class=\"elementor-widget-container\">\n\t\t\t\t\t<div class=\"elementor-image-box-wrapper\"><figure class=\"elementor-image-box-img\"><a href=\"https:\/\/www.packqc.com\/lt\/product\/lt-03-bubble-leak-test-equipment\/\" tabindex=\"-1\"><img decoding=\"async\" width=\"600\" height=\"600\" src=\"https:\/\/www.packqc.com\/wp-content\/uploads\/2025\/02\/LT-03-USP-1207-Leak-Test-Apparatus-for-Food-Package.webp\" class=\"attachment-full size-full wp-image-5115\" alt=\"LT-03 USP 1207 Maisto pakuot\u0117s sandarumo tikrinimo aparatas\" srcset=\"https:\/\/www.packqc.com\/wp-content\/uploads\/2025\/02\/LT-03-USP-1207-Leak-Test-Apparatus-for-Food-Package.webp 600w, https:\/\/www.packqc.com\/wp-content\/uploads\/2025\/02\/LT-03-USP-1207-Leak-Test-Apparatus-for-Food-Package-300x300.webp 300w, https:\/\/www.packqc.com\/wp-content\/uploads\/2025\/02\/LT-03-USP-1207-Leak-Test-Apparatus-for-Food-Package-100x100.webp 100w, https:\/\/www.packqc.com\/wp-content\/uploads\/2025\/02\/LT-03-USP-1207-Leak-Test-Apparatus-for-Food-Package-150x150.webp 150w, https:\/\/www.packqc.com\/wp-content\/uploads\/2025\/02\/LT-03-USP-1207-Leak-Test-Apparatus-for-Food-Package-12x12.webp 12w\" sizes=\"(max-width: 600px) 100vw, 600px\" \/><\/a><\/figure><div class=\"elementor-image-box-content\"><h3 class=\"elementor-image-box-title\"><a href=\"https:\/\/www.packqc.com\/lt\/product\/lt-03-bubble-leak-test-equipment\/\">LT-03 sandarumo tikrinimo aparatas<\/a><\/h3><\/div><\/div>\t\t\t\t<\/div>\n\t\t\t\t<\/div>\n\t\t\t\t<div class=\"elementor-element elementor-element-f26dc7a elementor-position-top elementor-widget elementor-widget-image-box\" data-id=\"f26dc7a\" data-element_type=\"widget\" data-widget_type=\"image-box.default\">\n\t\t\t\t<div class=\"elementor-widget-container\">\n\t\t\t\t\t<div class=\"elementor-image-box-wrapper\"><figure class=\"elementor-image-box-img\"><a href=\"https:\/\/www.packqc.com\/lt\/product\/mlt-01-vacuum-decay-leak-test-equipment\/\" tabindex=\"-1\"><img loading=\"lazy\" decoding=\"async\" width=\"600\" height=\"600\" src=\"https:\/\/www.packqc.com\/wp-content\/uploads\/2025\/02\/GLT-01-USP-1207-Leak-Test-Apparatus-for-Food-Package.webp\" class=\"attachment-full size-full wp-image-5116\" alt=\"GLT-01 USP 1207 nuot\u0117kio tikrinimo aparatas maisto pakuot\u0117ms\" srcset=\"https:\/\/www.packqc.com\/wp-content\/uploads\/2025\/02\/GLT-01-USP-1207-Leak-Test-Apparatus-for-Food-Package.webp 600w, https:\/\/www.packqc.com\/wp-content\/uploads\/2025\/02\/GLT-01-USP-1207-Leak-Test-Apparatus-for-Food-Package-300x300.webp 300w, https:\/\/www.packqc.com\/wp-content\/uploads\/2025\/02\/GLT-01-USP-1207-Leak-Test-Apparatus-for-Food-Package-100x100.webp 100w, https:\/\/www.packqc.com\/wp-content\/uploads\/2025\/02\/GLT-01-USP-1207-Leak-Test-Apparatus-for-Food-Package-150x150.webp 150w, https:\/\/www.packqc.com\/wp-content\/uploads\/2025\/02\/GLT-01-USP-1207-Leak-Test-Apparatus-for-Food-Package-12x12.webp 12w\" sizes=\"(max-width: 600px) 100vw, 600px\" \/><\/a><\/figure><div class=\"elementor-image-box-content\"><h3 class=\"elementor-image-box-title\"><a href=\"https:\/\/www.packqc.com\/lt\/product\/mlt-01-vacuum-decay-leak-test-equipment\/\">MLT-01 sandarumo tikrinimo aparatas<\/a><\/h3><\/div><\/div>\t\t\t\t<\/div>\n\t\t\t\t<\/div>\n\t\t\t\t<\/div>\n\t\t\t\t\t<\/div>\n\t\t\t\t<\/div>\n\t\t\t\t<\/div>","protected":false},"excerpt":{"rendered":"<p>USP 1207 nuot\u0117kio tikrinimo aparatas, skirtas maisto pakuo\u010di\u0173 nuot\u0117kio tikrinimo aparatams, yra pagrindin\u0117 priemon\u0117, skirta \u012fvertinti maisto pakuo\u010di\u0173 vientisum\u0105. \u0160ie aparatai skirti aptikti mikronutek\u0117jus ir u\u017etikrinti sterili\u0173 bei jautri\u0173 gamini\u0173 apsaug\u0105. Atitiktis USP 1207 yra b\u016btina norint i\u0161laikyti gaminio saug\u0105, vientisum\u0105 ir kokyb\u0119 visoje tiekimo grandin\u0117je. \u0160is standartas [\u2026]<\/p>","protected":false},"author":2,"featured_media":0,"parent":0,"menu_order":0,"comment_status":"closed","ping_status":"closed","template":"","meta":{"_acf_changed":false,"site-sidebar-layout":"no-sidebar","site-content-layout":"page-builder","ast-site-content-layout":"full-width-container","site-content-style":"default","site-sidebar-style":"default","ast-global-header-display":"","ast-banner-title-visibility":"","ast-main-header-display":"","ast-hfb-above-header-display":"","ast-hfb-below-header-display":"","ast-hfb-mobile-header-display":"","site-post-title":"disabled","ast-breadcrumbs-content":"","ast-featured-img":"disabled","footer-sml-layout":"","theme-transparent-header-meta":"","adv-header-id-meta":"","stick-header-meta":"","header-above-stick-meta":"","header-main-stick-meta":"","header-below-stick-meta":"","astra-migrate-meta-layouts":"set","ast-page-background-enabled":"default","ast-page-background-meta":{"desktop":{"background-color":"var(--ast-global-color-4)","background-image":"","background-repeat":"repeat","background-position":"center center","background-size":"auto","background-attachment":"scroll","background-type":"","background-media":"","overlay-type":"","overlay-color":"","overlay-gradient":""},"tablet":{"background-color":"","background-image":"","background-repeat":"repeat","background-position":"center center","background-size":"auto","background-attachment":"scroll","background-type":"","background-media":"","overlay-type":"","overlay-color":"","overlay-gradient":""},"mobile":{"background-color":"","background-image":"","background-repeat":"repeat","background-position":"center center","background-size":"auto","background-attachment":"scroll","background-type":"","background-media":"","overlay-type":"","overlay-color":"","overlay-gradient":""}},"ast-content-background-meta":{"desktop":{"background-color":"var(--ast-global-color-5)","background-image":"","background-repeat":"repeat","background-position":"center center","background-size":"auto","background-attachment":"scroll","background-type":"","background-media":"","overlay-type":"","overlay-color":"","overlay-gradient":""},"tablet":{"background-color":"var(--ast-global-color-5)","background-image":"","background-repeat":"repeat","background-position":"center center","background-size":"auto","background-attachment":"scroll","background-type":"","background-media":"","overlay-type":"","overlay-color":"","overlay-gradient":""},"mobile":{"background-color":"var(--ast-global-color-5)","background-image":"","background-repeat":"repeat","background-position":"center center","background-size":"auto","background-attachment":"scroll","background-type":"","background-media":"","overlay-type":"","overlay-color":"","overlay-gradient":""}},"footnotes":""},"class_list":["post-5113","page","type-page","status-publish","hentry"],"acf":[],"_links":{"self":[{"href":"https:\/\/www.packqc.com\/lt\/wp-json\/wp\/v2\/pages\/5113","targetHints":{"allow":["GET"]}}],"collection":[{"href":"https:\/\/www.packqc.com\/lt\/wp-json\/wp\/v2\/pages"}],"about":[{"href":"https:\/\/www.packqc.com\/lt\/wp-json\/wp\/v2\/types\/page"}],"author":[{"embeddable":true,"href":"https:\/\/www.packqc.com\/lt\/wp-json\/wp\/v2\/users\/2"}],"replies":[{"embeddable":true,"href":"https:\/\/www.packqc.com\/lt\/wp-json\/wp\/v2\/comments?post=5113"}],"version-history":[{"count":0,"href":"https:\/\/www.packqc.com\/lt\/wp-json\/wp\/v2\/pages\/5113\/revisions"}],"wp:attachment":[{"href":"https:\/\/www.packqc.com\/lt\/wp-json\/wp\/v2\/media?parent=5113"}],"curies":[{"name":"wp","href":"https:\/\/api.w.org\/{rel}","templated":true}]}}