{"id":5603,"date":"2025-06-30T15:51:43","date_gmt":"2025-06-30T07:51:43","guid":{"rendered":"https:\/\/www.packqc.com\/?page_id=5603"},"modified":"2026-02-02T11:08:46","modified_gmt":"2026-02-02T03:08:46","slug":"bloom-strength-testing-solution-gelatin","status":"publish","type":"page","link":"https:\/\/www.packqc.com\/lt\/solutions\/bloom-strength-testing-solution-gelatin\/","title":{"rendered":"\"Bloom\" stiprumo testavimo sprendimas"},"content":{"rendered":"<div data-elementor-type=\"wp-page\" data-elementor-id=\"5603\" class=\"elementor elementor-5603\" data-elementor-post-type=\"page\">\n\t\t\t\t<div class=\"elementor-element elementor-element-obvpkm1 e-flex e-con-boxed e-con e-parent\" data-id=\"obvpkm1\" data-element_type=\"container\" data-settings=\"{&quot;background_background&quot;:&quot;classic&quot;}\">\n\t\t\t\t\t<div class=\"e-con-inner\">\n\t\t\t\t<div class=\"elementor-element elementor-element-e3ee3a0 elementor-widget elementor-widget-heading\" data-id=\"e3ee3a0\" data-element_type=\"widget\" data-widget_type=\"heading.default\">\n\t\t\t\t<div class=\"elementor-widget-container\">\n\t\t\t\t\t<h1 class=\"elementor-heading-title elementor-size-default\">\u017dyd\u0117jimo stiprumo bandymas<\/h1>\t\t\t\t<\/div>\n\t\t\t\t<\/div>\n\t\t\t\t<div class=\"elementor-element elementor-element-ad4c880 elementor-widget__width-initial elementor-widget elementor-widget-text-editor\" data-id=\"ad4c880\" data-element_type=\"widget\" data-widget_type=\"text-editor.default\">\n\t\t\t\t<div class=\"elementor-widget-container\">\n\t\t\t\t\t\t\t\t\t<p data-start=\"375\" data-end=\"906\">Maisto ir farmacijos pramon\u0117je labai svarbu u\u017etikrinti produkt\u0173 konsistencij\u0105, tekst\u016br\u0105 ir stabilum\u0105. Vienas i\u0161 svarbiausi\u0173 \u017eelatinos gamini\u0173, ypa\u010d \u017eelatinos ir mink\u0161t\u0173j\u0173 geli\u0173, parametr\u0173 yra <strong data-start=\"592\" data-end=\"610\">\u017eyd\u0117jimo stiprumas<\/strong>. \u0160is esminis matavimas padeda gamintojams u\u017etikrinti gamybos partij\u0173 kokyb\u0117s kontrol\u0119. I\u0161nagrin\u0117sime, kas yra \u017eyd\u0117jimo stiprumas, kaip atlikti <strong data-start=\"783\" data-end=\"797\">\u017eyd\u0117jimo testas<\/strong>, ir kaip<a href=\"https:\/\/www.packqc.com\/lt\/product\/gst-01-gel-strength-tester\/\"> <strong data-start=\"809\" data-end=\"832\">gelio stiprumo testeris<\/strong><\/a> kaip ir <strong data-start=\"842\" data-end=\"874\">GST-01 i\u0161 Cell Instruments<\/strong> gali pad\u0117ti optimizuoti \u0161\u012f proces\u0105.<\/p>\t\t\t\t\t\t\t\t<\/div>\n\t\t\t\t<\/div>\n\t\t\t\t\t<\/div>\n\t\t\t\t<\/div>\n\t\t<div class=\"elementor-element elementor-element-a41a9ed e-flex e-con-boxed e-con e-parent\" data-id=\"a41a9ed\" data-element_type=\"container\">\n\t\t\t\t\t<div class=\"e-con-inner\">\n\t\t\t\t<div class=\"elementor-element elementor-element-5ebde6b elementor-widget elementor-widget-heading\" data-id=\"5ebde6b\" data-element_type=\"widget\" data-widget_type=\"heading.default\">\n\t\t\t\t<div class=\"elementor-widget-container\">\n\t\t\t\t\t<h2 class=\"elementor-heading-title elementor-size-default\">Kas yra \"Bloom\" stiprumas ir kod\u0117l jis svarbus?<\/h2>\t\t\t\t<\/div>\n\t\t\t\t<\/div>\n\t\t\t\t<div class=\"elementor-element elementor-element-42f74d3 elementor-widget elementor-widget-text-editor\" data-id=\"42f74d3\" data-element_type=\"widget\" data-widget_type=\"text-editor.default\">\n\t\t\t\t<div class=\"elementor-widget-container\">\n\t\t\t\t\t\t\t\t\t<p data-start=\"967\" data-end=\"1250\"><strong data-start=\"967\" data-end=\"985\">\u017dyd\u0117jimo stiprumas<\/strong> rei\u0161kia, kad <strong data-start=\"1000\" data-end=\"1039\">tvirtumo arba gelio stiprumo matas.<\/strong> \u017eelatinos. Jis i\u0161rei\u0161kiamas gramais (g) ir pavadintas metod\u0105 suk\u016brusio Oskaro T. Bloomo vardu. \u0160i vert\u0117 rodo <strong data-start=\"1163\" data-end=\"1221\">j\u0117ga, reikalinga \u017eelatinos gelio pavir\u0161iui nuspausti.<\/strong> tam tikromis s\u0105lygomis.<\/p><p data-start=\"1252\" data-end=\"1345\">\u017dyd\u0117jimo stiprumas turi tiesiogin\u0117s \u012ftakos produkt\u0173 eksploatacin\u0117ms ir juslin\u0117ms savyb\u0117ms, pvz:<\/p><ul><li data-start=\"1348\" data-end=\"1378\"><strong data-start=\"1348\" data-end=\"1359\">Tekst\u016bra<\/strong> gumini\u0173 saldaini\u0173<\/li><li data-start=\"1381\" data-end=\"1431\"><strong data-start=\"1381\" data-end=\"1402\">Kapsul\u0117s formavimas<\/strong> farmacin\u0117se mink\u0161tosiose granul\u0117se<\/li><li data-start=\"1434\" data-end=\"1476\"><strong data-start=\"1434\" data-end=\"1447\">Mouthfeel<\/strong> pieno produkt\u0173 ir desert\u0173 gaminiuose.<\/li><\/ul><p data-start=\"1478\" data-end=\"1682\">Didesn\u0117 \"bloom\" reik\u0161m\u0117 rei\u0161kia, kad \u017eelatinos gelis yra tvirtesnis ir elastingesnis, o ma\u017eesn\u0117 reik\u0161m\u0117 rei\u0161kia, kad gelis yra mink\u0161tesnis. Gamintojai renkasi \u017eelatin\u0105 pagal \u017eyd\u0117jimo stiprum\u0105, kad ji atitikt\u0173 j\u0173 gaminiams keliamus reikalavimus.<\/p>\t\t\t\t\t\t\t\t<\/div>\n\t\t\t\t<\/div>\n\t\t\t\t\t<\/div>\n\t\t\t\t<\/div>\n\t\t<div class=\"elementor-element elementor-element-vjhz43k e-flex e-con-boxed e-con e-parent\" data-id=\"vjhz43k\" data-element_type=\"container\">\n\t\t\t\t\t<div class=\"e-con-inner\">\n\t\t\t\t<div class=\"elementor-element elementor-element-50d6336 elementor-widget elementor-widget-heading\" data-id=\"50d6336\" data-element_type=\"widget\" data-widget_type=\"heading.default\">\n\t\t\t\t<div class=\"elementor-widget-container\">\n\t\t\t\t\t<h2 class=\"elementor-heading-title elementor-size-default\">\"Bloom\" testas: Metodas ir standartai<\/h2>\t\t\t\t<\/div>\n\t\t\t\t<\/div>\n\t\t<div class=\"elementor-element elementor-element-ae0cc84 e-con-full e-flex e-con e-child\" data-id=\"ae0cc84\" data-element_type=\"container\">\n\t\t\t\t<div class=\"elementor-element elementor-element-9308ff2 elementor-widget__width-initial elementor-widget elementor-widget-text-editor\" data-id=\"9308ff2\" data-element_type=\"widget\" data-widget_type=\"text-editor.default\">\n\t\t\t\t<div class=\"elementor-widget-container\">\n\t\t\t\t\t\t\t\t\t<p data-start=\"1729\" data-end=\"1882\">The <strong data-start=\"1733\" data-end=\"1747\">\u017eyd\u0117jimo testas<\/strong> atliekami kontroliuojamoje temperat\u016broje ir dr\u0117gm\u0117je, kad b\u016bt\u0173 u\u017etikrinti vienodi rezultatai. Pateikiame trump\u0105 standartin\u0117s proced\u016bros apra\u0161ym\u0105:<\/p><ul><li data-start=\"1886\" data-end=\"1986\"><strong data-start=\"1886\" data-end=\"1905\">Gelio paruo\u0161imas<\/strong>: Paruo\u0161iamas 6,67% \u017eelatinos tirpalas ir supilamas \u012f standartinio dyd\u017eio \"Bloom\" stiklainius.<\/li><li data-start=\"1989\" data-end=\"2062\"><strong data-start=\"1989\" data-end=\"2001\">Gelizacija<\/strong>: Tirpalas leid\u017eiamas geliuoti <strong data-start=\"2037\" data-end=\"2061\">10 \u00b0C temperat\u016broje 16-18 valand\u0173<\/strong>.<\/li><li data-start=\"2065\" data-end=\"2227\"><strong data-start=\"2065\" data-end=\"2076\">Testavimas<\/strong>: Standartas <strong data-start=\"2089\" data-end=\"2112\">gelio stiprumo testeris<\/strong> su <strong data-start=\"2120\" data-end=\"2145\">5 mm skersmens st\u016bmoklis<\/strong> nusileid\u017eia <strong data-start=\"2158\" data-end=\"2171\">60 mm\/min<\/strong> kol st\u016bmoklis 4 mm \u012fsiskverbs \u012f gelio pavir\u0161i\u0173.<\/li><li data-start=\"2230\" data-end=\"2334\"><strong data-start=\"2230\" data-end=\"2240\">Rezultatas<\/strong>: Did\u017eiausia j\u0117ga (gramais), reikalinga \u0161iam \u012fsiskverbimui pasiekti, yra <strong data-start=\"2315\" data-end=\"2333\">\u017eyd\u0117jimo stiprumas<\/strong>.<\/li><\/ul><p data-start=\"2336\" data-end=\"2474\">\u0160is metodas nurodytas \u012fvairiuose farmakop\u0117jos ir pramon\u0117s standartuose, \u012fskaitant <strong data-start=\"2422\" data-end=\"2429\">USP<\/strong>, <strong data-start=\"2431\" data-end=\"2437\">EP<\/strong>, ir <strong data-start=\"2443\" data-end=\"2453\">GB6783<\/strong> \u017eelatinos bandymams.<\/p>\t\t\t\t\t\t\t\t<\/div>\n\t\t\t\t<\/div>\n\t\t\t\t<div class=\"elementor-element elementor-element-25f05fb elementor-widget__width-initial elementor-widget elementor-widget-video\" data-id=\"25f05fb\" data-element_type=\"widget\" data-settings=\"{&quot;youtube_url&quot;:&quot;https:\\\/\\\/youtu.be\\\/rrzQxj3794s?si=ERhkmO3Yz1kkFEFV&quot;,&quot;mute&quot;:&quot;yes&quot;,&quot;loop&quot;:&quot;yes&quot;,&quot;video_type&quot;:&quot;youtube&quot;,&quot;controls&quot;:&quot;yes&quot;}\" data-widget_type=\"video.default\">\n\t\t\t\t<div class=\"elementor-widget-container\">\n\t\t\t\t\t\t\t<div class=\"elementor-wrapper elementor-open-inline\">\n\t\t\t<div class=\"elementor-video\"><\/div>\t\t<\/div>\n\t\t\t\t\t\t<\/div>\n\t\t\t\t<\/div>\n\t\t\t\t<\/div>\n\t\t\t\t\t<\/div>\n\t\t\t\t<\/div>\n\t\t<div class=\"elementor-element elementor-element-9ebec98 e-flex e-con-boxed e-con e-parent\" data-id=\"9ebec98\" data-element_type=\"container\">\n\t\t\t\t\t<div class=\"e-con-inner\">\n\t\t\t\t<div class=\"elementor-element elementor-element-d622d16 elementor-widget elementor-widget-heading\" data-id=\"d622d16\" data-element_type=\"widget\" data-widget_type=\"heading.default\">\n\t\t\t\t<div class=\"elementor-widget-container\">\n\t\t\t\t\t<h2 class=\"elementor-heading-title elementor-size-default\">\u017delatinos ir mink\u0161t\u0173j\u0173 geli\u0173 kokyb\u0117s kontrol\u0117s taikymas<\/h2>\t\t\t\t<\/div>\n\t\t\t\t<\/div>\n\t\t<div class=\"elementor-element elementor-element-aeb42bd e-con-full e-flex e-con e-child\" data-id=\"aeb42bd\" data-element_type=\"container\">\n\t\t\t\t<div class=\"elementor-element elementor-element-dc258dd elementor-widget__width-inherit elementor-widget elementor-widget-text-editor\" data-id=\"dc258dd\" data-element_type=\"widget\" data-widget_type=\"text-editor.default\">\n\t\t\t\t<div class=\"elementor-widget-container\">\n\t\t\t\t\t\t\t\t\t<p data-start=\"2540\" data-end=\"2668\">Tinklalapiui <strong data-start=\"2544\" data-end=\"2569\">\u017eelatinos gamintojai<\/strong>, kontroliuodami \u017eyd\u0117jimo stiprum\u0105, u\u017etikrinate partijos nuoseklum\u0105 ir atitikt\u012f kliento specifikacijoms.<\/p><p data-start=\"2670\" data-end=\"2737\">\u012e <strong data-start=\"2677\" data-end=\"2688\">mink\u0161tosios kapsul\u0117s<\/strong> pramon\u0117, lemia tinkamas \u017eyd\u0117jimo stiprumas:<\/p><ul><li data-start=\"2740\" data-end=\"2768\"><strong data-start=\"2740\" data-end=\"2766\">Kapsul\u0117s sienel\u0117s vientisumas<\/strong><\/li><li data-start=\"2771\" data-end=\"2800\"><strong data-start=\"2771\" data-end=\"2798\">\u012ekapsuliavimo stabilumas<\/strong><\/li><li data-start=\"2803\" data-end=\"2866\"><strong data-start=\"2803\" data-end=\"2838\">Tirpimas ir biologinis prieinamumas<\/strong> veikli\u0173j\u0173 med\u017eiag\u0173<\/li><\/ul><p data-start=\"2868\" data-end=\"3072\">Palaikyti optimalias \u017eyd\u0117jimo vertes labai svarbu <strong data-start=\"2917\" data-end=\"2954\">farmacijos MTTP ir gamyba.<\/strong>. Tas pats pasakytina ir apie <strong data-start=\"2976\" data-end=\"2998\">maisto produkt\u0173 gamintojai<\/strong>, kai \u017eied\u0173 stiprumas lemia galutinio produkto kramtomum\u0105 ir tvirtum\u0105.<\/p>\t\t\t\t\t\t\t\t<\/div>\n\t\t\t\t<\/div>\n\t\t\t\t<div class=\"elementor-element elementor-element-65475b3 elementor-widget__width-initial elementor-widget elementor-widget-image\" data-id=\"65475b3\" data-element_type=\"widget\" data-widget_type=\"image.default\">\n\t\t\t\t<div class=\"elementor-widget-container\">\n\t\t\t\t\t\t\t\t\t\t\t\t\t\t\t\t<a href=\"https:\/\/www.packqc.com\/lt\/product\/gst-01-gel-strength-tester\/\">\n\t\t\t\t\t\t\t<img fetchpriority=\"high\" decoding=\"async\" width=\"600\" height=\"600\" src=\"https:\/\/www.packqc.com\/wp-content\/uploads\/2025\/06\/Bloom-Strength-Testing.webp\" class=\"attachment-large size-large wp-image-5605\" alt=\"\u017dyd\u0117jimo stiprumo bandymas\" srcset=\"https:\/\/www.packqc.com\/wp-content\/uploads\/2025\/06\/Bloom-Strength-Testing.webp 600w, https:\/\/www.packqc.com\/wp-content\/uploads\/2025\/06\/Bloom-Strength-Testing-300x300.webp 300w, https:\/\/www.packqc.com\/wp-content\/uploads\/2025\/06\/Bloom-Strength-Testing-100x100.webp 100w, https:\/\/www.packqc.com\/wp-content\/uploads\/2025\/06\/Bloom-Strength-Testing-150x150.webp 150w, https:\/\/www.packqc.com\/wp-content\/uploads\/2025\/06\/Bloom-Strength-Testing-12x12.webp 12w\" sizes=\"(max-width: 600px) 100vw, 600px\" \/>\t\t\t\t\t\t\t\t<\/a>\n\t\t\t\t\t\t\t\t\t\t\t\t\t\t\t<\/div>\n\t\t\t\t<\/div>\n\t\t\t\t<\/div>\n\t\t\t\t<div class=\"elementor-element elementor-element-f7c44f8 elementor-widget elementor-widget-heading\" data-id=\"f7c44f8\" data-element_type=\"widget\" data-widget_type=\"heading.default\">\n\t\t\t\t<div class=\"elementor-widget-container\">\n\t\t\t\t\t<h2 class=\"elementor-heading-title elementor-size-default\">Gelio stiprumo testerio naudojimas: GST-01 pagal Cell Instruments<\/h2>\t\t\t\t<\/div>\n\t\t\t\t<\/div>\n\t\t<div class=\"elementor-element elementor-element-eac2bf8 e-con-full e-flex e-con e-child\" data-id=\"eac2bf8\" data-element_type=\"container\">\n\t\t\t\t<div class=\"elementor-element elementor-element-65f9b33 elementor-widget__width-inherit elementor-widget elementor-widget-text-editor\" data-id=\"65f9b33\" data-element_type=\"widget\" data-widget_type=\"text-editor.default\">\n\t\t\t\t<div class=\"elementor-widget-container\">\n\t\t\t\t\t\t\t\t\t<p data-start=\"3142\" data-end=\"3353\">Tikslus \u017eyd\u0117jimo stiprumo matavimas labai priklauso nuo patikimos \u012frangos. . <strong data-start=\"3221\" data-end=\"3251\">GST-01 gelio stiprumo testeris<\/strong> pagal <strong data-start=\"3255\" data-end=\"3275\">L\u0105steli\u0173 instrumentai<\/strong> u\u017etikrina tikslum\u0105 ir nuoseklum\u0105 \u012fvairiomis bandymo s\u0105lygomis.<\/p><p data-start=\"3355\" data-end=\"3382\"><strong data-start=\"3355\" data-end=\"3379\">Pagrindiniai privalumai<\/strong>:<\/p><ul><li data-start=\"3385\" data-end=\"3449\"><strong data-start=\"3385\" data-end=\"3422\">Patogus 7 coli\u0173 jutiklinis ekranas<\/strong> su intuityvia s\u0105saja<\/li><li data-start=\"3452\" data-end=\"3521\"><strong data-start=\"3452\" data-end=\"3482\">Didelis tikslumas (\u00b10,5% F.S.)<\/strong> ir poslinkio tikslumas (0,01 mm)<\/li><li data-start=\"3524\" data-end=\"3595\"><strong data-start=\"3524\" data-end=\"3547\">Keli bandym\u0173 re\u017eimai<\/strong>, \u012fskaitant did\u017eiausi\u0105 j\u0117g\u0105 ir atstum\u0105 veikiant apkrovai<\/li><li data-start=\"3598\" data-end=\"3685\"><strong data-start=\"3598\" data-end=\"3623\">\u012emontuotas mikroprinteris<\/strong> ir pasirinktin\u0117 RS232 programin\u0117s \u012frangos integracija duomen\u0173 valdymui<\/li><li data-start=\"3688\" data-end=\"3757\"><strong data-start=\"3688\" data-end=\"3713\">Pritaikomi \u012frenginiai<\/strong> \u012fvairiems tekst\u016bros analiz\u0117s reikalavimams<\/li><\/ul><p data-start=\"3759\" data-end=\"3952\">D\u0117l programuojamo grei\u010dio (1-100 mm\/min) ir pa\u017eangi\u0173 saugos funkcij\u0173 GST-01 idealiai tinka <strong data-start=\"3852\" data-end=\"3898\">Mokslini\u0173 tyrim\u0173 ir pl\u0117tros laboratorijos ir gamybos \u012frenginiai<\/strong> nor\u0117dami pagerinti savo kokyb\u0117s u\u017etikrinimo procesus.<\/p>\t\t\t\t\t\t\t\t<\/div>\n\t\t\t\t<\/div>\n\t\t\t\t<div class=\"elementor-element elementor-element-5a1af86 elementor-widget elementor-widget-text-editor\" data-id=\"5a1af86\" data-element_type=\"widget\" data-widget_type=\"text-editor.default\">\n\t\t\t\t<div class=\"elementor-widget-container\">\n\t\t\t\t\t\t\t\t\t<p data-start=\"3959\" data-end=\"4015\"><strong data-start=\"3959\" data-end=\"4013\">Geriausia \"Bloom\" stiprumo testo atlikimo praktika<\/strong><\/p><p data-start=\"4017\" data-end=\"4114\">Nor\u0117dami u\u017etikrinti atkuriamum\u0105 ir atitikt\u012f teis\u0117s akt\u0173 reikalavimams, atlikdami \u017eyd\u0117jimo bandymus, laikykit\u0117s \u0161i\u0173 rekomendacij\u0173:<\/p><ul><li data-start=\"4118\" data-end=\"4213\">Naudokite standartizuot\u0105 \u017eelatinos koncentracij\u0105 ir bandymo s\u0105lygas (laikas, temperat\u016bra ir dr\u0117gm\u0117).<\/li><li data-start=\"4216\" data-end=\"4262\">Reguliariai kalibruokite gelio stiprumo tester\u012f.<\/li><li data-start=\"4265\" data-end=\"4333\">Prie\u0161 kiekvien\u0105 bandym\u0105 \u012fsitikinkite, kad zondas yra \u0161varus ir ant jo n\u0117ra liku\u010di\u0173.<\/li><li data-start=\"4336\" data-end=\"4396\">Atlikite kelis m\u0117ginius ir i\u0161veskite rezultat\u0173 vidurk\u012f, kad rezultatai b\u016bt\u0173 tiksl\u016bs.<\/li><li data-start=\"4399\" data-end=\"4459\">Dokumentuoti aplinkos s\u0105lygas, kad b\u016bt\u0173 galima atsekti bandym\u0173 nuoseklum\u0105.<\/li><\/ul>\t\t\t\t\t\t\t\t<\/div>\n\t\t\t\t<\/div>\n\t\t\t\t<\/div>\n\t\t\t\t\t<\/div>\n\t\t\t\t<\/div>\n\t\t<div class=\"elementor-element elementor-element-hlnqc4n e-flex e-con-boxed e-con e-parent\" data-id=\"hlnqc4n\" data-element_type=\"container\" data-settings=\"{&quot;background_background&quot;:&quot;classic&quot;}\">\n\t\t\t\t\t<div class=\"e-con-inner\">\n\t\t<div class=\"elementor-element elementor-element-db992c8 e-con-full e-flex e-con e-child\" data-id=\"db992c8\" data-element_type=\"container\">\n\t\t\t\t<div class=\"elementor-element elementor-element-08e276e elementor-widget elementor-widget-heading\" data-id=\"08e276e\" data-element_type=\"widget\" data-widget_type=\"heading.default\">\n\t\t\t\t<div class=\"elementor-widget-container\">\n\t\t\t\t\t<h2 class=\"elementor-heading-title elementor-size-default\">Pasikalb\u0117kite su mumis<\/h2>\t\t\t\t<\/div>\n\t\t\t\t<\/div>\n\t\t\t\t<div class=\"elementor-element elementor-element-291d47f elementor-widget elementor-widget-text-editor\" data-id=\"291d47f\" data-element_type=\"widget\" data-widget_type=\"text-editor.default\">\n\t\t\t\t<div class=\"elementor-widget-container\">\n\t\t\t\t\t\t\t\t\t<p data-start=\"5158\" data-end=\"5630\">Supratimas ir tikslus matavimas <strong data-start=\"5197\" data-end=\"5215\">\u017eyd\u0117jimo stiprumas<\/strong> yra labai svarbus siekiant u\u017etikrinti \u017eelatinos ir mink\u0161t\u0173j\u0173 geli\u0173 produkt\u0173 kokyb\u0119. Naudojant tinkam\u0105 bandymo \u012frang\u0105, pvz. <strong data-start=\"5330\" data-end=\"5360\">GST-01 gelio stiprumo testeris<\/strong> i\u0161 Cell Instruments, gamintojai gali i\u0161laikyti auk\u0161tus standartus, suma\u017einti kintamum\u0105 ir laikytis pramon\u0117s reikalavim\u0173. Nesvarbu, ar gaminate mink\u0161t\u0173j\u0173 geli\u0173 kapsules, ar \u017eelatinos pagrindu pagamintus maisto produktus, \u017eyd\u0117jimo stiprumo bandymai yra esmin\u0117 j\u016bs\u0173 kokyb\u0117s kontrol\u0117s strategijos dalis.<\/p>\t\t\t\t\t\t\t\t<\/div>\n\t\t\t\t<\/div>\n\t\t\t\t<div class=\"elementor-element elementor-element-e8cd3e1 elementor-align-center elementor-widget elementor-widget-button\" data-id=\"e8cd3e1\" data-element_type=\"widget\" data-widget_type=\"button.default\">\n\t\t\t\t<div class=\"elementor-widget-container\">\n\t\t\t\t\t\t\t\t\t<div class=\"elementor-button-wrapper\">\n\t\t\t\t\t<a class=\"elementor-button elementor-button-link elementor-size-sm\" href=\"https:\/\/www.packqc.com\/lt\/contact-us\/\">\n\t\t\t\t\t\t<span class=\"elementor-button-content-wrapper\">\n\t\t\t\t\t\t\t\t\t<span class=\"elementor-button-text\">Susisiekite su mumis<\/span>\n\t\t\t\t\t<\/span>\n\t\t\t\t\t<\/a>\n\t\t\t\t<\/div>\n\t\t\t\t\t\t\t\t<\/div>\n\t\t\t\t<\/div>\n\t\t\t\t<\/div>\n\t\t\t\t\t<\/div>\n\t\t\t\t<\/div>\n\t\t\t\t<\/div>","protected":false},"excerpt":{"rendered":"<p>Bloom Strength Testing In the food and pharmaceutical industries, ensuring product consistency, texture, and stability is crucial. One of the key parameters for gelatin-based products, especially gelatin and softgels, is bloom strength. This essential measurement helps manufacturers maintain quality control across production batches. We&#8217;ll explore what bloom strength is, how to perform a bloom test, [&hellip;]<\/p>","protected":false},"author":2,"featured_media":0,"parent":5290,"menu_order":0,"comment_status":"closed","ping_status":"closed","template":"","meta":{"_acf_changed":false,"site-sidebar-layout":"no-sidebar","site-content-layout":"page-builder","ast-site-content-layout":"full-width-container","site-content-style":"default","site-sidebar-style":"default","ast-global-header-display":"","ast-banner-title-visibility":"","ast-main-header-display":"","ast-hfb-above-header-display":"","ast-hfb-below-header-display":"","ast-hfb-mobile-header-display":"","site-post-title":"disabled","ast-breadcrumbs-content":"","ast-featured-img":"disabled","footer-sml-layout":"","theme-transparent-header-meta":"","adv-header-id-meta":"","stick-header-meta":"","header-above-stick-meta":"","header-main-stick-meta":"","header-below-stick-meta":"","astra-migrate-meta-layouts":"set","ast-page-background-enabled":"default","ast-page-background-meta":{"desktop":{"background-color":"var(--ast-global-color-4)","background-image":"","background-repeat":"repeat","background-position":"center center","background-size":"auto","background-attachment":"scroll","background-type":"","background-media":"","overlay-type":"","overlay-color":"","overlay-gradient":""},"tablet":{"background-color":"","background-image":"","background-repeat":"repeat","background-position":"center center","background-size":"auto","background-attachment":"scroll","background-type":"","background-media":"","overlay-type":"","overlay-color":"","overlay-gradient":""},"mobile":{"background-color":"","background-image":"","background-repeat":"repeat","background-position":"center center","background-size":"auto","background-attachment":"scroll","background-type":"","background-media":"","overlay-type":"","overlay-color":"","overlay-gradient":""}},"ast-content-background-meta":{"desktop":{"background-color":"var(--ast-global-color-5)","background-image":"","background-repeat":"repeat","background-position":"center center","background-size":"auto","background-attachment":"scroll","background-type":"","background-media":"","overlay-type":"","overlay-color":"","overlay-gradient":""},"tablet":{"background-color":"var(--ast-global-color-5)","background-image":"","background-repeat":"repeat","background-position":"center center","background-size":"auto","background-attachment":"scroll","background-type":"","background-media":"","overlay-type":"","overlay-color":"","overlay-gradient":""},"mobile":{"background-color":"var(--ast-global-color-5)","background-image":"","background-repeat":"repeat","background-position":"center center","background-size":"auto","background-attachment":"scroll","background-type":"","background-media":"","overlay-type":"","overlay-color":"","overlay-gradient":""}},"footnotes":""},"class_list":["post-5603","page","type-page","status-publish","hentry"],"acf":[],"_links":{"self":[{"href":"https:\/\/www.packqc.com\/lt\/wp-json\/wp\/v2\/pages\/5603","targetHints":{"allow":["GET"]}}],"collection":[{"href":"https:\/\/www.packqc.com\/lt\/wp-json\/wp\/v2\/pages"}],"about":[{"href":"https:\/\/www.packqc.com\/lt\/wp-json\/wp\/v2\/types\/page"}],"author":[{"embeddable":true,"href":"https:\/\/www.packqc.com\/lt\/wp-json\/wp\/v2\/users\/2"}],"replies":[{"embeddable":true,"href":"https:\/\/www.packqc.com\/lt\/wp-json\/wp\/v2\/comments?post=5603"}],"version-history":[{"count":0,"href":"https:\/\/www.packqc.com\/lt\/wp-json\/wp\/v2\/pages\/5603\/revisions"}],"up":[{"embeddable":true,"href":"https:\/\/www.packqc.com\/lt\/wp-json\/wp\/v2\/pages\/5290"}],"wp:attachment":[{"href":"https:\/\/www.packqc.com\/lt\/wp-json\/wp\/v2\/media?parent=5603"}],"curies":[{"name":"wp","href":"https:\/\/api.w.org\/{rel}","templated":true}]}}