{"id":5603,"date":"2025-06-30T15:51:43","date_gmt":"2025-06-30T07:51:43","guid":{"rendered":"https:\/\/www.packqc.com\/?page_id=5603"},"modified":"2026-02-02T11:08:46","modified_gmt":"2026-02-02T03:08:46","slug":"bloom-strength-testing-solution-gelatin","status":"publish","type":"page","link":"https:\/\/www.packqc.com\/lv\/solutions\/bloom-strength-testing-solution-gelatin\/","title":{"rendered":"Bloom stipr\u012bbas test\u0113\u0161anas risin\u0101jums"},"content":{"rendered":"<div data-elementor-type=\"wp-page\" data-elementor-id=\"5603\" class=\"elementor elementor-5603\" data-elementor-post-type=\"page\">\n\t\t\t\t<div class=\"elementor-element elementor-element-obvpkm1 e-flex e-con-boxed e-con e-parent\" data-id=\"obvpkm1\" data-element_type=\"container\" data-settings=\"{&quot;background_background&quot;:&quot;classic&quot;}\">\n\t\t\t\t\t<div class=\"e-con-inner\">\n\t\t\t\t<div class=\"elementor-element elementor-element-e3ee3a0 elementor-widget elementor-widget-heading\" data-id=\"e3ee3a0\" data-element_type=\"widget\" data-widget_type=\"heading.default\">\n\t\t\t\t<div class=\"elementor-widget-container\">\n\t\t\t\t\t<h1 class=\"elementor-heading-title elementor-size-default\">Zied\u0113\u0161anas iztur\u012bbas test\u0113\u0161ana<\/h1>\t\t\t\t<\/div>\n\t\t\t\t<\/div>\n\t\t\t\t<div class=\"elementor-element elementor-element-ad4c880 elementor-widget__width-initial elementor-widget elementor-widget-text-editor\" data-id=\"ad4c880\" data-element_type=\"widget\" data-widget_type=\"text-editor.default\">\n\t\t\t\t<div class=\"elementor-widget-container\">\n\t\t\t\t\t\t\t\t\t<p data-start=\"375\" data-end=\"906\">P\u0101rtikas un farm\u0101cijas r\u016bpniec\u012bb\u0101 ir \u013coti svar\u012bgi nodro\u0161in\u0101t produktu konsistenci, tekst\u016bru un stabilit\u0101ti. Viens no galvenajiem \u017eelat\u012bna produktu, jo \u012bpa\u0161i \u017eelat\u012bna un softge\u013cu, parametriem ir. <strong data-start=\"592\" data-end=\"610\">zied\u0113\u0161anas stiprums<\/strong>. \u0160is b\u016btiskais m\u0113r\u012bjums pal\u012bdz ra\u017eot\u0101jiem uztur\u0113t kvalit\u0101tes kontroli vis\u0101s ra\u017eo\u0161anas partij\u0101s. M\u0113s izp\u0113t\u012bsim, kas ir zied\u0113\u0161anas iztur\u012bba, k\u0101 veikt m\u0113r\u012bjumu un k\u0101 to noteikt. <strong data-start=\"783\" data-end=\"797\">zied\u0113\u0161anas tests<\/strong>, un k\u0101<a href=\"https:\/\/www.packqc.com\/lv\/product\/gst-01-gel-strength-tester\/\"> <strong data-start=\"809\" data-end=\"832\">g\u0113la stipruma testeris<\/strong><\/a> t\u0101pat k\u0101 <strong data-start=\"842\" data-end=\"874\">GST-01 no Cell Instruments<\/strong> var pal\u012bdz\u0113t optimiz\u0113t \u0161o procesu.<\/p>\t\t\t\t\t\t\t\t<\/div>\n\t\t\t\t<\/div>\n\t\t\t\t\t<\/div>\n\t\t\t\t<\/div>\n\t\t<div class=\"elementor-element elementor-element-a41a9ed e-flex e-con-boxed e-con e-parent\" data-id=\"a41a9ed\" data-element_type=\"container\">\n\t\t\t\t\t<div class=\"e-con-inner\">\n\t\t\t\t<div class=\"elementor-element elementor-element-5ebde6b elementor-widget elementor-widget-heading\" data-id=\"5ebde6b\" data-element_type=\"widget\" data-widget_type=\"heading.default\">\n\t\t\t\t<div class=\"elementor-widget-container\">\n\t\t\t\t\t<h2 class=\"elementor-heading-title elementor-size-default\">Kas ir Bloom stiprums un k\u0101p\u0113c tam ir noz\u012bme?<\/h2>\t\t\t\t<\/div>\n\t\t\t\t<\/div>\n\t\t\t\t<div class=\"elementor-element elementor-element-42f74d3 elementor-widget elementor-widget-text-editor\" data-id=\"42f74d3\" data-element_type=\"widget\" data-widget_type=\"text-editor.default\">\n\t\t\t\t<div class=\"elementor-widget-container\">\n\t\t\t\t\t\t\t\t\t<p data-start=\"967\" data-end=\"1250\"><strong data-start=\"967\" data-end=\"985\">Zied\u0113\u0161anas sp\u0113ks<\/strong> attiecas uz <strong data-start=\"1000\" data-end=\"1039\">stingruma vai gela iztur\u012bbas m\u0113rvien\u012bba<\/strong> \u017eelat\u012bna. To izsaka gramos (g) un nosauc Oskara T. Bl\u016bma v\u0101rd\u0101, kur\u0161 izstr\u0101d\u0101ja \u0161o metodi. \u0160\u012b v\u0113rt\u012bba nor\u0101da <strong data-start=\"1163\" data-end=\"1221\">sp\u0113ks, kas vajadz\u012bgs, lai nospiestu \u017eelat\u012bna gela virsmu.<\/strong> \u012bpa\u0161os apst\u0101k\u013cos.<\/p><p data-start=\"1252\" data-end=\"1345\">Zied\u0113\u0161anas stiprums tie\u0161i ietekm\u0113 produktu veiktsp\u0113ju un organoleptisk\u0101s \u012bpa\u0161\u012bbas, piem\u0113ram:<\/p><ul><li data-start=\"1348\" data-end=\"1378\"><strong data-start=\"1348\" data-end=\"1359\">Tekst\u016bra<\/strong> gumijas konfektes<\/li><li data-start=\"1381\" data-end=\"1431\"><strong data-start=\"1381\" data-end=\"1402\">Kapsulas veido\u0161an\u0101s<\/strong> farm\u0101cijas softgel\u0101s<\/li><li data-start=\"1434\" data-end=\"1476\"><strong data-start=\"1434\" data-end=\"1447\">Mouthfeel<\/strong> piena un deserta izstr\u0101d\u0101jumos<\/li><\/ul><p data-start=\"1478\" data-end=\"1682\">Augst\u0101ka zied\u0113\u0161anas v\u0113rt\u012bba noz\u012bm\u0113, ka \u017eelat\u012bna \u017eeleja ir ciet\u0101ka un elast\u012bg\u0101ka, savuk\u0101rt zem\u0101ka v\u0113rt\u012bba nor\u0101da uz m\u012bkst\u0101ku \u017eeleju. Ra\u017eot\u0101ji izv\u0113las \u017eelat\u012bnu, pamatojoties uz zied\u0113\u0161anas stiprumu, lai tas atbilstu vi\u0146u produktu pras\u012bb\u0101m.<\/p>\t\t\t\t\t\t\t\t<\/div>\n\t\t\t\t<\/div>\n\t\t\t\t\t<\/div>\n\t\t\t\t<\/div>\n\t\t<div class=\"elementor-element elementor-element-vjhz43k e-flex e-con-boxed e-con e-parent\" data-id=\"vjhz43k\" data-element_type=\"container\">\n\t\t\t\t\t<div class=\"e-con-inner\">\n\t\t\t\t<div class=\"elementor-element elementor-element-50d6336 elementor-widget elementor-widget-heading\" data-id=\"50d6336\" data-element_type=\"widget\" data-widget_type=\"heading.default\">\n\t\t\t\t<div class=\"elementor-widget-container\">\n\t\t\t\t\t<h2 class=\"elementor-heading-title elementor-size-default\">Bloom tests: Metode un standarti<\/h2>\t\t\t\t<\/div>\n\t\t\t\t<\/div>\n\t\t<div class=\"elementor-element elementor-element-ae0cc84 e-con-full e-flex e-con e-child\" data-id=\"ae0cc84\" data-element_type=\"container\">\n\t\t\t\t<div class=\"elementor-element elementor-element-9308ff2 elementor-widget__width-initial elementor-widget elementor-widget-text-editor\" data-id=\"9308ff2\" data-element_type=\"widget\" data-widget_type=\"text-editor.default\">\n\t\t\t\t<div class=\"elementor-widget-container\">\n\t\t\t\t\t\t\t\t\t<p data-start=\"1729\" data-end=\"1882\">The <strong data-start=\"1733\" data-end=\"1747\">zied\u0113\u0161anas tests<\/strong> tiek veikta kontrol\u0113t\u0101 temperat\u016br\u0101 un mitrum\u0101, lai nodro\u0161in\u0101tu viendab\u012bgus rezult\u0101tus. \u0160eit ir sniegts \u012bss standarta proced\u016bras izkl\u0101sts:<\/p><ul><li data-start=\"1886\" data-end=\"1986\"><strong data-start=\"1886\" data-end=\"1905\">G\u0113la sagatavo\u0161ana<\/strong>: Sagatavo 6,67% \u017eelat\u012bna \u0161\u0137\u012bdumu un ielej standarta izm\u0113ra Bloom burk\u0101s.<\/li><li data-start=\"1989\" data-end=\"2062\"><strong data-start=\"1989\" data-end=\"2001\">\u017delatin\u0101cija<\/strong>: \u0160\u0137\u012bdumam \u013cauj \u017eelejveid\u012bgi sarec\u0113t pie <strong data-start=\"2037\" data-end=\"2061\">10\u00b0C 16-18 stundas<\/strong>.<\/li><li data-start=\"2065\" data-end=\"2227\"><strong data-start=\"2065\" data-end=\"2076\">Test\u0113\u0161ana<\/strong>: Standarts <strong data-start=\"2089\" data-end=\"2112\">g\u0113la stipruma testeris<\/strong> ar <strong data-start=\"2120\" data-end=\"2145\">5 mm diametra virzuli<\/strong> nolai\u017eas pie <strong data-start=\"2158\" data-end=\"2171\">60 mm\/min<\/strong> l\u012bdz virzulim iek\u013c\u016bstot gela virsm\u0101 4 mm dzi\u013cum\u0101.<\/li><li data-start=\"2230\" data-end=\"2334\"><strong data-start=\"2230\" data-end=\"2240\">Rezult\u0101ts<\/strong>: Maksim\u0101lais sp\u0113ks (gramos), kas vajadz\u012bgs, lai sasniegtu \u0161o iespie\u0161anos, ir \u0161\u0101ds. <strong data-start=\"2315\" data-end=\"2333\">zied\u0113\u0161anas stiprums<\/strong>.<\/li><\/ul><p data-start=\"2336\" data-end=\"2474\">\u0160\u012b metode ir nor\u0101d\u012bta da\u017e\u0101dos farmakopejas un r\u016bpniec\u012bbas standartos, tostarp \u0161\u0101dos. <strong data-start=\"2422\" data-end=\"2429\">USP<\/strong>, <strong data-start=\"2431\" data-end=\"2437\">EP<\/strong>, un <strong data-start=\"2443\" data-end=\"2453\">GB6783<\/strong> \u017eelat\u012bna test\u0113\u0161anai.<\/p>\t\t\t\t\t\t\t\t<\/div>\n\t\t\t\t<\/div>\n\t\t\t\t<div class=\"elementor-element elementor-element-25f05fb elementor-widget__width-initial elementor-widget elementor-widget-video\" data-id=\"25f05fb\" data-element_type=\"widget\" data-settings=\"{&quot;youtube_url&quot;:&quot;https:\\\/\\\/youtu.be\\\/rrzQxj3794s?si=ERhkmO3Yz1kkFEFV&quot;,&quot;mute&quot;:&quot;yes&quot;,&quot;loop&quot;:&quot;yes&quot;,&quot;video_type&quot;:&quot;youtube&quot;,&quot;controls&quot;:&quot;yes&quot;}\" data-widget_type=\"video.default\">\n\t\t\t\t<div class=\"elementor-widget-container\">\n\t\t\t\t\t\t\t<div class=\"elementor-wrapper elementor-open-inline\">\n\t\t\t<div class=\"elementor-video\"><\/div>\t\t<\/div>\n\t\t\t\t\t\t<\/div>\n\t\t\t\t<\/div>\n\t\t\t\t<\/div>\n\t\t\t\t\t<\/div>\n\t\t\t\t<\/div>\n\t\t<div class=\"elementor-element elementor-element-9ebec98 e-flex e-con-boxed e-con e-parent\" data-id=\"9ebec98\" data-element_type=\"container\">\n\t\t\t\t\t<div class=\"e-con-inner\">\n\t\t\t\t<div class=\"elementor-element elementor-element-d622d16 elementor-widget elementor-widget-heading\" data-id=\"d622d16\" data-element_type=\"widget\" data-widget_type=\"heading.default\">\n\t\t\t\t<div class=\"elementor-widget-container\">\n\t\t\t\t\t<h2 class=\"elementor-heading-title elementor-size-default\">Pielietojums \u017eelat\u012bna un m\u012bksto gelu kvalit\u0101tes kontrol\u0113<\/h2>\t\t\t\t<\/div>\n\t\t\t\t<\/div>\n\t\t<div class=\"elementor-element elementor-element-aeb42bd e-con-full e-flex e-con e-child\" data-id=\"aeb42bd\" data-element_type=\"container\">\n\t\t\t\t<div class=\"elementor-element elementor-element-dc258dd elementor-widget__width-inherit elementor-widget elementor-widget-text-editor\" data-id=\"dc258dd\" data-element_type=\"widget\" data-widget_type=\"text-editor.default\">\n\t\t\t\t<div class=\"elementor-widget-container\">\n\t\t\t\t\t\t\t\t\t<p data-start=\"2540\" data-end=\"2668\">Vietnei <strong data-start=\"2544\" data-end=\"2569\">\u017eelat\u012bna ra\u017eot\u0101ji<\/strong>, kas nodro\u0161ina partijas konsekvenci un atbilst\u012bbu klienta specifik\u0101cij\u0101m.<\/p><p data-start=\"2670\" data-end=\"2737\">In the <strong data-start=\"2677\" data-end=\"2688\">softgel<\/strong> nozare, nosaka pareizo ziedu stiprumu:<\/p><ul><li data-start=\"2740\" data-end=\"2768\"><strong data-start=\"2740\" data-end=\"2766\">Kapsulas sieni\u0146u integrit\u0101te<\/strong><\/li><li data-start=\"2771\" data-end=\"2800\"><strong data-start=\"2771\" data-end=\"2798\">Iepakojuma stabilit\u0101te<\/strong><\/li><li data-start=\"2803\" data-end=\"2866\"><strong data-start=\"2803\" data-end=\"2838\">\u0160\u0137\u012bdin\u0101\u0161ana un biopieejam\u012bba<\/strong> akt\u012bv\u0101s sast\u0101vda\u013cas<\/li><\/ul><p data-start=\"2868\" data-end=\"3072\">Optim\u0101lu zied\u0113\u0161anas v\u0113rt\u012bbu uztur\u0113\u0161ana ir b\u016btiska, lai <strong data-start=\"2917\" data-end=\"2954\">farm\u0101cijas p\u0113tniec\u012bba, izstr\u0101de un ra\u017eo\u0161ana.<\/strong>. Tas pats attiecas uz <strong data-start=\"2976\" data-end=\"2998\">p\u0101rtikas ra\u017eot\u0101ji<\/strong>, kur zied\u0113\u0161anas iztur\u012bba nosaka galaprodukta ko\u0161\u013c\u0101jam\u012bbu un stingr\u012bbu.<\/p>\t\t\t\t\t\t\t\t<\/div>\n\t\t\t\t<\/div>\n\t\t\t\t<div class=\"elementor-element elementor-element-65475b3 elementor-widget__width-initial elementor-widget elementor-widget-image\" data-id=\"65475b3\" data-element_type=\"widget\" data-widget_type=\"image.default\">\n\t\t\t\t<div class=\"elementor-widget-container\">\n\t\t\t\t\t\t\t\t\t\t\t\t\t\t\t\t<a href=\"https:\/\/www.packqc.com\/lv\/product\/gst-01-gel-strength-tester\/\">\n\t\t\t\t\t\t\t<img fetchpriority=\"high\" decoding=\"async\" width=\"600\" height=\"600\" src=\"https:\/\/www.packqc.com\/wp-content\/uploads\/2025\/06\/Bloom-Strength-Testing.webp\" class=\"attachment-large size-large wp-image-5605\" alt=\"Zied\u0113\u0161anas iztur\u012bbas test\u0113\u0161ana\" srcset=\"https:\/\/www.packqc.com\/wp-content\/uploads\/2025\/06\/Bloom-Strength-Testing.webp 600w, https:\/\/www.packqc.com\/wp-content\/uploads\/2025\/06\/Bloom-Strength-Testing-300x300.webp 300w, https:\/\/www.packqc.com\/wp-content\/uploads\/2025\/06\/Bloom-Strength-Testing-100x100.webp 100w, https:\/\/www.packqc.com\/wp-content\/uploads\/2025\/06\/Bloom-Strength-Testing-150x150.webp 150w, https:\/\/www.packqc.com\/wp-content\/uploads\/2025\/06\/Bloom-Strength-Testing-12x12.webp 12w\" sizes=\"(max-width: 600px) 100vw, 600px\" \/>\t\t\t\t\t\t\t\t<\/a>\n\t\t\t\t\t\t\t\t\t\t\t\t\t\t\t<\/div>\n\t\t\t\t<\/div>\n\t\t\t\t<\/div>\n\t\t\t\t<div class=\"elementor-element elementor-element-f7c44f8 elementor-widget elementor-widget-heading\" data-id=\"f7c44f8\" data-element_type=\"widget\" data-widget_type=\"heading.default\">\n\t\t\t\t<div class=\"elementor-widget-container\">\n\t\t\t\t\t<h2 class=\"elementor-heading-title elementor-size-default\">G\u0113la stipr\u012bbas testera izmanto\u0161ana: GST-01 no Cell Instruments<\/h2>\t\t\t\t<\/div>\n\t\t\t\t<\/div>\n\t\t<div class=\"elementor-element elementor-element-eac2bf8 e-con-full e-flex e-con e-child\" data-id=\"eac2bf8\" data-element_type=\"container\">\n\t\t\t\t<div class=\"elementor-element elementor-element-65f9b33 elementor-widget__width-inherit elementor-widget elementor-widget-text-editor\" data-id=\"65f9b33\" data-element_type=\"widget\" data-widget_type=\"text-editor.default\">\n\t\t\t\t<div class=\"elementor-widget-container\">\n\t\t\t\t\t\t\t\t\t<p data-start=\"3142\" data-end=\"3353\">Prec\u012bza ziedu stipr\u012bbas m\u0113r\u012b\u0161ana ir \u013coti atkar\u012bga no uzticama apr\u012bkojuma. . <strong data-start=\"3221\" data-end=\"3251\">GST-01 g\u0113la iztur\u012bbas testeris<\/strong> l\u012bdz <strong data-start=\"3255\" data-end=\"3275\">\u0160\u016bnu instrumenti<\/strong> nodro\u0161ina precizit\u0101ti un konsekvenci da\u017e\u0101dos test\u0113\u0161anas apst\u0101k\u013cos.<\/p><p data-start=\"3355\" data-end=\"3382\"><strong data-start=\"3355\" data-end=\"3379\">Galvenie ieguvumi ir \u0161\u0101di.<\/strong>:<\/p><ul><li data-start=\"3385\" data-end=\"3449\"><strong data-start=\"3385\" data-end=\"3422\">Lietot\u0101jam draudz\u012bgs 7 collu sk\u0101rienekr\u0101ns<\/strong> ar intuit\u012bvu saskarni<\/li><li data-start=\"3452\" data-end=\"3521\"><strong data-start=\"3452\" data-end=\"3482\">Augsta precizit\u0101te (\u00b10,5% F.S.)<\/strong> un p\u0101rvietojuma precizit\u0101te (0,01 mm)<\/li><li data-start=\"3524\" data-end=\"3595\"><strong data-start=\"3524\" data-end=\"3547\">Vair\u0101ki testa re\u017e\u012bmi<\/strong>, tostarp maksim\u0101lais sp\u0113ks un att\u0101lums zem slodzes<\/li><li data-start=\"3598\" data-end=\"3685\"><strong data-start=\"3598\" data-end=\"3623\">Ieb\u016bv\u0113ts mikroprinteris<\/strong> un izv\u0113les RS232 programmat\u016bras integr\u0101cija datu p\u0101rvald\u012bbai<\/li><li data-start=\"3688\" data-end=\"3757\"><strong data-start=\"3688\" data-end=\"3713\">Piel\u0101gojami \u0137erme\u0146i<\/strong> da\u017e\u0101d\u0101m tekst\u016bras anal\u012bzes pras\u012bb\u0101m<\/li><\/ul><p data-start=\"3759\" data-end=\"3952\">Ar programm\u0113jamu \u0101trumu (1-100 mm\/min) un uzlabot\u0101m dro\u0161\u012bbas funkcij\u0101m GST-01 ir ide\u0101li piem\u0113rots <strong data-start=\"3852\" data-end=\"3898\">P\u0113tniec\u012bbas un izstr\u0101des laboratorijas un ra\u017eo\u0161anas iek\u0101rtas<\/strong> v\u0113las uzlabot savus kvalit\u0101tes nodro\u0161in\u0101\u0161anas procesus.<\/p>\t\t\t\t\t\t\t\t<\/div>\n\t\t\t\t<\/div>\n\t\t\t\t<div class=\"elementor-element elementor-element-5a1af86 elementor-widget elementor-widget-text-editor\" data-id=\"5a1af86\" data-element_type=\"widget\" data-widget_type=\"text-editor.default\">\n\t\t\t\t<div class=\"elementor-widget-container\">\n\t\t\t\t\t\t\t\t\t<p data-start=\"3959\" data-end=\"4015\"><strong data-start=\"3959\" data-end=\"4013\">Lab\u0101k\u0101 prakse Bloom iztur\u012bbas testa veik\u0161anai<\/strong><\/p><p data-start=\"4017\" data-end=\"4114\">Lai nodro\u0161in\u0101tu zied\u0113\u0161anas testu reproduc\u0113jam\u012bbu un atbilst\u012bbu normat\u012bvajiem aktiem, iev\u0113rojiet \u0161os ieteikumus:<\/p><ul><li data-start=\"4118\" data-end=\"4213\">Izmantojiet standartiz\u0113tu \u017eelat\u012bna koncentr\u0101ciju un testa apst\u0101k\u013cus (laiks, temperat\u016bra un mitrums).<\/li><li data-start=\"4216\" data-end=\"4262\">Regul\u0101ri kalibr\u0113jiet \u017eelejas stipr\u012bbas testeri.<\/li><li data-start=\"4265\" data-end=\"4333\">Pirms katra testa p\u0101rliecinieties, ka zonde ir t\u012bra un bez atlikumiem.<\/li><li data-start=\"4336\" data-end=\"4396\">Veiciet vair\u0101kus paraugus un ieg\u016bto rezult\u0101tu vid\u0113jo v\u0113rt\u012bbu, lai nodro\u0161in\u0101tu precizit\u0101ti.<\/li><li data-start=\"4399\" data-end=\"4459\">Dokument\u0113jiet vides apst\u0101k\u013cus, lai izsekotu testa konsekvenci.<\/li><\/ul>\t\t\t\t\t\t\t\t<\/div>\n\t\t\t\t<\/div>\n\t\t\t\t<\/div>\n\t\t\t\t\t<\/div>\n\t\t\t\t<\/div>\n\t\t<div class=\"elementor-element elementor-element-hlnqc4n e-flex e-con-boxed e-con e-parent\" data-id=\"hlnqc4n\" data-element_type=\"container\" data-settings=\"{&quot;background_background&quot;:&quot;classic&quot;}\">\n\t\t\t\t\t<div class=\"e-con-inner\">\n\t\t<div class=\"elementor-element elementor-element-db992c8 e-con-full e-flex e-con e-child\" data-id=\"db992c8\" data-element_type=\"container\">\n\t\t\t\t<div class=\"elementor-element elementor-element-08e276e elementor-widget elementor-widget-heading\" data-id=\"08e276e\" data-element_type=\"widget\" data-widget_type=\"heading.default\">\n\t\t\t\t<div class=\"elementor-widget-container\">\n\t\t\t\t\t<h2 class=\"elementor-heading-title elementor-size-default\">Sazinieties ar mums<\/h2>\t\t\t\t<\/div>\n\t\t\t\t<\/div>\n\t\t\t\t<div class=\"elementor-element elementor-element-291d47f elementor-widget elementor-widget-text-editor\" data-id=\"291d47f\" data-element_type=\"widget\" data-widget_type=\"text-editor.default\">\n\t\t\t\t<div class=\"elementor-widget-container\">\n\t\t\t\t\t\t\t\t\t<p data-start=\"5158\" data-end=\"5630\">Izpratne un prec\u012bza m\u0113r\u012b\u0161ana <strong data-start=\"5197\" data-end=\"5215\">zied\u0113\u0161anas stiprums<\/strong> ir b\u016btiska \u017eelat\u012bna un softgela produktu kvalit\u0101tes nodro\u0161in\u0101\u0161anai. Ar pareizo test\u0113\u0161anas apr\u012bkojumu, piem. <strong data-start=\"5330\" data-end=\"5360\">GST-01 g\u0113la iztur\u012bbas testeris<\/strong> no Cell Instruments, ra\u017eot\u0101ji var saglab\u0101t augstus standartus, samazin\u0101t main\u012bgumu un iev\u0113rot nozares pras\u012bbas. Neatkar\u012bgi no t\u0101, vai ra\u017eojat m\u012bkst\u0101s kapsulas vai \u017eelat\u012bnu saturo\u0161us p\u0101rtikas produktus, ziedu iztur\u012bbas p\u0101rbaude ir b\u016btiska kvalit\u0101tes kontroles strat\u0113\u0123ijas da\u013ca.<\/p>\t\t\t\t\t\t\t\t<\/div>\n\t\t\t\t<\/div>\n\t\t\t\t<div class=\"elementor-element elementor-element-e8cd3e1 elementor-align-center elementor-widget elementor-widget-button\" data-id=\"e8cd3e1\" data-element_type=\"widget\" data-widget_type=\"button.default\">\n\t\t\t\t<div class=\"elementor-widget-container\">\n\t\t\t\t\t\t\t\t\t<div class=\"elementor-button-wrapper\">\n\t\t\t\t\t<a class=\"elementor-button elementor-button-link elementor-size-sm\" href=\"https:\/\/www.packqc.com\/lv\/contact-us\/\">\n\t\t\t\t\t\t<span class=\"elementor-button-content-wrapper\">\n\t\t\t\t\t\t\t\t\t<span class=\"elementor-button-text\">Sazinieties ar mums<\/span>\n\t\t\t\t\t<\/span>\n\t\t\t\t\t<\/a>\n\t\t\t\t<\/div>\n\t\t\t\t\t\t\t\t<\/div>\n\t\t\t\t<\/div>\n\t\t\t\t<\/div>\n\t\t\t\t\t<\/div>\n\t\t\t\t<\/div>\n\t\t\t\t<\/div>","protected":false},"excerpt":{"rendered":"<p>Bloom Strength Testing In the food and pharmaceutical industries, ensuring product consistency, texture, and stability is crucial. One of the key parameters for gelatin-based products, especially gelatin and softgels, is bloom strength. This essential measurement helps manufacturers maintain quality control across production batches. We&#8217;ll explore what bloom strength is, how to perform a bloom test, [&hellip;]<\/p>","protected":false},"author":2,"featured_media":0,"parent":5290,"menu_order":0,"comment_status":"closed","ping_status":"closed","template":"","meta":{"_acf_changed":false,"site-sidebar-layout":"no-sidebar","site-content-layout":"page-builder","ast-site-content-layout":"full-width-container","site-content-style":"default","site-sidebar-style":"default","ast-global-header-display":"","ast-banner-title-visibility":"","ast-main-header-display":"","ast-hfb-above-header-display":"","ast-hfb-below-header-display":"","ast-hfb-mobile-header-display":"","site-post-title":"disabled","ast-breadcrumbs-content":"","ast-featured-img":"disabled","footer-sml-layout":"","theme-transparent-header-meta":"","adv-header-id-meta":"","stick-header-meta":"","header-above-stick-meta":"","header-main-stick-meta":"","header-below-stick-meta":"","astra-migrate-meta-layouts":"set","ast-page-background-enabled":"default","ast-page-background-meta":{"desktop":{"background-color":"var(--ast-global-color-4)","background-image":"","background-repeat":"repeat","background-position":"center center","background-size":"auto","background-attachment":"scroll","background-type":"","background-media":"","overlay-type":"","overlay-color":"","overlay-gradient":""},"tablet":{"background-color":"","background-image":"","background-repeat":"repeat","background-position":"center center","background-size":"auto","background-attachment":"scroll","background-type":"","background-media":"","overlay-type":"","overlay-color":"","overlay-gradient":""},"mobile":{"background-color":"","background-image":"","background-repeat":"repeat","background-position":"center center","background-size":"auto","background-attachment":"scroll","background-type":"","background-media":"","overlay-type":"","overlay-color":"","overlay-gradient":""}},"ast-content-background-meta":{"desktop":{"background-color":"var(--ast-global-color-5)","background-image":"","background-repeat":"repeat","background-position":"center center","background-size":"auto","background-attachment":"scroll","background-type":"","background-media":"","overlay-type":"","overlay-color":"","overlay-gradient":""},"tablet":{"background-color":"var(--ast-global-color-5)","background-image":"","background-repeat":"repeat","background-position":"center center","background-size":"auto","background-attachment":"scroll","background-type":"","background-media":"","overlay-type":"","overlay-color":"","overlay-gradient":""},"mobile":{"background-color":"var(--ast-global-color-5)","background-image":"","background-repeat":"repeat","background-position":"center center","background-size":"auto","background-attachment":"scroll","background-type":"","background-media":"","overlay-type":"","overlay-color":"","overlay-gradient":""}},"footnotes":""},"class_list":["post-5603","page","type-page","status-publish","hentry"],"acf":[],"_links":{"self":[{"href":"https:\/\/www.packqc.com\/lv\/wp-json\/wp\/v2\/pages\/5603","targetHints":{"allow":["GET"]}}],"collection":[{"href":"https:\/\/www.packqc.com\/lv\/wp-json\/wp\/v2\/pages"}],"about":[{"href":"https:\/\/www.packqc.com\/lv\/wp-json\/wp\/v2\/types\/page"}],"author":[{"embeddable":true,"href":"https:\/\/www.packqc.com\/lv\/wp-json\/wp\/v2\/users\/2"}],"replies":[{"embeddable":true,"href":"https:\/\/www.packqc.com\/lv\/wp-json\/wp\/v2\/comments?post=5603"}],"version-history":[{"count":0,"href":"https:\/\/www.packqc.com\/lv\/wp-json\/wp\/v2\/pages\/5603\/revisions"}],"up":[{"embeddable":true,"href":"https:\/\/www.packqc.com\/lv\/wp-json\/wp\/v2\/pages\/5290"}],"wp:attachment":[{"href":"https:\/\/www.packqc.com\/lv\/wp-json\/wp\/v2\/media?parent=5603"}],"curies":[{"name":"wp","href":"https:\/\/api.w.org\/{rel}","templated":true}]}}