{"id":5603,"date":"2025-06-30T15:51:43","date_gmt":"2025-06-30T07:51:43","guid":{"rendered":"https:\/\/www.packqc.com\/?page_id=5603"},"modified":"2026-02-02T11:08:46","modified_gmt":"2026-02-02T03:08:46","slug":"bloom-strength-testing-solution-gelatin","status":"publish","type":"page","link":"https:\/\/www.packqc.com\/pl\/solutions\/bloom-strength-testing-solution-gelatin\/","title":{"rendered":"Rozwi\u0105zanie do testowania wytrzyma\u0142o\u015bci Bloom"},"content":{"rendered":"<div data-elementor-type=\"wp-page\" data-elementor-id=\"5603\" class=\"elementor elementor-5603\" data-elementor-post-type=\"page\">\n\t\t\t\t<div class=\"elementor-element elementor-element-obvpkm1 e-flex e-con-boxed e-con e-parent\" data-id=\"obvpkm1\" data-element_type=\"container\" data-settings=\"{&quot;background_background&quot;:&quot;classic&quot;}\">\n\t\t\t\t\t<div class=\"e-con-inner\">\n\t\t\t\t<div class=\"elementor-element elementor-element-e3ee3a0 elementor-widget elementor-widget-heading\" data-id=\"e3ee3a0\" data-element_type=\"widget\" data-widget_type=\"heading.default\">\n\t\t\t\t<div class=\"elementor-widget-container\">\n\t\t\t\t\t<h1 class=\"elementor-heading-title elementor-size-default\">Test wytrzyma\u0142o\u015bci Bloom<\/h1>\t\t\t\t<\/div>\n\t\t\t\t<\/div>\n\t\t\t\t<div class=\"elementor-element elementor-element-ad4c880 elementor-widget__width-initial elementor-widget elementor-widget-text-editor\" data-id=\"ad4c880\" data-element_type=\"widget\" data-widget_type=\"text-editor.default\">\n\t\t\t\t<div class=\"elementor-widget-container\">\n\t\t\t\t\t\t\t\t\t<p data-start=\"375\" data-end=\"906\">W przemy\u015ble spo\u017cywczym i farmaceutycznym kluczowe znaczenie ma zapewnienie konsystencji, tekstury i stabilno\u015bci produktu. Jednym z kluczowych parametr\u00f3w dla produkt\u00f3w na bazie \u017celatyny, zw\u0142aszcza \u017celatyny i softgeli, jest <strong data-start=\"592\" data-end=\"610\">si\u0142a kwitnienia<\/strong>. Ten niezb\u0119dny pomiar pomaga producentom utrzyma\u0107 kontrol\u0119 jako\u015bci w partiach produkcyjnych. Zbadamy, czym jest si\u0142a rozkwitu, jak wykona\u0107 pomiar si\u0142y rozkwitu. <strong data-start=\"783\" data-end=\"797\">test kwitnienia<\/strong>i jak<a href=\"https:\/\/www.packqc.com\/pl\/product\/gst-01-gel-strength-tester\/\"> <strong data-start=\"809\" data-end=\"832\">tester wytrzyma\u0142o\u015bci \u017celu<\/strong><\/a> jak <strong data-start=\"842\" data-end=\"874\">GST-01 od Cell Instruments<\/strong> mo\u017ce pom\u00f3c zoptymalizowa\u0107 ten proces.<\/p>\t\t\t\t\t\t\t\t<\/div>\n\t\t\t\t<\/div>\n\t\t\t\t\t<\/div>\n\t\t\t\t<\/div>\n\t\t<div class=\"elementor-element elementor-element-a41a9ed e-flex e-con-boxed e-con e-parent\" data-id=\"a41a9ed\" data-element_type=\"container\">\n\t\t\t\t\t<div class=\"e-con-inner\">\n\t\t\t\t<div class=\"elementor-element elementor-element-5ebde6b elementor-widget elementor-widget-heading\" data-id=\"5ebde6b\" data-element_type=\"widget\" data-widget_type=\"heading.default\">\n\t\t\t\t<div class=\"elementor-widget-container\">\n\t\t\t\t\t<h2 class=\"elementor-heading-title elementor-size-default\">Czym jest si\u0142a Bloom i dlaczego ma znaczenie?<\/h2>\t\t\t\t<\/div>\n\t\t\t\t<\/div>\n\t\t\t\t<div class=\"elementor-element elementor-element-42f74d3 elementor-widget elementor-widget-text-editor\" data-id=\"42f74d3\" data-element_type=\"widget\" data-widget_type=\"text-editor.default\">\n\t\t\t\t<div class=\"elementor-widget-container\">\n\t\t\t\t\t\t\t\t\t<p data-start=\"967\" data-end=\"1250\"><strong data-start=\"967\" data-end=\"985\">Si\u0142a rozkwitu<\/strong> odnosi si\u0119 do <strong data-start=\"1000\" data-end=\"1039\">miara j\u0119drno\u015bci lub wytrzyma\u0142o\u015bci \u017celu<\/strong> \u017celatyny. Jest wyra\u017cana w gramach (g) i nazwana na cze\u015b\u0107 Oscara T. Blooma, kt\u00f3ry opracowa\u0142 t\u0119 metod\u0119. Warto\u015b\u0107 ta wskazuje <strong data-start=\"1163\" data-end=\"1221\">si\u0142a wymagana do wci\u015bni\u0119cia powierzchni \u017celatynowego \u017celu<\/strong> w okre\u015blonych warunkach.<\/p><p data-start=\"1252\" data-end=\"1345\">Si\u0142a kwitnienia ma bezpo\u015bredni wp\u0142yw na wydajno\u015b\u0107 i w\u0142a\u015bciwo\u015bci sensoryczne produkt\u00f3w, takie jak:<\/p><ul><li data-start=\"1348\" data-end=\"1378\"><strong data-start=\"1348\" data-end=\"1359\">Tekstura<\/strong> gumowych cukierk\u00f3w<\/li><li data-start=\"1381\" data-end=\"1431\"><strong data-start=\"1381\" data-end=\"1402\">Tworzenie kapsu\u0142ek<\/strong> w farmaceutycznych kapsu\u0142kach<\/li><li data-start=\"1434\" data-end=\"1476\"><strong data-start=\"1434\" data-end=\"1447\">Odczucie w ustach<\/strong> w produktach mlecznych i deserach<\/li><\/ul><p data-start=\"1478\" data-end=\"1682\">Wy\u017csza warto\u015b\u0107 bloom oznacza, \u017ce \u017cel \u017celatynowy jest twardszy i bardziej elastyczny, podczas gdy ni\u017csza warto\u015b\u0107 wskazuje na bardziej mi\u0119kki \u017cel. Producenci wybieraj\u0105 \u017celatyn\u0119 na podstawie si\u0142y kwitnienia, aby dopasowa\u0107 j\u0105 do wymaga\u0144 swoich produkt\u00f3w.<\/p>\t\t\t\t\t\t\t\t<\/div>\n\t\t\t\t<\/div>\n\t\t\t\t\t<\/div>\n\t\t\t\t<\/div>\n\t\t<div class=\"elementor-element elementor-element-vjhz43k e-flex e-con-boxed e-con e-parent\" data-id=\"vjhz43k\" data-element_type=\"container\">\n\t\t\t\t\t<div class=\"e-con-inner\">\n\t\t\t\t<div class=\"elementor-element elementor-element-50d6336 elementor-widget elementor-widget-heading\" data-id=\"50d6336\" data-element_type=\"widget\" data-widget_type=\"heading.default\">\n\t\t\t\t<div class=\"elementor-widget-container\">\n\t\t\t\t\t<h2 class=\"elementor-heading-title elementor-size-default\">Test Blooma: Metoda i standardy<\/h2>\t\t\t\t<\/div>\n\t\t\t\t<\/div>\n\t\t<div class=\"elementor-element elementor-element-ae0cc84 e-con-full e-flex e-con e-child\" data-id=\"ae0cc84\" data-element_type=\"container\">\n\t\t\t\t<div class=\"elementor-element elementor-element-9308ff2 elementor-widget__width-initial elementor-widget elementor-widget-text-editor\" data-id=\"9308ff2\" data-element_type=\"widget\" data-widget_type=\"text-editor.default\">\n\t\t\t\t<div class=\"elementor-widget-container\">\n\t\t\t\t\t\t\t\t\t<p data-start=\"1729\" data-end=\"1882\">Ten <strong data-start=\"1733\" data-end=\"1747\">test kwitnienia<\/strong> jest przeprowadzany w kontrolowanej temperaturze i wilgotno\u015bci, aby zapewni\u0107 sp\u00f3jne wyniki. Oto kr\u00f3tki zarys standardowej procedury:<\/p><ul><li data-start=\"1886\" data-end=\"1986\"><strong data-start=\"1886\" data-end=\"1905\">Przygotowanie \u017celu<\/strong>: Roztw\u00f3r \u017celatyny o st\u0119\u017ceniu 6,67% jest przygotowywany i wlewany do s\u0142oik\u00f3w Bloom o standardowym rozmiarze.<\/li><li data-start=\"1989\" data-end=\"2062\"><strong data-start=\"1989\" data-end=\"2001\">\u017belowanie<\/strong>: Roztw\u00f3r mo\u017ce \u017celowa\u0107 w temperaturze <strong data-start=\"2037\" data-end=\"2061\">10\u00b0C przez 16-18 godzin<\/strong>.<\/li><li data-start=\"2065\" data-end=\"2227\"><strong data-start=\"2065\" data-end=\"2076\">Testowanie<\/strong>: Standard <strong data-start=\"2089\" data-end=\"2112\">tester wytrzyma\u0142o\u015bci \u017celu<\/strong> z <strong data-start=\"2120\" data-end=\"2145\">T\u0142ok o \u015brednicy 5 mm<\/strong> schodzi na <strong data-start=\"2158\" data-end=\"2171\">60 mm\/min<\/strong> a\u017c t\u0142ok wbije si\u0119 na 4 mm w powierzchni\u0119 \u017celu.<\/li><li data-start=\"2230\" data-end=\"2334\"><strong data-start=\"2230\" data-end=\"2240\">Wynik<\/strong>: Maksymalna si\u0142a (w gramach) wymagana do osi\u0105gni\u0119cia tej penetracji to <strong data-start=\"2315\" data-end=\"2333\">si\u0142a kwitnienia<\/strong>.<\/li><\/ul><p data-start=\"2336\" data-end=\"2474\">Metoda ta jest okre\u015blona w r\u00f3\u017cnych normach farmakopealnych i przemys\u0142owych, w tym <strong data-start=\"2422\" data-end=\"2429\">Unikalna cecha handlowa<\/strong>, <strong data-start=\"2431\" data-end=\"2437\">EP<\/strong>, I <strong data-start=\"2443\" data-end=\"2453\">GB6783<\/strong> do testowania \u017celatyny.<\/p>\t\t\t\t\t\t\t\t<\/div>\n\t\t\t\t<\/div>\n\t\t\t\t<div class=\"elementor-element elementor-element-25f05fb elementor-widget__width-initial elementor-widget elementor-widget-video\" data-id=\"25f05fb\" data-element_type=\"widget\" data-settings=\"{&quot;youtube_url&quot;:&quot;https:\\\/\\\/youtu.be\\\/rrzQxj3794s?si=ERhkmO3Yz1kkFEFV&quot;,&quot;mute&quot;:&quot;yes&quot;,&quot;loop&quot;:&quot;yes&quot;,&quot;video_type&quot;:&quot;youtube&quot;,&quot;controls&quot;:&quot;yes&quot;}\" data-widget_type=\"video.default\">\n\t\t\t\t<div class=\"elementor-widget-container\">\n\t\t\t\t\t\t\t<div class=\"elementor-wrapper elementor-open-inline\">\n\t\t\t<div class=\"elementor-video\"><\/div>\t\t<\/div>\n\t\t\t\t\t\t<\/div>\n\t\t\t\t<\/div>\n\t\t\t\t<\/div>\n\t\t\t\t\t<\/div>\n\t\t\t\t<\/div>\n\t\t<div class=\"elementor-element elementor-element-9ebec98 e-flex e-con-boxed e-con e-parent\" data-id=\"9ebec98\" data-element_type=\"container\">\n\t\t\t\t\t<div class=\"e-con-inner\">\n\t\t\t\t<div class=\"elementor-element elementor-element-d622d16 elementor-widget elementor-widget-heading\" data-id=\"d622d16\" data-element_type=\"widget\" data-widget_type=\"heading.default\">\n\t\t\t\t<div class=\"elementor-widget-container\">\n\t\t\t\t\t<h2 class=\"elementor-heading-title elementor-size-default\">Zastosowania w kontroli jako\u015bci \u017celatyny i softgelu<\/h2>\t\t\t\t<\/div>\n\t\t\t\t<\/div>\n\t\t<div class=\"elementor-element elementor-element-aeb42bd e-con-full e-flex e-con e-child\" data-id=\"aeb42bd\" data-element_type=\"container\">\n\t\t\t\t<div class=\"elementor-element elementor-element-dc258dd elementor-widget__width-inherit elementor-widget elementor-widget-text-editor\" data-id=\"dc258dd\" data-element_type=\"widget\" data-widget_type=\"text-editor.default\">\n\t\t\t\t<div class=\"elementor-widget-container\">\n\t\t\t\t\t\t\t\t\t<p data-start=\"2540\" data-end=\"2668\">Dla <strong data-start=\"2544\" data-end=\"2569\">producenci \u017celatyny<\/strong>Kontrolowanie si\u0142y kwitnienia zapewnia sp\u00f3jno\u015b\u0107 partii i zgodno\u015b\u0107 ze specyfikacjami klienta.<\/p><p data-start=\"2670\" data-end=\"2737\">W <strong data-start=\"2677\" data-end=\"2688\">softgel<\/strong> przemys\u0142, decyduje odpowiednia si\u0142a kwitnienia:<\/p><ul><li data-start=\"2740\" data-end=\"2768\"><strong data-start=\"2740\" data-end=\"2766\">Integralno\u015b\u0107 \u015bciany kapsu\u0142ki<\/strong><\/li><li data-start=\"2771\" data-end=\"2800\"><strong data-start=\"2771\" data-end=\"2798\">Stabilno\u015b\u0107 kapsu\u0142kowania<\/strong><\/li><li data-start=\"2803\" data-end=\"2866\"><strong data-start=\"2803\" data-end=\"2838\">Rozpuszczanie i biodost\u0119pno\u015b\u0107<\/strong> sk\u0142adnik\u00f3w aktywnych<\/li><\/ul><p data-start=\"2868\" data-end=\"3072\">Utrzymanie optymalnych warto\u015bci kwitnienia jest niezb\u0119dne w <strong data-start=\"2917\" data-end=\"2954\">badania i rozw\u00f3j oraz produkcja farmaceutyczna<\/strong>. To samo dotyczy <strong data-start=\"2976\" data-end=\"2998\">producenci \u017cywno\u015bci<\/strong>gdzie si\u0142a kwitnienia definiuje \u017cuwalno\u015b\u0107 i j\u0119drno\u015b\u0107 produktu ko\u0144cowego.<\/p>\t\t\t\t\t\t\t\t<\/div>\n\t\t\t\t<\/div>\n\t\t\t\t<div class=\"elementor-element elementor-element-65475b3 elementor-widget__width-initial elementor-widget elementor-widget-image\" data-id=\"65475b3\" data-element_type=\"widget\" data-widget_type=\"image.default\">\n\t\t\t\t<div class=\"elementor-widget-container\">\n\t\t\t\t\t\t\t\t\t\t\t\t\t\t\t\t<a href=\"https:\/\/www.packqc.com\/pl\/product\/gst-01-gel-strength-tester\/\">\n\t\t\t\t\t\t\t<img fetchpriority=\"high\" decoding=\"async\" width=\"600\" height=\"600\" src=\"https:\/\/www.packqc.com\/wp-content\/uploads\/2025\/06\/Bloom-Strength-Testing.webp\" class=\"attachment-large size-large wp-image-5605\" alt=\"Test wytrzyma\u0142o\u015bci Bloom\" srcset=\"https:\/\/www.packqc.com\/wp-content\/uploads\/2025\/06\/Bloom-Strength-Testing.webp 600w, https:\/\/www.packqc.com\/wp-content\/uploads\/2025\/06\/Bloom-Strength-Testing-300x300.webp 300w, https:\/\/www.packqc.com\/wp-content\/uploads\/2025\/06\/Bloom-Strength-Testing-100x100.webp 100w, https:\/\/www.packqc.com\/wp-content\/uploads\/2025\/06\/Bloom-Strength-Testing-150x150.webp 150w, https:\/\/www.packqc.com\/wp-content\/uploads\/2025\/06\/Bloom-Strength-Testing-12x12.webp 12w\" sizes=\"(max-width: 600px) 100vw, 600px\" \/>\t\t\t\t\t\t\t\t<\/a>\n\t\t\t\t\t\t\t\t\t\t\t\t\t\t\t<\/div>\n\t\t\t\t<\/div>\n\t\t\t\t<\/div>\n\t\t\t\t<div class=\"elementor-element elementor-element-f7c44f8 elementor-widget elementor-widget-heading\" data-id=\"f7c44f8\" data-element_type=\"widget\" data-widget_type=\"heading.default\">\n\t\t\t\t<div class=\"elementor-widget-container\">\n\t\t\t\t\t<h2 class=\"elementor-heading-title elementor-size-default\">Korzystanie z testera wytrzyma\u0142o\u015bci \u017celu: GST-01 by Cell Instruments<\/h2>\t\t\t\t<\/div>\n\t\t\t\t<\/div>\n\t\t<div class=\"elementor-element elementor-element-eac2bf8 e-con-full e-flex e-con e-child\" data-id=\"eac2bf8\" data-element_type=\"container\">\n\t\t\t\t<div class=\"elementor-element elementor-element-65f9b33 elementor-widget__width-inherit elementor-widget elementor-widget-text-editor\" data-id=\"65f9b33\" data-element_type=\"widget\" data-widget_type=\"text-editor.default\">\n\t\t\t\t<div class=\"elementor-widget-container\">\n\t\t\t\t\t\t\t\t\t<p data-start=\"3142\" data-end=\"3353\">Dok\u0142adny pomiar si\u0142y kwitnienia zale\u017cy w du\u017cej mierze od niezawodnego sprz\u0119tu. W tym przypadku <strong data-start=\"3221\" data-end=\"3251\">Tester wytrzyma\u0142o\u015bci \u017celu GST-01<\/strong> przez <strong data-start=\"3255\" data-end=\"3275\">Instrumenty kom\u00f3rkowe<\/strong> zapewnia precyzj\u0119 i sp\u00f3jno\u015b\u0107 w szerokim zakresie warunk\u00f3w testowych.<\/p><p data-start=\"3355\" data-end=\"3382\"><strong data-start=\"3355\" data-end=\"3379\">Kluczowe korzy\u015bci obejmuj\u0105<\/strong>:<\/p><ul><li data-start=\"3385\" data-end=\"3449\"><strong data-start=\"3385\" data-end=\"3422\">Przyjazny dla u\u017cytkownika 7-calowy ekran dotykowy<\/strong> z intuicyjnym interfejsem<\/li><li data-start=\"3452\" data-end=\"3521\"><strong data-start=\"3452\" data-end=\"3482\">Wysoka dok\u0142adno\u015b\u0107 (\u00b10,5% F.S.)<\/strong> i precyzja przemieszczenia (0,01 mm)<\/li><li data-start=\"3524\" data-end=\"3595\"><strong data-start=\"3524\" data-end=\"3547\">Wiele tryb\u00f3w testowych<\/strong>, w tym si\u0142a szczytowa i odleg\u0142o\u015b\u0107 pod obci\u0105\u017ceniem<\/li><li data-start=\"3598\" data-end=\"3685\"><strong data-start=\"3598\" data-end=\"3623\">Wbudowana mikrodrukarka<\/strong> i opcjonalna integracja oprogramowania RS232 do zarz\u0105dzania danymi<\/li><li data-start=\"3688\" data-end=\"3757\"><strong data-start=\"3688\" data-end=\"3713\">Konfigurowalne urz\u0105dzenia<\/strong> dla r\u00f3\u017cnych wymaga\u0144 analizy tekstury<\/li><\/ul><p data-start=\"3759\" data-end=\"3952\">Dzi\u0119ki programowalnej pr\u0119dko\u015bci (1-100 mm\/min) i zaawansowanym funkcjom bezpiecze\u0144stwa, GST-01 jest idealnym rozwi\u0105zaniem dla <strong data-start=\"3852\" data-end=\"3898\">Laboratoria badawczo-rozwojowe i zak\u0142ady produkcyjne<\/strong> chc\u0105cych usprawni\u0107 swoje procesy zapewniania jako\u015bci.<\/p>\t\t\t\t\t\t\t\t<\/div>\n\t\t\t\t<\/div>\n\t\t\t\t<div class=\"elementor-element elementor-element-5a1af86 elementor-widget elementor-widget-text-editor\" data-id=\"5a1af86\" data-element_type=\"widget\" data-widget_type=\"text-editor.default\">\n\t\t\t\t<div class=\"elementor-widget-container\">\n\t\t\t\t\t\t\t\t\t<p data-start=\"3959\" data-end=\"4015\"><strong data-start=\"3959\" data-end=\"4013\">Najlepsze praktyki dotycz\u0105ce wykonywania testu wytrzyma\u0142o\u015bci Bloom<\/strong><\/p><p data-start=\"4017\" data-end=\"4114\">Aby zapewni\u0107 powtarzalno\u015b\u0107 i zgodno\u015b\u0107 z przepisami w testach kwitnienia, nale\u017cy post\u0119powa\u0107 zgodnie z poni\u017cszymi zaleceniami:<\/p><ul><li data-start=\"4118\" data-end=\"4213\">Stosowa\u0107 znormalizowane st\u0119\u017cenie \u017celatyny i warunki testowe (czas, temperatura i wilgotno\u015b\u0107).<\/li><li data-start=\"4216\" data-end=\"4262\">Regularnie kalibruj tester wytrzyma\u0142o\u015bci \u017celu.<\/li><li data-start=\"4265\" data-end=\"4333\">Przed ka\u017cdym testem nale\u017cy upewni\u0107 si\u0119, \u017ce sonda jest czysta i wolna od pozosta\u0142o\u015bci.<\/li><li data-start=\"4336\" data-end=\"4396\">Uruchom wiele pr\u00f3bek i u\u015brednij wyniki, aby uzyska\u0107 dok\u0142adno\u015b\u0107.<\/li><li data-start=\"4399\" data-end=\"4459\">Dokumentowanie warunk\u00f3w \u015brodowiskowych w celu \u015bledzenia sp\u00f3jno\u015bci test\u00f3w.<\/li><\/ul>\t\t\t\t\t\t\t\t<\/div>\n\t\t\t\t<\/div>\n\t\t\t\t<\/div>\n\t\t\t\t\t<\/div>\n\t\t\t\t<\/div>\n\t\t<div class=\"elementor-element elementor-element-hlnqc4n e-flex e-con-boxed e-con e-parent\" data-id=\"hlnqc4n\" data-element_type=\"container\" data-settings=\"{&quot;background_background&quot;:&quot;classic&quot;}\">\n\t\t\t\t\t<div class=\"e-con-inner\">\n\t\t<div class=\"elementor-element elementor-element-db992c8 e-con-full e-flex e-con e-child\" data-id=\"db992c8\" data-element_type=\"container\">\n\t\t\t\t<div class=\"elementor-element elementor-element-08e276e elementor-widget elementor-widget-heading\" data-id=\"08e276e\" data-element_type=\"widget\" data-widget_type=\"heading.default\">\n\t\t\t\t<div class=\"elementor-widget-container\">\n\t\t\t\t\t<h2 class=\"elementor-heading-title elementor-size-default\">Porozmawiaj z nami<\/h2>\t\t\t\t<\/div>\n\t\t\t\t<\/div>\n\t\t\t\t<div class=\"elementor-element elementor-element-291d47f elementor-widget elementor-widget-text-editor\" data-id=\"291d47f\" data-element_type=\"widget\" data-widget_type=\"text-editor.default\">\n\t\t\t\t<div class=\"elementor-widget-container\">\n\t\t\t\t\t\t\t\t\t<p data-start=\"5158\" data-end=\"5630\">Zrozumienie i dok\u0142adny pomiar <strong data-start=\"5197\" data-end=\"5215\">si\u0142a kwitnienia<\/strong> ma zasadnicze znaczenie dla zapewnienia jako\u015bci \u017celatyny i produkt\u00f3w softgel. Z odpowiednim sprz\u0119tem testowym, takim jak <strong data-start=\"5330\" data-end=\"5360\">Tester wytrzyma\u0142o\u015bci \u017celu GST-01<\/strong> z Cell Instruments, producenci mog\u0105 utrzyma\u0107 wysokie standardy, zmniejszy\u0107 zmienno\u015b\u0107 i spe\u0142ni\u0107 wymagania bran\u017cowe. Niezale\u017cnie od tego, czy produkujesz kapsu\u0142ki softgel, czy \u017cywno\u015b\u0107 na bazie \u017celatyny, testowanie wytrzyma\u0142o\u015bci na kwitnienie jest podstawow\u0105 cz\u0119\u015bci\u0105 strategii kontroli jako\u015bci.<\/p>\t\t\t\t\t\t\t\t<\/div>\n\t\t\t\t<\/div>\n\t\t\t\t<div class=\"elementor-element elementor-element-e8cd3e1 elementor-align-center elementor-widget elementor-widget-button\" data-id=\"e8cd3e1\" data-element_type=\"widget\" data-widget_type=\"button.default\">\n\t\t\t\t<div class=\"elementor-widget-container\">\n\t\t\t\t\t\t\t\t\t<div class=\"elementor-button-wrapper\">\n\t\t\t\t\t<a class=\"elementor-button elementor-button-link elementor-size-sm\" href=\"https:\/\/www.packqc.com\/pl\/contact-us\/\">\n\t\t\t\t\t\t<span class=\"elementor-button-content-wrapper\">\n\t\t\t\t\t\t\t\t\t<span class=\"elementor-button-text\">Skontaktuj si\u0119 z nami<\/span>\n\t\t\t\t\t<\/span>\n\t\t\t\t\t<\/a>\n\t\t\t\t<\/div>\n\t\t\t\t\t\t\t\t<\/div>\n\t\t\t\t<\/div>\n\t\t\t\t<\/div>\n\t\t\t\t\t<\/div>\n\t\t\t\t<\/div>\n\t\t\t\t<\/div>","protected":false},"excerpt":{"rendered":"<p>Testowanie si\u0142y wykwitu W przemy\u015ble spo\u017cywczym i farmaceutycznym kluczowe znaczenie ma zapewnienie konsystencji, tekstury i stabilno\u015bci produktu. Jednym z kluczowych parametr\u00f3w dla produkt\u00f3w na bazie \u017celatyny, zw\u0142aszcza \u017celatyny i kapsu\u0142ek softgels, jest si\u0142a wykwitu. Ten niezb\u0119dny pomiar pomaga producentom utrzyma\u0107 kontrol\u0119 jako\u015bci we wszystkich partiach produkcyjnych. Zbadamy, czym jest si\u0142a rozkwitu, jak przeprowadzi\u0107 test rozkwitu, [...]<\/p>","protected":false},"author":2,"featured_media":0,"parent":5290,"menu_order":0,"comment_status":"closed","ping_status":"closed","template":"","meta":{"_acf_changed":false,"site-sidebar-layout":"no-sidebar","site-content-layout":"page-builder","ast-site-content-layout":"full-width-container","site-content-style":"default","site-sidebar-style":"default","ast-global-header-display":"","ast-banner-title-visibility":"","ast-main-header-display":"","ast-hfb-above-header-display":"","ast-hfb-below-header-display":"","ast-hfb-mobile-header-display":"","site-post-title":"disabled","ast-breadcrumbs-content":"","ast-featured-img":"disabled","footer-sml-layout":"","theme-transparent-header-meta":"","adv-header-id-meta":"","stick-header-meta":"","header-above-stick-meta":"","header-main-stick-meta":"","header-below-stick-meta":"","astra-migrate-meta-layouts":"set","ast-page-background-enabled":"default","ast-page-background-meta":{"desktop":{"background-color":"var(--ast-global-color-4)","background-image":"","background-repeat":"repeat","background-position":"center center","background-size":"auto","background-attachment":"scroll","background-type":"","background-media":"","overlay-type":"","overlay-color":"","overlay-gradient":""},"tablet":{"background-color":"","background-image":"","background-repeat":"repeat","background-position":"center center","background-size":"auto","background-attachment":"scroll","background-type":"","background-media":"","overlay-type":"","overlay-color":"","overlay-gradient":""},"mobile":{"background-color":"","background-image":"","background-repeat":"repeat","background-position":"center center","background-size":"auto","background-attachment":"scroll","background-type":"","background-media":"","overlay-type":"","overlay-color":"","overlay-gradient":""}},"ast-content-background-meta":{"desktop":{"background-color":"var(--ast-global-color-5)","background-image":"","background-repeat":"repeat","background-position":"center center","background-size":"auto","background-attachment":"scroll","background-type":"","background-media":"","overlay-type":"","overlay-color":"","overlay-gradient":""},"tablet":{"background-color":"var(--ast-global-color-5)","background-image":"","background-repeat":"repeat","background-position":"center center","background-size":"auto","background-attachment":"scroll","background-type":"","background-media":"","overlay-type":"","overlay-color":"","overlay-gradient":""},"mobile":{"background-color":"var(--ast-global-color-5)","background-image":"","background-repeat":"repeat","background-position":"center center","background-size":"auto","background-attachment":"scroll","background-type":"","background-media":"","overlay-type":"","overlay-color":"","overlay-gradient":""}},"footnotes":""},"class_list":["post-5603","page","type-page","status-publish","hentry"],"acf":[],"_links":{"self":[{"href":"https:\/\/www.packqc.com\/pl\/wp-json\/wp\/v2\/pages\/5603","targetHints":{"allow":["GET"]}}],"collection":[{"href":"https:\/\/www.packqc.com\/pl\/wp-json\/wp\/v2\/pages"}],"about":[{"href":"https:\/\/www.packqc.com\/pl\/wp-json\/wp\/v2\/types\/page"}],"author":[{"embeddable":true,"href":"https:\/\/www.packqc.com\/pl\/wp-json\/wp\/v2\/users\/2"}],"replies":[{"embeddable":true,"href":"https:\/\/www.packqc.com\/pl\/wp-json\/wp\/v2\/comments?post=5603"}],"version-history":[{"count":0,"href":"https:\/\/www.packqc.com\/pl\/wp-json\/wp\/v2\/pages\/5603\/revisions"}],"up":[{"embeddable":true,"href":"https:\/\/www.packqc.com\/pl\/wp-json\/wp\/v2\/pages\/5290"}],"wp:attachment":[{"href":"https:\/\/www.packqc.com\/pl\/wp-json\/wp\/v2\/media?parent=5603"}],"curies":[{"name":"wp","href":"https:\/\/api.w.org\/{rel}","templated":true}]}}