{"id":5113,"date":"2025-02-24T15:07:43","date_gmt":"2025-02-24T07:07:43","guid":{"rendered":"https:\/\/www.packqc.com\/?page_id=5113"},"modified":"2026-02-02T11:08:48","modified_gmt":"2026-02-02T03:08:48","slug":"usp-1207-leak-test-apparatus-for-food-package","status":"publish","type":"page","link":"https:\/\/www.packqc.com\/ro\/usp-1207-leak-test-apparatus-for-food-package\/","title":{"rendered":"USP 1207 Aparat de testare a scurgerilor pentru ambalaj alimentar"},"content":{"rendered":"<div data-elementor-type=\"wp-page\" data-elementor-id=\"5113\" class=\"elementor elementor-5113\" data-elementor-post-type=\"page\">\n\t\t\t\t<div class=\"elementor-element elementor-element-f940e3c e-flex e-con-boxed e-con e-parent\" data-id=\"f940e3c\" data-element_type=\"container\">\n\t\t\t\t\t<div class=\"e-con-inner\">\n\t\t\t\t<div class=\"elementor-element elementor-element-002a9df elementor-widget elementor-widget-heading\" data-id=\"002a9df\" data-element_type=\"widget\" data-widget_type=\"heading.default\">\n\t\t\t\t<div class=\"elementor-widget-container\">\n\t\t\t\t\t<h2 class=\"elementor-heading-title elementor-size-default\">USP 1207 Aparat de testare a scurgerilor pentru ambalaj alimentar<\/h2>\t\t\t\t<\/div>\n\t\t\t\t<\/div>\n\t\t\t\t<div class=\"elementor-element elementor-element-058bcf9 elementor-widget elementor-widget-text-editor\" data-id=\"058bcf9\" data-element_type=\"widget\" data-widget_type=\"text-editor.default\">\n\t\t\t\t<div class=\"elementor-widget-container\">\n\t\t\t\t\t\t\t\t\t<p><a style=\"text-align: var(--text-align); font-size: 1rem;\" href=\"https:\/\/www.packqc.com\/ro\/leak-test-apparatus-usp-1207\/\" target=\"_blank\" rel=\"noopener\"><b>Aparat de testare a scurgerilor<\/b><\/a>&nbsp;sunt instrumente esen\u021biale \u00een <b>evaluarea integrit\u0103\u021bii ambalajelor alimentare<\/b>. Aceste aparate sunt concepute pentru a detecta microscurgerile \u0219i pentru a asigura protec\u021bia produselor sterile \u0219i sensibile. Conformitatea cu <b>USP 1207<\/b> este esen\u021bial\u0103 pentru men\u021binerea siguran\u021bei, integrit\u0103\u021bii \u0219i calit\u0103\u021bii produsului de-a lungul lan\u021bului de aprovizionare. Acest standard define\u0219te criteriile esen\u021biale de testare pentru <b>integritatea \u00eenchiderii containerului<\/b> (CCI), asigur\u00e2nd c\u0103 ambalajul protejeaz\u0103 \u00een mod fiabil produsele de contaminare, aer, umiditate \u0219i expunerea microbian\u0103.<\/p>\n<p>Testarea scurgerilor este un proces esen\u021bial pentru a ne asigura c\u0103 ambalajul alimentar \u00ee\u0219i men\u021bine integritatea \u0219i previne contaminarea. Alimentele, produsele farmaceutice, dispozitivele medicale \u0219i alte bunuri sensibile necesit\u0103 ambalaj sigilat care ofer\u0103 o barier\u0103 eficient\u0103 \u00eempotriva factorilor externi care ar putea degrada sau compromite produsul.<\/p>\n<p>La Cell Instruments, oferim o gam\u0103 complet\u0103 de <b>Aparat de testare a scurgerilor<\/b> care sunt concepute s\u0103 \u00eendeplineasc\u0103 <b>USP 1207<\/b> cerin\u021be. Testerele noastre de scurgeri sunt utilizate pentru o varietate de aplica\u021bii, inclusiv ambalaje farmaceutice, etan\u0219area dispozitivelor medicale \u0219i multe altele. Mai jos sunt solu\u021biile noastre emblematice de testare a scurgerilor:<\/p>\t\t\t\t\t\t\t\t<\/div>\n\t\t\t\t<\/div>\n\t\t\t\t\t<\/div>\n\t\t\t\t<\/div>\n\t\t<div class=\"elementor-element elementor-element-367b035 e-flex e-con-boxed e-con e-parent\" data-id=\"367b035\" data-element_type=\"container\">\n\t\t\t\t\t<div class=\"e-con-inner\">\n\t\t<div class=\"elementor-element elementor-element-22c653f e-grid e-con-full e-con e-child\" data-id=\"22c653f\" data-element_type=\"container\">\n\t\t\t\t<div class=\"elementor-element elementor-element-c6e3239 elementor-position-top elementor-widget elementor-widget-image-box\" data-id=\"c6e3239\" data-element_type=\"widget\" data-widget_type=\"image-box.default\">\n\t\t\t\t<div class=\"elementor-widget-container\">\n\t\t\t\t\t<div class=\"elementor-image-box-wrapper\"><figure class=\"elementor-image-box-img\"><a href=\"https:\/\/www.packqc.com\/ro\/product\/sale-astm-d3078-pouch-leak-tester-astm-d4991\/\" tabindex=\"-1\"><img fetchpriority=\"high\" decoding=\"async\" width=\"600\" height=\"600\" src=\"https:\/\/www.packqc.com\/wp-content\/uploads\/2025\/02\/LT-01-USP-1207-Leak-Test-Apparatus-for-Food-Package.webp\" class=\"attachment-full size-full wp-image-5117\" alt=\"LT-01 USP 1207 Aparat de testare a scurgerilor pentru ambalaj alimentar\" srcset=\"https:\/\/www.packqc.com\/wp-content\/uploads\/2025\/02\/LT-01-USP-1207-Leak-Test-Apparatus-for-Food-Package.webp 600w, https:\/\/www.packqc.com\/wp-content\/uploads\/2025\/02\/LT-01-USP-1207-Leak-Test-Apparatus-for-Food-Package-300x300.webp 300w, https:\/\/www.packqc.com\/wp-content\/uploads\/2025\/02\/LT-01-USP-1207-Leak-Test-Apparatus-for-Food-Package-100x100.webp 100w, https:\/\/www.packqc.com\/wp-content\/uploads\/2025\/02\/LT-01-USP-1207-Leak-Test-Apparatus-for-Food-Package-150x150.webp 150w, https:\/\/www.packqc.com\/wp-content\/uploads\/2025\/02\/LT-01-USP-1207-Leak-Test-Apparatus-for-Food-Package-12x12.webp 12w\" sizes=\"(max-width: 600px) 100vw, 600px\" \/><\/a><\/figure><div class=\"elementor-image-box-content\"><h3 class=\"elementor-image-box-title\"><a href=\"https:\/\/www.packqc.com\/ro\/product\/sale-astm-d3078-pouch-leak-tester-astm-d4991\/\">LT-01 Aparat de testare a scurgerilor<\/a><\/h3><\/div><\/div>\t\t\t\t<\/div>\n\t\t\t\t<\/div>\n\t\t\t\t<div class=\"elementor-element elementor-element-bba5d12 elementor-position-top elementor-widget elementor-widget-image-box\" data-id=\"bba5d12\" data-element_type=\"widget\" data-widget_type=\"image-box.default\">\n\t\t\t\t<div class=\"elementor-widget-container\">\n\t\t\t\t\t<div class=\"elementor-image-box-wrapper\"><figure class=\"elementor-image-box-img\"><a href=\"https:\/\/www.packqc.com\/ro\/product\/sale-astm-d4991-package-leak-tester-astm-d3078\/\" tabindex=\"-1\"><img decoding=\"async\" width=\"600\" height=\"600\" src=\"https:\/\/www.packqc.com\/wp-content\/uploads\/2025\/02\/LT-02-USP-1207-Leak-Test-Apparatus-for-Food-Package.webp\" class=\"attachment-full size-full wp-image-5118\" alt=\"LT-02 USP 1207 Aparat de testare a scurgerilor pentru ambalaj alimentar\" srcset=\"https:\/\/www.packqc.com\/wp-content\/uploads\/2025\/02\/LT-02-USP-1207-Leak-Test-Apparatus-for-Food-Package.webp 600w, https:\/\/www.packqc.com\/wp-content\/uploads\/2025\/02\/LT-02-USP-1207-Leak-Test-Apparatus-for-Food-Package-300x300.webp 300w, https:\/\/www.packqc.com\/wp-content\/uploads\/2025\/02\/LT-02-USP-1207-Leak-Test-Apparatus-for-Food-Package-100x100.webp 100w, https:\/\/www.packqc.com\/wp-content\/uploads\/2025\/02\/LT-02-USP-1207-Leak-Test-Apparatus-for-Food-Package-150x150.webp 150w, https:\/\/www.packqc.com\/wp-content\/uploads\/2025\/02\/LT-02-USP-1207-Leak-Test-Apparatus-for-Food-Package-12x12.webp 12w\" sizes=\"(max-width: 600px) 100vw, 600px\" \/><\/a><\/figure><div class=\"elementor-image-box-content\"><h3 class=\"elementor-image-box-title\"><a href=\"https:\/\/www.packqc.com\/ro\/product\/sale-astm-d4991-package-leak-tester-astm-d3078\/\">LT-02 Aparat de testare a scurgerilor<\/a><\/h3><\/div><\/div>\t\t\t\t<\/div>\n\t\t\t\t<\/div>\n\t\t\t\t<div class=\"elementor-element elementor-element-36f76d6 elementor-position-top elementor-widget elementor-widget-image-box\" data-id=\"36f76d6\" data-element_type=\"widget\" data-widget_type=\"image-box.default\">\n\t\t\t\t<div class=\"elementor-widget-container\">\n\t\t\t\t\t<div class=\"elementor-image-box-wrapper\"><figure class=\"elementor-image-box-img\"><a href=\"https:\/\/www.packqc.com\/ro\/product\/lt-03-bubble-leak-test-equipment\/\" tabindex=\"-1\"><img decoding=\"async\" width=\"600\" height=\"600\" src=\"https:\/\/www.packqc.com\/wp-content\/uploads\/2025\/02\/LT-03-USP-1207-Leak-Test-Apparatus-for-Food-Package.webp\" class=\"attachment-full size-full wp-image-5115\" alt=\"LT-03 USP 1207 Aparat de testare a scurgerilor pentru ambalaj alimentar\" srcset=\"https:\/\/www.packqc.com\/wp-content\/uploads\/2025\/02\/LT-03-USP-1207-Leak-Test-Apparatus-for-Food-Package.webp 600w, https:\/\/www.packqc.com\/wp-content\/uploads\/2025\/02\/LT-03-USP-1207-Leak-Test-Apparatus-for-Food-Package-300x300.webp 300w, https:\/\/www.packqc.com\/wp-content\/uploads\/2025\/02\/LT-03-USP-1207-Leak-Test-Apparatus-for-Food-Package-100x100.webp 100w, https:\/\/www.packqc.com\/wp-content\/uploads\/2025\/02\/LT-03-USP-1207-Leak-Test-Apparatus-for-Food-Package-150x150.webp 150w, https:\/\/www.packqc.com\/wp-content\/uploads\/2025\/02\/LT-03-USP-1207-Leak-Test-Apparatus-for-Food-Package-12x12.webp 12w\" sizes=\"(max-width: 600px) 100vw, 600px\" \/><\/a><\/figure><div class=\"elementor-image-box-content\"><h3 class=\"elementor-image-box-title\"><a href=\"https:\/\/www.packqc.com\/ro\/product\/lt-03-bubble-leak-test-equipment\/\">LT-03 Aparat de testare a scurgerilor<\/a><\/h3><\/div><\/div>\t\t\t\t<\/div>\n\t\t\t\t<\/div>\n\t\t\t\t<div class=\"elementor-element elementor-element-f26dc7a elementor-position-top elementor-widget elementor-widget-image-box\" data-id=\"f26dc7a\" data-element_type=\"widget\" data-widget_type=\"image-box.default\">\n\t\t\t\t<div class=\"elementor-widget-container\">\n\t\t\t\t\t<div class=\"elementor-image-box-wrapper\"><figure class=\"elementor-image-box-img\"><a href=\"https:\/\/www.packqc.com\/ro\/product\/mlt-01-vacuum-decay-leak-test-equipment\/\" tabindex=\"-1\"><img loading=\"lazy\" decoding=\"async\" width=\"600\" height=\"600\" src=\"https:\/\/www.packqc.com\/wp-content\/uploads\/2025\/02\/GLT-01-USP-1207-Leak-Test-Apparatus-for-Food-Package.webp\" class=\"attachment-full size-full wp-image-5116\" alt=\"GLT-01 USP 1207 Aparat de testare a scurgerilor pentru ambalaj alimentar\" srcset=\"https:\/\/www.packqc.com\/wp-content\/uploads\/2025\/02\/GLT-01-USP-1207-Leak-Test-Apparatus-for-Food-Package.webp 600w, https:\/\/www.packqc.com\/wp-content\/uploads\/2025\/02\/GLT-01-USP-1207-Leak-Test-Apparatus-for-Food-Package-300x300.webp 300w, https:\/\/www.packqc.com\/wp-content\/uploads\/2025\/02\/GLT-01-USP-1207-Leak-Test-Apparatus-for-Food-Package-100x100.webp 100w, https:\/\/www.packqc.com\/wp-content\/uploads\/2025\/02\/GLT-01-USP-1207-Leak-Test-Apparatus-for-Food-Package-150x150.webp 150w, https:\/\/www.packqc.com\/wp-content\/uploads\/2025\/02\/GLT-01-USP-1207-Leak-Test-Apparatus-for-Food-Package-12x12.webp 12w\" sizes=\"(max-width: 600px) 100vw, 600px\" \/><\/a><\/figure><div class=\"elementor-image-box-content\"><h3 class=\"elementor-image-box-title\"><a href=\"https:\/\/www.packqc.com\/ro\/product\/mlt-01-vacuum-decay-leak-test-equipment\/\">MLT-01 Aparat de testare a scurgerilor<\/a><\/h3><\/div><\/div>\t\t\t\t<\/div>\n\t\t\t\t<\/div>\n\t\t\t\t<\/div>\n\t\t\t\t\t<\/div>\n\t\t\t\t<\/div>\n\t\t\t\t<\/div>","protected":false},"excerpt":{"rendered":"<p>Aparate de testare a scurgerilor USP 1207 pentru ambalajele alimentare Aparatele de testare a scurgerilor sunt instrumente esen\u021biale \u00een evaluarea integrit\u0103\u021bii ambalajelor alimentare. Aceste aparate sunt concepute pentru a detecta microscurgerile \u0219i pentru a asigura protec\u021bia produselor sterile \u0219i sensibile. Conformitatea cu USP 1207 este esen\u021bial\u0103 pentru men\u021binerea siguran\u021bei, integrit\u0103\u021bii \u0219i calit\u0103\u021bii produsului de-a lungul lan\u021bului de aprovizionare. Acest standard [\u2026]<\/p>","protected":false},"author":2,"featured_media":0,"parent":0,"menu_order":0,"comment_status":"closed","ping_status":"closed","template":"","meta":{"_acf_changed":false,"site-sidebar-layout":"no-sidebar","site-content-layout":"page-builder","ast-site-content-layout":"full-width-container","site-content-style":"default","site-sidebar-style":"default","ast-global-header-display":"","ast-banner-title-visibility":"","ast-main-header-display":"","ast-hfb-above-header-display":"","ast-hfb-below-header-display":"","ast-hfb-mobile-header-display":"","site-post-title":"disabled","ast-breadcrumbs-content":"","ast-featured-img":"disabled","footer-sml-layout":"","theme-transparent-header-meta":"","adv-header-id-meta":"","stick-header-meta":"","header-above-stick-meta":"","header-main-stick-meta":"","header-below-stick-meta":"","astra-migrate-meta-layouts":"set","ast-page-background-enabled":"default","ast-page-background-meta":{"desktop":{"background-color":"var(--ast-global-color-4)","background-image":"","background-repeat":"repeat","background-position":"center center","background-size":"auto","background-attachment":"scroll","background-type":"","background-media":"","overlay-type":"","overlay-color":"","overlay-gradient":""},"tablet":{"background-color":"","background-image":"","background-repeat":"repeat","background-position":"center center","background-size":"auto","background-attachment":"scroll","background-type":"","background-media":"","overlay-type":"","overlay-color":"","overlay-gradient":""},"mobile":{"background-color":"","background-image":"","background-repeat":"repeat","background-position":"center center","background-size":"auto","background-attachment":"scroll","background-type":"","background-media":"","overlay-type":"","overlay-color":"","overlay-gradient":""}},"ast-content-background-meta":{"desktop":{"background-color":"var(--ast-global-color-5)","background-image":"","background-repeat":"repeat","background-position":"center center","background-size":"auto","background-attachment":"scroll","background-type":"","background-media":"","overlay-type":"","overlay-color":"","overlay-gradient":""},"tablet":{"background-color":"var(--ast-global-color-5)","background-image":"","background-repeat":"repeat","background-position":"center center","background-size":"auto","background-attachment":"scroll","background-type":"","background-media":"","overlay-type":"","overlay-color":"","overlay-gradient":""},"mobile":{"background-color":"var(--ast-global-color-5)","background-image":"","background-repeat":"repeat","background-position":"center center","background-size":"auto","background-attachment":"scroll","background-type":"","background-media":"","overlay-type":"","overlay-color":"","overlay-gradient":""}},"footnotes":""},"class_list":["post-5113","page","type-page","status-publish","hentry"],"acf":[],"_links":{"self":[{"href":"https:\/\/www.packqc.com\/ro\/wp-json\/wp\/v2\/pages\/5113","targetHints":{"allow":["GET"]}}],"collection":[{"href":"https:\/\/www.packqc.com\/ro\/wp-json\/wp\/v2\/pages"}],"about":[{"href":"https:\/\/www.packqc.com\/ro\/wp-json\/wp\/v2\/types\/page"}],"author":[{"embeddable":true,"href":"https:\/\/www.packqc.com\/ro\/wp-json\/wp\/v2\/users\/2"}],"replies":[{"embeddable":true,"href":"https:\/\/www.packqc.com\/ro\/wp-json\/wp\/v2\/comments?post=5113"}],"version-history":[{"count":0,"href":"https:\/\/www.packqc.com\/ro\/wp-json\/wp\/v2\/pages\/5113\/revisions"}],"wp:attachment":[{"href":"https:\/\/www.packqc.com\/ro\/wp-json\/wp\/v2\/media?parent=5113"}],"curies":[{"name":"wp","href":"https:\/\/api.w.org\/{rel}","templated":true}]}}