{"id":5603,"date":"2025-06-30T15:51:43","date_gmt":"2025-06-30T07:51:43","guid":{"rendered":"https:\/\/www.packqc.com\/?page_id=5603"},"modified":"2026-02-02T11:08:46","modified_gmt":"2026-02-02T03:08:46","slug":"bloom-strength-testing-solution-gelatin","status":"publish","type":"page","link":"https:\/\/www.packqc.com\/sk\/solutions\/bloom-strength-testing-solution-gelatin\/","title":{"rendered":"Rie\u0161enie na testovanie pevnosti Bloom"},"content":{"rendered":"<div data-elementor-type=\"wp-page\" data-elementor-id=\"5603\" class=\"elementor elementor-5603\" data-elementor-post-type=\"page\">\n\t\t\t\t<div class=\"elementor-element elementor-element-obvpkm1 e-flex e-con-boxed e-con e-parent\" data-id=\"obvpkm1\" data-element_type=\"container\" data-settings=\"{&quot;background_background&quot;:&quot;classic&quot;}\">\n\t\t\t\t\t<div class=\"e-con-inner\">\n\t\t\t\t<div class=\"elementor-element elementor-element-e3ee3a0 elementor-widget elementor-widget-heading\" data-id=\"e3ee3a0\" data-element_type=\"widget\" data-widget_type=\"heading.default\">\n\t\t\t\t<div class=\"elementor-widget-container\">\n\t\t\t\t\t<h1 class=\"elementor-heading-title elementor-size-default\">Testovanie pevnosti kvetov<\/h1>\t\t\t\t<\/div>\n\t\t\t\t<\/div>\n\t\t\t\t<div class=\"elementor-element elementor-element-ad4c880 elementor-widget__width-initial elementor-widget elementor-widget-text-editor\" data-id=\"ad4c880\" data-element_type=\"widget\" data-widget_type=\"text-editor.default\">\n\t\t\t\t<div class=\"elementor-widget-container\">\n\t\t\t\t\t\t\t\t\t<p data-start=\"375\" data-end=\"906\">V potravin\u00e1rskom a farmaceutickom priemysle je zabezpe\u010denie konzistencie, text\u00fary a stability v\u00fdrobku ve\u013emi d\u00f4le\u017eit\u00e9. Jedn\u00fdm z k\u013e\u00fa\u010dov\u00fdch parametrov v\u00fdrobkov na b\u00e1ze \u017eelat\u00edny, najm\u00e4 \u017eelat\u00edny a softg\u00e9lov, je <strong data-start=\"592\" data-end=\"610\">sila kvetu<\/strong>. Toto d\u00f4le\u017eit\u00e9 meranie pom\u00e1ha v\u00fdrobcom udr\u017eiava\u0165 kontrolu kvality vo v\u0161etk\u00fdch v\u00fdrobn\u00fdch d\u00e1vkach. Presk\u00famame, \u010do je to pevnos\u0165 v\u00fdkvetu, ako vykona\u0165 <strong data-start=\"783\" data-end=\"797\">test kvitnutia<\/strong>, a ako sa<a href=\"https:\/\/www.packqc.com\/sk\/product\/gst-01-gel-strength-tester\/\"> <strong data-start=\"809\" data-end=\"832\">tester pevnosti g\u00e9lu<\/strong><\/a> ako je <strong data-start=\"842\" data-end=\"874\">GST-01 od Cell Instruments<\/strong> m\u00f4\u017ee pom\u00f4c\u0165 optimalizova\u0165 tento proces.<\/p>\t\t\t\t\t\t\t\t<\/div>\n\t\t\t\t<\/div>\n\t\t\t\t\t<\/div>\n\t\t\t\t<\/div>\n\t\t<div class=\"elementor-element elementor-element-a41a9ed e-flex e-con-boxed e-con e-parent\" data-id=\"a41a9ed\" data-element_type=\"container\">\n\t\t\t\t\t<div class=\"e-con-inner\">\n\t\t\t\t<div class=\"elementor-element elementor-element-5ebde6b elementor-widget elementor-widget-heading\" data-id=\"5ebde6b\" data-element_type=\"widget\" data-widget_type=\"heading.default\">\n\t\t\t\t<div class=\"elementor-widget-container\">\n\t\t\t\t\t<h2 class=\"elementor-heading-title elementor-size-default\">\u010co je sila kvetu a pre\u010do je d\u00f4le\u017eit\u00e1?<\/h2>\t\t\t\t<\/div>\n\t\t\t\t<\/div>\n\t\t\t\t<div class=\"elementor-element elementor-element-42f74d3 elementor-widget elementor-widget-text-editor\" data-id=\"42f74d3\" data-element_type=\"widget\" data-widget_type=\"text-editor.default\">\n\t\t\t\t<div class=\"elementor-widget-container\">\n\t\t\t\t\t\t\t\t\t<p data-start=\"967\" data-end=\"1250\"><strong data-start=\"967\" data-end=\"985\">Sila kvetu<\/strong> sa vz\u0165ahuje na <strong data-start=\"1000\" data-end=\"1039\">miera pevnosti alebo sily g\u00e9lu<\/strong> \u017eelat\u00edny. Vyjadruje sa v gramoch (g) a je pomenovan\u00e1 po Oscarovi T. Bloomovi, ktor\u00fd t\u00fato met\u00f3du vyvinul. T\u00e1to hodnota ud\u00e1va <strong data-start=\"1163\" data-end=\"1221\">sila potrebn\u00e1 na stla\u010denie povrchu \u017eelat\u00ednov\u00e9ho g\u00e9lu<\/strong> za \u0161pecifick\u00fdch podmienok.<\/p><p data-start=\"1252\" data-end=\"1345\">Sila kvetu priamo ovplyv\u0148uje v\u00fdkon a senzorick\u00e9 vlastnosti v\u00fdrobkov, ako s\u00fa:<\/p><ul><li data-start=\"1348\" data-end=\"1378\"><strong data-start=\"1348\" data-end=\"1359\">Text\u00fara<\/strong> gumen\u00fdch cukr\u00edkov<\/li><li data-start=\"1381\" data-end=\"1431\"><strong data-start=\"1381\" data-end=\"1402\">Tvorba kaps\u00fal<\/strong> vo farmaceutick\u00fdch m\u00e4kk\u00fdch g\u00e9loch<\/li><li data-start=\"1434\" data-end=\"1476\"><strong data-start=\"1434\" data-end=\"1447\">Pocit v \u00fastach<\/strong> v mlie\u010dnych v\u00fdrobkoch a dezertoch<\/li><\/ul><p data-start=\"1478\" data-end=\"1682\">Vy\u0161\u0161ia hodnota bloom znamen\u00e1, \u017ee \u017eelat\u00ednov\u00fd g\u00e9l je pevnej\u0161\u00ed a pru\u017enej\u0161\u00ed, zatia\u013e \u010do ni\u017e\u0161ia hodnota znamen\u00e1 m\u00e4k\u0161\u00ed g\u00e9l. V\u00fdrobcovia si vyberaj\u00fa \u017eelat\u00ednu na z\u00e1klade sily rozkvetu, aby zodpovedala ich po\u017eiadavk\u00e1m na v\u00fdrobok.<\/p>\t\t\t\t\t\t\t\t<\/div>\n\t\t\t\t<\/div>\n\t\t\t\t\t<\/div>\n\t\t\t\t<\/div>\n\t\t<div class=\"elementor-element elementor-element-vjhz43k e-flex e-con-boxed e-con e-parent\" data-id=\"vjhz43k\" data-element_type=\"container\">\n\t\t\t\t\t<div class=\"e-con-inner\">\n\t\t\t\t<div class=\"elementor-element elementor-element-50d6336 elementor-widget elementor-widget-heading\" data-id=\"50d6336\" data-element_type=\"widget\" data-widget_type=\"heading.default\">\n\t\t\t\t<div class=\"elementor-widget-container\">\n\t\t\t\t\t<h2 class=\"elementor-heading-title elementor-size-default\">Bloomov test: Met\u00f3da a normy<\/h2>\t\t\t\t<\/div>\n\t\t\t\t<\/div>\n\t\t<div class=\"elementor-element elementor-element-ae0cc84 e-con-full e-flex e-con e-child\" data-id=\"ae0cc84\" data-element_type=\"container\">\n\t\t\t\t<div class=\"elementor-element elementor-element-9308ff2 elementor-widget__width-initial elementor-widget elementor-widget-text-editor\" data-id=\"9308ff2\" data-element_type=\"widget\" data-widget_type=\"text-editor.default\">\n\t\t\t\t<div class=\"elementor-widget-container\">\n\t\t\t\t\t\t\t\t\t<p data-start=\"1729\" data-end=\"1882\">The <strong data-start=\"1733\" data-end=\"1747\">test kvitnutia<\/strong> sa vykon\u00e1va pri kontrolovanej teplote a vlhkosti, aby sa zabezpe\u010dili konzistentn\u00e9 v\u00fdsledky. Tu je stru\u010dn\u00fd preh\u013ead \u0161tandardn\u00e9ho postupu:<\/p><ul><li data-start=\"1886\" data-end=\"1986\"><strong data-start=\"1886\" data-end=\"1905\">Pr\u00edprava g\u00e9lu<\/strong>: Priprav\u00ed sa roztok \u017eelat\u00edny 6,67%, ktor\u00fd sa naleje do poh\u00e1rov Bloom \u0161tandardnej ve\u013ekosti.<\/li><li data-start=\"1989\" data-end=\"2062\"><strong data-start=\"1989\" data-end=\"2001\">\u017del\u00edrovanie<\/strong>: Roztok sa nech\u00e1 g\u00e9lova\u0165 pri <strong data-start=\"2037\" data-end=\"2061\">10 \u00b0C po\u010das 16-18 hod\u00edn<\/strong>.<\/li><li data-start=\"2065\" data-end=\"2227\"><strong data-start=\"2065\" data-end=\"2076\">Testovanie<\/strong>: \u0160tandard <strong data-start=\"2089\" data-end=\"2112\">tester pevnosti g\u00e9lu<\/strong> s <strong data-start=\"2120\" data-end=\"2145\">Piest s priemerom 5 mm<\/strong> zostupuje na <strong data-start=\"2158\" data-end=\"2171\">60 mm\/min<\/strong> k\u00fdm piest neprenikne 4 mm do povrchu g\u00e9lu.<\/li><li data-start=\"2230\" data-end=\"2334\"><strong data-start=\"2230\" data-end=\"2240\">V\u00fdsledok<\/strong>: Maxim\u00e1lna sila (v gramoch) potrebn\u00e1 na dosiahnutie tohto prieniku je <strong data-start=\"2315\" data-end=\"2333\">sila kvetu<\/strong>.<\/li><\/ul><p data-start=\"2336\" data-end=\"2474\">T\u00e1to met\u00f3da je \u0161pecifikovan\u00e1 v r\u00f4znych liekopisn\u00fdch a priemyseln\u00fdch norm\u00e1ch vr\u00e1tane <strong data-start=\"2422\" data-end=\"2429\">USP<\/strong>, <strong data-start=\"2431\" data-end=\"2437\">EP<\/strong>, a <strong data-start=\"2443\" data-end=\"2453\">GB6783<\/strong> na testovanie \u017eelat\u00edny.<\/p>\t\t\t\t\t\t\t\t<\/div>\n\t\t\t\t<\/div>\n\t\t\t\t<div class=\"elementor-element elementor-element-25f05fb elementor-widget__width-initial elementor-widget elementor-widget-video\" data-id=\"25f05fb\" data-element_type=\"widget\" data-settings=\"{&quot;youtube_url&quot;:&quot;https:\\\/\\\/youtu.be\\\/rrzQxj3794s?si=ERhkmO3Yz1kkFEFV&quot;,&quot;mute&quot;:&quot;yes&quot;,&quot;loop&quot;:&quot;yes&quot;,&quot;video_type&quot;:&quot;youtube&quot;,&quot;controls&quot;:&quot;yes&quot;}\" data-widget_type=\"video.default\">\n\t\t\t\t<div class=\"elementor-widget-container\">\n\t\t\t\t\t\t\t<div class=\"elementor-wrapper elementor-open-inline\">\n\t\t\t<div class=\"elementor-video\"><\/div>\t\t<\/div>\n\t\t\t\t\t\t<\/div>\n\t\t\t\t<\/div>\n\t\t\t\t<\/div>\n\t\t\t\t\t<\/div>\n\t\t\t\t<\/div>\n\t\t<div class=\"elementor-element elementor-element-9ebec98 e-flex e-con-boxed e-con e-parent\" data-id=\"9ebec98\" data-element_type=\"container\">\n\t\t\t\t\t<div class=\"e-con-inner\">\n\t\t\t\t<div class=\"elementor-element elementor-element-d622d16 elementor-widget elementor-widget-heading\" data-id=\"d622d16\" data-element_type=\"widget\" data-widget_type=\"heading.default\">\n\t\t\t\t<div class=\"elementor-widget-container\">\n\t\t\t\t\t<h2 class=\"elementor-heading-title elementor-size-default\">Aplik\u00e1cie pri kontrole kvality \u017eelat\u00edny a softg\u00e9lov<\/h2>\t\t\t\t<\/div>\n\t\t\t\t<\/div>\n\t\t<div class=\"elementor-element elementor-element-aeb42bd e-con-full e-flex e-con e-child\" data-id=\"aeb42bd\" data-element_type=\"container\">\n\t\t\t\t<div class=\"elementor-element elementor-element-dc258dd elementor-widget__width-inherit elementor-widget elementor-widget-text-editor\" data-id=\"dc258dd\" data-element_type=\"widget\" data-widget_type=\"text-editor.default\">\n\t\t\t\t<div class=\"elementor-widget-container\">\n\t\t\t\t\t\t\t\t\t<p data-start=\"2540\" data-end=\"2668\">Pre <strong data-start=\"2544\" data-end=\"2569\">v\u00fdrobcovia \u017eelat\u00edny<\/strong>, kontrola pevnosti v\u00fdkvetu zabezpe\u010duje konzistenciu d\u00e1vky a s\u00falad so \u0161pecifik\u00e1ciami klienta.<\/p><p data-start=\"2670\" data-end=\"2737\">V <strong data-start=\"2677\" data-end=\"2688\">softgel<\/strong> priemysel, ur\u010duje spr\u00e1vna sila kvetu:<\/p><ul><li data-start=\"2740\" data-end=\"2768\"><strong data-start=\"2740\" data-end=\"2766\">Celistvos\u0165 steny kapsuly<\/strong><\/li><li data-start=\"2771\" data-end=\"2800\"><strong data-start=\"2771\" data-end=\"2798\">Stabilita zapuzdrenia<\/strong><\/li><li data-start=\"2803\" data-end=\"2866\"><strong data-start=\"2803\" data-end=\"2838\">Rozp\u00fa\u0161\u0165anie a biologick\u00e1 dostupnos\u0165<\/strong> \u00fa\u010dinn\u00fdch l\u00e1tok<\/li><\/ul><p data-start=\"2868\" data-end=\"3072\">Udr\u017eiavanie optim\u00e1lnych hodn\u00f4t kvitnutia je nevyhnutn\u00e9 pri <strong data-start=\"2917\" data-end=\"2954\">farmaceutick\u00fd v\u00fdskum, v\u00fdvoj a v\u00fdroba<\/strong>. To ist\u00e9 plat\u00ed aj pre <strong data-start=\"2976\" data-end=\"2998\">v\u00fdrobcovia potrav\u00edn<\/strong>, kde pevnos\u0165 kvetu ur\u010duje \u017euvate\u013enos\u0165 a pevnos\u0165 kone\u010dn\u00e9ho v\u00fdrobku.<\/p>\t\t\t\t\t\t\t\t<\/div>\n\t\t\t\t<\/div>\n\t\t\t\t<div class=\"elementor-element elementor-element-65475b3 elementor-widget__width-initial elementor-widget elementor-widget-image\" data-id=\"65475b3\" data-element_type=\"widget\" data-widget_type=\"image.default\">\n\t\t\t\t<div class=\"elementor-widget-container\">\n\t\t\t\t\t\t\t\t\t\t\t\t\t\t\t\t<a href=\"https:\/\/www.packqc.com\/sk\/product\/gst-01-gel-strength-tester\/\">\n\t\t\t\t\t\t\t<img fetchpriority=\"high\" decoding=\"async\" width=\"600\" height=\"600\" src=\"https:\/\/www.packqc.com\/wp-content\/uploads\/2025\/06\/Bloom-Strength-Testing.webp\" class=\"attachment-large size-large wp-image-5605\" alt=\"Testovanie pevnosti kvetov\" srcset=\"https:\/\/www.packqc.com\/wp-content\/uploads\/2025\/06\/Bloom-Strength-Testing.webp 600w, https:\/\/www.packqc.com\/wp-content\/uploads\/2025\/06\/Bloom-Strength-Testing-300x300.webp 300w, https:\/\/www.packqc.com\/wp-content\/uploads\/2025\/06\/Bloom-Strength-Testing-100x100.webp 100w, https:\/\/www.packqc.com\/wp-content\/uploads\/2025\/06\/Bloom-Strength-Testing-150x150.webp 150w, https:\/\/www.packqc.com\/wp-content\/uploads\/2025\/06\/Bloom-Strength-Testing-12x12.webp 12w\" sizes=\"(max-width: 600px) 100vw, 600px\" \/>\t\t\t\t\t\t\t\t<\/a>\n\t\t\t\t\t\t\t\t\t\t\t\t\t\t\t<\/div>\n\t\t\t\t<\/div>\n\t\t\t\t<\/div>\n\t\t\t\t<div class=\"elementor-element elementor-element-f7c44f8 elementor-widget elementor-widget-heading\" data-id=\"f7c44f8\" data-element_type=\"widget\" data-widget_type=\"heading.default\">\n\t\t\t\t<div class=\"elementor-widget-container\">\n\t\t\t\t\t<h2 class=\"elementor-heading-title elementor-size-default\">Pou\u017e\u00edvanie testera pevnosti g\u00e9lu: GST-01 od Cell Instruments<\/h2>\t\t\t\t<\/div>\n\t\t\t\t<\/div>\n\t\t<div class=\"elementor-element elementor-element-eac2bf8 e-con-full e-flex e-con e-child\" data-id=\"eac2bf8\" data-element_type=\"container\">\n\t\t\t\t<div class=\"elementor-element elementor-element-65f9b33 elementor-widget__width-inherit elementor-widget elementor-widget-text-editor\" data-id=\"65f9b33\" data-element_type=\"widget\" data-widget_type=\"text-editor.default\">\n\t\t\t\t<div class=\"elementor-widget-container\">\n\t\t\t\t\t\t\t\t\t<p data-start=\"3142\" data-end=\"3353\">Presn\u00e9 meranie sily v\u00fdkvetu z\u00e1vis\u00ed vo ve\u013ekej miere od spo\u013eahliv\u00e9ho zariadenia. Na str\u00e1nke <strong data-start=\"3221\" data-end=\"3251\">GST-01 Tester pevnosti g\u00e9lu<\/strong> pod\u013ea <strong data-start=\"3255\" data-end=\"3275\">Cell Instruments<\/strong> pon\u00faka presnos\u0165 a konzistenciu v \u0161irokom rozsahu testovac\u00edch podmienok.<\/p><p data-start=\"3355\" data-end=\"3382\"><strong data-start=\"3355\" data-end=\"3379\">Medzi hlavn\u00e9 v\u00fdhody patr\u00ed<\/strong>:<\/p><ul><li data-start=\"3385\" data-end=\"3449\"><strong data-start=\"3385\" data-end=\"3422\">Pou\u017e\u00edvate\u013esky pr\u00edvetiv\u00fd 7-palcov\u00fd dotykov\u00fd displej<\/strong> s intuit\u00edvnym rozhran\u00edm<\/li><li data-start=\"3452\" data-end=\"3521\"><strong data-start=\"3452\" data-end=\"3482\">Vysok\u00e1 presnos\u0165 (\u00b10,5% F.S.)<\/strong> a presnos\u0165 posunu (0,01 mm)<\/li><li data-start=\"3524\" data-end=\"3595\"><strong data-start=\"3524\" data-end=\"3547\">Viacero testovac\u00edch re\u017eimov<\/strong>, vr\u00e1tane maxim\u00e1lnej sily a vzdialenosti pod za\u0165a\u017een\u00edm<\/li><li data-start=\"3598\" data-end=\"3685\"><strong data-start=\"3598\" data-end=\"3623\">Zabudovan\u00e1 mikrotla\u010diare\u0148<\/strong> a volite\u013en\u00e1 integr\u00e1cia softv\u00e9ru RS232 na spr\u00e1vu \u00fadajov<\/li><li data-start=\"3688\" data-end=\"3757\"><strong data-start=\"3688\" data-end=\"3713\">Prisp\u00f4sobite\u013en\u00e9 pr\u00edslu\u0161enstvo<\/strong> pre r\u00f4zne po\u017eiadavky na anal\u00fdzu text\u00fary<\/li><\/ul><p data-start=\"3759\" data-end=\"3952\">V\u010faka programovate\u013enej r\u00fdchlosti (1-100 mm\/min) a pokro\u010dil\u00fdm bezpe\u010dnostn\u00fdm funkci\u00e1m je GST-01 ide\u00e1lny na <strong data-start=\"3852\" data-end=\"3898\">V\u00fdskumn\u00e9 a v\u00fdvojov\u00e9 laborat\u00f3ri\u00e1 a v\u00fdrobn\u00e9 zariadenia<\/strong> chc\u00fa zlep\u0161i\u0165 svoje procesy zabezpe\u010denia kvality.<\/p>\t\t\t\t\t\t\t\t<\/div>\n\t\t\t\t<\/div>\n\t\t\t\t<div class=\"elementor-element elementor-element-5a1af86 elementor-widget elementor-widget-text-editor\" data-id=\"5a1af86\" data-element_type=\"widget\" data-widget_type=\"text-editor.default\">\n\t\t\t\t<div class=\"elementor-widget-container\">\n\t\t\t\t\t\t\t\t\t<p data-start=\"3959\" data-end=\"4015\"><strong data-start=\"3959\" data-end=\"4013\">Osved\u010den\u00e9 postupy na vykonanie testu pevnosti Bloom<\/strong><\/p><p data-start=\"4017\" data-end=\"4114\">Ak chcete zabezpe\u010di\u0165 reprodukovate\u013enos\u0165 a s\u00falad s predpismi pri testoch kvitnutia, dodr\u017eiavajte tieto odpor\u00fa\u010dania:<\/p><ul><li data-start=\"4118\" data-end=\"4213\">Pou\u017eite \u0161tandardizovan\u00fa koncentr\u00e1ciu \u017eelat\u00edny a podmienky testu (\u010das, teplota a vlhkos\u0165).<\/li><li data-start=\"4216\" data-end=\"4262\">Pravidelne kalibrujte tester pevnosti g\u00e9lu.<\/li><li data-start=\"4265\" data-end=\"4333\">Pred ka\u017ed\u00fdm testom sa uistite, \u017ee je sonda \u010dist\u00e1 a bez zvy\u0161kov.<\/li><li data-start=\"4336\" data-end=\"4396\">Vykonajte viacero vzoriek a spriemerujte v\u00fdsledky, aby ste dosiahli presnos\u0165.<\/li><li data-start=\"4399\" data-end=\"4459\">Zdokumentujte podmienky prostredia na sledovanie konzistentnosti testov.<\/li><\/ul>\t\t\t\t\t\t\t\t<\/div>\n\t\t\t\t<\/div>\n\t\t\t\t<\/div>\n\t\t\t\t\t<\/div>\n\t\t\t\t<\/div>\n\t\t<div class=\"elementor-element elementor-element-hlnqc4n e-flex e-con-boxed e-con e-parent\" data-id=\"hlnqc4n\" data-element_type=\"container\" data-settings=\"{&quot;background_background&quot;:&quot;classic&quot;}\">\n\t\t\t\t\t<div class=\"e-con-inner\">\n\t\t<div class=\"elementor-element elementor-element-db992c8 e-con-full e-flex e-con e-child\" data-id=\"db992c8\" data-element_type=\"container\">\n\t\t\t\t<div class=\"elementor-element elementor-element-08e276e elementor-widget elementor-widget-heading\" data-id=\"08e276e\" data-element_type=\"widget\" data-widget_type=\"heading.default\">\n\t\t\t\t<div class=\"elementor-widget-container\">\n\t\t\t\t\t<h2 class=\"elementor-heading-title elementor-size-default\">Obr\u00e1\u0165te sa na n\u00e1s<\/h2>\t\t\t\t<\/div>\n\t\t\t\t<\/div>\n\t\t\t\t<div class=\"elementor-element elementor-element-291d47f elementor-widget elementor-widget-text-editor\" data-id=\"291d47f\" data-element_type=\"widget\" data-widget_type=\"text-editor.default\">\n\t\t\t\t<div class=\"elementor-widget-container\">\n\t\t\t\t\t\t\t\t\t<p data-start=\"5158\" data-end=\"5630\">Pochopenie a presn\u00e9 meranie <strong data-start=\"5197\" data-end=\"5215\">sila kvetu<\/strong> je nevyhnutn\u00e1 na zabezpe\u010denie kvality \u017eelat\u00ednov\u00fdch a softg\u00e9lov\u00fdch v\u00fdrobkov. So spr\u00e1vnym testovac\u00edm zariaden\u00edm, ako je napr. <strong data-start=\"5330\" data-end=\"5360\">GST-01 Tester pevnosti g\u00e9lu<\/strong> od spolo\u010dnosti Cell Instruments m\u00f4\u017eu v\u00fdrobcovia dodr\u017eiava\u0165 vysok\u00e9 \u0161tandardy, zni\u017eova\u0165 variabilitu a sp\u013a\u0148a\u0165 po\u017eiadavky priemyslu. \u010ci u\u017e vyr\u00e1bate softg\u00e9lov\u00e9 kapsuly alebo potraviny na b\u00e1ze \u017eelat\u00edny, testovanie pevnosti v\u00fdkvetu je z\u00e1kladnou s\u00fa\u010das\u0165ou va\u0161ej strat\u00e9gie kontroly kvality.<\/p>\t\t\t\t\t\t\t\t<\/div>\n\t\t\t\t<\/div>\n\t\t\t\t<div class=\"elementor-element elementor-element-e8cd3e1 elementor-align-center elementor-widget elementor-widget-button\" data-id=\"e8cd3e1\" data-element_type=\"widget\" data-widget_type=\"button.default\">\n\t\t\t\t<div class=\"elementor-widget-container\">\n\t\t\t\t\t\t\t\t\t<div class=\"elementor-button-wrapper\">\n\t\t\t\t\t<a class=\"elementor-button elementor-button-link elementor-size-sm\" href=\"https:\/\/www.packqc.com\/sk\/contact-us\/\">\n\t\t\t\t\t\t<span class=\"elementor-button-content-wrapper\">\n\t\t\t\t\t\t\t\t\t<span class=\"elementor-button-text\">Kontaktujte n\u00e1s<\/span>\n\t\t\t\t\t<\/span>\n\t\t\t\t\t<\/a>\n\t\t\t\t<\/div>\n\t\t\t\t\t\t\t\t<\/div>\n\t\t\t\t<\/div>\n\t\t\t\t<\/div>\n\t\t\t\t\t<\/div>\n\t\t\t\t<\/div>\n\t\t\t\t<\/div>","protected":false},"excerpt":{"rendered":"<p>Bloom Strength Testing In the food and pharmaceutical industries, ensuring product consistency, texture, and stability is crucial. One of the key parameters for gelatin-based products, especially gelatin and softgels, is bloom strength. This essential measurement helps manufacturers maintain quality control across production batches. We&#8217;ll explore what bloom strength is, how to perform a bloom test, [&hellip;]<\/p>","protected":false},"author":2,"featured_media":0,"parent":5290,"menu_order":0,"comment_status":"closed","ping_status":"closed","template":"","meta":{"_acf_changed":false,"site-sidebar-layout":"no-sidebar","site-content-layout":"page-builder","ast-site-content-layout":"full-width-container","site-content-style":"default","site-sidebar-style":"default","ast-global-header-display":"","ast-banner-title-visibility":"","ast-main-header-display":"","ast-hfb-above-header-display":"","ast-hfb-below-header-display":"","ast-hfb-mobile-header-display":"","site-post-title":"disabled","ast-breadcrumbs-content":"","ast-featured-img":"disabled","footer-sml-layout":"","theme-transparent-header-meta":"","adv-header-id-meta":"","stick-header-meta":"","header-above-stick-meta":"","header-main-stick-meta":"","header-below-stick-meta":"","astra-migrate-meta-layouts":"set","ast-page-background-enabled":"default","ast-page-background-meta":{"desktop":{"background-color":"var(--ast-global-color-4)","background-image":"","background-repeat":"repeat","background-position":"center center","background-size":"auto","background-attachment":"scroll","background-type":"","background-media":"","overlay-type":"","overlay-color":"","overlay-gradient":""},"tablet":{"background-color":"","background-image":"","background-repeat":"repeat","background-position":"center center","background-size":"auto","background-attachment":"scroll","background-type":"","background-media":"","overlay-type":"","overlay-color":"","overlay-gradient":""},"mobile":{"background-color":"","background-image":"","background-repeat":"repeat","background-position":"center center","background-size":"auto","background-attachment":"scroll","background-type":"","background-media":"","overlay-type":"","overlay-color":"","overlay-gradient":""}},"ast-content-background-meta":{"desktop":{"background-color":"var(--ast-global-color-5)","background-image":"","background-repeat":"repeat","background-position":"center center","background-size":"auto","background-attachment":"scroll","background-type":"","background-media":"","overlay-type":"","overlay-color":"","overlay-gradient":""},"tablet":{"background-color":"var(--ast-global-color-5)","background-image":"","background-repeat":"repeat","background-position":"center center","background-size":"auto","background-attachment":"scroll","background-type":"","background-media":"","overlay-type":"","overlay-color":"","overlay-gradient":""},"mobile":{"background-color":"var(--ast-global-color-5)","background-image":"","background-repeat":"repeat","background-position":"center center","background-size":"auto","background-attachment":"scroll","background-type":"","background-media":"","overlay-type":"","overlay-color":"","overlay-gradient":""}},"footnotes":""},"class_list":["post-5603","page","type-page","status-publish","hentry"],"acf":[],"_links":{"self":[{"href":"https:\/\/www.packqc.com\/sk\/wp-json\/wp\/v2\/pages\/5603","targetHints":{"allow":["GET"]}}],"collection":[{"href":"https:\/\/www.packqc.com\/sk\/wp-json\/wp\/v2\/pages"}],"about":[{"href":"https:\/\/www.packqc.com\/sk\/wp-json\/wp\/v2\/types\/page"}],"author":[{"embeddable":true,"href":"https:\/\/www.packqc.com\/sk\/wp-json\/wp\/v2\/users\/2"}],"replies":[{"embeddable":true,"href":"https:\/\/www.packqc.com\/sk\/wp-json\/wp\/v2\/comments?post=5603"}],"version-history":[{"count":0,"href":"https:\/\/www.packqc.com\/sk\/wp-json\/wp\/v2\/pages\/5603\/revisions"}],"up":[{"embeddable":true,"href":"https:\/\/www.packqc.com\/sk\/wp-json\/wp\/v2\/pages\/5290"}],"wp:attachment":[{"href":"https:\/\/www.packqc.com\/sk\/wp-json\/wp\/v2\/media?parent=5603"}],"curies":[{"name":"wp","href":"https:\/\/api.w.org\/{rel}","templated":true}]}}