{"id":5113,"date":"2025-02-24T15:07:43","date_gmt":"2025-02-24T07:07:43","guid":{"rendered":"https:\/\/www.packqc.com\/?page_id=5113"},"modified":"2026-02-02T11:08:48","modified_gmt":"2026-02-02T03:08:48","slug":"usp-1207-leak-test-apparatus-for-food-package","status":"publish","type":"page","link":"https:\/\/www.packqc.com\/sq\/usp-1207-leak-test-apparatus-for-food-package\/","title":{"rendered":"USP 1207 Aparat p\u00ebr testimin e rrjedhjeve p\u00ebr paket\u00ebn ushqimore"},"content":{"rendered":"<div data-elementor-type=\"wp-page\" data-elementor-id=\"5113\" class=\"elementor elementor-5113\" data-elementor-post-type=\"page\">\n\t\t\t\t<div class=\"elementor-element elementor-element-f940e3c e-flex e-con-boxed e-con e-parent\" data-id=\"f940e3c\" data-element_type=\"container\">\n\t\t\t\t\t<div class=\"e-con-inner\">\n\t\t\t\t<div class=\"elementor-element elementor-element-002a9df elementor-widget elementor-widget-heading\" data-id=\"002a9df\" data-element_type=\"widget\" data-widget_type=\"heading.default\">\n\t\t\t\t<div class=\"elementor-widget-container\">\n\t\t\t\t\t<h2 class=\"elementor-heading-title elementor-size-default\">USP 1207 Aparat p\u00ebr testimin e rrjedhjeve p\u00ebr paket\u00ebn ushqimore<\/h2>\t\t\t\t<\/div>\n\t\t\t\t<\/div>\n\t\t\t\t<div class=\"elementor-element elementor-element-058bcf9 elementor-widget elementor-widget-text-editor\" data-id=\"058bcf9\" data-element_type=\"widget\" data-widget_type=\"text-editor.default\">\n\t\t\t\t<div class=\"elementor-widget-container\">\n\t\t\t\t\t\t\t\t\t<p><a style=\"text-align: var(--text-align); font-size: 1rem;\" href=\"https:\/\/www.packqc.com\/sq\/leak-test-apparatus-usp-1207\/\" target=\"_blank\" rel=\"noopener\"><b>Aparat p\u00ebr testimin e rrjedhjeve<\/b><\/a>&nbsp;jan\u00eb mjete thelb\u00ebsore n\u00eb <b>duke vler\u00ebsuar integritetin e paketimit t\u00eb ushqimit<\/b>. K\u00ebto aparate jan\u00eb krijuar p\u00ebr t\u00eb zbuluar mikrorrjedhjet dhe p\u00ebr t\u00eb siguruar mbrojtjen e produkteve sterile dhe t\u00eb ndjeshme. Pajtueshm\u00ebria me <b>USP 1207<\/b> \u00ebsht\u00eb thelb\u00ebsore p\u00ebr ruajtjen e siguris\u00eb, integritetit dhe cil\u00ebsis\u00eb s\u00eb produktit n\u00eb t\u00eb gjith\u00eb zinxhirin e furnizimit. Ky standard p\u00ebrcakton kriteret thelb\u00ebsore t\u00eb testimit p\u00ebr <b>integriteti i mbylljes s\u00eb kontejnerit<\/b> (CCI), duke siguruar q\u00eb paketimi mbron me besueshm\u00ebri produktet nga ndotja, ajri, lag\u00ebshtia dhe ekspozimi mikrobik.<\/p>\n<p>Testimi i rrjedhjeve \u00ebsht\u00eb nj\u00eb proces thelb\u00ebsor p\u00ebr t&#039;u siguruar q\u00eb paketa e ushqimit ruan integritetin e saj dhe parandalon kontaminimin. Ushqimi, produktet farmaceutike, pajisjet mjek\u00ebsore dhe mallrat e tjera t\u00eb ndjeshme k\u00ebrkojn\u00eb paket\u00eb t\u00eb mbyllur q\u00eb siguron nj\u00eb penges\u00eb efektive kund\u00ebr faktor\u00ebve t\u00eb jasht\u00ebm q\u00eb mund t\u00eb degradojn\u00eb ose komprometojn\u00eb produktin.<\/p>\n<p>N\u00eb Cell Instruments, ne ofrojm\u00eb nj\u00eb gam\u00eb t\u00eb plot\u00eb t\u00eb <b>Aparat p\u00ebr testimin e rrjedhjeve<\/b> q\u00eb jan\u00eb krijuar p\u00ebr t\u00eb p\u00ebrmbushur <b>USP 1207<\/b> k\u00ebrkesat. Testuesit tan\u00eb t\u00eb rrjedhjeve p\u00ebrdoren p\u00ebr nj\u00eb s\u00ebr\u00eb aplikacionesh, duke p\u00ebrfshir\u00eb paketimin farmaceutik, vulosjen e pajisjeve mjek\u00ebsore dhe m\u00eb shum\u00eb. M\u00eb posht\u00eb jan\u00eb zgjidhjet tona kryesore t\u00eb testimit t\u00eb rrjedhjeve:<\/p>\t\t\t\t\t\t\t\t<\/div>\n\t\t\t\t<\/div>\n\t\t\t\t\t<\/div>\n\t\t\t\t<\/div>\n\t\t<div class=\"elementor-element elementor-element-367b035 e-flex e-con-boxed e-con e-parent\" data-id=\"367b035\" data-element_type=\"container\">\n\t\t\t\t\t<div class=\"e-con-inner\">\n\t\t<div class=\"elementor-element elementor-element-22c653f e-grid e-con-full e-con e-child\" data-id=\"22c653f\" data-element_type=\"container\">\n\t\t\t\t<div class=\"elementor-element elementor-element-c6e3239 elementor-position-top elementor-widget elementor-widget-image-box\" data-id=\"c6e3239\" data-element_type=\"widget\" data-widget_type=\"image-box.default\">\n\t\t\t\t<div class=\"elementor-widget-container\">\n\t\t\t\t\t<div class=\"elementor-image-box-wrapper\"><figure class=\"elementor-image-box-img\"><a href=\"https:\/\/www.packqc.com\/sq\/product\/sale-astm-d3078-pouch-leak-tester-astm-d4991\/\" tabindex=\"-1\"><img fetchpriority=\"high\" decoding=\"async\" width=\"600\" height=\"600\" src=\"https:\/\/www.packqc.com\/wp-content\/uploads\/2025\/02\/LT-01-USP-1207-Leak-Test-Apparatus-for-Food-Package.webp\" class=\"attachment-full size-full wp-image-5117\" alt=\"LT-01 USP 1207 Aparat p\u00ebr testimin e rrjedhjeve p\u00ebr paket\u00ebn ushqimore\" srcset=\"https:\/\/www.packqc.com\/wp-content\/uploads\/2025\/02\/LT-01-USP-1207-Leak-Test-Apparatus-for-Food-Package.webp 600w, https:\/\/www.packqc.com\/wp-content\/uploads\/2025\/02\/LT-01-USP-1207-Leak-Test-Apparatus-for-Food-Package-300x300.webp 300w, https:\/\/www.packqc.com\/wp-content\/uploads\/2025\/02\/LT-01-USP-1207-Leak-Test-Apparatus-for-Food-Package-100x100.webp 100w, https:\/\/www.packqc.com\/wp-content\/uploads\/2025\/02\/LT-01-USP-1207-Leak-Test-Apparatus-for-Food-Package-150x150.webp 150w, https:\/\/www.packqc.com\/wp-content\/uploads\/2025\/02\/LT-01-USP-1207-Leak-Test-Apparatus-for-Food-Package-12x12.webp 12w\" sizes=\"(max-width: 600px) 100vw, 600px\" \/><\/a><\/figure><div class=\"elementor-image-box-content\"><h3 class=\"elementor-image-box-title\"><a href=\"https:\/\/www.packqc.com\/sq\/product\/sale-astm-d3078-pouch-leak-tester-astm-d4991\/\">LT-01 Aparat p\u00ebr testimin e rrjedhjeve<\/a><\/h3><\/div><\/div>\t\t\t\t<\/div>\n\t\t\t\t<\/div>\n\t\t\t\t<div class=\"elementor-element elementor-element-bba5d12 elementor-position-top elementor-widget elementor-widget-image-box\" data-id=\"bba5d12\" data-element_type=\"widget\" data-widget_type=\"image-box.default\">\n\t\t\t\t<div class=\"elementor-widget-container\">\n\t\t\t\t\t<div class=\"elementor-image-box-wrapper\"><figure class=\"elementor-image-box-img\"><a href=\"https:\/\/www.packqc.com\/sq\/product\/sale-astm-d4991-package-leak-tester-astm-d3078\/\" tabindex=\"-1\"><img decoding=\"async\" width=\"600\" height=\"600\" src=\"https:\/\/www.packqc.com\/wp-content\/uploads\/2025\/02\/LT-02-USP-1207-Leak-Test-Apparatus-for-Food-Package.webp\" class=\"attachment-full size-full wp-image-5118\" alt=\"LT-02 USP 1207 Aparat p\u00ebr testimin e rrjedhjeve p\u00ebr paket\u00ebn ushqimore\" srcset=\"https:\/\/www.packqc.com\/wp-content\/uploads\/2025\/02\/LT-02-USP-1207-Leak-Test-Apparatus-for-Food-Package.webp 600w, https:\/\/www.packqc.com\/wp-content\/uploads\/2025\/02\/LT-02-USP-1207-Leak-Test-Apparatus-for-Food-Package-300x300.webp 300w, https:\/\/www.packqc.com\/wp-content\/uploads\/2025\/02\/LT-02-USP-1207-Leak-Test-Apparatus-for-Food-Package-100x100.webp 100w, https:\/\/www.packqc.com\/wp-content\/uploads\/2025\/02\/LT-02-USP-1207-Leak-Test-Apparatus-for-Food-Package-150x150.webp 150w, https:\/\/www.packqc.com\/wp-content\/uploads\/2025\/02\/LT-02-USP-1207-Leak-Test-Apparatus-for-Food-Package-12x12.webp 12w\" sizes=\"(max-width: 600px) 100vw, 600px\" \/><\/a><\/figure><div class=\"elementor-image-box-content\"><h3 class=\"elementor-image-box-title\"><a href=\"https:\/\/www.packqc.com\/sq\/product\/sale-astm-d4991-package-leak-tester-astm-d3078\/\">LT-02 Aparat p\u00ebr testimin e rrjedhjeve<\/a><\/h3><\/div><\/div>\t\t\t\t<\/div>\n\t\t\t\t<\/div>\n\t\t\t\t<div class=\"elementor-element elementor-element-36f76d6 elementor-position-top elementor-widget elementor-widget-image-box\" data-id=\"36f76d6\" data-element_type=\"widget\" data-widget_type=\"image-box.default\">\n\t\t\t\t<div class=\"elementor-widget-container\">\n\t\t\t\t\t<div class=\"elementor-image-box-wrapper\"><figure class=\"elementor-image-box-img\"><a href=\"https:\/\/www.packqc.com\/sq\/product\/lt-03-bubble-leak-test-equipment\/\" tabindex=\"-1\"><img decoding=\"async\" width=\"600\" height=\"600\" src=\"https:\/\/www.packqc.com\/wp-content\/uploads\/2025\/02\/LT-03-USP-1207-Leak-Test-Apparatus-for-Food-Package.webp\" class=\"attachment-full size-full wp-image-5115\" alt=\"LT-03 USP 1207 Aparat p\u00ebr testimin e rrjedhjeve p\u00ebr paket\u00ebn ushqimore\" srcset=\"https:\/\/www.packqc.com\/wp-content\/uploads\/2025\/02\/LT-03-USP-1207-Leak-Test-Apparatus-for-Food-Package.webp 600w, https:\/\/www.packqc.com\/wp-content\/uploads\/2025\/02\/LT-03-USP-1207-Leak-Test-Apparatus-for-Food-Package-300x300.webp 300w, https:\/\/www.packqc.com\/wp-content\/uploads\/2025\/02\/LT-03-USP-1207-Leak-Test-Apparatus-for-Food-Package-100x100.webp 100w, https:\/\/www.packqc.com\/wp-content\/uploads\/2025\/02\/LT-03-USP-1207-Leak-Test-Apparatus-for-Food-Package-150x150.webp 150w, https:\/\/www.packqc.com\/wp-content\/uploads\/2025\/02\/LT-03-USP-1207-Leak-Test-Apparatus-for-Food-Package-12x12.webp 12w\" sizes=\"(max-width: 600px) 100vw, 600px\" \/><\/a><\/figure><div class=\"elementor-image-box-content\"><h3 class=\"elementor-image-box-title\"><a href=\"https:\/\/www.packqc.com\/sq\/product\/lt-03-bubble-leak-test-equipment\/\">LT-03 Aparat p\u00ebr testimin e rrjedhjeve<\/a><\/h3><\/div><\/div>\t\t\t\t<\/div>\n\t\t\t\t<\/div>\n\t\t\t\t<div class=\"elementor-element elementor-element-f26dc7a elementor-position-top elementor-widget elementor-widget-image-box\" data-id=\"f26dc7a\" data-element_type=\"widget\" data-widget_type=\"image-box.default\">\n\t\t\t\t<div class=\"elementor-widget-container\">\n\t\t\t\t\t<div class=\"elementor-image-box-wrapper\"><figure class=\"elementor-image-box-img\"><a href=\"https:\/\/www.packqc.com\/sq\/product\/mlt-01-vacuum-decay-leak-test-equipment\/\" tabindex=\"-1\"><img loading=\"lazy\" decoding=\"async\" width=\"600\" height=\"600\" src=\"https:\/\/www.packqc.com\/wp-content\/uploads\/2025\/02\/GLT-01-USP-1207-Leak-Test-Apparatus-for-Food-Package.webp\" class=\"attachment-full size-full wp-image-5116\" alt=\"GLT-01 USP 1207 Aparat p\u00ebr testimin e rrjedhjeve p\u00ebr paket\u00ebn ushqimore\" srcset=\"https:\/\/www.packqc.com\/wp-content\/uploads\/2025\/02\/GLT-01-USP-1207-Leak-Test-Apparatus-for-Food-Package.webp 600w, https:\/\/www.packqc.com\/wp-content\/uploads\/2025\/02\/GLT-01-USP-1207-Leak-Test-Apparatus-for-Food-Package-300x300.webp 300w, https:\/\/www.packqc.com\/wp-content\/uploads\/2025\/02\/GLT-01-USP-1207-Leak-Test-Apparatus-for-Food-Package-100x100.webp 100w, https:\/\/www.packqc.com\/wp-content\/uploads\/2025\/02\/GLT-01-USP-1207-Leak-Test-Apparatus-for-Food-Package-150x150.webp 150w, https:\/\/www.packqc.com\/wp-content\/uploads\/2025\/02\/GLT-01-USP-1207-Leak-Test-Apparatus-for-Food-Package-12x12.webp 12w\" sizes=\"(max-width: 600px) 100vw, 600px\" \/><\/a><\/figure><div class=\"elementor-image-box-content\"><h3 class=\"elementor-image-box-title\"><a href=\"https:\/\/www.packqc.com\/sq\/product\/mlt-01-vacuum-decay-leak-test-equipment\/\">MLT-01 Aparat p\u00ebr testimin e rrjedhjeve<\/a><\/h3><\/div><\/div>\t\t\t\t<\/div>\n\t\t\t\t<\/div>\n\t\t\t\t<\/div>\n\t\t\t\t\t<\/div>\n\t\t\t\t<\/div>\n\t\t\t\t<\/div>","protected":false},"excerpt":{"rendered":"<p>Aparatet e testimit t\u00eb rrjedhjeve USP 1207 p\u00ebr paketimin e ushqimit Aparatet e testimit t\u00eb rrjedhjeve jan\u00eb mjete thelb\u00ebsore n\u00eb vler\u00ebsimin e integritetit t\u00eb paketimit t\u00eb ushqimit. K\u00ebto aparate jan\u00eb krijuar p\u00ebr t\u00eb zbuluar mikrorrjedhjet dhe p\u00ebr t\u00eb siguruar mbrojtjen e produkteve sterile dhe t\u00eb ndjeshme. Pajtueshm\u00ebria me USP 1207 \u00ebsht\u00eb thelb\u00ebsore p\u00ebr ruajtjen e siguris\u00eb, integritetit dhe cil\u00ebsis\u00eb s\u00eb produktit n\u00eb t\u00eb gjith\u00eb zinxhirin e furnizimit. Ky standard [\u2026]<\/p>","protected":false},"author":2,"featured_media":0,"parent":0,"menu_order":0,"comment_status":"closed","ping_status":"closed","template":"","meta":{"_acf_changed":false,"site-sidebar-layout":"no-sidebar","site-content-layout":"page-builder","ast-site-content-layout":"full-width-container","site-content-style":"default","site-sidebar-style":"default","ast-global-header-display":"","ast-banner-title-visibility":"","ast-main-header-display":"","ast-hfb-above-header-display":"","ast-hfb-below-header-display":"","ast-hfb-mobile-header-display":"","site-post-title":"disabled","ast-breadcrumbs-content":"","ast-featured-img":"disabled","footer-sml-layout":"","theme-transparent-header-meta":"","adv-header-id-meta":"","stick-header-meta":"","header-above-stick-meta":"","header-main-stick-meta":"","header-below-stick-meta":"","astra-migrate-meta-layouts":"set","ast-page-background-enabled":"default","ast-page-background-meta":{"desktop":{"background-color":"var(--ast-global-color-4)","background-image":"","background-repeat":"repeat","background-position":"center center","background-size":"auto","background-attachment":"scroll","background-type":"","background-media":"","overlay-type":"","overlay-color":"","overlay-gradient":""},"tablet":{"background-color":"","background-image":"","background-repeat":"repeat","background-position":"center center","background-size":"auto","background-attachment":"scroll","background-type":"","background-media":"","overlay-type":"","overlay-color":"","overlay-gradient":""},"mobile":{"background-color":"","background-image":"","background-repeat":"repeat","background-position":"center center","background-size":"auto","background-attachment":"scroll","background-type":"","background-media":"","overlay-type":"","overlay-color":"","overlay-gradient":""}},"ast-content-background-meta":{"desktop":{"background-color":"var(--ast-global-color-5)","background-image":"","background-repeat":"repeat","background-position":"center center","background-size":"auto","background-attachment":"scroll","background-type":"","background-media":"","overlay-type":"","overlay-color":"","overlay-gradient":""},"tablet":{"background-color":"var(--ast-global-color-5)","background-image":"","background-repeat":"repeat","background-position":"center center","background-size":"auto","background-attachment":"scroll","background-type":"","background-media":"","overlay-type":"","overlay-color":"","overlay-gradient":""},"mobile":{"background-color":"var(--ast-global-color-5)","background-image":"","background-repeat":"repeat","background-position":"center center","background-size":"auto","background-attachment":"scroll","background-type":"","background-media":"","overlay-type":"","overlay-color":"","overlay-gradient":""}},"footnotes":""},"class_list":["post-5113","page","type-page","status-publish","hentry"],"acf":[],"_links":{"self":[{"href":"https:\/\/www.packqc.com\/sq\/wp-json\/wp\/v2\/pages\/5113","targetHints":{"allow":["GET"]}}],"collection":[{"href":"https:\/\/www.packqc.com\/sq\/wp-json\/wp\/v2\/pages"}],"about":[{"href":"https:\/\/www.packqc.com\/sq\/wp-json\/wp\/v2\/types\/page"}],"author":[{"embeddable":true,"href":"https:\/\/www.packqc.com\/sq\/wp-json\/wp\/v2\/users\/2"}],"replies":[{"embeddable":true,"href":"https:\/\/www.packqc.com\/sq\/wp-json\/wp\/v2\/comments?post=5113"}],"version-history":[{"count":0,"href":"https:\/\/www.packqc.com\/sq\/wp-json\/wp\/v2\/pages\/5113\/revisions"}],"wp:attachment":[{"href":"https:\/\/www.packqc.com\/sq\/wp-json\/wp\/v2\/media?parent=5113"}],"curies":[{"name":"wp","href":"https:\/\/api.w.org\/{rel}","templated":true}]}}