{"id":5201,"date":"2025-03-17T14:23:06","date_gmt":"2025-03-17T06:23:06","guid":{"rendered":"https:\/\/www.packqc.com\/?page_id=5201"},"modified":"2026-02-02T11:08:42","modified_gmt":"2026-02-02T03:08:42","slug":"astm-d6195-adhesive-loop-tack-strength-testing-machine","status":"publish","type":"page","link":"https:\/\/www.packqc.com\/sq\/astm-d6195-adhesive-loop-tack-strength-testing-machine\/","title":{"rendered":"Makina e testimit t\u00eb forc\u00ebs s\u00eb ngjitjes s\u00eb lidhjes me unaz\u00eb sipas ASTM D6195"},"content":{"rendered":"<div data-elementor-type=\"wp-page\" data-elementor-id=\"5201\" class=\"elementor elementor-5201\" data-elementor-post-type=\"page\">\n\t\t\t\t<div class=\"elementor-element elementor-element-f940e3c e-flex e-con-boxed e-con e-parent\" data-id=\"f940e3c\" data-element_type=\"container\">\n\t\t\t\t\t<div class=\"e-con-inner\">\n\t\t\t\t<div class=\"elementor-element elementor-element-002a9df elementor-widget elementor-widget-heading\" data-id=\"002a9df\" data-element_type=\"widget\" data-widget_type=\"heading.default\">\n\t\t\t\t<div class=\"elementor-widget-container\">\n\t\t\t\t\t<h2 class=\"elementor-heading-title elementor-size-default\">ASTM D6195<br><small>Makina p\u00ebr testimin e forc\u00ebs s\u00eb kapjes me lidhje ngjit\u00ebse<\/small><\/h2>\t\t\t\t<\/div>\n\t\t\t\t<\/div>\n\t\t\t\t<div class=\"elementor-element elementor-element-621b930 elementor-widget elementor-widget-text-editor\" data-id=\"621b930\" data-element_type=\"widget\" data-widget_type=\"text-editor.default\">\n\t\t\t\t<div class=\"elementor-widget-container\">\n\t\t\t\t\t\t\t\t\t<p><strong>Testimi i tack-ut n\u00eb form\u00eb unaze<\/strong>, si\u00e7 p\u00ebrcaktohet n\u00eb <em><span style=\"text-decoration: underline;\"><strong><a href=\"https:\/\/www.packqc.com\/sq\/product-category\/astm-standard\/astm-d6195-03\/\" target=\"_blank\" rel=\"noopener\">ASTM D6195<\/a><\/strong><\/span><\/em>, vler\u00ebson ngjitshm\u00ebrin\u00eb e ngjit\u00ebsve t\u00eb ndjesh\u00ebm ndaj presionit duke matur forc\u00ebn e nevojshme p\u00ebr t\u00eb hequr nj\u00eb unaz\u00eb ngjit\u00ebse nga nj\u00eb substrat prej \u00e7eliku inox.<\/p><p>Testi kryhet duke p\u00ebrdorur ose nj\u00eb tester t\u00eb t\u00ebrheqjes (Metoda e Testimit A) ose nj\u00eb tester p\u00ebr ngjitje me unaz\u00eb (Metoda e Testimit B), me kontakt t\u00eb kontrolluar midis ngjit\u00ebsit dhe substratit. Ky test \u00ebsht\u00eb thelb\u00ebsor p\u00ebr vler\u00ebsimin e performanc\u00ebs s\u00eb ngjit\u00ebsit n\u00eb kontrollin e cil\u00ebsis\u00eb dhe n\u00eb aplikimet k\u00ebrkimore.<\/p><p>Cell Instruments ofron tester\u00eb t\u00eb precizionit t\u00eb lart\u00eb p\u00ebr testimin e lidhjes me cik\u00ebl, t\u00eb dizajnuar p\u00ebr p\u00ebrputhshm\u00ebri me ASTM D6195, duke siguruar matje t\u00eb besueshme dhe t\u00eb p\u00ebrs\u00ebritshme t\u00eb lidhjes p\u00ebr materiale t\u00eb ndryshme ngjit\u00ebse.<\/p>\t\t\t\t\t\t\t\t<\/div>\n\t\t\t\t<\/div>\n\t\t\t\t\t<\/div>\n\t\t\t\t<\/div>\n\t\t<div class=\"elementor-element elementor-element-ac6303b e-flex e-con-boxed e-con e-parent\" data-id=\"ac6303b\" data-element_type=\"container\">\n\t\t\t\t\t<div class=\"e-con-inner\">\n\t\t\t\t\t<\/div>\n\t\t\t\t<\/div>\n\t\t\t\t<\/div>","protected":false},"excerpt":{"rendered":"<p>ASTM D6195 Makina e testimit t\u00eb forc\u00ebs s\u00eb kapjes me unaz\u00eb ngjit\u00ebse   Testimi i kapjes me unaz\u00eb, si\u00e7 p\u00ebrcaktohet n\u00eb ASTM D6195, vler\u00ebson aft\u00ebsin\u00eb ngjit\u00ebse t\u00eb ngjit\u00ebsve t\u00eb ndjesh\u00ebm ndaj presionit duke matur forc\u00ebn e nevojshme p\u00ebr t\u00eb hequr nj\u00eb unaz\u00eb ngjit\u00ebse nga nj\u00eb substrat prej \u00e7eliku inox. Testi kryhet duke p\u00ebrdorur ose nj\u00eb tester tensional (Metoda e Testimit A) ose nj\u00eb tester p\u00ebr kapje me unaz\u00eb (Metoda e Testimit [\u2026]<\/p>","protected":false},"author":2,"featured_media":0,"parent":0,"menu_order":0,"comment_status":"closed","ping_status":"closed","template":"","meta":{"_acf_changed":false,"site-sidebar-layout":"no-sidebar","site-content-layout":"page-builder","ast-site-content-layout":"full-width-container","site-content-style":"default","site-sidebar-style":"default","ast-global-header-display":"","ast-banner-title-visibility":"","ast-main-header-display":"","ast-hfb-above-header-display":"","ast-hfb-below-header-display":"","ast-hfb-mobile-header-display":"","site-post-title":"disabled","ast-breadcrumbs-content":"","ast-featured-img":"disabled","footer-sml-layout":"","theme-transparent-header-meta":"","adv-header-id-meta":"","stick-header-meta":"","header-above-stick-meta":"","header-main-stick-meta":"","header-below-stick-meta":"","astra-migrate-meta-layouts":"set","ast-page-background-enabled":"default","ast-page-background-meta":{"desktop":{"background-color":"var(--ast-global-color-4)","background-image":"","background-repeat":"repeat","background-position":"center center","background-size":"auto","background-attachment":"scroll","background-type":"","background-media":"","overlay-type":"","overlay-color":"","overlay-gradient":""},"tablet":{"background-color":"","background-image":"","background-repeat":"repeat","background-position":"center center","background-size":"auto","background-attachment":"scroll","background-type":"","background-media":"","overlay-type":"","overlay-color":"","overlay-gradient":""},"mobile":{"background-color":"","background-image":"","background-repeat":"repeat","background-position":"center center","background-size":"auto","background-attachment":"scroll","background-type":"","background-media":"","overlay-type":"","overlay-color":"","overlay-gradient":""}},"ast-content-background-meta":{"desktop":{"background-color":"var(--ast-global-color-5)","background-image":"","background-repeat":"repeat","background-position":"center center","background-size":"auto","background-attachment":"scroll","background-type":"","background-media":"","overlay-type":"","overlay-color":"","overlay-gradient":""},"tablet":{"background-color":"var(--ast-global-color-5)","background-image":"","background-repeat":"repeat","background-position":"center center","background-size":"auto","background-attachment":"scroll","background-type":"","background-media":"","overlay-type":"","overlay-color":"","overlay-gradient":""},"mobile":{"background-color":"var(--ast-global-color-5)","background-image":"","background-repeat":"repeat","background-position":"center center","background-size":"auto","background-attachment":"scroll","background-type":"","background-media":"","overlay-type":"","overlay-color":"","overlay-gradient":""}},"footnotes":""},"class_list":["post-5201","page","type-page","status-publish","hentry"],"acf":[],"_links":{"self":[{"href":"https:\/\/www.packqc.com\/sq\/wp-json\/wp\/v2\/pages\/5201","targetHints":{"allow":["GET"]}}],"collection":[{"href":"https:\/\/www.packqc.com\/sq\/wp-json\/wp\/v2\/pages"}],"about":[{"href":"https:\/\/www.packqc.com\/sq\/wp-json\/wp\/v2\/types\/page"}],"author":[{"embeddable":true,"href":"https:\/\/www.packqc.com\/sq\/wp-json\/wp\/v2\/users\/2"}],"replies":[{"embeddable":true,"href":"https:\/\/www.packqc.com\/sq\/wp-json\/wp\/v2\/comments?post=5201"}],"version-history":[{"count":0,"href":"https:\/\/www.packqc.com\/sq\/wp-json\/wp\/v2\/pages\/5201\/revisions"}],"wp:attachment":[{"href":"https:\/\/www.packqc.com\/sq\/wp-json\/wp\/v2\/media?parent=5201"}],"curies":[{"name":"wp","href":"https:\/\/api.w.org\/{rel}","templated":true}]}}