{"id":5603,"date":"2025-06-30T15:51:43","date_gmt":"2025-06-30T07:51:43","guid":{"rendered":"https:\/\/www.packqc.com\/?page_id=5603"},"modified":"2026-02-02T11:08:46","modified_gmt":"2026-02-02T03:08:46","slug":"bloom-strength-testing-solution-gelatin","status":"publish","type":"page","link":"https:\/\/www.packqc.com\/sq\/solutions\/bloom-strength-testing-solution-gelatin\/","title":{"rendered":"Zgjidhja e Bloom p\u00ebr Testimin e Forc\u00ebs"},"content":{"rendered":"<div data-elementor-type=\"wp-page\" data-elementor-id=\"5603\" class=\"elementor elementor-5603\" data-elementor-post-type=\"page\">\n\t\t\t\t<div class=\"elementor-element elementor-element-obvpkm1 e-flex e-con-boxed e-con e-parent\" data-id=\"obvpkm1\" data-element_type=\"container\" data-settings=\"{&quot;background_background&quot;:&quot;classic&quot;}\">\n\t\t\t\t\t<div class=\"e-con-inner\">\n\t\t\t\t<div class=\"elementor-element elementor-element-e3ee3a0 elementor-widget elementor-widget-heading\" data-id=\"e3ee3a0\" data-element_type=\"widget\" data-widget_type=\"heading.default\">\n\t\t\t\t<div class=\"elementor-widget-container\">\n\t\t\t\t\t<h1 class=\"elementor-heading-title elementor-size-default\">Testimi i forc\u00ebs Bloom<\/h1>\t\t\t\t<\/div>\n\t\t\t\t<\/div>\n\t\t\t\t<div class=\"elementor-element elementor-element-ad4c880 elementor-widget__width-initial elementor-widget elementor-widget-text-editor\" data-id=\"ad4c880\" data-element_type=\"widget\" data-widget_type=\"text-editor.default\">\n\t\t\t\t<div class=\"elementor-widget-container\">\n\t\t\t\t\t\t\t\t\t<p data-start=\"375\" data-end=\"906\">N\u00eb industrin\u00eb ushqimore dhe farmaceutike, sigurimi i q\u00ebndrueshm\u00ebris\u00eb, tekstur\u00ebs dhe stabilitetit t\u00eb produktit \u00ebsht\u00eb thelb\u00ebsor. Nj\u00eb nga parametrat kryesor\u00eb p\u00ebr produktet me baz\u00eb xhelatine, ve\u00e7an\u00ebrisht xhelatin\u00ebn dhe kapsulat e buta, \u00ebsht\u00eb <strong data-start=\"592\" data-end=\"610\">forca e lul\u00ebzimit<\/strong>. Kjo matje thelb\u00ebsore ndihmon prodhuesit t\u00eb ruajn\u00eb kontrollin e cil\u00ebsis\u00eb n\u00eb t\u00eb gjitha serit\u00eb e prodhimit. Ne do t\u00eb eksplorojm\u00eb se \u00e7far\u00eb \u00ebsht\u00eb forca e lul\u00ebzimit, si t\u00eb kryejm\u00eb nj\u00eb <strong data-start=\"783\" data-end=\"797\">testi i lul\u00ebzimit<\/strong>, dhe si nj\u00eb<a href=\"https:\/\/www.packqc.com\/sq\/product\/gst-01-gel-strength-tester\/\"> <strong data-start=\"809\" data-end=\"832\">testues i forc\u00ebs s\u00eb xhelit<\/strong><\/a> si i <strong data-start=\"842\" data-end=\"874\">GST-01 nga Cell Instruments<\/strong> mund t\u00eb ndihmoj\u00eb n\u00eb optimizimin e k\u00ebtij procesi.<\/p>\t\t\t\t\t\t\t\t<\/div>\n\t\t\t\t<\/div>\n\t\t\t\t\t<\/div>\n\t\t\t\t<\/div>\n\t\t<div class=\"elementor-element elementor-element-a41a9ed e-flex e-con-boxed e-con e-parent\" data-id=\"a41a9ed\" data-element_type=\"container\">\n\t\t\t\t\t<div class=\"e-con-inner\">\n\t\t\t\t<div class=\"elementor-element elementor-element-5ebde6b elementor-widget elementor-widget-heading\" data-id=\"5ebde6b\" data-element_type=\"widget\" data-widget_type=\"heading.default\">\n\t\t\t\t<div class=\"elementor-widget-container\">\n\t\t\t\t\t<h2 class=\"elementor-heading-title elementor-size-default\">\u00c7far\u00eb \u00ebsht\u00eb forca Bloom dhe pse ka r\u00ebnd\u00ebsi?<\/h2>\t\t\t\t<\/div>\n\t\t\t\t<\/div>\n\t\t\t\t<div class=\"elementor-element elementor-element-42f74d3 elementor-widget elementor-widget-text-editor\" data-id=\"42f74d3\" data-element_type=\"widget\" data-widget_type=\"text-editor.default\">\n\t\t\t\t<div class=\"elementor-widget-container\">\n\t\t\t\t\t\t\t\t\t<p data-start=\"967\" data-end=\"1250\"><strong data-start=\"967\" data-end=\"985\">Forca e lul\u00ebzimit<\/strong> i referohet <strong data-start=\"1000\" data-end=\"1039\">mas\u00eb e fort\u00ebsis\u00eb ose e forc\u00ebs s\u00eb xhelit<\/strong> e xhelatin\u00ebs. Shprehet n\u00eb gram\u00eb (g) dhe mban emrin e Oscar T. Bloom, i cili zhvilloi metod\u00ebn. Ky vler\u00eb tregon <strong data-start=\"1163\" data-end=\"1221\">forca e nevojshme p\u00ebr t\u00eb shtypur sip\u00ebrfaqen e nj\u00eb xheli xhelatine<\/strong> n\u00ebn kushte specifike.<\/p><p data-start=\"1252\" data-end=\"1345\">Forca e lul\u00ebzimit ndikon drejtp\u00ebrdrejt n\u00eb performanc\u00ebn dhe cil\u00ebsit\u00eb ndijore t\u00eb produkteve, si:<\/p><ul><li data-start=\"1348\" data-end=\"1378\"><strong data-start=\"1348\" data-end=\"1359\">Tekstur\u00eb<\/strong> t\u00eb karameleve xhelatinoze<\/li><li data-start=\"1381\" data-end=\"1431\"><strong data-start=\"1381\" data-end=\"1402\">Formimi i kapsul\u00ebs<\/strong> n\u00eb kapsula t\u00eb buta farmaceutike<\/li><li data-start=\"1434\" data-end=\"1476\"><strong data-start=\"1434\" data-end=\"1447\">Ndjesia n\u00eb goj\u00eb<\/strong> n\u00eb produkte bulmetore dhe \u00ebmb\u00eblsira<\/li><\/ul><p data-start=\"1478\" data-end=\"1682\">Nj\u00eb vler\u00eb m\u00eb e lart\u00eb e bloom-it do t\u00eb thot\u00eb q\u00eb xheli i xhelatin\u00ebs \u00ebsht\u00eb m\u00eb i fort\u00eb dhe m\u00eb elastik, nd\u00ebrsa nj\u00eb vler\u00eb m\u00eb e ul\u00ebt tregon nj\u00eb xhel m\u00eb t\u00eb but\u00eb. Prodhuesit zgjedhin xhelatin\u00ebn bazuar n\u00eb forc\u00ebn e bloom-it p\u00ebr t'iu p\u00ebrshtatur k\u00ebrkesave t\u00eb produktit t\u00eb tyre.<\/p>\t\t\t\t\t\t\t\t<\/div>\n\t\t\t\t<\/div>\n\t\t\t\t\t<\/div>\n\t\t\t\t<\/div>\n\t\t<div class=\"elementor-element elementor-element-vjhz43k e-flex e-con-boxed e-con e-parent\" data-id=\"vjhz43k\" data-element_type=\"container\">\n\t\t\t\t\t<div class=\"e-con-inner\">\n\t\t\t\t<div class=\"elementor-element elementor-element-50d6336 elementor-widget elementor-widget-heading\" data-id=\"50d6336\" data-element_type=\"widget\" data-widget_type=\"heading.default\">\n\t\t\t\t<div class=\"elementor-widget-container\">\n\t\t\t\t\t<h2 class=\"elementor-heading-title elementor-size-default\">Testi Bloom: Metoda dhe Standardet<\/h2>\t\t\t\t<\/div>\n\t\t\t\t<\/div>\n\t\t<div class=\"elementor-element elementor-element-ae0cc84 e-con-full e-flex e-con e-child\" data-id=\"ae0cc84\" data-element_type=\"container\">\n\t\t\t\t<div class=\"elementor-element elementor-element-9308ff2 elementor-widget__width-initial elementor-widget elementor-widget-text-editor\" data-id=\"9308ff2\" data-element_type=\"widget\" data-widget_type=\"text-editor.default\">\n\t\t\t\t<div class=\"elementor-widget-container\">\n\t\t\t\t\t\t\t\t\t<p data-start=\"1729\" data-end=\"1882\">T\u00eb <strong data-start=\"1733\" data-end=\"1747\">testi i lul\u00ebzimit<\/strong> kryhet n\u00eb temperatura dhe lag\u00ebshti t\u00eb kontrolluara p\u00ebr t\u00eb siguruar rezultate t\u00eb q\u00ebndrueshme. Ja nj\u00eb p\u00ebrmbledhje e shkurt\u00ebr e procedur\u00ebs standarde:<\/p><ul><li data-start=\"1886\" data-end=\"1986\"><strong data-start=\"1886\" data-end=\"1905\">P\u00ebrgatitja e xhelit<\/strong>: P\u00ebrgatitet nj\u00eb solucion xhelatine 6,67% dhe derdhet n\u00eb kavanoza Bloom me madh\u00ebsi standarde.<\/li><li data-start=\"1989\" data-end=\"2062\"><strong data-start=\"1989\" data-end=\"2001\">Xhelifikim<\/strong>Zgjidhjes i lejohet t\u00eb geloj\u00eb n\u00eb <strong data-start=\"2037\" data-end=\"2061\">10\u00b0C p\u00ebr 16-18 or\u00eb<\/strong>.<\/li><li data-start=\"2065\" data-end=\"2227\"><strong data-start=\"2065\" data-end=\"2076\">Testimi<\/strong>: Nj\u00eb standard <strong data-start=\"2089\" data-end=\"2112\">testues i forc\u00ebs s\u00eb xhelit<\/strong> me nj\u00eb <strong data-start=\"2120\" data-end=\"2145\">Pistoni me diamet\u00ebr 5 mm<\/strong> zbret n\u00eb <strong data-start=\"2158\" data-end=\"2171\">60 mm\/min<\/strong> derisa pistoni t\u00eb dep\u00ebrtoj\u00eb 4 mm n\u00eb sip\u00ebrfaqen e xhelit.<\/li><li data-start=\"2230\" data-end=\"2334\"><strong data-start=\"2230\" data-end=\"2240\">Rezultat<\/strong>: Forca maksimale (n\u00eb gram\u00eb) e nevojshme p\u00ebr t\u00eb arritur k\u00ebt\u00eb dep\u00ebrtim \u00ebsht\u00eb <strong data-start=\"2315\" data-end=\"2333\">forca e lul\u00ebzimit<\/strong>.<\/li><\/ul><p data-start=\"2336\" data-end=\"2474\">Kjo metod\u00eb p\u00ebrcaktohet n\u00eb standarde t\u00eb ndryshme farmakopeale dhe industriale, duke p\u00ebrfshir\u00eb <strong data-start=\"2422\" data-end=\"2429\">USP<\/strong>, <strong data-start=\"2431\" data-end=\"2437\">EP<\/strong>, dhe <strong data-start=\"2443\" data-end=\"2453\">GB6783<\/strong> p\u00ebr testimin e xhelatin\u00ebs.<\/p>\t\t\t\t\t\t\t\t<\/div>\n\t\t\t\t<\/div>\n\t\t\t\t<div class=\"elementor-element elementor-element-25f05fb elementor-widget__width-initial elementor-widget elementor-widget-video\" data-id=\"25f05fb\" data-element_type=\"widget\" data-settings=\"{&quot;youtube_url&quot;:&quot;https:\\\/\\\/youtu.be\\\/rrzQxj3794s?si=ERhkmO3Yz1kkFEFV&quot;,&quot;mute&quot;:&quot;yes&quot;,&quot;loop&quot;:&quot;yes&quot;,&quot;video_type&quot;:&quot;youtube&quot;,&quot;controls&quot;:&quot;yes&quot;}\" data-widget_type=\"video.default\">\n\t\t\t\t<div class=\"elementor-widget-container\">\n\t\t\t\t\t\t\t<div class=\"elementor-wrapper elementor-open-inline\">\n\t\t\t<div class=\"elementor-video\"><\/div>\t\t<\/div>\n\t\t\t\t\t\t<\/div>\n\t\t\t\t<\/div>\n\t\t\t\t<\/div>\n\t\t\t\t\t<\/div>\n\t\t\t\t<\/div>\n\t\t<div class=\"elementor-element elementor-element-9ebec98 e-flex e-con-boxed e-con e-parent\" data-id=\"9ebec98\" data-element_type=\"container\">\n\t\t\t\t\t<div class=\"e-con-inner\">\n\t\t\t\t<div class=\"elementor-element elementor-element-d622d16 elementor-widget elementor-widget-heading\" data-id=\"d622d16\" data-element_type=\"widget\" data-widget_type=\"heading.default\">\n\t\t\t\t<div class=\"elementor-widget-container\">\n\t\t\t\t\t<h2 class=\"elementor-heading-title elementor-size-default\">Aplikimet n\u00eb kontrollin e cil\u00ebsis\u00eb s\u00eb xhelatin\u00ebs dhe kapsulave t\u00eb buta<\/h2>\t\t\t\t<\/div>\n\t\t\t\t<\/div>\n\t\t<div class=\"elementor-element elementor-element-aeb42bd e-con-full e-flex e-con e-child\" data-id=\"aeb42bd\" data-element_type=\"container\">\n\t\t\t\t<div class=\"elementor-element elementor-element-dc258dd elementor-widget__width-inherit elementor-widget elementor-widget-text-editor\" data-id=\"dc258dd\" data-element_type=\"widget\" data-widget_type=\"text-editor.default\">\n\t\t\t\t<div class=\"elementor-widget-container\">\n\t\t\t\t\t\t\t\t\t<p data-start=\"2540\" data-end=\"2668\">P\u00ebr <strong data-start=\"2544\" data-end=\"2569\">prodhuesit e xhelatin\u00ebs<\/strong>, kontrollimi i intensitetit t\u00eb lul\u00ebzimit siguron konsistenc\u00eb t\u00eb seris\u00eb dhe p\u00ebrputhshm\u00ebri me specifikimet e klientit.<\/p><p data-start=\"2670\" data-end=\"2737\">N\u00eb <strong data-start=\"2677\" data-end=\"2688\">kapsul\u00eb e but\u00eb<\/strong> n\u00eb industri, forca e duhur e lul\u00ebzimit p\u00ebrcakton:<\/p><ul><li data-start=\"2740\" data-end=\"2768\"><strong data-start=\"2740\" data-end=\"2766\">Integriteti i murit t\u00eb kapsul\u00ebs<\/strong><\/li><li data-start=\"2771\" data-end=\"2800\"><strong data-start=\"2771\" data-end=\"2798\">Stabiliteti i kapsulimit<\/strong><\/li><li data-start=\"2803\" data-end=\"2866\"><strong data-start=\"2803\" data-end=\"2838\">Shkrirja dhe biodisponueshm\u00ebria<\/strong> t\u00eb p\u00ebrb\u00ebr\u00ebsve aktiv\u00eb<\/li><\/ul><p data-start=\"2868\" data-end=\"3072\">Mbajtja e vlerave optimale t\u00eb lul\u00ebzimit \u00ebsht\u00eb thelb\u00ebsore n\u00eb <strong data-start=\"2917\" data-end=\"2954\">Hulumtim dhe zhvillim farmaceutik dhe prodhim<\/strong>. E nj\u00ebjta gj\u00eb vlen p\u00ebr <strong data-start=\"2976\" data-end=\"2998\">prodhuesit e ushqimit<\/strong>, ku forca e lul\u00ebzimit p\u00ebrcakton p\u00ebrtypjen dhe ngurt\u00ebsin\u00eb e produktit p\u00ebrfundimtar.<\/p>\t\t\t\t\t\t\t\t<\/div>\n\t\t\t\t<\/div>\n\t\t\t\t<div class=\"elementor-element elementor-element-65475b3 elementor-widget__width-initial elementor-widget elementor-widget-image\" data-id=\"65475b3\" data-element_type=\"widget\" data-widget_type=\"image.default\">\n\t\t\t\t<div class=\"elementor-widget-container\">\n\t\t\t\t\t\t\t\t\t\t\t\t\t\t\t\t<a href=\"https:\/\/www.packqc.com\/sq\/product\/gst-01-gel-strength-tester\/\">\n\t\t\t\t\t\t\t<img fetchpriority=\"high\" decoding=\"async\" width=\"600\" height=\"600\" src=\"https:\/\/www.packqc.com\/wp-content\/uploads\/2025\/06\/Bloom-Strength-Testing.webp\" class=\"attachment-large size-large wp-image-5605\" alt=\"Testimi i forc\u00ebs Bloom\" srcset=\"https:\/\/www.packqc.com\/wp-content\/uploads\/2025\/06\/Bloom-Strength-Testing.webp 600w, https:\/\/www.packqc.com\/wp-content\/uploads\/2025\/06\/Bloom-Strength-Testing-300x300.webp 300w, https:\/\/www.packqc.com\/wp-content\/uploads\/2025\/06\/Bloom-Strength-Testing-100x100.webp 100w, https:\/\/www.packqc.com\/wp-content\/uploads\/2025\/06\/Bloom-Strength-Testing-150x150.webp 150w, https:\/\/www.packqc.com\/wp-content\/uploads\/2025\/06\/Bloom-Strength-Testing-12x12.webp 12w\" sizes=\"(max-width: 600px) 100vw, 600px\" \/>\t\t\t\t\t\t\t\t<\/a>\n\t\t\t\t\t\t\t\t\t\t\t\t\t\t\t<\/div>\n\t\t\t\t<\/div>\n\t\t\t\t<\/div>\n\t\t\t\t<div class=\"elementor-element elementor-element-f7c44f8 elementor-widget elementor-widget-heading\" data-id=\"f7c44f8\" data-element_type=\"widget\" data-widget_type=\"heading.default\">\n\t\t\t\t<div class=\"elementor-widget-container\">\n\t\t\t\t\t<h2 class=\"elementor-heading-title elementor-size-default\">P\u00ebrdorimi i testuesit t\u00eb forc\u00ebs s\u00eb xhelit: GST-01 nga Cell Instruments<\/h2>\t\t\t\t<\/div>\n\t\t\t\t<\/div>\n\t\t<div class=\"elementor-element elementor-element-eac2bf8 e-con-full e-flex e-con e-child\" data-id=\"eac2bf8\" data-element_type=\"container\">\n\t\t\t\t<div class=\"elementor-element elementor-element-65f9b33 elementor-widget__width-inherit elementor-widget elementor-widget-text-editor\" data-id=\"65f9b33\" data-element_type=\"widget\" data-widget_type=\"text-editor.default\">\n\t\t\t\t<div class=\"elementor-widget-container\">\n\t\t\t\t\t\t\t\t\t<p data-start=\"3142\" data-end=\"3353\">Matja e sakt\u00eb e forc\u00ebs s\u00eb lul\u00ebzimit varet shum\u00eb nga pajisjet e besueshme. <strong data-start=\"3221\" data-end=\"3251\">GST-01 Testues i forc\u00ebs s\u00eb xhelit<\/strong> nga <strong data-start=\"3255\" data-end=\"3275\">Instrumentet e qelizave<\/strong> ofron sakt\u00ebsi dhe q\u00ebndrueshm\u00ebri n\u00eb nj\u00eb gam\u00eb t\u00eb gjer\u00eb kushtesh testimi.<\/p><p data-start=\"3355\" data-end=\"3382\"><strong data-start=\"3355\" data-end=\"3379\">P\u00ebrfitimet kryesore p\u00ebrfshijn\u00eb<\/strong>:<\/p><ul><li data-start=\"3385\" data-end=\"3449\"><strong data-start=\"3385\" data-end=\"3422\">Ekran prek\u00ebs 7-in\u00e7 i leht\u00eb p\u00ebr p\u00ebrdorim<\/strong> me nd\u00ebrfaqe intuitive<\/li><li data-start=\"3452\" data-end=\"3521\"><strong data-start=\"3452\" data-end=\"3482\">Sakt\u00ebsi e lart\u00eb (\u00b10.5% F.S.)<\/strong> dhe precizionin e zhvendosjes (0,01 mm)<\/li><li data-start=\"3524\" data-end=\"3595\"><strong data-start=\"3524\" data-end=\"3547\">M\u00ebnyra t\u00eb shumta testimi<\/strong>, duke p\u00ebrfshir\u00eb forc\u00ebn kulmore dhe distanc\u00ebn n\u00ebn ngarkes\u00eb<\/li><li data-start=\"3598\" data-end=\"3685\"><strong data-start=\"3598\" data-end=\"3623\">Mikroprintues i integruar<\/strong> dhe integrim opsional softuerik RS232 p\u00ebr menaxhimin e t\u00eb dh\u00ebnave<\/li><li data-start=\"3688\" data-end=\"3757\"><strong data-start=\"3688\" data-end=\"3713\">Pajisje t\u00eb personalizueshme<\/strong> p\u00ebr k\u00ebrkesa t\u00eb ndryshme t\u00eb analiz\u00ebs s\u00eb tekstur\u00ebs<\/li><\/ul><p data-start=\"3759\" data-end=\"3952\">Me shpejt\u00ebsi t\u00eb programueshme (1\u2013100 mm\/min) dhe ve\u00e7ori t\u00eb avancuara t\u00eb siguris\u00eb, GST-01 \u00ebsht\u00eb ideal p\u00ebr <strong data-start=\"3852\" data-end=\"3898\">Laborator\u00eb k\u00ebrkimor\u00eb dhe zhvillimor\u00eb dhe objekte prodhimi<\/strong> duke k\u00ebrkuar t\u00eb p\u00ebrmir\u00ebsojn\u00eb proceset e tyre t\u00eb sigurimit t\u00eb cil\u00ebsis\u00eb.<\/p>\t\t\t\t\t\t\t\t<\/div>\n\t\t\t\t<\/div>\n\t\t\t\t<div class=\"elementor-element elementor-element-5a1af86 elementor-widget elementor-widget-text-editor\" data-id=\"5a1af86\" data-element_type=\"widget\" data-widget_type=\"text-editor.default\">\n\t\t\t\t<div class=\"elementor-widget-container\">\n\t\t\t\t\t\t\t\t\t<p data-start=\"3959\" data-end=\"4015\"><strong data-start=\"3959\" data-end=\"4013\">Pratikat m\u00eb t\u00eb mira p\u00ebr kryerjen e testit t\u00eb forc\u00ebs s\u00eb Bloom-it<\/strong><\/p><p data-start=\"4017\" data-end=\"4114\">P\u00ebr t\u00eb siguruar riprodhueshm\u00ebrin\u00eb dhe p\u00ebrputhshm\u00ebrin\u00eb me rregulloret n\u00eb testet e lul\u00ebzimit, ndiqni k\u00ebto rekomandime:<\/p><ul><li data-start=\"4118\" data-end=\"4213\">P\u00ebrdorni p\u00ebrqendrim t\u00eb standardizuar t\u00eb xhelatin\u00ebs dhe kushtet e testimit (koha, temperatura dhe lag\u00ebshtia).<\/li><li data-start=\"4216\" data-end=\"4262\">Kalibroni rregullisht testuesin e fort\u00ebsis\u00eb s\u00eb xhelit.<\/li><li data-start=\"4265\" data-end=\"4333\">Sigurohuni q\u00eb sonda t\u00eb jet\u00eb e past\u00ebr dhe pa mbetje para \u00e7do testi.<\/li><li data-start=\"4336\" data-end=\"4396\">Ekzekutoni disa mostra dhe llogaritni mesataren e rezultateve p\u00ebr sakt\u00ebsi.<\/li><li data-start=\"4399\" data-end=\"4459\">Dokumentoni kushtet mjedisore p\u00ebr t\u00eb gjurmuar q\u00ebndrueshm\u00ebrin\u00eb e testit.<\/li><\/ul>\t\t\t\t\t\t\t\t<\/div>\n\t\t\t\t<\/div>\n\t\t\t\t<\/div>\n\t\t\t\t\t<\/div>\n\t\t\t\t<\/div>\n\t\t<div class=\"elementor-element elementor-element-hlnqc4n e-flex e-con-boxed e-con e-parent\" data-id=\"hlnqc4n\" data-element_type=\"container\" data-settings=\"{&quot;background_background&quot;:&quot;classic&quot;}\">\n\t\t\t\t\t<div class=\"e-con-inner\">\n\t\t<div class=\"elementor-element elementor-element-db992c8 e-con-full e-flex e-con e-child\" data-id=\"db992c8\" data-element_type=\"container\">\n\t\t\t\t<div class=\"elementor-element elementor-element-08e276e elementor-widget elementor-widget-heading\" data-id=\"08e276e\" data-element_type=\"widget\" data-widget_type=\"heading.default\">\n\t\t\t\t<div class=\"elementor-widget-container\">\n\t\t\t\t\t<h2 class=\"elementor-heading-title elementor-size-default\">Flisni me ne<\/h2>\t\t\t\t<\/div>\n\t\t\t\t<\/div>\n\t\t\t\t<div class=\"elementor-element elementor-element-291d47f elementor-widget elementor-widget-text-editor\" data-id=\"291d47f\" data-element_type=\"widget\" data-widget_type=\"text-editor.default\">\n\t\t\t\t<div class=\"elementor-widget-container\">\n\t\t\t\t\t\t\t\t\t<p data-start=\"5158\" data-end=\"5630\">Kuptimi dhe matja e sakt\u00eb <strong data-start=\"5197\" data-end=\"5215\">forca e lul\u00ebzimit<\/strong> \u00ebsht\u00eb thelb\u00ebsore p\u00ebr sigurimin e cil\u00ebsis\u00eb s\u00eb produkteve t\u00eb xhelatin\u00ebs dhe kapsulave t\u00eb buta. Me pajisjet e duhura p\u00ebr testim, si p.sh. <strong data-start=\"5330\" data-end=\"5360\">GST-01 Testues i forc\u00ebs s\u00eb xhelit<\/strong> Me Cell Instruments, prodhuesit mund t\u00eb ruajn\u00eb standarde t\u00eb larta, t\u00eb reduktojn\u00eb variacionin dhe t\u00eb p\u00ebrmbushin k\u00ebrkesat e industris\u00eb. Qoft\u00eb q\u00eb prodhoni kapsula softgel apo ushqime me baz\u00eb xhelatine, testimi i forc\u00ebs s\u00eb lul\u00ebzimit \u00ebsht\u00eb nj\u00eb pjes\u00eb themelore e strategjis\u00eb suaj t\u00eb kontrollit t\u00eb cil\u00ebsis\u00eb.<\/p>\t\t\t\t\t\t\t\t<\/div>\n\t\t\t\t<\/div>\n\t\t\t\t<div class=\"elementor-element elementor-element-e8cd3e1 elementor-align-center elementor-widget elementor-widget-button\" data-id=\"e8cd3e1\" data-element_type=\"widget\" data-widget_type=\"button.default\">\n\t\t\t\t<div class=\"elementor-widget-container\">\n\t\t\t\t\t\t\t\t\t<div class=\"elementor-button-wrapper\">\n\t\t\t\t\t<a class=\"elementor-button elementor-button-link elementor-size-sm\" href=\"https:\/\/www.packqc.com\/sq\/contact-us\/\">\n\t\t\t\t\t\t<span class=\"elementor-button-content-wrapper\">\n\t\t\t\t\t\t\t\t\t<span class=\"elementor-button-text\">Na kontaktoni<\/span>\n\t\t\t\t\t<\/span>\n\t\t\t\t\t<\/a>\n\t\t\t\t<\/div>\n\t\t\t\t\t\t\t\t<\/div>\n\t\t\t\t<\/div>\n\t\t\t\t<\/div>\n\t\t\t\t\t<\/div>\n\t\t\t\t<\/div>\n\t\t\t\t<\/div>","protected":false},"excerpt":{"rendered":"<p>Bloom Strength Testing In the food and pharmaceutical industries, ensuring product consistency, texture, and stability is crucial. One of the key parameters for gelatin-based products, especially gelatin and softgels, is bloom strength. This essential measurement helps manufacturers maintain quality control across production batches. We&#8217;ll explore what bloom strength is, how to perform a bloom test, [&hellip;]<\/p>","protected":false},"author":2,"featured_media":0,"parent":5290,"menu_order":0,"comment_status":"closed","ping_status":"closed","template":"","meta":{"_acf_changed":false,"site-sidebar-layout":"no-sidebar","site-content-layout":"page-builder","ast-site-content-layout":"full-width-container","site-content-style":"default","site-sidebar-style":"default","ast-global-header-display":"","ast-banner-title-visibility":"","ast-main-header-display":"","ast-hfb-above-header-display":"","ast-hfb-below-header-display":"","ast-hfb-mobile-header-display":"","site-post-title":"disabled","ast-breadcrumbs-content":"","ast-featured-img":"disabled","footer-sml-layout":"","theme-transparent-header-meta":"","adv-header-id-meta":"","stick-header-meta":"","header-above-stick-meta":"","header-main-stick-meta":"","header-below-stick-meta":"","astra-migrate-meta-layouts":"set","ast-page-background-enabled":"default","ast-page-background-meta":{"desktop":{"background-color":"var(--ast-global-color-4)","background-image":"","background-repeat":"repeat","background-position":"center center","background-size":"auto","background-attachment":"scroll","background-type":"","background-media":"","overlay-type":"","overlay-color":"","overlay-gradient":""},"tablet":{"background-color":"","background-image":"","background-repeat":"repeat","background-position":"center center","background-size":"auto","background-attachment":"scroll","background-type":"","background-media":"","overlay-type":"","overlay-color":"","overlay-gradient":""},"mobile":{"background-color":"","background-image":"","background-repeat":"repeat","background-position":"center center","background-size":"auto","background-attachment":"scroll","background-type":"","background-media":"","overlay-type":"","overlay-color":"","overlay-gradient":""}},"ast-content-background-meta":{"desktop":{"background-color":"var(--ast-global-color-5)","background-image":"","background-repeat":"repeat","background-position":"center center","background-size":"auto","background-attachment":"scroll","background-type":"","background-media":"","overlay-type":"","overlay-color":"","overlay-gradient":""},"tablet":{"background-color":"var(--ast-global-color-5)","background-image":"","background-repeat":"repeat","background-position":"center center","background-size":"auto","background-attachment":"scroll","background-type":"","background-media":"","overlay-type":"","overlay-color":"","overlay-gradient":""},"mobile":{"background-color":"var(--ast-global-color-5)","background-image":"","background-repeat":"repeat","background-position":"center center","background-size":"auto","background-attachment":"scroll","background-type":"","background-media":"","overlay-type":"","overlay-color":"","overlay-gradient":""}},"footnotes":""},"class_list":["post-5603","page","type-page","status-publish","hentry"],"acf":[],"_links":{"self":[{"href":"https:\/\/www.packqc.com\/sq\/wp-json\/wp\/v2\/pages\/5603","targetHints":{"allow":["GET"]}}],"collection":[{"href":"https:\/\/www.packqc.com\/sq\/wp-json\/wp\/v2\/pages"}],"about":[{"href":"https:\/\/www.packqc.com\/sq\/wp-json\/wp\/v2\/types\/page"}],"author":[{"embeddable":true,"href":"https:\/\/www.packqc.com\/sq\/wp-json\/wp\/v2\/users\/2"}],"replies":[{"embeddable":true,"href":"https:\/\/www.packqc.com\/sq\/wp-json\/wp\/v2\/comments?post=5603"}],"version-history":[{"count":0,"href":"https:\/\/www.packqc.com\/sq\/wp-json\/wp\/v2\/pages\/5603\/revisions"}],"up":[{"embeddable":true,"href":"https:\/\/www.packqc.com\/sq\/wp-json\/wp\/v2\/pages\/5290"}],"wp:attachment":[{"href":"https:\/\/www.packqc.com\/sq\/wp-json\/wp\/v2\/media?parent=5603"}],"curies":[{"name":"wp","href":"https:\/\/api.w.org\/{rel}","templated":true}]}}