{"id":5113,"date":"2025-02-24T15:07:43","date_gmt":"2025-02-24T07:07:43","guid":{"rendered":"https:\/\/www.packqc.com\/?page_id=5113"},"modified":"2026-02-02T11:08:48","modified_gmt":"2026-02-02T03:08:48","slug":"usp-1207-leak-test-apparatus-for-food-package","status":"publish","type":"page","link":"https:\/\/www.packqc.com\/tr\/usp-1207-leak-test-apparatus-for-food-package\/","title":{"rendered":"USP 1207 G\u0131da Ambalaj\u0131 \u0130\u00e7in S\u0131z\u0131nt\u0131 Testi Aparat\u0131"},"content":{"rendered":"<div data-elementor-type=\"wp-page\" data-elementor-id=\"5113\" class=\"elementor elementor-5113\" data-elementor-post-type=\"page\">\n\t\t\t\t<div class=\"elementor-element elementor-element-f940e3c e-flex e-con-boxed e-con e-parent\" data-id=\"f940e3c\" data-element_type=\"container\">\n\t\t\t\t\t<div class=\"e-con-inner\">\n\t\t\t\t<div class=\"elementor-element elementor-element-002a9df elementor-widget elementor-widget-heading\" data-id=\"002a9df\" data-element_type=\"widget\" data-widget_type=\"heading.default\">\n\t\t\t\t<div class=\"elementor-widget-container\">\n\t\t\t\t\t<h2 class=\"elementor-heading-title elementor-size-default\">USP 1207 G\u0131da Ambalaj\u0131 \u0130\u00e7in S\u0131z\u0131nt\u0131 Testi Aparat\u0131<\/h2>\t\t\t\t<\/div>\n\t\t\t\t<\/div>\n\t\t\t\t<div class=\"elementor-element elementor-element-058bcf9 elementor-widget elementor-widget-text-editor\" data-id=\"058bcf9\" data-element_type=\"widget\" data-widget_type=\"text-editor.default\">\n\t\t\t\t<div class=\"elementor-widget-container\">\n\t\t\t\t\t\t\t\t\t<p><a style=\"text-align: var(--text-align); font-size: 1rem;\" href=\"https:\/\/www.packqc.com\/tr\/leak-test-apparatus-usp-1207\/\" target=\"_blank\" rel=\"noopener\"><b>S\u0131z\u0131nt\u0131 Testi Aparat\u0131<\/b><\/a>&nbsp;temel ara\u00e7lard\u0131r <b>G\u0131da ambalaj\u0131n\u0131n b\u00fct\u00fcnl\u00fc\u011f\u00fcn\u00fcn de\u011ferlendirilmesi<\/b>Bu cihazlar mikro s\u0131z\u0131nt\u0131lar\u0131 tespit etmek ve steril ve hassas \u00fcr\u00fcnlerin korunmas\u0131n\u0131 sa\u011flamak i\u00e7in tasarlanm\u0131\u015ft\u0131r. Uyumluluk <b>USP 1207<\/b> tedarik zinciri boyunca \u00fcr\u00fcn g\u00fcvenli\u011fini, b\u00fct\u00fcnl\u00fc\u011f\u00fcn\u00fc ve kalitesini korumak i\u00e7in esast\u0131r. Bu standart, temel test kriterlerini tan\u0131mlar <b>konteyner kapatma b\u00fct\u00fcnl\u00fc\u011f\u00fc<\/b> (CCI), ambalaj\u0131n \u00fcr\u00fcnleri kontaminasyondan, havadan, nemden ve mikrobiyal maruziyetten g\u00fcvenilir bir \u015fekilde korumas\u0131n\u0131 sa\u011flar.<\/p>\n<p>S\u0131z\u0131nt\u0131 testi, g\u0131da paketinin b\u00fct\u00fcnl\u00fc\u011f\u00fcn\u00fc korudu\u011fundan ve kontaminasyonu \u00f6nledi\u011finden emin olmak i\u00e7in olmazsa olmaz bir i\u015flemdir. G\u0131da, ila\u00e7 \u00fcr\u00fcnleri, t\u0131bbi cihazlar ve di\u011fer hassas \u00fcr\u00fcnler, \u00fcr\u00fcn\u00fc bozabilecek veya tehlikeye atabilecek d\u0131\u015f etkenlere kar\u015f\u0131 etkili bir bariyer sa\u011flayan kapal\u0131 ambalaj gerektirir.<\/p>\n<p>Cell Instruments&#039;ta kapsaml\u0131 bir \u00fcr\u00fcn yelpazesi sunuyoruz <b>S\u0131z\u0131nt\u0131 Testi Aparat\u0131<\/b> kar\u015f\u0131lamak \u00fczere tasarlanm\u0131\u015f <b>USP 1207<\/b> gereksinimleri. S\u0131z\u0131nt\u0131 test cihazlar\u0131m\u0131z, ila\u00e7 paketleme, t\u0131bbi cihaz s\u0131zd\u0131rmazl\u0131\u011f\u0131 ve daha fazlas\u0131 dahil olmak \u00fczere \u00e7e\u015fitli uygulamalar i\u00e7in kullan\u0131l\u0131r. A\u015fa\u011f\u0131da amiral gemisi s\u0131z\u0131nt\u0131 test \u00e7\u00f6z\u00fcmlerimiz yer almaktad\u0131r:<\/p>\t\t\t\t\t\t\t\t<\/div>\n\t\t\t\t<\/div>\n\t\t\t\t\t<\/div>\n\t\t\t\t<\/div>\n\t\t<div class=\"elementor-element elementor-element-367b035 e-flex e-con-boxed e-con e-parent\" data-id=\"367b035\" data-element_type=\"container\">\n\t\t\t\t\t<div class=\"e-con-inner\">\n\t\t<div class=\"elementor-element elementor-element-22c653f e-grid e-con-full e-con e-child\" data-id=\"22c653f\" data-element_type=\"container\">\n\t\t\t\t<div class=\"elementor-element elementor-element-c6e3239 elementor-position-top elementor-widget elementor-widget-image-box\" data-id=\"c6e3239\" data-element_type=\"widget\" data-widget_type=\"image-box.default\">\n\t\t\t\t<div class=\"elementor-widget-container\">\n\t\t\t\t\t<div class=\"elementor-image-box-wrapper\"><figure class=\"elementor-image-box-img\"><a href=\"https:\/\/www.packqc.com\/tr\/product\/sale-astm-d3078-pouch-leak-tester-astm-d4991\/\" tabindex=\"-1\"><img fetchpriority=\"high\" decoding=\"async\" width=\"600\" height=\"600\" src=\"https:\/\/www.packqc.com\/wp-content\/uploads\/2025\/02\/LT-01-USP-1207-Leak-Test-Apparatus-for-Food-Package.webp\" class=\"attachment-full size-full wp-image-5117\" alt=\"LT-01 USP 1207 G\u0131da Ambalaj\u0131 i\u00e7in S\u0131z\u0131nt\u0131 Testi Aparat\u0131\" srcset=\"https:\/\/www.packqc.com\/wp-content\/uploads\/2025\/02\/LT-01-USP-1207-Leak-Test-Apparatus-for-Food-Package.webp 600w, https:\/\/www.packqc.com\/wp-content\/uploads\/2025\/02\/LT-01-USP-1207-Leak-Test-Apparatus-for-Food-Package-300x300.webp 300w, https:\/\/www.packqc.com\/wp-content\/uploads\/2025\/02\/LT-01-USP-1207-Leak-Test-Apparatus-for-Food-Package-100x100.webp 100w, https:\/\/www.packqc.com\/wp-content\/uploads\/2025\/02\/LT-01-USP-1207-Leak-Test-Apparatus-for-Food-Package-150x150.webp 150w, https:\/\/www.packqc.com\/wp-content\/uploads\/2025\/02\/LT-01-USP-1207-Leak-Test-Apparatus-for-Food-Package-12x12.webp 12w\" sizes=\"(max-width: 600px) 100vw, 600px\" \/><\/a><\/figure><div class=\"elementor-image-box-content\"><h3 class=\"elementor-image-box-title\"><a href=\"https:\/\/www.packqc.com\/tr\/product\/sale-astm-d3078-pouch-leak-tester-astm-d4991\/\">LT-01 S\u0131z\u0131nt\u0131 Testi Aparat\u0131<\/a><\/h3><\/div><\/div>\t\t\t\t<\/div>\n\t\t\t\t<\/div>\n\t\t\t\t<div class=\"elementor-element elementor-element-bba5d12 elementor-position-top elementor-widget elementor-widget-image-box\" data-id=\"bba5d12\" data-element_type=\"widget\" data-widget_type=\"image-box.default\">\n\t\t\t\t<div class=\"elementor-widget-container\">\n\t\t\t\t\t<div class=\"elementor-image-box-wrapper\"><figure class=\"elementor-image-box-img\"><a href=\"https:\/\/www.packqc.com\/tr\/product\/sale-astm-d4991-package-leak-tester-astm-d3078\/\" tabindex=\"-1\"><img decoding=\"async\" width=\"600\" height=\"600\" src=\"https:\/\/www.packqc.com\/wp-content\/uploads\/2025\/02\/LT-02-USP-1207-Leak-Test-Apparatus-for-Food-Package.webp\" class=\"attachment-full size-full wp-image-5118\" alt=\"LT-02 USP 1207 G\u0131da Ambalaj\u0131 i\u00e7in S\u0131z\u0131nt\u0131 Testi Aparat\u0131\" srcset=\"https:\/\/www.packqc.com\/wp-content\/uploads\/2025\/02\/LT-02-USP-1207-Leak-Test-Apparatus-for-Food-Package.webp 600w, https:\/\/www.packqc.com\/wp-content\/uploads\/2025\/02\/LT-02-USP-1207-Leak-Test-Apparatus-for-Food-Package-300x300.webp 300w, https:\/\/www.packqc.com\/wp-content\/uploads\/2025\/02\/LT-02-USP-1207-Leak-Test-Apparatus-for-Food-Package-100x100.webp 100w, https:\/\/www.packqc.com\/wp-content\/uploads\/2025\/02\/LT-02-USP-1207-Leak-Test-Apparatus-for-Food-Package-150x150.webp 150w, https:\/\/www.packqc.com\/wp-content\/uploads\/2025\/02\/LT-02-USP-1207-Leak-Test-Apparatus-for-Food-Package-12x12.webp 12w\" sizes=\"(max-width: 600px) 100vw, 600px\" \/><\/a><\/figure><div class=\"elementor-image-box-content\"><h3 class=\"elementor-image-box-title\"><a href=\"https:\/\/www.packqc.com\/tr\/product\/sale-astm-d4991-package-leak-tester-astm-d3078\/\">LT-02 S\u0131z\u0131nt\u0131 Testi Aparat\u0131<\/a><\/h3><\/div><\/div>\t\t\t\t<\/div>\n\t\t\t\t<\/div>\n\t\t\t\t<div class=\"elementor-element elementor-element-36f76d6 elementor-position-top elementor-widget elementor-widget-image-box\" data-id=\"36f76d6\" data-element_type=\"widget\" data-widget_type=\"image-box.default\">\n\t\t\t\t<div class=\"elementor-widget-container\">\n\t\t\t\t\t<div class=\"elementor-image-box-wrapper\"><figure class=\"elementor-image-box-img\"><a href=\"https:\/\/www.packqc.com\/tr\/product\/lt-03-bubble-leak-test-equipment\/\" tabindex=\"-1\"><img decoding=\"async\" width=\"600\" height=\"600\" src=\"https:\/\/www.packqc.com\/wp-content\/uploads\/2025\/02\/LT-03-USP-1207-Leak-Test-Apparatus-for-Food-Package.webp\" class=\"attachment-full size-full wp-image-5115\" alt=\"LT-03 USP 1207 G\u0131da Ambalaj\u0131 i\u00e7in S\u0131z\u0131nt\u0131 Testi Aparat\u0131\" srcset=\"https:\/\/www.packqc.com\/wp-content\/uploads\/2025\/02\/LT-03-USP-1207-Leak-Test-Apparatus-for-Food-Package.webp 600w, https:\/\/www.packqc.com\/wp-content\/uploads\/2025\/02\/LT-03-USP-1207-Leak-Test-Apparatus-for-Food-Package-300x300.webp 300w, https:\/\/www.packqc.com\/wp-content\/uploads\/2025\/02\/LT-03-USP-1207-Leak-Test-Apparatus-for-Food-Package-100x100.webp 100w, https:\/\/www.packqc.com\/wp-content\/uploads\/2025\/02\/LT-03-USP-1207-Leak-Test-Apparatus-for-Food-Package-150x150.webp 150w, https:\/\/www.packqc.com\/wp-content\/uploads\/2025\/02\/LT-03-USP-1207-Leak-Test-Apparatus-for-Food-Package-12x12.webp 12w\" sizes=\"(max-width: 600px) 100vw, 600px\" \/><\/a><\/figure><div class=\"elementor-image-box-content\"><h3 class=\"elementor-image-box-title\"><a href=\"https:\/\/www.packqc.com\/tr\/product\/lt-03-bubble-leak-test-equipment\/\">LT-03 S\u0131z\u0131nt\u0131 Testi Aparat\u0131<\/a><\/h3><\/div><\/div>\t\t\t\t<\/div>\n\t\t\t\t<\/div>\n\t\t\t\t<div class=\"elementor-element elementor-element-f26dc7a elementor-position-top elementor-widget elementor-widget-image-box\" data-id=\"f26dc7a\" data-element_type=\"widget\" data-widget_type=\"image-box.default\">\n\t\t\t\t<div class=\"elementor-widget-container\">\n\t\t\t\t\t<div class=\"elementor-image-box-wrapper\"><figure class=\"elementor-image-box-img\"><a href=\"https:\/\/www.packqc.com\/tr\/product\/mlt-01-vacuum-decay-leak-test-equipment\/\" tabindex=\"-1\"><img loading=\"lazy\" decoding=\"async\" width=\"600\" height=\"600\" src=\"https:\/\/www.packqc.com\/wp-content\/uploads\/2025\/02\/GLT-01-USP-1207-Leak-Test-Apparatus-for-Food-Package.webp\" class=\"attachment-full size-full wp-image-5116\" alt=\"GLT-01 USP 1207 G\u0131da Ambalaj\u0131 \u0130\u00e7in S\u0131z\u0131nt\u0131 Testi Aparat\u0131\" srcset=\"https:\/\/www.packqc.com\/wp-content\/uploads\/2025\/02\/GLT-01-USP-1207-Leak-Test-Apparatus-for-Food-Package.webp 600w, https:\/\/www.packqc.com\/wp-content\/uploads\/2025\/02\/GLT-01-USP-1207-Leak-Test-Apparatus-for-Food-Package-300x300.webp 300w, https:\/\/www.packqc.com\/wp-content\/uploads\/2025\/02\/GLT-01-USP-1207-Leak-Test-Apparatus-for-Food-Package-100x100.webp 100w, https:\/\/www.packqc.com\/wp-content\/uploads\/2025\/02\/GLT-01-USP-1207-Leak-Test-Apparatus-for-Food-Package-150x150.webp 150w, https:\/\/www.packqc.com\/wp-content\/uploads\/2025\/02\/GLT-01-USP-1207-Leak-Test-Apparatus-for-Food-Package-12x12.webp 12w\" sizes=\"(max-width: 600px) 100vw, 600px\" \/><\/a><\/figure><div class=\"elementor-image-box-content\"><h3 class=\"elementor-image-box-title\"><a href=\"https:\/\/www.packqc.com\/tr\/product\/mlt-01-vacuum-decay-leak-test-equipment\/\">MLT-01 S\u0131z\u0131nt\u0131 Testi Aparat\u0131<\/a><\/h3><\/div><\/div>\t\t\t\t<\/div>\n\t\t\t\t<\/div>\n\t\t\t\t<\/div>\n\t\t\t\t\t<\/div>\n\t\t\t\t<\/div>\n\t\t\t\t<\/div>","protected":false},"excerpt":{"rendered":"<p>USP 1207 Leak Test Apparatus for Food Package Leak Test Apparatus&nbsp;are essential tools in evaluating the integrity of food packaging. These apparatus are designed to detect microleaks and ensure the protection of sterile and sensitive products. Compliance with USP 1207 is essential for maintaining product safety, integrity, and quality throughout the supply chain. This standard [&hellip;]<\/p>","protected":false},"author":2,"featured_media":0,"parent":0,"menu_order":0,"comment_status":"closed","ping_status":"closed","template":"","meta":{"_acf_changed":false,"site-sidebar-layout":"no-sidebar","site-content-layout":"page-builder","ast-site-content-layout":"full-width-container","site-content-style":"default","site-sidebar-style":"default","ast-global-header-display":"","ast-banner-title-visibility":"","ast-main-header-display":"","ast-hfb-above-header-display":"","ast-hfb-below-header-display":"","ast-hfb-mobile-header-display":"","site-post-title":"disabled","ast-breadcrumbs-content":"","ast-featured-img":"disabled","footer-sml-layout":"","theme-transparent-header-meta":"","adv-header-id-meta":"","stick-header-meta":"","header-above-stick-meta":"","header-main-stick-meta":"","header-below-stick-meta":"","astra-migrate-meta-layouts":"set","ast-page-background-enabled":"default","ast-page-background-meta":{"desktop":{"background-color":"var(--ast-global-color-4)","background-image":"","background-repeat":"repeat","background-position":"center center","background-size":"auto","background-attachment":"scroll","background-type":"","background-media":"","overlay-type":"","overlay-color":"","overlay-gradient":""},"tablet":{"background-color":"","background-image":"","background-repeat":"repeat","background-position":"center center","background-size":"auto","background-attachment":"scroll","background-type":"","background-media":"","overlay-type":"","overlay-color":"","overlay-gradient":""},"mobile":{"background-color":"","background-image":"","background-repeat":"repeat","background-position":"center center","background-size":"auto","background-attachment":"scroll","background-type":"","background-media":"","overlay-type":"","overlay-color":"","overlay-gradient":""}},"ast-content-background-meta":{"desktop":{"background-color":"var(--ast-global-color-5)","background-image":"","background-repeat":"repeat","background-position":"center center","background-size":"auto","background-attachment":"scroll","background-type":"","background-media":"","overlay-type":"","overlay-color":"","overlay-gradient":""},"tablet":{"background-color":"var(--ast-global-color-5)","background-image":"","background-repeat":"repeat","background-position":"center center","background-size":"auto","background-attachment":"scroll","background-type":"","background-media":"","overlay-type":"","overlay-color":"","overlay-gradient":""},"mobile":{"background-color":"var(--ast-global-color-5)","background-image":"","background-repeat":"repeat","background-position":"center center","background-size":"auto","background-attachment":"scroll","background-type":"","background-media":"","overlay-type":"","overlay-color":"","overlay-gradient":""}},"footnotes":""},"class_list":["post-5113","page","type-page","status-publish","hentry"],"acf":[],"_links":{"self":[{"href":"https:\/\/www.packqc.com\/tr\/wp-json\/wp\/v2\/pages\/5113","targetHints":{"allow":["GET"]}}],"collection":[{"href":"https:\/\/www.packqc.com\/tr\/wp-json\/wp\/v2\/pages"}],"about":[{"href":"https:\/\/www.packqc.com\/tr\/wp-json\/wp\/v2\/types\/page"}],"author":[{"embeddable":true,"href":"https:\/\/www.packqc.com\/tr\/wp-json\/wp\/v2\/users\/2"}],"replies":[{"embeddable":true,"href":"https:\/\/www.packqc.com\/tr\/wp-json\/wp\/v2\/comments?post=5113"}],"version-history":[{"count":0,"href":"https:\/\/www.packqc.com\/tr\/wp-json\/wp\/v2\/pages\/5113\/revisions"}],"wp:attachment":[{"href":"https:\/\/www.packqc.com\/tr\/wp-json\/wp\/v2\/media?parent=5113"}],"curies":[{"name":"wp","href":"https:\/\/api.w.org\/{rel}","templated":true}]}}