{"id":5201,"date":"2025-03-17T14:23:06","date_gmt":"2025-03-17T06:23:06","guid":{"rendered":"https:\/\/www.packqc.com\/?page_id=5201"},"modified":"2026-02-02T11:08:42","modified_gmt":"2026-02-02T03:08:42","slug":"astm-d6195-adhesive-loop-tack-strength-testing-machine","status":"publish","type":"page","link":"https:\/\/www.packqc.com\/tr\/astm-d6195-adhesive-loop-tack-strength-testing-machine\/","title":{"rendered":"ASTM D6195 Yap\u0131\u015fkan D\u00f6ng\u00fc Tack Mukavemet Test Cihaz\u0131"},"content":{"rendered":"<div data-elementor-type=\"wp-page\" data-elementor-id=\"5201\" class=\"elementor elementor-5201\" data-elementor-post-type=\"page\">\n\t\t\t\t<div class=\"elementor-element elementor-element-f940e3c e-flex e-con-boxed e-con e-parent\" data-id=\"f940e3c\" data-element_type=\"container\">\n\t\t\t\t\t<div class=\"e-con-inner\">\n\t\t\t\t<div class=\"elementor-element elementor-element-002a9df elementor-widget elementor-widget-heading\" data-id=\"002a9df\" data-element_type=\"widget\" data-widget_type=\"heading.default\">\n\t\t\t\t<div class=\"elementor-widget-container\">\n\t\t\t\t\t<h2 class=\"elementor-heading-title elementor-size-default\">ASTM D6195<br><small>Yap\u0131\u015fkan D\u00f6ng\u00fc Yap\u0131\u015fma Dayan\u0131m\u0131 Test Cihaz\u0131<\/small><\/h2>\t\t\t\t<\/div>\n\t\t\t\t<\/div>\n\t\t\t\t<div class=\"elementor-element elementor-element-621b930 elementor-widget elementor-widget-text-editor\" data-id=\"621b930\" data-element_type=\"widget\" data-widget_type=\"text-editor.default\">\n\t\t\t\t<div class=\"elementor-widget-container\">\n\t\t\t\t\t\t\t\t\t<p><strong>D\u00f6ng\u00fc yap\u0131\u015fma testi<\/strong>'de tan\u0131mland\u0131\u011f\u0131 gibi <em><span style=\"text-decoration: underline;\"><strong><a href=\"https:\/\/www.packqc.com\/tr\/product-category\/astm-standard\/astm-d6195-03\/\" target=\"_blank\" rel=\"noopener\">ASTM D6195<\/a><\/strong><\/span><\/em>, paslanmaz \u00e7elik bir alt tabakadan bir yap\u0131\u015fkan halkay\u0131 \u00e7\u0131karmak i\u00e7in gereken kuvveti \u00f6l\u00e7erek bas\u0131nca duyarl\u0131 yap\u0131\u015ft\u0131r\u0131c\u0131lar\u0131n yap\u0131\u015fkanl\u0131\u011f\u0131n\u0131 de\u011ferlendirir.<\/p><p>Test, yap\u0131\u015ft\u0131r\u0131c\u0131 ve alt tabaka aras\u0131nda kontroll\u00fc temas ile bir \u00e7ekme test cihaz\u0131 (Test Y\u00f6ntemi A) veya bir d\u00f6ng\u00fc yap\u0131\u015fma test cihaz\u0131 (Test Y\u00f6ntemi B) kullan\u0131larak ger\u00e7ekle\u015ftirilir. Bu test, kalite kontrol ve ara\u015ft\u0131rma uygulamalar\u0131nda yap\u0131\u015ft\u0131r\u0131c\u0131 performans\u0131n\u0131 de\u011ferlendirmek i\u00e7in \u00e7ok \u00f6nemlidir.<\/p><p>Cell Instruments, \u00e7e\u015fitli yap\u0131\u015ft\u0131r\u0131c\u0131 malzemeler i\u00e7in g\u00fcvenilir ve tekrarlanabilir yap\u0131\u015fma \u00f6l\u00e7\u00fcmleri sa\u011flayan ASTM D6195 ile uyumluluk i\u00e7in tasarlanm\u0131\u015f y\u00fcksek hassasiyetli d\u00f6ng\u00fc yap\u0131\u015fma test cihazlar\u0131 sunar.<\/p>\t\t\t\t\t\t\t\t<\/div>\n\t\t\t\t<\/div>\n\t\t\t\t\t<\/div>\n\t\t\t\t<\/div>\n\t\t<div class=\"elementor-element elementor-element-ac6303b e-flex e-con-boxed e-con e-parent\" data-id=\"ac6303b\" data-element_type=\"container\">\n\t\t\t\t\t<div class=\"e-con-inner\">\n\t\t\t\t\t<\/div>\n\t\t\t\t<\/div>\n\t\t\t\t<\/div>","protected":false},"excerpt":{"rendered":"<p>ASTM D6195Yap\u0131\u015ft\u0131r\u0131c\u0131 D\u00f6ng\u00fc Yap\u0131\u015fma Dayan\u0131m\u0131 Test Cihaz\u0131 ASTM D6195'te tan\u0131mland\u0131\u011f\u0131 gibi d\u00f6ng\u00fc yap\u0131\u015fma testi, bir yap\u0131\u015fkan d\u00f6ng\u00fcy\u00fc paslanmaz \u00e7elik bir alt tabakadan \u00e7\u0131karmak i\u00e7in gereken kuvveti \u00f6l\u00e7erek bas\u0131nca duyarl\u0131 yap\u0131\u015ft\u0131r\u0131c\u0131lar\u0131n yap\u0131\u015fkanl\u0131\u011f\u0131n\u0131 de\u011ferlendirir. Test, bir \u00e7ekme test cihaz\u0131 (Test Y\u00f6ntemi A) veya bir d\u00f6ng\u00fc yap\u0131\u015fma test cihaz\u0131 (Test Y\u00f6ntemi [...] kullan\u0131larak ger\u00e7ekle\u015ftirilir.<\/p>","protected":false},"author":2,"featured_media":0,"parent":0,"menu_order":0,"comment_status":"closed","ping_status":"closed","template":"","meta":{"_acf_changed":false,"site-sidebar-layout":"no-sidebar","site-content-layout":"page-builder","ast-site-content-layout":"full-width-container","site-content-style":"default","site-sidebar-style":"default","ast-global-header-display":"","ast-banner-title-visibility":"","ast-main-header-display":"","ast-hfb-above-header-display":"","ast-hfb-below-header-display":"","ast-hfb-mobile-header-display":"","site-post-title":"disabled","ast-breadcrumbs-content":"","ast-featured-img":"disabled","footer-sml-layout":"","theme-transparent-header-meta":"","adv-header-id-meta":"","stick-header-meta":"","header-above-stick-meta":"","header-main-stick-meta":"","header-below-stick-meta":"","astra-migrate-meta-layouts":"set","ast-page-background-enabled":"default","ast-page-background-meta":{"desktop":{"background-color":"var(--ast-global-color-4)","background-image":"","background-repeat":"repeat","background-position":"center center","background-size":"auto","background-attachment":"scroll","background-type":"","background-media":"","overlay-type":"","overlay-color":"","overlay-gradient":""},"tablet":{"background-color":"","background-image":"","background-repeat":"repeat","background-position":"center center","background-size":"auto","background-attachment":"scroll","background-type":"","background-media":"","overlay-type":"","overlay-color":"","overlay-gradient":""},"mobile":{"background-color":"","background-image":"","background-repeat":"repeat","background-position":"center center","background-size":"auto","background-attachment":"scroll","background-type":"","background-media":"","overlay-type":"","overlay-color":"","overlay-gradient":""}},"ast-content-background-meta":{"desktop":{"background-color":"var(--ast-global-color-5)","background-image":"","background-repeat":"repeat","background-position":"center center","background-size":"auto","background-attachment":"scroll","background-type":"","background-media":"","overlay-type":"","overlay-color":"","overlay-gradient":""},"tablet":{"background-color":"var(--ast-global-color-5)","background-image":"","background-repeat":"repeat","background-position":"center center","background-size":"auto","background-attachment":"scroll","background-type":"","background-media":"","overlay-type":"","overlay-color":"","overlay-gradient":""},"mobile":{"background-color":"var(--ast-global-color-5)","background-image":"","background-repeat":"repeat","background-position":"center center","background-size":"auto","background-attachment":"scroll","background-type":"","background-media":"","overlay-type":"","overlay-color":"","overlay-gradient":""}},"footnotes":""},"class_list":["post-5201","page","type-page","status-publish","hentry"],"acf":[],"_links":{"self":[{"href":"https:\/\/www.packqc.com\/tr\/wp-json\/wp\/v2\/pages\/5201","targetHints":{"allow":["GET"]}}],"collection":[{"href":"https:\/\/www.packqc.com\/tr\/wp-json\/wp\/v2\/pages"}],"about":[{"href":"https:\/\/www.packqc.com\/tr\/wp-json\/wp\/v2\/types\/page"}],"author":[{"embeddable":true,"href":"https:\/\/www.packqc.com\/tr\/wp-json\/wp\/v2\/users\/2"}],"replies":[{"embeddable":true,"href":"https:\/\/www.packqc.com\/tr\/wp-json\/wp\/v2\/comments?post=5201"}],"version-history":[{"count":0,"href":"https:\/\/www.packqc.com\/tr\/wp-json\/wp\/v2\/pages\/5201\/revisions"}],"wp:attachment":[{"href":"https:\/\/www.packqc.com\/tr\/wp-json\/wp\/v2\/media?parent=5201"}],"curies":[{"name":"wp","href":"https:\/\/api.w.org\/{rel}","templated":true}]}}