{"id":5603,"date":"2025-06-30T15:51:43","date_gmt":"2025-06-30T07:51:43","guid":{"rendered":"https:\/\/www.packqc.com\/?page_id=5603"},"modified":"2026-02-02T11:08:46","modified_gmt":"2026-02-02T03:08:46","slug":"bloom-strength-testing-solution-gelatin","status":"publish","type":"page","link":"https:\/\/www.packqc.com\/tr\/solutions\/bloom-strength-testing-solution-gelatin\/","title":{"rendered":"Bloom Mukavemet Testi \u00c7\u00f6z\u00fcm\u00fc"},"content":{"rendered":"<div data-elementor-type=\"wp-page\" data-elementor-id=\"5603\" class=\"elementor elementor-5603\" data-elementor-post-type=\"page\">\n\t\t\t\t<div class=\"elementor-element elementor-element-obvpkm1 e-flex e-con-boxed e-con e-parent\" data-id=\"obvpkm1\" data-element_type=\"container\" data-settings=\"{&quot;background_background&quot;:&quot;classic&quot;}\">\n\t\t\t\t\t<div class=\"e-con-inner\">\n\t\t\t\t<div class=\"elementor-element elementor-element-e3ee3a0 elementor-widget elementor-widget-heading\" data-id=\"e3ee3a0\" data-element_type=\"widget\" data-widget_type=\"heading.default\">\n\t\t\t\t<div class=\"elementor-widget-container\">\n\t\t\t\t\t<h1 class=\"elementor-heading-title elementor-size-default\">Bloom G\u00fc\u00e7 Testi<\/h1>\t\t\t\t<\/div>\n\t\t\t\t<\/div>\n\t\t\t\t<div class=\"elementor-element elementor-element-ad4c880 elementor-widget__width-initial elementor-widget elementor-widget-text-editor\" data-id=\"ad4c880\" data-element_type=\"widget\" data-widget_type=\"text-editor.default\">\n\t\t\t\t<div class=\"elementor-widget-container\">\n\t\t\t\t\t\t\t\t\t<p data-start=\"375\" data-end=\"906\">G\u0131da ve ila\u00e7 end\u00fcstrilerinde \u00fcr\u00fcn tutarl\u0131l\u0131\u011f\u0131, dokusu ve stabilitesinin sa\u011flanmas\u0131 \u00e7ok \u00f6nemlidir. Jelatin bazl\u0131 \u00fcr\u00fcnler, \u00f6zellikle jelatin ve softjeller i\u00e7in anahtar parametrelerden biri \u015fudur <strong data-start=\"592\" data-end=\"610\">\u00e7i\u00e7eklenme g\u00fcc\u00fc<\/strong>. Bu temel \u00f6l\u00e7\u00fcm, \u00fcreticilerin \u00fcretim partileri aras\u0131nda kalite kontrol\u00fcn\u00fc s\u00fcrd\u00fcrmelerine yard\u0131mc\u0131 olur. \u00c7i\u00e7eklenme mukavemetinin ne oldu\u011funu, nas\u0131l yap\u0131laca\u011f\u0131n\u0131 ve <strong data-start=\"783\" data-end=\"797\">\u00e7i\u00e7eklenme testi<\/strong>ve nas\u0131l bir<a href=\"https:\/\/www.packqc.com\/tr\/product\/gst-01-gel-strength-tester\/\"> <strong data-start=\"809\" data-end=\"832\">jel mukavemet test cihaz\u0131<\/strong><\/a> gibi <strong data-start=\"842\" data-end=\"874\">Cell Instruments'den GST-01<\/strong> bu s\u00fcreci optimize etmeye yard\u0131mc\u0131 olabilir.<\/p>\t\t\t\t\t\t\t\t<\/div>\n\t\t\t\t<\/div>\n\t\t\t\t\t<\/div>\n\t\t\t\t<\/div>\n\t\t<div class=\"elementor-element elementor-element-a41a9ed e-flex e-con-boxed e-con e-parent\" data-id=\"a41a9ed\" data-element_type=\"container\">\n\t\t\t\t\t<div class=\"e-con-inner\">\n\t\t\t\t<div class=\"elementor-element elementor-element-5ebde6b elementor-widget elementor-widget-heading\" data-id=\"5ebde6b\" data-element_type=\"widget\" data-widget_type=\"heading.default\">\n\t\t\t\t<div class=\"elementor-widget-container\">\n\t\t\t\t\t<h2 class=\"elementor-heading-title elementor-size-default\">Bloom G\u00fcc\u00fc Nedir ve Neden \u00d6nemlidir?<\/h2>\t\t\t\t<\/div>\n\t\t\t\t<\/div>\n\t\t\t\t<div class=\"elementor-element elementor-element-42f74d3 elementor-widget elementor-widget-text-editor\" data-id=\"42f74d3\" data-element_type=\"widget\" data-widget_type=\"text-editor.default\">\n\t\t\t\t<div class=\"elementor-widget-container\">\n\t\t\t\t\t\t\t\t\t<p data-start=\"967\" data-end=\"1250\"><strong data-start=\"967\" data-end=\"985\">\u00c7i\u00e7eklenme g\u00fcc\u00fc<\/strong> \u015fu anlama gelir <strong data-start=\"1000\" data-end=\"1039\">sertlik veya jel g\u00fcc\u00fc \u00f6l\u00e7\u00fcs\u00fc<\/strong> jelatin. Gram (g) cinsinden ifade edilir ve ad\u0131n\u0131 y\u00f6ntemi geli\u015ftiren Oscar T. Bloom'dan al\u0131r. Bu de\u011fer, jelatinin <strong data-start=\"1163\" data-end=\"1221\">Bir jelatin jelin y\u00fczeyine bast\u0131rmak i\u00e7in gereken kuvvet<\/strong> belirli ko\u015fullar alt\u0131nda.<\/p><p data-start=\"1252\" data-end=\"1345\">\u00c7i\u00e7eklenme g\u00fcc\u00fc, \u00fcr\u00fcnlerin performans\u0131n\u0131 ve duyusal niteliklerini do\u011frudan etkiler:<\/p><ul><li data-start=\"1348\" data-end=\"1378\"><strong data-start=\"1348\" data-end=\"1359\">Doku<\/strong> sak\u0131zl\u0131 \u015fekerlerden<\/li><li data-start=\"1381\" data-end=\"1431\"><strong data-start=\"1381\" data-end=\"1402\">Kaps\u00fcl olu\u015fumu<\/strong> farmas\u00f6tik softjellerde<\/li><li data-start=\"1434\" data-end=\"1476\"><strong data-start=\"1434\" data-end=\"1447\">A\u011f\u0131z hissi<\/strong> s\u00fct ve tatl\u0131 \u00fcr\u00fcnlerinde<\/li><\/ul><p data-start=\"1478\" data-end=\"1682\">Daha y\u00fcksek bir bloom de\u011feri jelatin jelin daha s\u0131k\u0131 ve elastik oldu\u011fu anlam\u0131na gelirken, daha d\u00fc\u015f\u00fck bir de\u011fer daha yumu\u015fak bir jel anlam\u0131na gelir. \u00dcreticiler, \u00fcr\u00fcn gereksinimlerini kar\u015f\u0131lamak i\u00e7in \u00e7i\u00e7eklenme g\u00fcc\u00fcne g\u00f6re jelatin se\u00e7erler.<\/p>\t\t\t\t\t\t\t\t<\/div>\n\t\t\t\t<\/div>\n\t\t\t\t\t<\/div>\n\t\t\t\t<\/div>\n\t\t<div class=\"elementor-element elementor-element-vjhz43k e-flex e-con-boxed e-con e-parent\" data-id=\"vjhz43k\" data-element_type=\"container\">\n\t\t\t\t\t<div class=\"e-con-inner\">\n\t\t\t\t<div class=\"elementor-element elementor-element-50d6336 elementor-widget elementor-widget-heading\" data-id=\"50d6336\" data-element_type=\"widget\" data-widget_type=\"heading.default\">\n\t\t\t\t<div class=\"elementor-widget-container\">\n\t\t\t\t\t<h2 class=\"elementor-heading-title elementor-size-default\">Bloom Testi: Y\u00f6ntem ve Standartlar<\/h2>\t\t\t\t<\/div>\n\t\t\t\t<\/div>\n\t\t<div class=\"elementor-element elementor-element-ae0cc84 e-con-full e-flex e-con e-child\" data-id=\"ae0cc84\" data-element_type=\"container\">\n\t\t\t\t<div class=\"elementor-element elementor-element-9308ff2 elementor-widget__width-initial elementor-widget elementor-widget-text-editor\" data-id=\"9308ff2\" data-element_type=\"widget\" data-widget_type=\"text-editor.default\">\n\t\t\t\t<div class=\"elementor-widget-container\">\n\t\t\t\t\t\t\t\t\t<p data-start=\"1729\" data-end=\"1882\">The <strong data-start=\"1733\" data-end=\"1747\">\u00e7i\u00e7eklenme testi<\/strong> tutarl\u0131 sonu\u00e7lar elde etmek i\u00e7in kontroll\u00fc s\u0131cakl\u0131k ve nem alt\u0131nda ger\u00e7ekle\u015ftirilir. \u0130\u015fte standart prosed\u00fcr\u00fcn k\u0131sa bir \u00f6zeti:<\/p><ul><li data-start=\"1886\" data-end=\"1986\"><strong data-start=\"1886\" data-end=\"1905\">Jel Haz\u0131rlama<\/strong>: 6.67% jelatin \u00e7\u00f6zeltisi haz\u0131rlan\u0131r ve standart boyutlu Bloom kavanozlar\u0131na d\u00f6k\u00fcl\u00fcr.<\/li><li data-start=\"1989\" data-end=\"2062\"><strong data-start=\"1989\" data-end=\"2001\">Jelle\u015fme<\/strong>: \u00c7\u00f6zeltinin jelle\u015fmesine izin verilir <strong data-start=\"2037\" data-end=\"2061\">16-18 saat boyunca 10\u00b0C<\/strong>.<\/li><li data-start=\"2065\" data-end=\"2227\"><strong data-start=\"2065\" data-end=\"2076\">Test<\/strong>: Bir standart <strong data-start=\"2089\" data-end=\"2112\">jel mukavemet test cihaz\u0131<\/strong> ile <strong data-start=\"2120\" data-end=\"2145\">5 mm \u00e7ap\u0131nda piston<\/strong> iner <strong data-start=\"2158\" data-end=\"2171\">60 mm\/dak<\/strong> Piston jel y\u00fczeyine 4 mm girene kadar.<\/li><li data-start=\"2230\" data-end=\"2334\"><strong data-start=\"2230\" data-end=\"2240\">Sonu\u00e7<\/strong>: Bu penetrasyonu sa\u011flamak i\u00e7in gereken maksimum kuvvet (gram cinsinden) <strong data-start=\"2315\" data-end=\"2333\">\u00e7i\u00e7eklenme g\u00fcc\u00fc<\/strong>.<\/li><\/ul><p data-start=\"2336\" data-end=\"2474\">Bu y\u00f6ntem, a\u015fa\u011f\u0131dakiler de dahil olmak \u00fczere \u00e7e\u015fitli farmakope ve end\u00fcstriyel standartlarda belirtilmi\u015ftir <strong data-start=\"2422\" data-end=\"2429\">USP<\/strong>, <strong data-start=\"2431\" data-end=\"2437\">EP<\/strong>, Ve <strong data-start=\"2443\" data-end=\"2453\">GB6783<\/strong> jelatin testi i\u00e7in.<\/p>\t\t\t\t\t\t\t\t<\/div>\n\t\t\t\t<\/div>\n\t\t\t\t<div class=\"elementor-element elementor-element-25f05fb elementor-widget__width-initial elementor-widget elementor-widget-video\" data-id=\"25f05fb\" data-element_type=\"widget\" data-settings=\"{&quot;youtube_url&quot;:&quot;https:\\\/\\\/youtu.be\\\/rrzQxj3794s?si=ERhkmO3Yz1kkFEFV&quot;,&quot;mute&quot;:&quot;yes&quot;,&quot;loop&quot;:&quot;yes&quot;,&quot;video_type&quot;:&quot;youtube&quot;,&quot;controls&quot;:&quot;yes&quot;}\" data-widget_type=\"video.default\">\n\t\t\t\t<div class=\"elementor-widget-container\">\n\t\t\t\t\t\t\t<div class=\"elementor-wrapper elementor-open-inline\">\n\t\t\t<div class=\"elementor-video\"><\/div>\t\t<\/div>\n\t\t\t\t\t\t<\/div>\n\t\t\t\t<\/div>\n\t\t\t\t<\/div>\n\t\t\t\t\t<\/div>\n\t\t\t\t<\/div>\n\t\t<div class=\"elementor-element elementor-element-9ebec98 e-flex e-con-boxed e-con e-parent\" data-id=\"9ebec98\" data-element_type=\"container\">\n\t\t\t\t\t<div class=\"e-con-inner\">\n\t\t\t\t<div class=\"elementor-element elementor-element-d622d16 elementor-widget elementor-widget-heading\" data-id=\"d622d16\" data-element_type=\"widget\" data-widget_type=\"heading.default\">\n\t\t\t\t<div class=\"elementor-widget-container\">\n\t\t\t\t\t<h2 class=\"elementor-heading-title elementor-size-default\">Jelatin ve Softjel Kalite Kontrol Uygulamalar\u0131<\/h2>\t\t\t\t<\/div>\n\t\t\t\t<\/div>\n\t\t<div class=\"elementor-element elementor-element-aeb42bd e-con-full e-flex e-con e-child\" data-id=\"aeb42bd\" data-element_type=\"container\">\n\t\t\t\t<div class=\"elementor-element elementor-element-dc258dd elementor-widget__width-inherit elementor-widget elementor-widget-text-editor\" data-id=\"dc258dd\" data-element_type=\"widget\" data-widget_type=\"text-editor.default\">\n\t\t\t\t<div class=\"elementor-widget-container\">\n\t\t\t\t\t\t\t\t\t<p data-start=\"2540\" data-end=\"2668\">\u0130\u00e7in <strong data-start=\"2544\" data-end=\"2569\">jelatin \u00fcreticileri<\/strong>\u00e7i\u00e7eklenme mukavemetinin kontrol edilmesi, parti tutarl\u0131l\u0131\u011f\u0131n\u0131 ve m\u00fc\u015fteri spesifikasyonlar\u0131na uygunlu\u011fu sa\u011flar.<\/p><p data-start=\"2670\" data-end=\"2737\">\u0130\u00e7inde <strong data-start=\"2677\" data-end=\"2688\">yumu\u015fak jel<\/strong> end\u00fcstrisinde, do\u011fru \u00e7i\u00e7eklenme g\u00fcc\u00fc belirler:<\/p><ul><li data-start=\"2740\" data-end=\"2768\"><strong data-start=\"2740\" data-end=\"2766\">Kaps\u00fcl duvar\u0131 b\u00fct\u00fcnl\u00fc\u011f\u00fc<\/strong><\/li><li data-start=\"2771\" data-end=\"2800\"><strong data-start=\"2771\" data-end=\"2798\">Kaps\u00fclleme kararl\u0131l\u0131\u011f\u0131<\/strong><\/li><li data-start=\"2803\" data-end=\"2866\"><strong data-start=\"2803\" data-end=\"2838\">\u00c7\u00f6z\u00fcnme ve biyoyararlan\u0131m<\/strong> aktif bile\u015fenlerin<\/li><\/ul><p data-start=\"2868\" data-end=\"3072\">Optimum \u00e7i\u00e7eklenme de\u011ferlerinin korunmas\u0131 <strong data-start=\"2917\" data-end=\"2954\">farmas\u00f6tik Ar-Ge ve \u00fcretim<\/strong>. Ayn\u0131 durum a\u015fa\u011f\u0131dakiler i\u00e7in de ge\u00e7erlidir <strong data-start=\"2976\" data-end=\"2998\">g\u0131da \u00fcreticileri<\/strong>Burada \u00e7i\u00e7eklenme mukavemeti nihai \u00fcr\u00fcn\u00fcn \u00e7i\u011fnenebilirli\u011fini ve sertli\u011fini tan\u0131mlar.<\/p>\t\t\t\t\t\t\t\t<\/div>\n\t\t\t\t<\/div>\n\t\t\t\t<div class=\"elementor-element elementor-element-65475b3 elementor-widget__width-initial elementor-widget elementor-widget-image\" data-id=\"65475b3\" data-element_type=\"widget\" data-widget_type=\"image.default\">\n\t\t\t\t<div class=\"elementor-widget-container\">\n\t\t\t\t\t\t\t\t\t\t\t\t\t\t\t\t<a href=\"https:\/\/www.packqc.com\/tr\/product\/gst-01-gel-strength-tester\/\">\n\t\t\t\t\t\t\t<img fetchpriority=\"high\" decoding=\"async\" width=\"600\" height=\"600\" src=\"https:\/\/www.packqc.com\/wp-content\/uploads\/2025\/06\/Bloom-Strength-Testing.webp\" class=\"attachment-large size-large wp-image-5605\" alt=\"Bloom G\u00fc\u00e7 Testi\" srcset=\"https:\/\/www.packqc.com\/wp-content\/uploads\/2025\/06\/Bloom-Strength-Testing.webp 600w, https:\/\/www.packqc.com\/wp-content\/uploads\/2025\/06\/Bloom-Strength-Testing-300x300.webp 300w, https:\/\/www.packqc.com\/wp-content\/uploads\/2025\/06\/Bloom-Strength-Testing-100x100.webp 100w, https:\/\/www.packqc.com\/wp-content\/uploads\/2025\/06\/Bloom-Strength-Testing-150x150.webp 150w, https:\/\/www.packqc.com\/wp-content\/uploads\/2025\/06\/Bloom-Strength-Testing-12x12.webp 12w\" sizes=\"(max-width: 600px) 100vw, 600px\" \/>\t\t\t\t\t\t\t\t<\/a>\n\t\t\t\t\t\t\t\t\t\t\t\t\t\t\t<\/div>\n\t\t\t\t<\/div>\n\t\t\t\t<\/div>\n\t\t\t\t<div class=\"elementor-element elementor-element-f7c44f8 elementor-widget elementor-widget-heading\" data-id=\"f7c44f8\" data-element_type=\"widget\" data-widget_type=\"heading.default\">\n\t\t\t\t<div class=\"elementor-widget-container\">\n\t\t\t\t\t<h2 class=\"elementor-heading-title elementor-size-default\">Jel Mukavemeti Test Cihaz\u0131 Kullan\u0131m\u0131: Cell Instruments taraf\u0131ndan GST-01<\/h2>\t\t\t\t<\/div>\n\t\t\t\t<\/div>\n\t\t<div class=\"elementor-element elementor-element-eac2bf8 e-con-full e-flex e-con e-child\" data-id=\"eac2bf8\" data-element_type=\"container\">\n\t\t\t\t<div class=\"elementor-element elementor-element-65f9b33 elementor-widget__width-inherit elementor-widget elementor-widget-text-editor\" data-id=\"65f9b33\" data-element_type=\"widget\" data-widget_type=\"text-editor.default\">\n\t\t\t\t<div class=\"elementor-widget-container\">\n\t\t\t\t\t\t\t\t\t<p data-start=\"3142\" data-end=\"3353\">Do\u011fru \u00e7i\u00e7eklenme g\u00fcc\u00fc \u00f6l\u00e7\u00fcm\u00fc b\u00fcy\u00fck \u00f6l\u00e7\u00fcde g\u00fcvenilir ekipmana ba\u011fl\u0131d\u0131r. Bu nedenle <strong data-start=\"3221\" data-end=\"3251\">GST-01 Jel Mukavemet Test Cihaz\u0131<\/strong> taraf\u0131ndan <strong data-start=\"3255\" data-end=\"3275\">H\u00fccre Enstr\u00fcmanlar\u0131<\/strong> \u00e7ok \u00e7e\u015fitli test ko\u015fullar\u0131nda hassasiyet ve tutarl\u0131l\u0131k sunar.<\/p><p data-start=\"3355\" data-end=\"3382\"><strong data-start=\"3355\" data-end=\"3379\">Temel avantajlar \u015funlard\u0131r<\/strong>:<\/p><ul><li data-start=\"3385\" data-end=\"3449\"><strong data-start=\"3385\" data-end=\"3422\">Kullan\u0131c\u0131 dostu 7 in\u00e7 dokunmatik ekran<\/strong> sezgisel aray\u00fcz ile<\/li><li data-start=\"3452\" data-end=\"3521\"><strong data-start=\"3452\" data-end=\"3482\">Y\u00fcksek do\u011fruluk (\u00b10,5% F.S.)<\/strong> ve yer de\u011fi\u015ftirme hassasiyeti (0,01 mm)<\/li><li data-start=\"3524\" data-end=\"3595\"><strong data-start=\"3524\" data-end=\"3547\">\u00c7oklu test modlar\u0131<\/strong>y\u00fck alt\u0131ndaki tepe kuvveti ve mesafe dahil olmak \u00fczere<\/li><li data-start=\"3598\" data-end=\"3685\"><strong data-start=\"3598\" data-end=\"3623\">Dahili mikro yaz\u0131c\u0131<\/strong> ve veri y\u00f6netimi i\u00e7in iste\u011fe ba\u011fl\u0131 RS232 yaz\u0131l\u0131m entegrasyonu<\/li><li data-start=\"3688\" data-end=\"3757\"><strong data-start=\"3688\" data-end=\"3713\">\u00d6zelle\u015ftirilebilir armat\u00fcrler<\/strong> \u00e7e\u015fitli doku analizi gereksinimleri i\u00e7in<\/li><\/ul><p data-start=\"3759\" data-end=\"3952\">Programlanabilir h\u0131z (1-100 mm\/dak) ve geli\u015fmi\u015f g\u00fcvenlik \u00f6zellikleri ile GST-01 a\u015fa\u011f\u0131dakiler i\u00e7in idealdir <strong data-start=\"3852\" data-end=\"3898\">Ar-Ge laboratuvarlar\u0131 ve \u00fcretim tesisleri<\/strong> kalite g\u00fcvence s\u00fcre\u00e7lerini iyile\u015ftirmek istiyorlar.<\/p>\t\t\t\t\t\t\t\t<\/div>\n\t\t\t\t<\/div>\n\t\t\t\t<div class=\"elementor-element elementor-element-5a1af86 elementor-widget elementor-widget-text-editor\" data-id=\"5a1af86\" data-element_type=\"widget\" data-widget_type=\"text-editor.default\">\n\t\t\t\t<div class=\"elementor-widget-container\">\n\t\t\t\t\t\t\t\t\t<p data-start=\"3959\" data-end=\"4015\"><strong data-start=\"3959\" data-end=\"4013\">Bloom G\u00fc\u00e7 Testini Ger\u00e7ekle\u015ftirmek \u0130\u00e7in En \u0130yi Uygulamalar<\/strong><\/p><p data-start=\"4017\" data-end=\"4114\">\u00c7i\u00e7eklenme testlerinde tekrarlanabilirli\u011fi ve mevzuata uygunlu\u011fu sa\u011flamak i\u00e7in a\u015fa\u011f\u0131daki \u00f6nerileri uygulay\u0131n:<\/p><ul><li data-start=\"4118\" data-end=\"4213\">Standartla\u015ft\u0131r\u0131lm\u0131\u015f jelatin konsantrasyonu ve test ko\u015fullar\u0131 (zaman, s\u0131cakl\u0131k ve nem) kullan\u0131n.<\/li><li data-start=\"4216\" data-end=\"4262\">Jel g\u00fcc\u00fc test cihaz\u0131n\u0131 d\u00fczenli olarak kalibre edin.<\/li><li data-start=\"4265\" data-end=\"4333\">Her testten \u00f6nce probun temiz ve kal\u0131nt\u0131lardan ar\u0131nd\u0131r\u0131lm\u0131\u015f oldu\u011fundan emin olun.<\/li><li data-start=\"4336\" data-end=\"4396\">Birden fazla numune \u00e7al\u0131\u015ft\u0131r\u0131n ve do\u011fruluk i\u00e7in sonu\u00e7lar\u0131n ortalamas\u0131n\u0131 al\u0131n.<\/li><li data-start=\"4399\" data-end=\"4459\">Test tutarl\u0131l\u0131\u011f\u0131n\u0131 izlemek i\u00e7in \u00e7evresel ko\u015fullar\u0131 belgeleyin.<\/li><\/ul>\t\t\t\t\t\t\t\t<\/div>\n\t\t\t\t<\/div>\n\t\t\t\t<\/div>\n\t\t\t\t\t<\/div>\n\t\t\t\t<\/div>\n\t\t<div class=\"elementor-element elementor-element-hlnqc4n e-flex e-con-boxed e-con e-parent\" data-id=\"hlnqc4n\" data-element_type=\"container\" data-settings=\"{&quot;background_background&quot;:&quot;classic&quot;}\">\n\t\t\t\t\t<div class=\"e-con-inner\">\n\t\t<div class=\"elementor-element elementor-element-db992c8 e-con-full e-flex e-con e-child\" data-id=\"db992c8\" data-element_type=\"container\">\n\t\t\t\t<div class=\"elementor-element elementor-element-08e276e elementor-widget elementor-widget-heading\" data-id=\"08e276e\" data-element_type=\"widget\" data-widget_type=\"heading.default\">\n\t\t\t\t<div class=\"elementor-widget-container\">\n\t\t\t\t\t<h2 class=\"elementor-heading-title elementor-size-default\">Bizimle konu\u015fun<\/h2>\t\t\t\t<\/div>\n\t\t\t\t<\/div>\n\t\t\t\t<div class=\"elementor-element elementor-element-291d47f elementor-widget elementor-widget-text-editor\" data-id=\"291d47f\" data-element_type=\"widget\" data-widget_type=\"text-editor.default\">\n\t\t\t\t<div class=\"elementor-widget-container\">\n\t\t\t\t\t\t\t\t\t<p data-start=\"5158\" data-end=\"5630\">Anlama ve do\u011fru \u00f6l\u00e7me <strong data-start=\"5197\" data-end=\"5215\">\u00e7i\u00e7eklenme g\u00fcc\u00fc<\/strong> jelatin ve softgel \u00fcr\u00fcnlerinin kalitesini sa\u011flamak i\u00e7in gereklidir. Do\u011fru test ekipman\u0131 ile, \u00f6rne\u011fin <strong data-start=\"5330\" data-end=\"5360\">GST-01 Jel Mukavemet Test Cihaz\u0131<\/strong> Cell Instruments ile \u00fcreticiler y\u00fcksek standartlar\u0131 koruyabilir, de\u011fi\u015fkenli\u011fi azaltabilir ve end\u00fcstri gereksinimlerine uyabilir. \u0130ster softgel kaps\u00fcller ister jelatin bazl\u0131 g\u0131dalar \u00fcretiyor olun, bloom mukavemet testi kalite kontrol stratejinizin temel bir par\u00e7as\u0131d\u0131r.<\/p>\t\t\t\t\t\t\t\t<\/div>\n\t\t\t\t<\/div>\n\t\t\t\t<div class=\"elementor-element elementor-element-e8cd3e1 elementor-align-center elementor-widget elementor-widget-button\" data-id=\"e8cd3e1\" data-element_type=\"widget\" data-widget_type=\"button.default\">\n\t\t\t\t<div class=\"elementor-widget-container\">\n\t\t\t\t\t\t\t\t\t<div class=\"elementor-button-wrapper\">\n\t\t\t\t\t<a class=\"elementor-button elementor-button-link elementor-size-sm\" href=\"https:\/\/www.packqc.com\/tr\/contact-us\/\">\n\t\t\t\t\t\t<span class=\"elementor-button-content-wrapper\">\n\t\t\t\t\t\t\t\t\t<span class=\"elementor-button-text\">Bize Ula\u015f\u0131n<\/span>\n\t\t\t\t\t<\/span>\n\t\t\t\t\t<\/a>\n\t\t\t\t<\/div>\n\t\t\t\t\t\t\t\t<\/div>\n\t\t\t\t<\/div>\n\t\t\t\t<\/div>\n\t\t\t\t\t<\/div>\n\t\t\t\t<\/div>\n\t\t\t\t<\/div>","protected":false},"excerpt":{"rendered":"<p>Bloom Strength Testing In the food and pharmaceutical industries, ensuring product consistency, texture, and stability is crucial. One of the key parameters for gelatin-based products, especially gelatin and softgels, is bloom strength. This essential measurement helps manufacturers maintain quality control across production batches. We&#8217;ll explore what bloom strength is, how to perform a bloom test, [&hellip;]<\/p>","protected":false},"author":2,"featured_media":0,"parent":5290,"menu_order":0,"comment_status":"closed","ping_status":"closed","template":"","meta":{"_acf_changed":false,"site-sidebar-layout":"no-sidebar","site-content-layout":"page-builder","ast-site-content-layout":"full-width-container","site-content-style":"default","site-sidebar-style":"default","ast-global-header-display":"","ast-banner-title-visibility":"","ast-main-header-display":"","ast-hfb-above-header-display":"","ast-hfb-below-header-display":"","ast-hfb-mobile-header-display":"","site-post-title":"disabled","ast-breadcrumbs-content":"","ast-featured-img":"disabled","footer-sml-layout":"","theme-transparent-header-meta":"","adv-header-id-meta":"","stick-header-meta":"","header-above-stick-meta":"","header-main-stick-meta":"","header-below-stick-meta":"","astra-migrate-meta-layouts":"set","ast-page-background-enabled":"default","ast-page-background-meta":{"desktop":{"background-color":"var(--ast-global-color-4)","background-image":"","background-repeat":"repeat","background-position":"center center","background-size":"auto","background-attachment":"scroll","background-type":"","background-media":"","overlay-type":"","overlay-color":"","overlay-gradient":""},"tablet":{"background-color":"","background-image":"","background-repeat":"repeat","background-position":"center center","background-size":"auto","background-attachment":"scroll","background-type":"","background-media":"","overlay-type":"","overlay-color":"","overlay-gradient":""},"mobile":{"background-color":"","background-image":"","background-repeat":"repeat","background-position":"center center","background-size":"auto","background-attachment":"scroll","background-type":"","background-media":"","overlay-type":"","overlay-color":"","overlay-gradient":""}},"ast-content-background-meta":{"desktop":{"background-color":"var(--ast-global-color-5)","background-image":"","background-repeat":"repeat","background-position":"center center","background-size":"auto","background-attachment":"scroll","background-type":"","background-media":"","overlay-type":"","overlay-color":"","overlay-gradient":""},"tablet":{"background-color":"var(--ast-global-color-5)","background-image":"","background-repeat":"repeat","background-position":"center center","background-size":"auto","background-attachment":"scroll","background-type":"","background-media":"","overlay-type":"","overlay-color":"","overlay-gradient":""},"mobile":{"background-color":"var(--ast-global-color-5)","background-image":"","background-repeat":"repeat","background-position":"center center","background-size":"auto","background-attachment":"scroll","background-type":"","background-media":"","overlay-type":"","overlay-color":"","overlay-gradient":""}},"footnotes":""},"class_list":["post-5603","page","type-page","status-publish","hentry"],"acf":[],"_links":{"self":[{"href":"https:\/\/www.packqc.com\/tr\/wp-json\/wp\/v2\/pages\/5603","targetHints":{"allow":["GET"]}}],"collection":[{"href":"https:\/\/www.packqc.com\/tr\/wp-json\/wp\/v2\/pages"}],"about":[{"href":"https:\/\/www.packqc.com\/tr\/wp-json\/wp\/v2\/types\/page"}],"author":[{"embeddable":true,"href":"https:\/\/www.packqc.com\/tr\/wp-json\/wp\/v2\/users\/2"}],"replies":[{"embeddable":true,"href":"https:\/\/www.packqc.com\/tr\/wp-json\/wp\/v2\/comments?post=5603"}],"version-history":[{"count":0,"href":"https:\/\/www.packqc.com\/tr\/wp-json\/wp\/v2\/pages\/5603\/revisions"}],"up":[{"embeddable":true,"href":"https:\/\/www.packqc.com\/tr\/wp-json\/wp\/v2\/pages\/5290"}],"wp:attachment":[{"href":"https:\/\/www.packqc.com\/tr\/wp-json\/wp\/v2\/media?parent=5603"}],"curies":[{"name":"wp","href":"https:\/\/api.w.org\/{rel}","templated":true}]}}