{"id":5201,"date":"2025-03-17T14:23:06","date_gmt":"2025-03-17T06:23:06","guid":{"rendered":"https:\/\/www.packqc.com\/?page_id=5201"},"modified":"2026-02-02T11:08:42","modified_gmt":"2026-02-02T03:08:42","slug":"astm-d6195-adhesive-loop-tack-strength-testing-machine","status":"publish","type":"page","link":"https:\/\/www.packqc.com\/vi\/astm-d6195-adhesive-loop-tack-strength-testing-machine\/","title":{"rendered":"M\u00e1y th\u1eed \u0111\u1ed9 b\u00e1m d\u00ednh v\u00f2ng keo theo ti\u00eau chu\u1ea9n ASTM D6195"},"content":{"rendered":"<div data-elementor-type=\"wp-page\" data-elementor-id=\"5201\" class=\"elementor elementor-5201\" data-elementor-post-type=\"page\">\n\t\t\t\t<div class=\"elementor-element elementor-element-f940e3c e-flex e-con-boxed e-con e-parent\" data-id=\"f940e3c\" data-element_type=\"container\">\n\t\t\t\t\t<div class=\"e-con-inner\">\n\t\t\t\t<div class=\"elementor-element elementor-element-002a9df elementor-widget elementor-widget-heading\" data-id=\"002a9df\" data-element_type=\"widget\" data-widget_type=\"heading.default\">\n\t\t\t\t<div class=\"elementor-widget-container\">\n\t\t\t\t\t<h2 class=\"elementor-heading-title elementor-size-default\">Ti\u00eau chu\u1ea9n ASTMD6195<br><small>M\u00e1y th\u1eed \u0111\u1ed9 b\u00e1m d\u00ednh c\u1ee7a v\u00f2ng d\u00ednh<\/small><\/h2>\t\t\t\t<\/div>\n\t\t\t\t<\/div>\n\t\t\t\t<div class=\"elementor-element elementor-element-621b930 elementor-widget elementor-widget-text-editor\" data-id=\"621b930\" data-element_type=\"widget\" data-widget_type=\"text-editor.default\">\n\t\t\t\t<div class=\"elementor-widget-container\">\n\t\t\t\t\t\t\t\t\t<p><strong>Th\u1eed nghi\u1ec7m v\u00f2ng l\u1eb7p<\/strong>, nh\u01b0 \u0111\u01b0\u1ee3c \u0111\u1ecbnh ngh\u0129a trong <em><span style=\"text-decoration: underline;\"><strong><a href=\"https:\/\/www.packqc.com\/vi\/product-category\/astm-standard\/astm-d6195-03\/\" target=\"_blank\" rel=\"noopener\">Ti\u00eau chu\u1ea9n ASTMD6195<\/a><\/strong><\/span><\/em>, \u0111\u00e1nh gi\u00e1 \u0111\u1ed9 b\u00e1m d\u00ednh c\u1ee7a keo d\u00ednh nh\u1ea1y \u00e1p l\u1ef1c b\u1eb1ng c\u00e1ch \u0111o l\u1ef1c c\u1ea7n thi\u1ebft \u0111\u1ec3 b\u00f3c m\u1ed9t v\u00f2ng keo ra kh\u1ecfi b\u1ec1 m\u1eb7t th\u00e9p kh\u00f4ng g\u1ec9.<\/p><p>Th\u1eed nghi\u1ec7m \u0111\u01b0\u1ee3c th\u1ef1c hi\u1ec7n b\u1eb1ng m\u00e1y th\u1eed \u0111\u1ed9 b\u1ec1n k\u00e9o (Ph\u01b0\u01a1ng ph\u00e1p th\u1eed nghi\u1ec7m A) ho\u1eb7c m\u00e1y th\u1eed \u0111\u1ed9 b\u00e1m d\u00ednh v\u00f2ng l\u1eb7p (Ph\u01b0\u01a1ng ph\u00e1p th\u1eed nghi\u1ec7m B), v\u1edbi s\u1ef1 ti\u1ebfp x\u00fac \u0111\u01b0\u1ee3c ki\u1ec3m so\u00e1t gi\u1eefa ch\u1ea5t k\u1ebft d\u00ednh v\u00e0 b\u1ec1 m\u1eb7t n\u1ec1n. Th\u1eed nghi\u1ec7m n\u00e0y c\u00f3 vai tr\u00f2 quan tr\u1ecdng trong vi\u1ec7c \u0111\u00e1nh gi\u00e1 hi\u1ec7u su\u1ea5t c\u1ee7a ch\u1ea5t k\u1ebft d\u00ednh trong c\u00e1c \u1ee9ng d\u1ee5ng ki\u1ec3m so\u00e1t ch\u1ea5t l\u01b0\u1ee3ng v\u00e0 nghi\u00ean c\u1ee9u.<\/p><p>Cell Instruments cung c\u1ea5p c\u00e1c thi\u1ebft b\u1ecb ki\u1ec3m tra \u0111\u1ed9 b\u00e1m d\u00ednh theo v\u00f2ng l\u1eb7p c\u00f3 \u0111\u1ed9 ch\u00ednh x\u00e1c cao, \u0111\u01b0\u1ee3c thi\u1ebft k\u1ebf \u0111\u1ec3 tu\u00e2n th\u1ee7 ti\u00eau chu\u1ea9n ASTM D6195, \u0111\u1ea3m b\u1ea3o c\u00e1c k\u1ebft qu\u1ea3 \u0111o \u0111\u1ed9 b\u00e1m d\u00ednh \u0111\u00e1ng tin c\u1eady v\u00e0 c\u00f3 th\u1ec3 l\u1eb7p l\u1ea1i \u0111\u1ed1i v\u1edbi nhi\u1ec1u lo\u1ea1i v\u1eadt li\u1ec7u k\u1ebft d\u00ednh kh\u00e1c nhau.<\/p>\t\t\t\t\t\t\t\t<\/div>\n\t\t\t\t<\/div>\n\t\t\t\t\t<\/div>\n\t\t\t\t<\/div>\n\t\t<div class=\"elementor-element elementor-element-ac6303b e-flex e-con-boxed e-con e-parent\" data-id=\"ac6303b\" data-element_type=\"container\">\n\t\t\t\t\t<div class=\"e-con-inner\">\n\t\t\t\t\t<\/div>\n\t\t\t\t<\/div>\n\t\t\t\t<\/div>","protected":false},"excerpt":{"rendered":"<p>ASTM D6195 \u2013 M\u00e1y th\u1eed \u0111\u1ed9 b\u00e1m d\u00ednh v\u00f2ng l\u1eb7p Th\u1eed nghi\u1ec7m \u0111\u1ed9 b\u00e1m d\u00ednh v\u00f2ng l\u1eb7p, theo \u0111\u1ecbnh ngh\u0129a trong ti\u00eau chu\u1ea9n ASTM D6195, \u0111\u00e1nh gi\u00e1 \u0111\u1ed9 b\u00e1m d\u00ednh c\u1ee7a keo d\u00ednh nh\u1ea1y \u00e1p l\u1ef1c b\u1eb1ng c\u00e1ch \u0111o l\u1ef1c c\u1ea7n thi\u1ebft \u0111\u1ec3 t\u00e1ch m\u1ed9t v\u00f2ng l\u1eb7p keo ra kh\u1ecfi b\u1ec1 m\u1eb7t th\u00e9p kh\u00f4ng g\u1ec9. Th\u1eed nghi\u1ec7m \u0111\u01b0\u1ee3c th\u1ef1c hi\u1ec7n b\u1eb1ng c\u00e1ch s\u1eed d\u1ee5ng m\u00e1y th\u1eed k\u00e9o (Ph\u01b0\u01a1ng ph\u00e1p th\u1eed A) ho\u1eb7c m\u00e1y th\u1eed \u0111\u1ed9 b\u00e1m d\u00ednh v\u00f2ng l\u1eb7p (Ph\u01b0\u01a1ng ph\u00e1p th\u1eed [\u2026]<\/p>","protected":false},"author":2,"featured_media":0,"parent":0,"menu_order":0,"comment_status":"closed","ping_status":"closed","template":"","meta":{"_acf_changed":false,"site-sidebar-layout":"no-sidebar","site-content-layout":"page-builder","ast-site-content-layout":"full-width-container","site-content-style":"default","site-sidebar-style":"default","ast-global-header-display":"","ast-banner-title-visibility":"","ast-main-header-display":"","ast-hfb-above-header-display":"","ast-hfb-below-header-display":"","ast-hfb-mobile-header-display":"","site-post-title":"disabled","ast-breadcrumbs-content":"","ast-featured-img":"disabled","footer-sml-layout":"","theme-transparent-header-meta":"","adv-header-id-meta":"","stick-header-meta":"","header-above-stick-meta":"","header-main-stick-meta":"","header-below-stick-meta":"","astra-migrate-meta-layouts":"set","ast-page-background-enabled":"default","ast-page-background-meta":{"desktop":{"background-color":"var(--ast-global-color-4)","background-image":"","background-repeat":"repeat","background-position":"center center","background-size":"auto","background-attachment":"scroll","background-type":"","background-media":"","overlay-type":"","overlay-color":"","overlay-gradient":""},"tablet":{"background-color":"","background-image":"","background-repeat":"repeat","background-position":"center center","background-size":"auto","background-attachment":"scroll","background-type":"","background-media":"","overlay-type":"","overlay-color":"","overlay-gradient":""},"mobile":{"background-color":"","background-image":"","background-repeat":"repeat","background-position":"center center","background-size":"auto","background-attachment":"scroll","background-type":"","background-media":"","overlay-type":"","overlay-color":"","overlay-gradient":""}},"ast-content-background-meta":{"desktop":{"background-color":"var(--ast-global-color-5)","background-image":"","background-repeat":"repeat","background-position":"center center","background-size":"auto","background-attachment":"scroll","background-type":"","background-media":"","overlay-type":"","overlay-color":"","overlay-gradient":""},"tablet":{"background-color":"var(--ast-global-color-5)","background-image":"","background-repeat":"repeat","background-position":"center center","background-size":"auto","background-attachment":"scroll","background-type":"","background-media":"","overlay-type":"","overlay-color":"","overlay-gradient":""},"mobile":{"background-color":"var(--ast-global-color-5)","background-image":"","background-repeat":"repeat","background-position":"center center","background-size":"auto","background-attachment":"scroll","background-type":"","background-media":"","overlay-type":"","overlay-color":"","overlay-gradient":""}},"footnotes":""},"class_list":["post-5201","page","type-page","status-publish","hentry"],"acf":[],"_links":{"self":[{"href":"https:\/\/www.packqc.com\/vi\/wp-json\/wp\/v2\/pages\/5201","targetHints":{"allow":["GET"]}}],"collection":[{"href":"https:\/\/www.packqc.com\/vi\/wp-json\/wp\/v2\/pages"}],"about":[{"href":"https:\/\/www.packqc.com\/vi\/wp-json\/wp\/v2\/types\/page"}],"author":[{"embeddable":true,"href":"https:\/\/www.packqc.com\/vi\/wp-json\/wp\/v2\/users\/2"}],"replies":[{"embeddable":true,"href":"https:\/\/www.packqc.com\/vi\/wp-json\/wp\/v2\/comments?post=5201"}],"version-history":[{"count":0,"href":"https:\/\/www.packqc.com\/vi\/wp-json\/wp\/v2\/pages\/5201\/revisions"}],"wp:attachment":[{"href":"https:\/\/www.packqc.com\/vi\/wp-json\/wp\/v2\/media?parent=5201"}],"curies":[{"name":"wp","href":"https:\/\/api.w.org\/{rel}","templated":true}]}}